{"id":49560,"date":"2026-01-12T14:47:30","date_gmt":"2026-01-12T06:47:30","guid":{"rendered":"https:\/\/ulpmat.com\/product\/idruro-di-calcio\/"},"modified":"2026-01-12T14:47:30","modified_gmt":"2026-01-12T06:47:30","slug":"idruro-di-calcio","status":"publish","type":"product","link":"https:\/\/ulpmat.com\/it\/prodotto\/idruro-di-calcio\/","title":{"rendered":"Idruro di calcio"},"content":{"rendered":"<h2><span style=\"font-size: 14pt;\">Panoramica sulla polvere di idruro di calcio<\/span><\/h2>\n<p>La polvere<br \/>\n<span style=\"color: #0000ff;\"><a style=\"color: #0000ff;\" href=\"https:\/\/ulpmat.com\/it\/ricerca\/?type=name&#038;keyword=Calcium+hydride\">di idruro di calcio<\/a><\/span><br \/>\n\u00e8 un composto inorganico composto da calcio e idrogeno, che si presenta tipicamente sotto forma di polvere bianco-grigiastra o in zolle. Presenta una forte igroscopicit\u00e0 e reattivit\u00e0. Utilizzata principalmente come potente agente riducente, essiccante altamente efficace e fonte di idrogeno portatile, trova ampia applicazione nella sintesi organica, nella fusione di metalli speciali e nella ricerca scientifica.<\/p>\n<p>Offriamo polvere di idruro di calcio in varie purezze e dimensioni delle particelle, con produzione personalizzata e imballaggio sicuro su misura per le vostre esigenze di processo. Per specifiche tecniche o discussioni di collaborazione, non esitate a<span style=\"color: #0000ff;\"><a style=\"color: #0000ff;\" href=\"https:\/\/ulpmat.com\/it\/contatto\/\"> contattarci<\/a><\/span><br \/>\nin qualsiasi momento.<\/p>\n<h2><span style=\"font-size: 14pt;\">Caratteristiche principali del prodotto<\/span><\/h2>\n<p>Elevata purezza chimica per un&#8217;eccezionale efficienza di reazione<br \/>\nDimensioni delle particelle uniformi e controllabili per un dosaggio e una dispersione precisi<br \/>\nImballaggio ermeticamente sigillato che garantisce la stabilit\u00e0 di conservazione<br \/>\nElevato tasso di rilascio di idrogeno con purezza dell&#8217;idrogeno superiore<\/p>\n<h2><span style=\"font-size: 14pt;\">Applicazioni della polvere di idruro di calcio<\/span><\/h2>\n<p><strong>Sintesi organica e riduzione chimica:<\/strong><br \/>\ncome potente agente riducente, riduce efficacemente i gruppi funzionali contenenti ossigeno (ad esempio aldeidi, chetoni) in alcoli o rimuove gli alogeni dagli alogenuri, svolgendo un ruolo fondamentale nella sintesi di intermedi chimici e farmaceutici fini.<br \/>\n<strong>Agente essiccante ad alta efficienza:<\/strong><br \/>\nmostra un&#8217;eccezionale capacit\u00e0 di catturare l&#8217;umidit\u00e0 e le tracce di ossigeno, comunemente impiegato per essiccare solventi organici sensibili all&#8217;acqua (ad esempio eteri, benzene) e gas rari, offrendo prestazioni di essiccazione che superano di gran lunga quelle dei disidratanti convenzionali.<br \/>\n<strong>Metalurgia dei metalli e preparazione delle polveri:<\/strong><br \/>\nad alte temperature, funge da agente riducente per la produzione di metalli rari ad alta purezza come il tantalio e il niobio. Funziona anche come disossidante per polveri metalliche come il titanio e lo zirconio.<br \/>\n<strong>Fonte di idrogeno portatile:<\/strong><br \/>\nreagisce con l&#8217;acqua per generare rapidamente idrogeno di elevata purezza, fornendo una soluzione sicura e conveniente per analisi in loco, test su celle a combustibile o fornitura di gas in luoghi remoti.<\/p>\n<h2><span style=\"font-size: 14pt; color: #0000ff;\"><a style=\"color: #0000ff;\" href=\"https:\/\/ulpmat.com\/it\/azienda\/domande-frequenti\/\">Domande frequenti<\/a><\/span><\/h2>\n<p>D1: Quali sono i principali rischi per la sicurezza associati all&#8217;idruro di calcio durante la manipolazione e lo stoccaggio?<br \/>\nR1: Il rischio principale deriva dalla sua reazione violenta con l&#8217;umidit\u00e0 (compresa l&#8217;umidit\u00e0 atmosferica), che rilascia idrogeno gassoso infiammabile ed esplosivo generando calore significativo. \u00c8 essenziale un rigoroso isolamento dall&#8217;aria e dall&#8217;umidit\u00e0; manipolare e conservare in atmosfere secche e inerti.<\/p>\n<p>D2: Come devono essere smaltiti in modo sicuro i rifiuti di idruro di calcio?<br \/>\nR2: Non smaltire direttamente. Disattivarlo utilizzando un metodo lento e controllato (ad esempio, aggiungendo in batch grandi quantit\u00e0 di alcool isopropilico anidro o olio minerale mentre si mescola accuratamente). Una volta completata la reazione e non essendo pi\u00f9 prodotto gas, smaltirlo come rifiuto chimico attraverso un impianto specializzato.<\/p>\n<p>D3: Come essiccante, quali vantaggi presenta rispetto ai setacci molecolari e al gel di silice?<br \/>\nR3: La sua capacit\u00e0 di essiccazione (contenuto di umidit\u00e0 residua dopo l&#8217;essiccazione) supera di gran lunga quella dei setacci molecolari e del gel di silice, raggiungendo punti di rugiada estremamente bassi adatti alle applicazioni di essiccazione profonda pi\u00f9 esigenti. Tuttavia, \u00e8 pi\u00f9 costoso, richiede condizioni operative rigorose e non pu\u00f2 essere rigenerato.<\/p>\n<p>D4: Qual \u00e8 la purezza dell&#8217;idrogeno prodotto dalla reazione? Contiene altri gas impuri?<br \/>\nR4: L&#8217;idruro di calcio produce teoricamente idrogeno puro quando reagisce con l&#8217;acqua. Tuttavia, se sono presenti impurit\u00e0 nelle materie prime o nell&#8217;acqua, possono essere introdotti gas in tracce (come ammoniaca o fosfina). Per applicazioni con requisiti di purezza estremamente elevati, si consiglia di purificare il gas prodotto o di utilizzare materie prime di purezza ultra elevata.<\/p>\n<h2><span style=\"font-size: 14pt;\">Report<\/span><\/h2>\n<p>Ogni lotto viene fornito con:<br \/>\n<span style=\"color: #0000ff;\"><a style=\"color: #0000ff;\" href=\"https:\/\/ulpmat.com\/it\/documenti\/certificato-di-analisi\/\"><u>Certificato di analisi (COA)<\/u><\/a><\/span><\/p>\n<p><span style=\"color: #0000ff;\"><a style=\"color: #0000ff;\" href=\"https:\/\/ulpmat.com\/it\/documenti\/scheda-tecnica\/\"><u>Scheda tecnica (TDS)<\/u><\/a><\/span><\/p>\n<p><span style=\"color: #0000ff;\"><a style=\"color: #0000ff;\" href=\"https:\/\/ulpmat.com\/it\/documenti\/scheda-di-sicurezza\/\"><u>Scheda di sicurezza (MSDS)<\/u><\/a><\/span><br \/>\nRapporti di test di terze parti disponibili su richiesta<\/p>\n<h2><span style=\"font-size: 14pt;\">Perch\u00e9 scegliere noi?<\/span><\/h2>\n<p>Siamo specializzati nella ricerca e sviluppo e nella produzione sicura di materiali a base di idruri metallici altamente reattivi, con una profonda esperienza nella gestione dei requisiti normativi e delle sfide tecniche di prodotti chimici speciali come l&#8217;idruro di calcio. Non solo forniamo prodotti di alta qualit\u00e0, ma diamo anche la priorit\u00e0 alla fornitura di linee guida operative sicure e standardizzate.<\/p>\n","protected":false},"excerpt":{"rendered":"<p>Panoramica sulla polvere di idruro di calcio La polvere di idruro di calcio \u00e8 un composto inorganico composto da calcio e idrogeno, che si presenta tipicamente sotto forma di polvere bianco-grigiastra o in zolle. Presenta una forte igroscopicit\u00e0 e reattivit\u00e0. Utilizzata principalmente come potente agente riducente, essiccante altamente efficace e fonte di idrogeno portatile, trova [&hellip;]<\/p>\n","protected":false},"featured_media":49561,"template":"","meta":{"_acf_changed":false},"product_brand":[132],"product_cat":[436],"product_tag":[7329],"class_list":{"0":"post-49560","1":"product","2":"type-product","3":"status-publish","4":"has-post-thumbnail","6":"product_brand-ulpmat","7":"product_cat-ossidi","8":"product_tag-idruro-di-calcio-in-polvere","10":"first","11":"instock","12":"shipping-taxable","13":"product-type-variable"},"acf":[],"_links":{"self":[{"href":"https:\/\/ulpmat.com\/it\/wp-json\/wp\/v2\/product\/49560","targetHints":{"allow":["GET"]}}],"collection":[{"href":"https:\/\/ulpmat.com\/it\/wp-json\/wp\/v2\/product"}],"about":[{"href":"https:\/\/ulpmat.com\/it\/wp-json\/wp\/v2\/types\/product"}],"wp:featuredmedia":[{"embeddable":true,"href":"https:\/\/ulpmat.com\/it\/wp-json\/wp\/v2\/media\/49561"}],"wp:attachment":[{"href":"https:\/\/ulpmat.com\/it\/wp-json\/wp\/v2\/media?parent=49560"}],"wp:term":[{"taxonomy":"product_brand","embeddable":true,"href":"https:\/\/ulpmat.com\/it\/wp-json\/wp\/v2\/product_brand?post=49560"},{"taxonomy":"product_cat","embeddable":true,"href":"https:\/\/ulpmat.com\/it\/wp-json\/wp\/v2\/product_cat?post=49560"},{"taxonomy":"product_tag","embeddable":true,"href":"https:\/\/ulpmat.com\/it\/wp-json\/wp\/v2\/product_tag?post=49560"}],"curies":[{"name":"wp","href":"https:\/\/api.w.org\/{rel}","templated":true}]}}