{"id":49542,"date":"2026-01-12T14:47:30","date_gmt":"2026-01-12T06:47:30","guid":{"rendered":"https:\/\/ulpmat.com\/product\/ioduro-di-calcio\/"},"modified":"2026-01-12T14:47:30","modified_gmt":"2026-01-12T06:47:30","slug":"ioduro-di-calcio","status":"publish","type":"product","link":"https:\/\/ulpmat.com\/it\/prodotto\/ioduro-di-calcio\/","title":{"rendered":"Ioduro di calcio"},"content":{"rendered":"<h2><span style=\"font-size: 14pt;\">Panoramica sulla polvere di ioduro di calcio<\/span><\/h2>\n<p>La polvere<br \/>\n<span style=\"color: #0000ff;\"><a style=\"color: #0000ff;\" href=\"https:\/\/ulpmat.com\/it\/ricerca\/?type=name&#038;keyword=Calcium+iodide\">di ioduro di calcio<\/a><\/span><br \/>\n\u00e8 un composto salino inorganico che si presenta tipicamente come una polvere cristallina igroscopica di colore da bianco a giallo pallido. Essendo una fonte funzionale essenziale di iodio e calcio, ha un ampio valore applicativo nella produzione farmaceutica, nella nutrizione animale, nella sintesi di materiali speciali e nella ricerca chimica.<\/p>\n<p>Siamo specializzati nella fornitura di polvere di ioduro di calcio di grado reagente e offriamo soluzioni personalizzate su misura per le vostre specifiche esigenze applicative. <span style=\"color: #0000ff;\"><a style=\"color: #0000ff;\" href=\"https:\/\/ulpmat.com\/it\/contatto\/\">Contattateci<\/a><\/span><br \/>\nin qualsiasi momento per documentazione tecnica e preventivi.<\/p>\n<h2><span style=\"font-size: 14pt;\">Caratteristiche principali del prodotto<\/span><\/h2>\n<p>Elevata purezza con impurit\u00e0 minime<br \/>\nConfezione sigillata a prova di umidit\u00e0<br \/>\nRapporto stechiometrico preciso tra iodio e calcio<br \/>\nEccellente solubilit\u00e0 in acqua e reattivit\u00e0<\/p>\n<h2><span style=\"font-size: 14pt;\">Applicazioni della polvere di ioduro di calcio<\/span><\/h2>\n<p><strong>Industria farmaceutica e formulazioni:<\/strong><br \/>\nmateria prima fondamentale per la sintesi di agenti di contrasto iodati, farmaci per la tiroide e vari intermedi farmaceutici. Utilizzata anche come componente in alcuni disinfettanti medici e colliri.<br \/>\n<strong>Sintesi chimica e catalisi:<\/strong><br \/>\nnella sintesi organica, funge da reagente iodante delicato o catalizzatore acido di Lewis, comunemente utilizzato nelle reazioni di scambio alogeno e nella costruzione di complesse strutture molecolari iodate.<br \/>\n<strong>Materiali <span style=\"color: #0000ff;\"><a style=\"color: #0000ff;\" href=\"https:\/\/ulpmat.com\/it\/applicazione\/materiali-ottici\/\">ottici<\/a><\/span> specializzati:<\/strong><br \/>\nutilizzato per preparare cristalli funzionali e vetri ottici con propriet\u00e0 di scintillazione o bande di trasmittanza specifiche, costituendo la base materiale per fotorilevatori di fascia alta e apparecchiature di ricerca.<\/p>\n<h2><span style=\"color: #0000ff;\"><a style=\"color: #0000ff;\" href=\"https:\/\/ulpmat.com\/it\/azienda\/domande-frequenti\/\"><span style=\"font-size: 14pt;\">Domande frequenti<\/span><\/a><\/span><\/h2>\n<p>D1: Come deve essere conservata la polvere di ioduro di calcio per mantenerne la stabilit\u00e0?<br \/>\nR1: \u00c8 essenziale un rigoroso isolamento dall&#8217;umidit\u00e0. Conservare in un contenitore fresco, asciutto e sigillato. Se possibile, riporre in un armadio di essiccazione riempito di gas inerte per prevenire la deliquescenza, l&#8217;agglomerazione o il degrado ossidativo.<\/p>\n<p>D2: Quali sono le principali differenze in termini di controllo qualit\u00e0 tra i prodotti di grado farmaceutico e quelli di grado industriale?<br \/>\nR2: Oltre ai requisiti di contenuto primario, i prodotti di grado farmaceutico impongono limiti estremamente rigorosi per i metalli pesanti (ad esempio piombo, arsenico), le impurit\u00e0 dei metalli alcalini, i limiti microbici e la limpidezza della soluzione. I processi di produzione devono essere conformi a standard di gestione della qualit\u00e0 di livello superiore.<\/p>\n<p>D3: Quali precauzioni di sicurezza devono essere prese quando si utilizza lo ioduro di calcio?<br \/>\nR3: Evitare di inalare la polvere. Indossare maschere protettive, guanti e occhiali durante la manipolazione. Sebbene intrinsecamente a bassa tossicit\u00e0, un eccesso di ioni iodio pu\u00f2 interferire con la funzione tiroidea. Inoltre, il prodotto pu\u00f2 diventare igroscopico e potenzialmente corrosivo per i metalli in caso di assorbimento di umidit\u00e0, rendendo necessario uno smaltimento adeguato.<\/p>\n<p>D4: Come si devono selezionare lo ioduro di calcio anidro e il suo idrato per l&#8217;applicazione?<br \/>\nR4: La forma anidra offre una maggiore purezza, adatta per reazioni sintetiche sensibili all&#8217;umidit\u00e0 o applicazioni che richiedono una misurazione precisa dell&#8217;umidit\u00e0. La forma idrata \u00e8 pi\u00f9 stabile, meno igroscopica e meno costosa, comunemente utilizzata negli additivi per mangimi, nei reagenti chimici generici e in altri scenari insensibili al contenuto di umidit\u00e0.<\/p>\n<h2><span style=\"font-size: 14pt;\">Report<\/span><\/h2>\n<p>Ogni lotto \u00e8 fornito con:<br \/>\n<a href=\"https:\/\/ulpmat.com\/it\/documenti\/certificato-di-analisi\/\"><u><span style=\"color: #0000ff;\">Certificato di analisi (COA)<\/span><\/u><\/a><\/p>\n<p><span style=\"color: #0000ff;\"><a style=\"color: #0000ff;\" href=\"https:\/\/ulpmat.com\/it\/documenti\/scheda-tecnica\/\"><u>Scheda tecnica (TDS)<\/u><\/a><\/span><\/p>\n<p><span style=\"color: #0000ff;\"><a style=\"color: #0000ff;\" href=\"https:\/\/ulpmat.com\/it\/documenti\/scheda-di-sicurezza\/\"><u>Scheda di sicurezza (MSDS)<\/u><\/a><\/span><br \/>\nRapporti di test di terze parti disponibili su richiesta<\/p>\n<h2><span style=\"font-size: 14pt;\">Perch\u00e9 scegliere noi?<\/span><\/h2>\n<p>Siamo specializzati nella ricerca e sviluppo e nella produzione di prodotti chimici a base di iodio puro di alta purezza, avendo istituito un sistema completo di controllo qualit\u00e0 e imballaggio a prova di umidit\u00e0 per garantire che i prodotti a base di ioduro di calcio mantengano una stabilit\u00e0 eccezionale dalla produzione alla consegna. Non siamo solo un fornitore affidabile di materie prime, ma anche il vostro partner tecnico per le applicazioni, offrendo consulenza professionale nella scelta dei prodotti e supporto tecnico su misura per esigenze specifiche nella sintesi farmaceutica, nella formulazione di mangimi, nella scienza dei materiali e in altri campi.<\/p>\n","protected":false},"excerpt":{"rendered":"<p>Panoramica sulla polvere di ioduro di calcio La polvere di ioduro di calcio \u00e8 un composto salino inorganico che si presenta tipicamente come una polvere cristallina igroscopica di colore da bianco a giallo pallido. Essendo una fonte funzionale essenziale di iodio e calcio, ha un ampio valore applicativo nella produzione farmaceutica, nella nutrizione animale, nella [&hellip;]<\/p>\n","protected":false},"featured_media":49543,"template":"","meta":{"_acf_changed":false},"product_brand":[132],"product_cat":[323],"product_tag":[7323],"class_list":{"0":"post-49542","1":"product","2":"type-product","3":"status-publish","4":"has-post-thumbnail","6":"product_brand-ulpmat","7":"product_cat-materiali-alogenuri","8":"product_tag-ioduro-di-calcio-in-polvere","10":"first","11":"instock","12":"shipping-taxable","13":"product-type-variable"},"acf":[],"_links":{"self":[{"href":"https:\/\/ulpmat.com\/it\/wp-json\/wp\/v2\/product\/49542","targetHints":{"allow":["GET"]}}],"collection":[{"href":"https:\/\/ulpmat.com\/it\/wp-json\/wp\/v2\/product"}],"about":[{"href":"https:\/\/ulpmat.com\/it\/wp-json\/wp\/v2\/types\/product"}],"wp:featuredmedia":[{"embeddable":true,"href":"https:\/\/ulpmat.com\/it\/wp-json\/wp\/v2\/media\/49543"}],"wp:attachment":[{"href":"https:\/\/ulpmat.com\/it\/wp-json\/wp\/v2\/media?parent=49542"}],"wp:term":[{"taxonomy":"product_brand","embeddable":true,"href":"https:\/\/ulpmat.com\/it\/wp-json\/wp\/v2\/product_brand?post=49542"},{"taxonomy":"product_cat","embeddable":true,"href":"https:\/\/ulpmat.com\/it\/wp-json\/wp\/v2\/product_cat?post=49542"},{"taxonomy":"product_tag","embeddable":true,"href":"https:\/\/ulpmat.com\/it\/wp-json\/wp\/v2\/product_tag?post=49542"}],"curies":[{"name":"wp","href":"https:\/\/api.w.org\/{rel}","templated":true}]}}