{"id":49474,"date":"2026-01-12T14:47:31","date_gmt":"2026-01-12T06:47:31","guid":{"rendered":"https:\/\/ulpmat.com\/product\/ossido-di-calcio-2\/"},"modified":"2026-01-12T14:47:31","modified_gmt":"2026-01-12T06:47:31","slug":"ossido-di-calcio-2","status":"publish","type":"product","link":"https:\/\/ulpmat.com\/it\/prodotto\/ossido-di-calcio-2\/","title":{"rendered":"Ossido di calcio"},"content":{"rendered":"<h2>Panoramica <span style=\"font-size: 14pt;\">sulla polvere<\/span> di ossido di calcio<\/h2>\n<p>La polvere<br \/>\n<span style=\"color: #0000ff;\"><a style=\"color: #0000ff;\" href=\"https:\/\/ulpmat.com\/it\/ricerca\/?type=name&#038;keyword=Calcium+oxide\">di ossido di calcio<\/a><\/span><br \/>\n\u00e8 una polvere fine di colore bianco o bianco-grigiastro, altamente reattiva, ottenuta attraverso la lavorazione meticolosa della calce viva. Grazie alla sua immensa superficie specifica e alla sua rapida reattivit\u00e0, funge da materia prima alcalina fondamentale e agente neutralizzante altamente efficiente in diversi settori industriali, tra cui la purificazione dei gas di combustione, la sintesi chimica, il miglioramento del suolo e la produzione di materiali da costruzione.<\/p>\n<p>Offriamo polvere di ossido di calcio in vari gradi, che vanno dal grado industriale standard a gradi ad alta reattivit\u00e0. Sono disponibili specifiche personalizzate per la dimensione delle maglie e il controllo dell&#8217;umidit\u00e0. Per parametri dettagliati del prodotto e soluzioni su misura, <span style=\"color: #0000ff;\"><a style=\"color: #0000ff;\" href=\"https:\/\/ulpmat.com\/it\/contatto\/\">contattateci.<\/a><\/span><\/p>\n<h2><span style=\"font-size: 14pt;\">Caratteristiche principali del prodotto<\/span><\/h2>\n<p>Reattivit\u00e0 e efficienza di neutralizzazione ultra elevate<br \/>\nDimensione delle maglie e distribuzione delle particelle controllate con precisione<br \/>\nAlto contenuto effettivo di calcio con bassi livelli di impurit\u00e0<br \/>\nConfezionamento sigillato a tenuta stagna<\/p>\n<h2><span style=\"font-size: 14pt;\">Applicazioni della polvere di ossido di calcio<\/span><\/h2>\n<p><strong>Trattamento dei gas di scarico industriali e delle acque reflue:<\/strong><br \/>\nfunge da efficiente agente di desolforazione a secco e neutralizzante acido per le acque reflue acide, catturando e reagendo rapidamente per rimuovere gli inquinanti acidi come l&#8217;anidride solforosa e l&#8217;acido fluoridrico, soddisfacendo i severi requisiti di conformit\u00e0 ambientale.<br \/>\n<strong>Produzione e sintesi chimica:<\/strong><br \/>\nmateria prima indispensabile per la produzione di carburo di calcio, polvere sbiancante, composti a base di calcio e numerosi altri prodotti chimici. Funziona anche come agente essiccante e catalizzatore in alcune reazioni.<br \/>\n<strong>Materiali da costruzione e ausiliari industriali:<\/strong><br \/>\nutilizzato nella produzione di calcestruzzo aerato, polvere di calce e polvere di stucco, migliora la lavorabilit\u00e0 dei materiali e la resistenza finale. Funge anche da chiarificante o agente di trattamento nella raffinazione dello zucchero, nella lavorazione del cuoio e in altri settori industriali.<\/p>\n<h2><span style=\"font-size: 14pt; color: #0000ff;\"><a style=\"color: #0000ff;\" href=\"https:\/\/ulpmat.com\/it\/azienda\/domande-frequenti\/\">Domande frequenti<\/a><\/span><\/h2>\n<p>D1: Quali sono le precauzioni principali per lo stoccaggio e l&#8217;uso della polvere di ossido di calcio?<br \/>\nR1: La preoccupazione principale \u00e8 la rigorosa prevenzione dell&#8217;umidit\u00e0. Deve essere conservato in un ambiente fresco, asciutto e sigillato, isolato dall&#8217;acqua e dalle sostanze acide. A causa della sua reazione esotermica e violenta con l&#8217;acqua, durante la manipolazione \u00e8 necessario indossare dispositivi di protezione completi e seguire rigorosamente i protocolli di sicurezza.<\/p>\n<p>D2: In che modo la dimensione delle particelle influisce concretamente sulle prestazioni dell&#8217;applicazione?<br \/>\nR2: La finezza influisce direttamente sulla velocit\u00e0 di reazione e sull&#8217;area di contatto. Maglie di dimensioni maggiori producono una superficie specifica maggiore, migliorando in genere la velocit\u00e0 di reazione e l&#8217;efficienza nel trattamento dei gas di scarico o nelle reazioni di neutralizzazione. Tuttavia, ci\u00f2 richiede anche requisiti di imballaggio a prova di umidit\u00e0 pi\u00f9 rigorosi.<\/p>\n<p>D3: Come viene testata e determinata l&#8217;attivit\u00e0 della polvere di ossido di calcio?<br \/>\nR3: L&#8217;attivit\u00e0 viene tipicamente valutata misurando il suo contenuto di &#8220;ossido di calcio disponibile&#8221;, ovvero la parte in grado di reagire con gli acidi. Il metodo standard prevede una determinazione precisa mediante titolazione con saccarosio e acido cloridrico. Forniamo questi dati nei nostri rapporti di controllo qualit\u00e0.<\/p>\n<p>D4: Quali sono le principali differenze di applicazione tra questa polvere e la polvere di idrossido di calcio?<br \/>\nR4: L&#8217;ossido di calcio \u00e8 un ossido fortemente alcalino che reagisce con l&#8217;acqua formando idrossido di calcio e rilasciando una notevole quantit\u00e0 di calore. Presenta una maggiore reattivit\u00e0 e corrosivit\u00e0, che lo rendono adatto ad applicazioni che richiedono reazioni rapide e vigorose. L&#8217;idrossido di calcio ha un&#8217;alcalinit\u00e0 relativamente pi\u00f9 blanda e una solubilit\u00e0 leggermente migliore, spesso utilizzato dove \u00e8 necessaria un&#8217;alcalinit\u00e0 prolungata.<\/p>\n<h2><span style=\"font-size: 14pt;\">Rapporti<\/span><\/h2>\n<p>Ogni lotto \u00e8 fornito con:<br \/>\n<span style=\"color: #0000ff;\"><a style=\"color: #0000ff;\" href=\"https:\/\/ulpmat.com\/it\/documenti\/certificato-di-analisi\/\"><u>Certificato di analisi (COA)<\/u><\/a><\/span><\/p>\n<p><span style=\"color: #0000ff;\"><a style=\"color: #0000ff;\" href=\"https:\/\/ulpmat.com\/it\/documenti\/scheda-tecnica\/\"><u>Scheda tecnica (TDS)<\/u><\/a><\/span><\/p>\n<p><span style=\"color: #0000ff;\"><a style=\"color: #0000ff;\" href=\"https:\/\/ulpmat.com\/it\/documenti\/scheda-di-sicurezza\/\"><u>Scheda di sicurezza (MSDS)<\/u><\/a><\/span><br \/>\nRapporti di test di terze parti disponibili su richiesta<\/p>\n<h2><span style=\"font-size: 14pt;\">Perch\u00e9 scegliere noi?<\/span><\/h2>\n<p>Siamo specializzati nella lavorazione approfondita e nell&#8217;innovazione tecnologica dei prodotti a base di ossido di calcio, possediamo competenze specialistiche nel mantenimento della reattivit\u00e0 delle polveri e nel trattamento antiumidit\u00e0. Non solo forniamo prodotti che soddisfano le specifiche standard, ma consigliamo anche la granulometria e il grado di reattivit\u00e0 pi\u00f9 adatti in base ai requisiti di processo specifici della vostra applicazione finale.<\/p>\n","protected":false},"excerpt":{"rendered":"<p>Panoramica sulla polvere di ossido di calcio La polvere di ossido di calcio \u00e8 una polvere fine di colore bianco o bianco-grigiastro, altamente reattiva, ottenuta attraverso la lavorazione meticolosa della calce viva. Grazie alla sua immensa superficie specifica e alla sua rapida reattivit\u00e0, funge da materia prima alcalina fondamentale e agente neutralizzante altamente efficiente in [&hellip;]<\/p>\n","protected":false},"featured_media":49475,"template":"","meta":{"_acf_changed":false},"product_brand":[132],"product_cat":[436],"product_tag":[7305],"class_list":{"0":"post-49474","1":"product","2":"type-product","3":"status-publish","4":"has-post-thumbnail","6":"product_brand-ulpmat","7":"product_cat-ossidi","8":"product_tag-ossido-di-calcio-in-polvere","10":"first","11":"instock","12":"shipping-taxable","13":"product-type-variable"},"acf":[],"_links":{"self":[{"href":"https:\/\/ulpmat.com\/it\/wp-json\/wp\/v2\/product\/49474","targetHints":{"allow":["GET"]}}],"collection":[{"href":"https:\/\/ulpmat.com\/it\/wp-json\/wp\/v2\/product"}],"about":[{"href":"https:\/\/ulpmat.com\/it\/wp-json\/wp\/v2\/types\/product"}],"wp:featuredmedia":[{"embeddable":true,"href":"https:\/\/ulpmat.com\/it\/wp-json\/wp\/v2\/media\/49475"}],"wp:attachment":[{"href":"https:\/\/ulpmat.com\/it\/wp-json\/wp\/v2\/media?parent=49474"}],"wp:term":[{"taxonomy":"product_brand","embeddable":true,"href":"https:\/\/ulpmat.com\/it\/wp-json\/wp\/v2\/product_brand?post=49474"},{"taxonomy":"product_cat","embeddable":true,"href":"https:\/\/ulpmat.com\/it\/wp-json\/wp\/v2\/product_cat?post=49474"},{"taxonomy":"product_tag","embeddable":true,"href":"https:\/\/ulpmat.com\/it\/wp-json\/wp\/v2\/product_tag?post=49474"}],"curies":[{"name":"wp","href":"https:\/\/api.w.org\/{rel}","templated":true}]}}