{"id":49410,"date":"2026-01-12T14:47:32","date_gmt":"2026-01-12T06:47:32","guid":{"rendered":"https:\/\/ulpmat.com\/product\/seleniuro-di-calcio-2\/"},"modified":"2026-01-12T14:47:32","modified_gmt":"2026-01-12T06:47:32","slug":"seleniuro-di-calcio-2","status":"publish","type":"product","link":"https:\/\/ulpmat.com\/it\/prodotto\/seleniuro-di-calcio-2\/","title":{"rendered":"Seleniuro di calcio"},"content":{"rendered":"<h2><span style=\"font-size: 14pt;\">Panoramica dei granuli di seleniuro di calcio<\/span><\/h2>\n<p>I granuli<br \/>\n<span style=\"color: #0000ff;\"><a style=\"color: #0000ff;\" href=\"https:\/\/ulpmat.com\/it\/ricerca\/?type=name&#038;keyword=Calcium+selenide\">di seleniuro di calcio<\/a><\/span><br \/>\nsono un composto formato dalla combinazione di calcio e selenio. Esistono in una forma granulare stabile e combinano la stabilit\u00e0 del calcio con l&#8217;attivit\u00e0 biologica del selenio. Sono utilizzati principalmente nella produzione di materiali avanzati e nella ricerca biomedica.<\/p>\n<p>Siamo specializzati nella fornitura personalizzata di granuli di seleniuro di calcio di alta qualit\u00e0 con diverse purezze e specifiche di dimensione delle particelle per soddisfare le vostre esigenze di ricerca o produzione. <span style=\"color: #0000ff;\"><a style=\"color: #0000ff;\" href=\"https:\/\/ulpmat.com\/it\/contatto\/\">Contattateci<\/a><\/span><br \/>\nper soluzioni su misura.<\/p>\n<h2><span style=\"font-size: 14pt;\">Caratteristiche principali del prodotto<\/span><\/h2>\n<p>Materiale ad alta purezza<br \/>\nPropriet\u00e0 ottiche e semiconduttrici uniche<br \/>\nAmpio potenziale di applicazione<br \/>\nServizio personalizzato<\/p>\n<h2><span style=\"font-size: 14pt;\">Applicazioni dei granuli di seleniuro di calcio<\/span><\/h2>\n<p><strong><span style=\"color: #0000ff;\"><a style=\"color: #0000ff;\" href=\"https:\/\/ulpmat.com\/it\/applicazione\/materiali-per-semiconduttori\/\">Semiconduttori<\/a> <\/span>e <span style=\"color: #0000ff;\"><a style=\"color: #0000ff;\" href=\"https:\/\/ulpmat.com\/it\/applicazione\/materiali-ottici\/\">optoelettronica<\/a><\/span>:<\/strong><br \/>\nil seleniuro di calcio funge da strato funzionale nei transistor a film sottile e nei dispositivi optoelettronici, migliorando le prestazioni grazie all&#8217;efficiente trasporto di carica e alle propriet\u00e0 di fotoluminescenza.<br \/>\n<strong>Celle <span style=\"color: #0000ff;\"><a style=\"color: #0000ff;\" href=\"https:\/\/ulpmat.com\/it\/applicazione\/solare-fotovoltaico\/\">solari<\/a><\/span> fotovoltaiche:<\/strong><br \/>\ncome materiale dello strato assorbente, il seleniuro di calcio presenta elevati coefficienti di assorbimento della luce, migliorando significativamente l&#8217;efficienza di conversione fotovoltaica.<br \/>\n<strong>Accumulo di energia di nuova generazione:<\/strong><br \/>\nil seleniuro di calcio \u00e8 un candidato promettente per i materiali degli elettrodi delle batterie agli ioni di calcio. Sfruttando le abbondanti risorse di calcio e i vantaggi in termini di costi, queste batterie rappresentano una valida alternativa alle batterie agli ioni di litio.<br \/>\n<strong>Ricerca biomedica:<\/strong><br \/>\ngli studi indicano che i materiali a base di calcio drogati con selenio (ad esempio, il fosfato di calcio) mostrano una maggiore attivit\u00e0 antimicrobica. Il seleniuro di calcio pu\u00f2 fungere da fonte di selenio per lo sviluppo di rivestimenti per impianti o bio-scaffold antimicrobici.<\/p>\n<h2><span style=\"color: #0000ff;\"><a style=\"color: #0000ff;\" href=\"https:\/\/ulpmat.com\/it\/azienda\/domande-frequenti\/\"><span style=\"font-size: 14pt;\">Domande frequenti<\/span><\/a><\/span><\/h2>\n<p>D1: Come devono essere conservati i granuli di seleniuro di calcio?<br \/>\nR1: Questo prodotto deve essere conservato in un contenitore ermeticamente chiuso, al riparo dalla luce, in un ambiente asciutto, fresco e ben ventilato per mantenerne la stabilit\u00e0 e l&#8217;attivit\u00e0. Prendere precauzioni contro l&#8217;umidit\u00e0 durante l&#8217;uso.<\/p>\n<p>D2: Posso richiedere dei campioni prima dell&#8217;acquisto?<br \/>\nR2: S\u00ec. In genere forniamo piccoli campioni gratuiti per test e valutazioni. I clienti sono responsabili solo delle spese di spedizione.<\/p>\n<p>D3: Come viene garantita la purezza e la qualit\u00e0 del prodotto?<br \/>\nR3: Ogni lotto che forniamo \u00e8 conforme agli standard nazionali e ogni spedizione \u00e8 accompagnata da un rapporto di controllo qualit\u00e0. I clienti possono verificare la conformit\u00e0 agli standard pertinenti al momento della ricezione.<\/p>\n<p>D4: Cosa devo fare se ho domande sulla quantit\u00e0 o sulla qualit\u00e0 del prodotto ricevuto?<br \/>\nA4: In caso di dubbi sulla quantit\u00e0 o sulla qualit\u00e0 del prodotto, si prega di fornire un feedback tempestivo dopo aver ricevuto la merce. Collaboreremo attivamente per risolvere il problema.<\/p>\n<h2><span style=\"font-size: 14pt;\">Rapporto<\/span><\/h2>\n<p>Ogni lotto viene fornito con:<br \/>\n<span style=\"color: #0000ff;\"><a style=\"color: #0000ff;\" href=\"https:\/\/ulpmat.com\/it\/documenti\/certificato-di-analisi\/\"><u>Certificato di analisi (COA)<\/u><\/a><\/span><\/p>\n<p><span style=\"color: #0000ff;\"><a style=\"color: #0000ff;\" href=\"https:\/\/ulpmat.com\/it\/documenti\/scheda-tecnica\/\"><u>Scheda tecnica (TDS)<\/u><\/a><\/span><\/p>\n<p><span style=\"color: #0000ff;\"><a style=\"color: #0000ff;\" href=\"https:\/\/ulpmat.com\/it\/documenti\/scheda-di-sicurezza\/\"><u>Scheda di sicurezza (MSDS)<\/u><\/a><\/span><br \/>\nRapporto di ispezione delle dimensioni<br \/>\nRapporti di test di terze parti disponibili su richiesta<\/p>\n<h2><span style=\"font-size: 14pt;\">Perch\u00e9 scegliere noi?<\/span><\/h2>\n<p>Scegliere noi significa acquisire un partner affidabile e professionale. Non solo forniamo prodotti standard ad alta purezza, ma diamo anche la priorit\u00e0 alla comprensione dei requisiti specifici del vostro progetto, offrendo servizi completi che vanno dalla consulenza tecnica e dalla personalizzazione delle specifiche all&#8217;assistenza post-vendita. Ci impegniamo a migliorare l&#8217;efficienza e la fluidit\u00e0 dei vostri processi di ricerca o produzione con prodotti di alta qualit\u00e0 e un servizio attento, promuovendo congiuntamente l&#8217;innovazione tecnologica.<\/p>\n","protected":false},"excerpt":{"rendered":"<p>Panoramica dei granuli di seleniuro di calcio I granuli di seleniuro di calcio sono un composto formato dalla combinazione di calcio e selenio. Esistono in una forma granulare stabile e combinano la stabilit\u00e0 del calcio con l&#8217;attivit\u00e0 biologica del selenio. Sono utilizzati principalmente nella produzione di materiali avanzati e nella ricerca biomedica. Siamo specializzati nella [&hellip;]<\/p>\n","protected":false},"featured_media":49411,"template":"","meta":{"_acf_changed":false},"product_brand":[132],"product_cat":[293],"product_tag":[7293],"class_list":{"0":"post-49410","1":"product","2":"type-product","3":"status-publish","4":"has-post-thumbnail","6":"product_brand-ulpmat","7":"product_cat-materiali-per-levaporazione","8":"product_tag-granuli-di-seleniuro-di-calcio","10":"first","11":"instock","12":"shipping-taxable","13":"product-type-variable"},"acf":[],"_links":{"self":[{"href":"https:\/\/ulpmat.com\/it\/wp-json\/wp\/v2\/product\/49410","targetHints":{"allow":["GET"]}}],"collection":[{"href":"https:\/\/ulpmat.com\/it\/wp-json\/wp\/v2\/product"}],"about":[{"href":"https:\/\/ulpmat.com\/it\/wp-json\/wp\/v2\/types\/product"}],"wp:featuredmedia":[{"embeddable":true,"href":"https:\/\/ulpmat.com\/it\/wp-json\/wp\/v2\/media\/49411"}],"wp:attachment":[{"href":"https:\/\/ulpmat.com\/it\/wp-json\/wp\/v2\/media?parent=49410"}],"wp:term":[{"taxonomy":"product_brand","embeddable":true,"href":"https:\/\/ulpmat.com\/it\/wp-json\/wp\/v2\/product_brand?post=49410"},{"taxonomy":"product_cat","embeddable":true,"href":"https:\/\/ulpmat.com\/it\/wp-json\/wp\/v2\/product_cat?post=49410"},{"taxonomy":"product_tag","embeddable":true,"href":"https:\/\/ulpmat.com\/it\/wp-json\/wp\/v2\/product_tag?post=49410"}],"curies":[{"name":"wp","href":"https:\/\/api.w.org\/{rel}","templated":true}]}}