{"id":49248,"date":"2026-01-13T09:49:47","date_gmt":"2026-01-13T01:49:47","guid":{"rendered":"https:\/\/ulpmat.com\/product\/carbonato-di-potassio\/"},"modified":"2026-01-13T09:49:47","modified_gmt":"2026-01-13T01:49:47","slug":"carbonato-di-potassio","status":"publish","type":"product","link":"https:\/\/ulpmat.com\/it\/prodotto\/carbonato-di-potassio\/","title":{"rendered":"Carbonato di potassio"},"content":{"rendered":"<h2><span style=\"font-size: 14pt;\">Panoramica sulla polvere di carbonato di potassio<\/span><\/h2>\n<p>La polvere<br \/>\n<span style=\"color: #0000ff;\"><a style=\"color: #0000ff;\" href=\"https:\/\/ulpmat.com\/it\/ricerca\/?type=name&#038;keyword=Potassium+carbonate\">di carbonato di potassio<\/a><\/span><br \/>\n\u00e8 un&#8217;importante materia prima salina alcalina inorganica con buona solubilit\u00e0 in acqua e stabilit\u00e0 chimica. Questo prodotto \u00e8 ampiamente utilizzato in vari settori industriali quali la produzione di vetro, i materiali elettronici, la sintesi chimica e le nuove energie.<\/p>\n<p>Siamo in grado di fornire lotti stabili di polvere di carbonato di potassio in varie specifiche in base alle diverse esigenze del settore. <span style=\"color: #0000ff;\"><a style=\"color: #0000ff;\" href=\"https:\/\/ulpmat.com\/it\/contatto\/\">Contattateci<\/a><\/span><br \/>\nper informazioni tecniche e preventivi.<\/p>\n<h2><span style=\"font-size: 14pt;\">Caratteristiche principali del prodotto<\/span><\/h2>\n<p>Elevato controllo della purezza<br \/>\nBasso contenuto di impurit\u00e0<br \/>\nDimensione delle particelle uniforme<br \/>\nBuona uniformit\u00e0 dei lotti<br \/>\nDisponibile in grado industriale e grado di elevata purezza<br \/>\nBuona solubilit\u00e0<br \/>\nAdatto a processi di produzione continui<br \/>\nIn grado di soddisfare requisiti tecnici personalizzati<\/p>\n<h2><span style=\"font-size: 14pt;\">Applicazioni della polvere di carbonato di potassio<\/span><\/h2>\n<p><strong>Industria del vetro e della ceramica:<\/strong><br \/>\ncomunemente usato come fondente per abbassare la temperatura di fusione del vetro e migliorare la trasparenza e la stabilit\u00e0 chimica del prodotto finito.<\/p>\n<p><strong>Elettronica e materiali funzionali:<\/strong><br \/>\nnella preparazione di ceramiche elettroniche e alcuni materiali funzionali, il K\u2082CO\u2083 funge da fonte alcalina o precursore di reazione, contribuendo alla formazione della struttura del materiale e alla regolazione delle prestazioni.<\/p>\n<p><strong>Sintesi chimica e sistemi catalitici:<\/strong><br \/>\nquesto prodotto \u00e8 ampiamente utilizzato nelle reazioni di sintesi organica per regolare l&#8217;alcalinit\u00e0 del sistema o partecipare alla formazione di intermedi.<\/p>\n<p><strong>Nuove energie e materiali relativi <span style=\"color: #0000ff;\"><a style=\"color: #0000ff;\" href=\"https:\/\/ulpmat.com\/it\/applicazione\/materiali-della-batteria\/\">alle batterie<\/a><\/span>:<\/strong><br \/>\nin alcuni materiali per batterie e sistemi chimici relativi all&#8217;energia, il K\u2082CO\u2083 pu\u00f2 essere utilizzato come materia prima ausiliaria nella progettazione della formulazione.<\/p>\n<h2><span style=\"font-size: 14pt; color: #0000ff;\"><a style=\"color: #0000ff;\" href=\"https:\/\/ulpmat.com\/it\/azienda\/domande-frequenti\/\">Domande frequenti<\/a><\/span><\/h2>\n<p>D1: La polvere di carbonato di potassio \u00e8 igroscopica?<br \/>\nR1: S\u00ec, il carbonato di potassio ha un certo grado di igroscopicit\u00e0. Si consiglia di conservarlo in un contenitore sigillato in un ambiente asciutto.<\/p>\n<p>D2: Quali sono le differenze tra K\u2082CO\u2083 e Na\u2082CO\u2083 nelle applicazioni?<br \/>\nR2: Il K\u2082CO\u2083 \u00e8 pi\u00f9 alcalino e ha una migliore solubilit\u00e0, ed \u00e8 spesso utilizzato in sistemi con requisiti pi\u00f9 elevati per le condizioni di reazione.<\/p>\n<p>D3: Pu\u00f2 essere utilizzato in processi ad alta temperatura?<br \/>\nR3: In condizioni di processo appropriate, il carbonato di potassio pu\u00f2 essere applicato in modo stabile in vari processi di preparazione a media e alta temperatura.<\/p>\n<p>D4: Supportate specifiche diverse in termini di purezza o dimensione delle particelle?<br \/>\nR4: Siamo in grado di fornire soluzioni di prodotto con diversi gradi di purezza e gamme di dimensioni delle particelle in base a specifici scenari di applicazione.<\/p>\n<h2><span style=\"font-size: 14pt;\">Rapporto<\/span><\/h2>\n<p>Ogni lotto viene fornito con:<br \/>\n<span style=\"color: #0000ff;\"><a style=\"color: #0000ff;\" href=\"https:\/\/ulpmat.com\/it\/documenti\/certificato-di-analisi\/\"><u>Certificato di analisi (COA)<\/u><\/a><\/span><\/p>\n<p><span style=\"color: #0000ff;\"><a style=\"color: #0000ff;\" href=\"https:\/\/ulpmat.com\/it\/documenti\/scheda-tecnica\/\"><u>Scheda tecnica (TDS)<\/u><\/a><\/span><\/p>\n<p><span style=\"color: #0000ff;\"><a style=\"color: #0000ff;\" href=\"https:\/\/ulpmat.com\/it\/documenti\/scheda-di-sicurezza\/\"><u>Scheda di sicurezza (MSDS)<\/u><\/a><\/span><br \/>\nRapporti di test di terze parti disponibili su richiesta<\/p>\n<h2><span style=\"font-size: 14pt;\">Perch\u00e9 scegliere noi?<\/span><\/h2>\n<p>Da tempo ci concentriamo sulla fornitura stabile di materie prime chimiche inorganiche, ponendo l&#8217;accento sulla coerenza dei prodotti e sull&#8217;adattabilit\u00e0 tecnologica. Siamo in grado di fornire ai clienti soluzioni chiare e affidabili in materia di materiali, aiutandoli a ridurre i rischi e a migliorare l&#8217;efficienza nelle fasi di ricerca e sviluppo e di produzione di massa.<\/p>\n","protected":false},"excerpt":{"rendered":"<p>Panoramica sulla polvere di carbonato di potassio La polvere di carbonato di potassio \u00e8 un&#8217;importante materia prima salina alcalina inorganica con buona solubilit\u00e0 in acqua e stabilit\u00e0 chimica. Questo prodotto \u00e8 ampiamente utilizzato in vari settori industriali quali la produzione di vetro, i materiali elettronici, la sintesi chimica e le nuove energie. Siamo in grado [&hellip;]<\/p>\n","protected":false},"featured_media":49249,"template":"","meta":{"_acf_changed":false},"product_brand":[132],"product_cat":[1186],"product_tag":[7251],"class_list":{"0":"post-49248","1":"product","2":"type-product","3":"status-publish","4":"has-post-thumbnail","6":"product_brand-ulpmat","7":"product_cat-altri-acidi","8":"product_tag-carbonato-di-potassio-in-polvere","10":"first","11":"instock","12":"shipping-taxable","13":"product-type-variable"},"acf":[],"_links":{"self":[{"href":"https:\/\/ulpmat.com\/it\/wp-json\/wp\/v2\/product\/49248","targetHints":{"allow":["GET"]}}],"collection":[{"href":"https:\/\/ulpmat.com\/it\/wp-json\/wp\/v2\/product"}],"about":[{"href":"https:\/\/ulpmat.com\/it\/wp-json\/wp\/v2\/types\/product"}],"wp:featuredmedia":[{"embeddable":true,"href":"https:\/\/ulpmat.com\/it\/wp-json\/wp\/v2\/media\/49249"}],"wp:attachment":[{"href":"https:\/\/ulpmat.com\/it\/wp-json\/wp\/v2\/media?parent=49248"}],"wp:term":[{"taxonomy":"product_brand","embeddable":true,"href":"https:\/\/ulpmat.com\/it\/wp-json\/wp\/v2\/product_brand?post=49248"},{"taxonomy":"product_cat","embeddable":true,"href":"https:\/\/ulpmat.com\/it\/wp-json\/wp\/v2\/product_cat?post=49248"},{"taxonomy":"product_tag","embeddable":true,"href":"https:\/\/ulpmat.com\/it\/wp-json\/wp\/v2\/product_tag?post=49248"}],"curies":[{"name":"wp","href":"https:\/\/api.w.org\/{rel}","templated":true}]}}