{"id":49175,"date":"2026-01-13T09:49:49","date_gmt":"2026-01-13T01:49:49","guid":{"rendered":"https:\/\/ulpmat.com\/product\/cloruro-di-potassio\/"},"modified":"2026-01-13T09:49:49","modified_gmt":"2026-01-13T01:49:49","slug":"cloruro-di-potassio","status":"publish","type":"product","link":"https:\/\/ulpmat.com\/it\/prodotto\/cloruro-di-potassio\/","title":{"rendered":"Cloruro di potassio"},"content":{"rendered":"<h2><span style=\"font-size: 14pt;\">Panoramica sulla polvere di cloruro di potassio<\/span><\/h2>\n<p>La polvere<br \/>\n<span style=\"color: #0000ff;\"><a style=\"color: #0000ff;\" href=\"https:\/\/ulpmat.com\/it\/ricerca\/?type=name&#038;keyword=Potassium+chloride\">di cloruro di potassio<\/a><\/span><br \/>\n\u00e8 una comune materia prima salina inorganica con propriet\u00e0 chimiche stabili e buona solubilit\u00e0. Questo prodotto \u00e8 ampiamente utilizzato nella produzione chimica, nella preparazione dei materiali, nella formulazione industriale e nei relativi sistemi di materie prime di base.<\/p>\n<p>Siamo in grado di fornire polvere di cloruro di potassio in modo stabile e a lungo termine, supportando varie specifiche. <span style=\"color: #0000ff;\"><a style=\"color: #0000ff;\" href=\"https:\/\/ulpmat.com\/it\/contatto\/\">Contattateci<\/a><\/span><br \/>\nper i parametri tecnici e le informazioni sulla collaborazione.<\/p>\n<h2><span style=\"font-size: 14pt;\">Caratteristiche principali del prodotto<\/span><\/h2>\n<p>Composizione chimica stabile<br \/>\nBuona solubilit\u00e0 in acqua<br \/>\nLivelli di purezza selezionabili<br \/>\nContenuto di impurit\u00e0 controllabile<br \/>\nElevata uniformit\u00e0 dei lotti<br \/>\nAdatto per un uso su larga scala<\/p>\n<h2><span style=\"font-size: 14pt;\">Applicazioni della polvere di cloruro di potassio<\/span><\/h2>\n<p>Materie prime chimiche e formulazioni di base: comunemente utilizzata come materia prima inorganica di base in vari sistemi di reazione chimica e formulazioni industriali.<br \/>\nPreparazione di materiali e sistemi funzionali: in alcuni processi di preparazione dei materiali, il KCl pu\u00f2 essere utilizzato come materia prima ausiliaria o mezzo di reazione.<br \/>\nProduzione e lavorazione industriale: questo prodotto \u00e8 adatto a vari processi di produzione industriale, soddisfacendo la domanda di materie prime saline inorganiche stabili.<br \/>\nRicerca e applicazioni di laboratorio: grazie alla sua composizione ben definita e alle sue prestazioni stabili, il KCl \u00e8 spesso utilizzato in esperimenti di laboratorio di base e nella ricerca sui materiali.<\/p>\n<h2><span style=\"font-size: 14pt; color: #0000ff;\"><a style=\"color: #0000ff;\" href=\"https:\/\/ulpmat.com\/it\/azienda\/domande-frequenti\/\">Domande frequenti<\/a><\/span><\/h2>\n<p>D1: La polvere di KCl tende ad agglomerarsi facilmente?<br \/>\nR1: L&#8217;agglomerazione pu\u00f2 verificarsi in ambienti umidi. Si consiglia di conservarla in un contenitore sigillato e di mantenerla asciutta.<\/p>\n<p>D2: La polvere di KCl \u00e8 facilmente solubile in acqua?<br \/>\nR2: Ha una buona solubilit\u00e0 in acqua, adatta per applicazioni che richiedono una rapida dissoluzione.<\/p>\n<p>D3: Quali condizioni devono essere prese in considerazione durante la conservazione del prodotto?<br \/>\nR3: Si consiglia di conservarlo in un contenitore scuro, asciutto e sigillato, evitando il contatto prolungato con l&#8217;umidit\u00e0.<\/p>\n<p>D4: Potete fornire diverse purezze o specifiche di confezionamento?<br \/>\nA4: Possiamo fornire vari gradi di purezza e opzioni di confezionamento in base alle esigenze del cliente.<\/p>\n<h2><span style=\"font-size: 14pt;\">Rapporti<\/span><\/h2>\n<p>Ogni lotto \u00e8 fornito con:<br \/>\n<span style=\"color: #0000ff;\"><a style=\"color: #0000ff;\" href=\"https:\/\/ulpmat.com\/it\/documenti\/certificato-di-analisi\/\"><u>Certificato di analisi (COA)<\/u><\/a><\/span><\/p>\n<p><span style=\"color: #0000ff;\"><a style=\"color: #0000ff;\" href=\"https:\/\/ulpmat.com\/it\/documenti\/scheda-tecnica\/\"><u>Scheda tecnica (TDS)<\/u><\/a><\/span><\/p>\n<p><span style=\"color: #0000ff;\"><a style=\"color: #0000ff;\" href=\"https:\/\/ulpmat.com\/it\/documenti\/scheda-di-sicurezza\/\"><u>Scheda di sicurezza (MSDS)<\/u><\/a><\/span><br \/>\nRapporti di test di terze parti disponibili su richiesta<\/p>\n<h2><span style=\"font-size: 14pt;\">Perch\u00e9 scegliere noi?<\/span><\/h2>\n<p>Abbiamo una vasta esperienza nella fornitura di materie prime chimiche inorganiche, ponendo l&#8217;accento sulla stabilit\u00e0 del prodotto e sulla coerenza a lungo termine. Siamo in grado di fornire ai clienti polvere di KCl affidabile e un supporto tecnico e assistenza continui.<\/p>\n","protected":false},"excerpt":{"rendered":"<p>Panoramica sulla polvere di cloruro di potassio La polvere di cloruro di potassio \u00e8 una comune materia prima salina inorganica con propriet\u00e0 chimiche stabili e buona solubilit\u00e0. Questo prodotto \u00e8 ampiamente utilizzato nella produzione chimica, nella preparazione dei materiali, nella formulazione industriale e nei relativi sistemi di materie prime di base. Siamo in grado di [&hellip;]<\/p>\n","protected":false},"featured_media":49173,"template":"","meta":{"_acf_changed":false},"product_brand":[132],"product_cat":[323],"product_tag":[7228],"class_list":{"0":"post-49175","1":"product","2":"type-product","3":"status-publish","4":"has-post-thumbnail","6":"product_brand-ulpmat","7":"product_cat-materiali-alogenuri","8":"product_tag-cloruro-di-potassio-in-polvere","10":"first","11":"instock","12":"shipping-taxable","13":"product-type-variable"},"acf":[],"_links":{"self":[{"href":"https:\/\/ulpmat.com\/it\/wp-json\/wp\/v2\/product\/49175","targetHints":{"allow":["GET"]}}],"collection":[{"href":"https:\/\/ulpmat.com\/it\/wp-json\/wp\/v2\/product"}],"about":[{"href":"https:\/\/ulpmat.com\/it\/wp-json\/wp\/v2\/types\/product"}],"wp:featuredmedia":[{"embeddable":true,"href":"https:\/\/ulpmat.com\/it\/wp-json\/wp\/v2\/media\/49173"}],"wp:attachment":[{"href":"https:\/\/ulpmat.com\/it\/wp-json\/wp\/v2\/media?parent=49175"}],"wp:term":[{"taxonomy":"product_brand","embeddable":true,"href":"https:\/\/ulpmat.com\/it\/wp-json\/wp\/v2\/product_brand?post=49175"},{"taxonomy":"product_cat","embeddable":true,"href":"https:\/\/ulpmat.com\/it\/wp-json\/wp\/v2\/product_cat?post=49175"},{"taxonomy":"product_tag","embeddable":true,"href":"https:\/\/ulpmat.com\/it\/wp-json\/wp\/v2\/product_tag?post=49175"}],"curies":[{"name":"wp","href":"https:\/\/api.w.org\/{rel}","templated":true}]}}