{"id":49094,"date":"2026-01-13T09:49:51","date_gmt":"2026-01-13T01:49:51","guid":{"rendered":"https:\/\/ulpmat.com\/product\/esafluorofosfato-di-potassio-v\/"},"modified":"2026-01-13T09:49:51","modified_gmt":"2026-01-13T01:49:51","slug":"esafluorofosfato-di-potassio-v","status":"publish","type":"product","link":"https:\/\/ulpmat.com\/it\/prodotto\/esafluorofosfato-di-potassio-v\/","title":{"rendered":"Esafluorofosfato di potassio (V)"},"content":{"rendered":"<h2><span style=\"font-size: 14pt;\">Panoramica sulla polvere di esafluorofosfato di potassio<\/span><\/h2>\n<p>La polvere<br \/>\n<span style=\"color: #0000ff;\"><a style=\"color: #0000ff;\" href=\"https:\/\/ulpmat.com\/it\/ricerca\/?type=name&#038;keyword=Potassium+hexafluorophosphate\">di esafluorofosfato di potassio<\/a><\/span><br \/>\n\u00e8 un comune composto inorganico di fluorofosfato con buone propriet\u00e0 chimiche e ioniche. Questo prodotto \u00e8 ampiamente utilizzato in elettrochimica, nei materiali per batterie e nella ricerca scientifica correlata.<\/p>\n<p>Siamo in grado di fornire in modo stabile polvere KPF9 ad alta purezza in base alle diverse esigenze applicative e supportiamo specifiche personalizzate. <span style=\"color: #0000ff;\"><a style=\"color: #0000ff;\" href=\"https:\/\/ulpmat.com\/it\/contatto\/\">Contattateci<\/a><\/span><br \/>\nper informazioni tecniche dettagliate.<\/p>\n<h2><span style=\"font-size: 14pt;\">Caratteristiche principali del prodotto<\/span><\/h2>\n<p>Purezza controllabile, stabilit\u00e0 del lotto<br \/>\nBuone prestazioni di migrazione ionica<br \/>\nAdatto a vari sistemi elettrochimici<br \/>\nDistribuzione uniforme delle dimensioni delle particelle di polvere<br \/>\nBasso contenuto di impurit\u00e0<br \/>\nAdatto alla ricerca scientifica e alle applicazioni industriali<\/p>\n<h2><span style=\"font-size: 14pt;\">Applicazioni della polvere di esafluorofosfato di potassio<\/span><\/h2>\n<p>Ricerca sui sistemi elettrolitici: comunemente utilizzato nella ricerca relativa agli elettroliti, pu\u00f2 essere utilizzato come additivo comparativo o funzionale per valutare il comportamento elettrochimico di diversi sistemi ionici.<br \/>\nSviluppo di materiali per batterie: nelle batterie di nuova concezione o nei sistemi sperimentali di accumulo di energia, pu\u00f2 essere utilizzato per esplorare gli effetti di diversi sistemi salini sulle prestazioni delle batterie.<br \/>\nEsperimenti e analisi elettrochimiche: questo materiale \u00e8 adatto per test elettrochimici a livello di laboratorio, come la ricerca fondamentale sulla conduttivit\u00e0 ionica e le reazioni interfacciali.<br \/>\nRicerca sulla sintesi di materiali inorganici: la polvere di esafluorofosfato di potassio (V) pu\u00f2 essere utilizzata come precursore contenente fluoro e fosforo nella ricerca sui percorsi di sintesi di alcuni materiali inorganici o funzionali.<\/p>\n<h2><span style=\"font-size: 14pt; color: #0000ff;\"><a style=\"color: #0000ff;\" href=\"https:\/\/ulpmat.com\/it\/azienda\/domande-frequenti\/\">Domande frequenti<\/a><\/span><\/h2>\n<p>D1: La polvere di esafluorofosfato di potassio (V) \u00e8 igroscopica?<br \/>\nA1: Ha una certa igroscopicit\u00e0. Si consiglia di conservarla e utilizzarla in condizioni asciutte e sigillate.<\/p>\n<p>D2: La polvere di esafluorofosfato di potassio (V) pu\u00f2 essere utilizzata nelle batterie al litio?<br \/>\nA2: \u00c8 pi\u00f9 comunemente utilizzata per la ricerca scientifica e gli studi comparativi. Le applicazioni pratiche richiedono una valutazione basata sulla compatibilit\u00e0 del sistema.<\/p>\n<p>D3: La purezza del KPF6 influisce in modo significativo sui risultati sperimentali?<br \/>\nR3: La purezza influisce direttamente sul comportamento degli ioni e sulla ripetibilit\u00e0 sperimentale. I prodotti con purezza pi\u00f9 elevata sono pi\u00f9 favorevoli a risultati di test stabili.<\/p>\n<p>D4: Potete fornire confezioni di piccole dimensioni o di livello scientifico?<br \/>\nR4: S\u00ec, supportiamo varie specifiche di confezionamento per soddisfare le esigenze della ricerca scientifica e delle fasi sperimentali.<\/p>\n<h2><span style=\"font-size: 14pt;\">Rapporto<\/span><\/h2>\n<p>Ogni lotto \u00e8 fornito con:<br \/>\n<span style=\"color: #0000ff;\"><a style=\"color: #0000ff;\" href=\"https:\/\/ulpmat.com\/it\/documenti\/certificato-di-analisi\/\"><u>Certificato di analisi (COA)<\/u><\/a><\/span><\/p>\n<p><span style=\"color: #0000ff;\"><a style=\"color: #0000ff;\" href=\"https:\/\/ulpmat.com\/it\/documenti\/scheda-tecnica\/\"><u>Scheda tecnica (TDS)<\/u><\/a><\/span><\/p>\n<p><span style=\"color: #0000ff;\"><a style=\"color: #0000ff;\" href=\"https:\/\/ulpmat.com\/it\/documenti\/scheda-di-sicurezza\/\"><u>Scheda di sicurezza (MSDS)<\/u><\/a><\/span><br \/>\nRapporti di test di terze parti disponibili su richiesta<\/p>\n<h2><span style=\"font-size: 14pt;\">Perch\u00e9 scegliere noi?<\/span><\/h2>\n<p>Siamo specializzati nella fornitura stabile e nel controllo di qualit\u00e0 di materiali chimici inorganici, conosciamo bene i requisiti degli utenti industriali e di ricerca in termini di uniformit\u00e0 e tracciabilit\u00e0 dei materiali e siamo in grado di offrire un&#8217;esperienza di collaborazione affidabile e a lungo termine in materia di comunicazione, consegna e assistenza tecnica.<\/p>\n","protected":false},"excerpt":{"rendered":"<p>Panoramica sulla polvere di esafluorofosfato di potassio La polvere di esafluorofosfato di potassio \u00e8 un comune composto inorganico di fluorofosfato con buone propriet\u00e0 chimiche e ioniche. Questo prodotto \u00e8 ampiamente utilizzato in elettrochimica, nei materiali per batterie e nella ricerca scientifica correlata. Siamo in grado di fornire in modo stabile polvere KPF9 ad alta purezza [&hellip;]<\/p>\n","protected":false},"featured_media":49095,"template":"","meta":{"_acf_changed":false},"product_brand":[132],"product_cat":[323],"product_tag":[7204],"class_list":{"0":"post-49094","1":"product","2":"type-product","3":"status-publish","4":"has-post-thumbnail","6":"product_brand-ulpmat","7":"product_cat-materiali-alogenuri","8":"product_tag-esafluorofosfato-di-potassio-v-in-polvere","10":"first","11":"instock","12":"shipping-taxable","13":"product-type-variable"},"acf":[],"_links":{"self":[{"href":"https:\/\/ulpmat.com\/it\/wp-json\/wp\/v2\/product\/49094","targetHints":{"allow":["GET"]}}],"collection":[{"href":"https:\/\/ulpmat.com\/it\/wp-json\/wp\/v2\/product"}],"about":[{"href":"https:\/\/ulpmat.com\/it\/wp-json\/wp\/v2\/types\/product"}],"wp:featuredmedia":[{"embeddable":true,"href":"https:\/\/ulpmat.com\/it\/wp-json\/wp\/v2\/media\/49095"}],"wp:attachment":[{"href":"https:\/\/ulpmat.com\/it\/wp-json\/wp\/v2\/media?parent=49094"}],"wp:term":[{"taxonomy":"product_brand","embeddable":true,"href":"https:\/\/ulpmat.com\/it\/wp-json\/wp\/v2\/product_brand?post=49094"},{"taxonomy":"product_cat","embeddable":true,"href":"https:\/\/ulpmat.com\/it\/wp-json\/wp\/v2\/product_cat?post=49094"},{"taxonomy":"product_tag","embeddable":true,"href":"https:\/\/ulpmat.com\/it\/wp-json\/wp\/v2\/product_tag?post=49094"}],"curies":[{"name":"wp","href":"https:\/\/api.w.org\/{rel}","templated":true}]}}