{"id":48988,"date":"2026-01-13T10:39:27","date_gmt":"2026-01-13T02:39:27","guid":{"rendered":"https:\/\/ulpmat.com\/product\/ossido-di-boro-2\/"},"modified":"2026-01-13T10:39:27","modified_gmt":"2026-01-13T02:39:27","slug":"ossido-di-boro-2","status":"publish","type":"product","link":"https:\/\/ulpmat.com\/it\/prodotto\/ossido-di-boro-2\/","title":{"rendered":"Ossido di boro"},"content":{"rendered":"<h2><span style=\"font-size: 14pt;\">Panoramica sulla polvere di ossido di boro<\/span><\/h2>\n<p>La polvere<br \/>\n<span style=\"color: #0000ff;\"><a style=\"color: #0000ff;\" href=\"https:\/\/ulpmat.com\/it\/ricerca\/?type=name&#038;keyword=Boron+oxide\">di ossido di boro<\/a><\/span><br \/>\n\u00e8 un importante materiale inorganico a base di ossido di boro con eccellenti propriet\u00e0 vetrificanti e stabilit\u00e0 chimica. Questo prodotto \u00e8 ampiamente utilizzato nella produzione di vetro, ceramica, materiali elettronici e nella ricerca chimica inorganica.<\/p>\n<p>Siamo in grado di fornire in modo stabile polvere di ossido di boro con diversi gradi di purezza e specifiche di confezionamento per soddisfare le esigenze sperimentali e produttive. <span style=\"color: #0000ff;\"><a style=\"color: #0000ff;\" href=\"https:\/\/ulpmat.com\/it\/contatto\/\">Contattateci<\/a><\/span><br \/>\nper informazioni dettagliate.<\/p>\n<h2><span style=\"font-size: 14pt;\">Caratteristiche principali del prodotto<\/span><\/h2>\n<p>Contenuto di boro stabile<br \/>\nBuona reattivit\u00e0<br \/>\nFacile da utilizzare in sistemi fusi<br \/>\nAdatto a processi ad alta temperatura<br \/>\nRigoroso controllo delle impurit\u00e0<br \/>\nFornitura stabile di lotti<\/p>\n<h2><span style=\"font-size: 14pt;\">Applicazioni della polvere di ossido di boro<\/span><\/h2>\n<p>Formulazioni di vetro e smalti: comunemente utilizzata nei sistemi di vetro e smalti per abbassare la temperatura di fusione e migliorare la trasparenza e la stabilit\u00e0 chimica del materiale.<br \/>\nMateriali ceramici funzionali: nella preparazione di materiali ceramici, pu\u00f2 essere utilizzato come fondente o modificatore di struttura per migliorare le prestazioni di sinterizzazione e la densit\u00e0.<br \/>\nMateriali elettronici e di imballaggio: questo materiale pu\u00f2 essere utilizzato negli imballaggi elettronici e nei materiali inorganici correlati per ottimizzare le propriet\u00e0 termiche e dielettriche.<br \/>\nChimica inorganica e ricerca sui materiali: adatto alla ricerca sulle reazioni chimiche di base e allo studio della sintesi di nuovi materiali a base di boro.<\/p>\n<h2><span style=\"color: #0000ff;\"><a style=\"color: #0000ff;\" href=\"https:\/\/ulpmat.com\/it\/azienda\/domande-frequenti\/\"><span style=\"font-size: 14pt;\">Domande frequenti<\/span><\/a><\/span><\/h2>\n<p>D1: La polvere di ossido di boro \u00e8 igroscopica?<br \/>\nR1: Ha una certa igroscopicit\u00e0. Si consiglia di conservarla in un contenitore sigillato e di utilizzarla in un ambiente asciutto.<\/p>\n<p>D2: L&#8217;ossido di boro \u00e8 stabile alle alte temperature?<br \/>\nA2: In condizioni di lavorazione ad alta temperatura comuni, questo materiale ha una buona stabilit\u00e0 termica.<\/p>\n<p>D3: In quali settori viene utilizzato principalmente l&#8217;ossido di boro?<br \/>\nA3: Viene utilizzato principalmente nel vetro, nella ceramica, nei materiali elettronici e nella ricerca scientifica.<\/p>\n<p>D4: Supportate acquisti di piccoli lotti?<br \/>\nA4: S\u00ec, lo supportiamo e possiamo fornire varie specifiche di imballaggio in base alle esigenze del cliente.<\/p>\n<h2><span style=\"font-size: 14pt;\">Rapporti<\/span><\/h2>\n<p>Ogni lotto viene fornito con:<br \/>\n<span style=\"color: #0000ff;\"><a style=\"color: #0000ff;\" href=\"https:\/\/ulpmat.com\/it\/documenti\/certificato-di-analisi\/\"><u>Certificato di analisi (COA)<\/u><\/a><\/span><\/p>\n<p><span style=\"color: #0000ff;\"><a style=\"color: #0000ff;\" href=\"https:\/\/ulpmat.com\/it\/documenti\/scheda-tecnica\/\"><u>Scheda tecnica (TDS)<\/u><\/a><\/span><\/p>\n<p><span style=\"color: #0000ff;\"><a style=\"color: #0000ff;\" href=\"https:\/\/ulpmat.com\/it\/documenti\/scheda-di-sicurezza\/\"><u>Scheda di sicurezza (MSDS)<\/u><\/a><\/span><br \/>\nRapporti di test di terze parti disponibili su richiesta<\/p>\n<h2><span style=\"font-size: 14pt;\">Perch\u00e9 scegliere noi?<\/span><\/h2>\n<p>Ci concentriamo sulla fornitura stabile e sulla gestione della qualit\u00e0 dei materiali inossidabili, fornendo un supporto affidabile ai clienti in termini di uniformit\u00e0 dei prodotti, efficienza delle consegne e comunicazione tecnica, adatto per una cooperazione a lungo termine e per esigenze di approvvigionamento continuo.<\/p>\n","protected":false},"excerpt":{"rendered":"<p>Panoramica sulla polvere di ossido di boro La polvere di ossido di boro \u00e8 un importante materiale inorganico a base di ossido di boro con eccellenti propriet\u00e0 vetrificanti e stabilit\u00e0 chimica. Questo prodotto \u00e8 ampiamente utilizzato nella produzione di vetro, ceramica, materiali elettronici e nella ricerca chimica inorganica. Siamo in grado di fornire in modo [&hellip;]<\/p>\n","protected":false},"featured_media":48989,"template":"","meta":{"_acf_changed":false},"product_brand":[132],"product_cat":[436],"product_tag":[7174],"class_list":{"0":"post-48988","1":"product","2":"type-product","3":"status-publish","4":"has-post-thumbnail","6":"product_brand-ulpmat","7":"product_cat-ossidi","8":"product_tag-ossido-di-boro-in-polvere","10":"first","11":"instock","12":"shipping-taxable","13":"product-type-variable"},"acf":[],"_links":{"self":[{"href":"https:\/\/ulpmat.com\/it\/wp-json\/wp\/v2\/product\/48988","targetHints":{"allow":["GET"]}}],"collection":[{"href":"https:\/\/ulpmat.com\/it\/wp-json\/wp\/v2\/product"}],"about":[{"href":"https:\/\/ulpmat.com\/it\/wp-json\/wp\/v2\/types\/product"}],"wp:featuredmedia":[{"embeddable":true,"href":"https:\/\/ulpmat.com\/it\/wp-json\/wp\/v2\/media\/48989"}],"wp:attachment":[{"href":"https:\/\/ulpmat.com\/it\/wp-json\/wp\/v2\/media?parent=48988"}],"wp:term":[{"taxonomy":"product_brand","embeddable":true,"href":"https:\/\/ulpmat.com\/it\/wp-json\/wp\/v2\/product_brand?post=48988"},{"taxonomy":"product_cat","embeddable":true,"href":"https:\/\/ulpmat.com\/it\/wp-json\/wp\/v2\/product_cat?post=48988"},{"taxonomy":"product_tag","embeddable":true,"href":"https:\/\/ulpmat.com\/it\/wp-json\/wp\/v2\/product_tag?post=48988"}],"curies":[{"name":"wp","href":"https:\/\/api.w.org\/{rel}","templated":true}]}}