{"id":48664,"date":"2026-01-15T13:55:02","date_gmt":"2026-01-15T05:55:02","guid":{"rendered":"https:\/\/ulpmat.com\/product\/magnesio-metallico-2\/"},"modified":"2026-01-15T13:55:02","modified_gmt":"2026-01-15T05:55:02","slug":"magnesio-metallico-2","status":"publish","type":"product","link":"https:\/\/ulpmat.com\/it\/prodotto\/magnesio-metallico-2\/","title":{"rendered":"Magnesio metallico"},"content":{"rendered":"<h2><span style=\"font-size: 14pt;\">Panoramica sul foglio di magnesio<\/span><\/h2>\n<p><span style=\"color: #0000ff;\"><a style=\"color: #0000ff;\" href=\"https:\/\/ulpmat.com\/it\/ricerca\/?type=name&#038;keyword=Magnesium+metal\"><\/a><\/span><\/p>\n<h2><span style=\"font-size: 14pt;\">metallico<\/span><\/h2>\n<p>Il foglio<br \/>\n<span style=\"color: #0000ff;\"><a style=\"color: #0000ff;\" href=\"https:\/\/ulpmat.com\/it\/ricerca\/?type=name&#038;keyword=Magnesium+metal\">di magnesio metallico<\/a><\/span><br \/>\n\u00e8 un materiale metallico leggero lavorato in forma ultrasottile, che possiede sia una buona duttilit\u00e0 che un&#8217;elevata resistenza specifica. Viene utilizzato principalmente nella ricerca sui nuovi materiali, negli strati strutturali funzionali, nella lavorazione sperimentale e nelle applicazioni sensibili al peso.<\/p>\n<p>Offriamo fogli di magnesio metallico in vari spessori, larghezze e finiture superficiali, supportando tutto, dai piccoli lotti alla fornitura stabile. <span style=\"color: #0000ff;\"><a style=\"color: #0000ff;\" href=\"https:\/\/ulpmat.com\/it\/contatto\/\">Contattateci<\/a><\/span><br \/>\ndirettamente per i parametri e i prezzi.<\/p>\n<h2><span style=\"font-size: 14pt;\">Caratteristiche principali del prodotto<\/span><\/h2>\n<p>Foglio di magnesio metallico ultrasottile<br \/>\nSpessore uniforme, superficie liscia<br \/>\nPurezza selezionabile, controllo delle impurit\u00e0<br \/>\nFacile da tagliare, adatto alla lavorazione di precisione<br \/>\nAdatto alla ricerca e alle applicazioni di strati funzionali<br \/>\nSpecifiche personalizzabili disponibili su richiesta<\/p>\n<h2><span style=\"font-size: 14pt;\">Applicazioni del foglio di magnesio metallico<\/span><\/h2>\n<p>Ricerca su nuovi materiali e processi: comunemente utilizzato nelle universit\u00e0 e negli istituti di ricerca per testare le prestazioni dei materiali, studiare le reazioni superficiali ed esplorare strutture leggere.<br \/>\nStrati funzionali e materiali strutturali sottili: Nelle strutture multistrato, pu\u00f2 essere utilizzato come strato funzionale o strato sacrificale per soddisfare i requisiti di controllo rigoroso dello spessore e del peso.<br \/>\nLavorazione e formatura in laboratorio: la lamina di magnesio \u00e8 facile da tagliare, impilare e formare, adatta per la lavorazione di piccole dimensioni e gli esperimenti di verifica in ambiente di laboratorio.<br \/>\nEsplorazione di applicazioni leggere: nella progettazione di componenti sensibili alla qualit\u00e0, la lamina di magnesio pu\u00f2 essere utilizzata per verificare la fattibilit\u00e0 di soluzioni leggere.<\/p>\n<h2><span style=\"color: #0000ff; font-size: 14pt;\"><a style=\"color: #0000ff;\" href=\"https:\/\/ulpmat.com\/it\/azienda\/domande-frequenti\/\">Domande frequenti<\/a><\/span><\/h2>\n<p>D1: Qual \u00e8 la gamma di spessori comuni della lamina di magnesio?<br \/>\nR1: Sono disponibili diversi spessori comuni; la gamma specifica pu\u00f2 essere confermata in base alle esigenze effettive.<\/p>\n<p>D2: La lamina di magnesio si rompe facilmente?<br \/>\nR2: A uno spessore ragionevole, la lamina di magnesio ha un certo grado di duttilit\u00e0, ma \u00e8 comunque consigliabile evitare un&#8217;eccessiva tensione o flessione.<\/p>\n<p>D3: La lamina di magnesio si ossida all&#8217;aria?<br \/>\nR3: Il magnesio \u00e8 un metallo attivo e sulla sua superficie pu\u00f2 formarsi uno strato di ossido. Questo fenomeno viene solitamente controllato attraverso l&#8217;imballaggio e l&#8217;ambiente di utilizzo.<\/p>\n<p>D4: La lamina di magnesio \u00e8 adatta alla produzione industriale di massa?<br \/>\nR4: \u00c8 comunemente utilizzata nella ricerca e in applicazioni su piccoli lotti. La fattibilit\u00e0 industriale specifica deve essere valutata in combinazione con le specifiche di processo.<\/p>\n<h2><span style=\"font-size: 14pt;\">Rapporto<\/span><\/h2>\n<p>Ogni lotto viene fornito con:<br \/>\n<span style=\"color: #0000ff;\"><a style=\"color: #0000ff;\" href=\"https:\/\/ulpmat.com\/it\/documenti\/certificato-di-analisi\/\"><u>Certificato di analisi (COA)<\/u><\/a><\/span><\/p>\n<p><span style=\"color: #0000ff;\"><a style=\"color: #0000ff;\" href=\"https:\/\/ulpmat.com\/it\/documenti\/scheda-tecnica\/\"><u>Scheda tecnica (TDS)<\/u><\/a><\/span><\/p>\n<p><span style=\"color: #0000ff;\"><a style=\"color: #0000ff;\" href=\"https:\/\/ulpmat.com\/it\/documenti\/scheda-di-sicurezza\/\"><u>Scheda di sicurezza (MSDS)<\/u><\/a><\/span><br \/>\nRapporto di controllo delle dimensioni<br \/>\nRapporti di test di terze parti disponibili su richiesta<\/p>\n<h2><span style=\"font-size: 14pt;\">Perch\u00e9 scegliere noi?<\/span><\/h2>\n<p>Abbiamo una vasta esperienza nella fornitura di lamiere e metalli speciali, concentrandoci su specifiche accurate e consegne affidabili. Forniamo ai clienti parametri chiari, comunicazioni rapide e supporto continuo alla fornitura per aiutare i progetti a procedere senza intoppi.<\/p>\n","protected":false},"excerpt":{"rendered":"<p>Panoramica sul foglio di magnesio metallico Il foglio di magnesio metallico \u00e8 un materiale metallico leggero lavorato in forma ultrasottile, che possiede sia una buona duttilit\u00e0 che un&#8217;elevata resistenza specifica. Viene utilizzato principalmente nella ricerca sui nuovi materiali, negli strati strutturali funzionali, nella lavorazione sperimentale e nelle applicazioni sensibili al peso. Offriamo fogli di magnesio [&hellip;]<\/p>\n","protected":false},"featured_media":48665,"template":"","meta":{"_acf_changed":false},"product_brand":[132],"product_cat":[400],"product_tag":[7084],"class_list":{"0":"post-48664","1":"product","2":"type-product","3":"status-publish","4":"has-post-thumbnail","6":"product_brand-ulpmat","7":"product_cat-altri-materiali","8":"product_tag-foglio-di-magnesio-metallico","10":"first","11":"instock","12":"shipping-taxable","13":"product-type-variable"},"acf":[],"_links":{"self":[{"href":"https:\/\/ulpmat.com\/it\/wp-json\/wp\/v2\/product\/48664","targetHints":{"allow":["GET"]}}],"collection":[{"href":"https:\/\/ulpmat.com\/it\/wp-json\/wp\/v2\/product"}],"about":[{"href":"https:\/\/ulpmat.com\/it\/wp-json\/wp\/v2\/types\/product"}],"wp:featuredmedia":[{"embeddable":true,"href":"https:\/\/ulpmat.com\/it\/wp-json\/wp\/v2\/media\/48665"}],"wp:attachment":[{"href":"https:\/\/ulpmat.com\/it\/wp-json\/wp\/v2\/media?parent=48664"}],"wp:term":[{"taxonomy":"product_brand","embeddable":true,"href":"https:\/\/ulpmat.com\/it\/wp-json\/wp\/v2\/product_brand?post=48664"},{"taxonomy":"product_cat","embeddable":true,"href":"https:\/\/ulpmat.com\/it\/wp-json\/wp\/v2\/product_cat?post=48664"},{"taxonomy":"product_tag","embeddable":true,"href":"https:\/\/ulpmat.com\/it\/wp-json\/wp\/v2\/product_tag?post=48664"}],"curies":[{"name":"wp","href":"https:\/\/api.w.org\/{rel}","templated":true}]}}