{"id":48520,"date":"2026-01-15T13:55:05","date_gmt":"2026-01-15T05:55:05","guid":{"rendered":"https:\/\/ulpmat.com\/product\/ortosilicato-di-magnesio-2\/"},"modified":"2026-01-15T13:55:05","modified_gmt":"2026-01-15T05:55:05","slug":"ortosilicato-di-magnesio-2","status":"publish","type":"product","link":"https:\/\/ulpmat.com\/it\/prodotto\/ortosilicato-di-magnesio-2\/","title":{"rendered":"Ortosilicato di magnesio"},"content":{"rendered":"<h2><span style=\"font-size: 14pt;\">Panoramica sulla polvere di ortosilicato di magnesio<\/span><\/h2>\n<p>La polvere<br \/>\n<span style=\"color: #0000ff;\"><a style=\"color: #0000ff;\" href=\"https:\/\/ulpmat.com\/it\/ricerca\/?type=name&#038;keyword=Magnesium+silicate\">di ortosilicato di magnesio<\/a><\/span><br \/>\n\u00e8 un materiale silicato inorganico con struttura olivina, che presenta un&#8217;eccellente stabilit\u00e0 termica e inerzia chimica. Questo materiale \u00e8 comunemente utilizzato in sistemi refrattari ad alta temperatura, matrici ceramiche, riempitivi funzionali e formulazioni chimiche speciali.<\/p>\n<p>Siamo in grado di fornire polvere di Mg2SiO4 con dimensioni delle particelle e purezza controllate per soddisfare i requisiti di processo. <span style=\"color: #0000ff;\"><a style=\"color: #0000ff;\" href=\"https:\/\/ulpmat.com\/it\/contatto\/\">Contattateci<\/a><\/span><br \/>\ndirettamente per <span style=\"color: #0000ff;\"><a style=\"color: #0000ff;\" href=\"https:\/\/ulpmat.com\/it\/servizio\/assistenza-tecnica\/\">assistenza tecnica<\/a><\/span><br \/>\ne preventivi.<\/p>\n<h2><span style=\"font-size: 14pt;\">Caratteristiche principali del prodotto<\/span><\/h2>\n<p>Struttura cristallina stabile di tipo olivina<br \/>\nPrestazioni stabili in condizioni di alta temperatura<br \/>\nChimicamente inerte e non reattivo<br \/>\nDistribuzione delle dimensioni delle particelle controllabile e buona uniformit\u00e0 dei lotti<br \/>\nAdatto a varie formulazioni di sistemi inorganici<br \/>\nSpecifiche personalizzate e assistenza tecnica disponibili<\/p>\n<h2><span style=\"font-size: 14pt;\">Applicazioni della polvere di ortosilicato di magnesio<\/span><\/h2>\n<p>Materiali refrattari e resistenti alle alte temperature: pu\u00f2 essere utilizzata come componente funzionale nei prodotti refrattari, mantenendo la stabilit\u00e0 strutturale alle alte temperature e contribuendo a migliorare la stabilit\u00e0 termica complessiva del materiale.<br \/>\nMateriali ceramici avanzati: nella ceramica strutturale e funzionale, questa polvere pu\u00f2 essere utilizzata come matrice o fase ausiliaria per migliorare il comportamento di sinterizzazione e l&#8217;uniformit\u00e0 della microstruttura.<br \/>\nFiller e vettori chimici: grazie alla sua stabilit\u00e0 chimica, \u00e8 adatto all&#8217;uso in vari sistemi chimici come filler inerte o vettore di reazione.<br \/>\nRicerca scientifica e studi sperimentali: questo materiale \u00e8 comunemente utilizzato nella scienza dei materiali, nella simulazione geologica e negli esperimenti relativi alle reazioni ad alta temperatura, ed \u00e8 adatto sia per applicazioni di laboratorio che su scala pilota.<\/p>\n<h2><span style=\"font-size: 14pt; color: #0000ff;\"><a style=\"color: #0000ff;\" href=\"https:\/\/ulpmat.com\/it\/azienda\/domande-frequenti\/\">Domande frequenti<\/a><\/span><\/h2>\n<p>D1: La polvere di ortosilicato di magnesio si decompone facilmente alle alte temperature?<br \/>\nA1: Entro i comuni intervalli di temperatura industriali e sperimentali, Mg\u2082SiO\u2084 ha una struttura stabile e non \u00e8 soggetto a decomposizione o transizione di fase.<\/p>\n<p>D2: La dimensione delle particelle della polvere pu\u00f2 essere regolata in base allo scenario di applicazione?<br \/>\nA2: S\u00ec, supportiamo pi\u00f9 intervalli di dimensioni delle particelle e possiamo effettuare regolazioni mirate in base alle applicazioni specifiche.<\/p>\n<p>D3: Questo materiale \u00e8 adatto per lo stoccaggio a lungo termine?<br \/>\nR3: In condizioni di asciutto e sigillato, la polvere di Mg2SiO4 ha una buona stabilit\u00e0 di stoccaggio.<\/p>\n<p>D4: \u00c8 adatto per la miscelazione con altri materiali ossidici?<br \/>\nR4: S\u00ec, la polvere di Mg2SiO4 ha una buona compatibilit\u00e0 con molti sistemi di ossidi inorganici.<\/p>\n<h2><span style=\"font-size: 14pt;\">Rapporto<\/span><\/h2>\n<p>Ogni lotto viene fornito con:<br \/>\n<span style=\"color: #0000ff;\"><a style=\"color: #0000ff;\" href=\"https:\/\/ulpmat.com\/it\/documenti\/certificato-di-analisi\/\"><u>Certificato di analisi (COA)<\/u><\/a><\/span><\/p>\n<p><span style=\"color: #0000ff;\"><a style=\"color: #0000ff;\" href=\"https:\/\/ulpmat.com\/it\/documenti\/scheda-tecnica\/\"><u>Scheda tecnica (TDS)<\/u><\/a><\/span><\/p>\n<p><span style=\"color: #0000ff;\"><a style=\"color: #0000ff;\" href=\"https:\/\/ulpmat.com\/it\/documenti\/scheda-di-sicurezza\/\"><u>Scheda di sicurezza (MSDS)<\/u><\/a><\/span><br \/>\nRapporti di test di terze parti disponibili su richiesta<\/p>\n<h2><span style=\"font-size: 14pt;\">Perch\u00e9 scegliere noi?<\/span><\/h2>\n<p>Ci concentriamo su una fornitura stabile e sul supporto applicativo per le polveri di materiali inorganici, ponendo l&#8217;accento sulla coerenza dei prodotti e su una comunicazione tecnica efficiente. Siamo in grado di rispondere rapidamente alle richieste e aiutare i clienti ad abbreviare i cicli di selezione e convalida.<\/p>\n","protected":false},"excerpt":{"rendered":"<p>Panoramica sulla polvere di ortosilicato di magnesio La polvere di ortosilicato di magnesio \u00e8 un materiale silicato inorganico con struttura olivina, che presenta un&#8217;eccellente stabilit\u00e0 termica e inerzia chimica. Questo materiale \u00e8 comunemente utilizzato in sistemi refrattari ad alta temperatura, matrici ceramiche, riempitivi funzionali e formulazioni chimiche speciali. Siamo in grado di fornire polvere di [&hellip;]<\/p>\n","protected":false},"featured_media":48521,"template":"","meta":{"_acf_changed":false},"product_brand":[132],"product_cat":[1186],"product_tag":[7042],"class_list":{"0":"post-48520","1":"product","2":"type-product","3":"status-publish","4":"has-post-thumbnail","6":"product_brand-ulpmat","7":"product_cat-altri-acidi","8":"product_tag-ortosilicato-di-magnesio-in-polvere","10":"first","11":"instock","12":"shipping-taxable","13":"product-type-variable"},"acf":[],"_links":{"self":[{"href":"https:\/\/ulpmat.com\/it\/wp-json\/wp\/v2\/product\/48520","targetHints":{"allow":["GET"]}}],"collection":[{"href":"https:\/\/ulpmat.com\/it\/wp-json\/wp\/v2\/product"}],"about":[{"href":"https:\/\/ulpmat.com\/it\/wp-json\/wp\/v2\/types\/product"}],"wp:featuredmedia":[{"embeddable":true,"href":"https:\/\/ulpmat.com\/it\/wp-json\/wp\/v2\/media\/48521"}],"wp:attachment":[{"href":"https:\/\/ulpmat.com\/it\/wp-json\/wp\/v2\/media?parent=48520"}],"wp:term":[{"taxonomy":"product_brand","embeddable":true,"href":"https:\/\/ulpmat.com\/it\/wp-json\/wp\/v2\/product_brand?post=48520"},{"taxonomy":"product_cat","embeddable":true,"href":"https:\/\/ulpmat.com\/it\/wp-json\/wp\/v2\/product_cat?post=48520"},{"taxonomy":"product_tag","embeddable":true,"href":"https:\/\/ulpmat.com\/it\/wp-json\/wp\/v2\/product_tag?post=48520"}],"curies":[{"name":"wp","href":"https:\/\/api.w.org\/{rel}","templated":true}]}}