{"id":48458,"date":"2026-01-15T13:55:06","date_gmt":"2026-01-15T05:55:06","guid":{"rendered":"https:\/\/ulpmat.com\/product\/magnesio-bismuto-2\/"},"modified":"2026-01-15T13:55:06","modified_gmt":"2026-01-15T05:55:06","slug":"magnesio-bismuto-2","status":"publish","type":"product","link":"https:\/\/ulpmat.com\/it\/prodotto\/magnesio-bismuto-2\/","title":{"rendered":"Magnesio Bismuto"},"content":{"rendered":"<h2><span style=\"font-size: 14pt;\">Panoramica della polvere di magnesio e bismuto<\/span><\/h2>\n<p>La polvere<br \/>\n<span style=\"color: #0000ff;\"><a style=\"color: #0000ff;\" href=\"https:\/\/ulpmat.com\/it\/ricerca\/?type=name&#038;keyword=Magnesium+Bismuth\">di magnesio e bismuto<\/a><\/span><br \/>\n\u00e8 un materiale composto intermetallico formato da magnesio e bismuto, che possiede eccellenti propriet\u00e0 elettriche e termiche. Questo materiale \u00e8 comunemente utilizzato nella ricerca sui materiali funzionali, nei sistemi termoelettrici e nello sviluppo sperimentale di materiali elettronici.<\/p>\n<p>Siamo in grado di fornire polveri di composti di magnesio e bismuto con diversi livelli di purezza e controllo delle dimensioni delle particelle per soddisfare esigenze applicative specifiche, supportando la collaborazione tecnica e <span style=\"color: #0000ff;\"><a style=\"color: #0000ff;\" href=\"https:\/\/ulpmat.com\/it\/contatto\/\">richieste<\/a><\/span><br \/>\ndi preventivi rapide.<\/p>\n<h2><span style=\"font-size: 14pt;\">Caratteristiche principali del prodotto<\/span><\/h2>\n<p>Struttura intermetallica stabile<br \/>\nRigoroso controllo della purezza, uniformit\u00e0 tra i lotti<br \/>\nDistribuzione granulometrica regolabile<br \/>\nFacile da disperdere e lavorare<br \/>\nAdatto per applicazioni di ricerca e su scala pilota<br \/>\nSupporto per requisiti di parametri personalizzati<\/p>\n<h2><span style=\"font-size: 14pt;\">Applicazioni della polvere di magnesio e bismuto<\/span><\/h2>\n<p>Ricerca sui materiali termoelettrici: pu\u00f2 essere utilizzata per la ricerca sulle prestazioni termoelettriche, adatta per la preparazione di campioni sperimentali o come materiale di fase funzionale.<br \/>\nSviluppo di materiali funzionali elettronici: nei materiali elettronici, questa polvere pu\u00f2 fungere da materia prima di base per l&#8217;esplorazione di nuovi sistemi di materiali funzionali.<br \/>\nEsperimenti di sintesi e modifica dei materiali: pu\u00f2 essere utilizzata come precursore di sintesi o componente di materiali compositi, adatta per vari studi sui processi allo stato solido o di sinterizzazione.<br \/>\nApplicazioni nella ricerca scientifica e nei laboratori universitari: comunemente utilizzato nella ricerca nel campo della scienza dei materiali, della fisica e della chimica, soddisfa le esigenze di esperimenti multiparametrici su piccoli lotti.<\/p>\n<h2><span style=\"font-size: 14pt; color: #0000ff;\"><a style=\"color: #0000ff;\" href=\"https:\/\/ulpmat.com\/it\/azienda\/domande-frequenti\/\">Domande frequenti<\/a><\/span><\/h2>\n<p>D1: La polvere di composto di magnesio e bismuto \u00e8 adatta per la conservazione a lungo termine?<br \/>\nR1: Se conservato in condizioni asciutte e sigillate, le propriet\u00e0 del materiale sono stabili e adatte per la conservazione a medio-lungo termine.<\/p>\n<p>D2: La dimensione delle particelle di polvere influir\u00e0 sui risultati sperimentali?<br \/>\nA2: La dimensione delle particelle influisce su processi quali la sinterizzazione e la velocit\u00e0 di reazione. \u00c8 possibile effettuare una selezione o una personalizzazione in base agli obiettivi sperimentali.<\/p>\n<p>D3: \u00c8 possibile fornire campioni in piccoli lotti?<br \/>\nA3: \u00c8 disponibile la fornitura di campioni per facilitare i test preliminari e la verifica del processo.<\/p>\n<p>D4: Questo materiale \u00e8 adatto alla miscelazione con altre polveri metalliche?<br \/>\nA4: In condizioni di processo appropriate, pu\u00f2 essere utilizzato in combinazione con varie polveri metalliche o composti.<\/p>\n<h2><span style=\"font-size: 14pt;\">Rapporto<\/span><\/h2>\n<p>Ogni lotto viene fornito con:<br \/>\n<span style=\"color: #0000ff;\"><a style=\"color: #0000ff;\" href=\"https:\/\/ulpmat.com\/it\/documenti\/certificato-di-analisi\/\"><u>Certificato di analisi (COA)<\/u><\/a><\/span><\/p>\n<p><span style=\"color: #0000ff;\"><a style=\"color: #0000ff;\" href=\"https:\/\/ulpmat.com\/it\/documenti\/scheda-tecnica\/\"><u>Scheda tecnica (TDS)<\/u><\/a><\/span><\/p>\n<p><span style=\"color: #0000ff;\"><a style=\"color: #0000ff;\" href=\"https:\/\/ulpmat.com\/it\/documenti\/scheda-di-sicurezza\/\"><u>Scheda di sicurezza (MSDS)<\/u><\/a><\/span><br \/>\nRapporti di test di terze parti disponibili su richiesta<\/p>\n<h2><span style=\"font-size: 14pt;\">Perch\u00e9 scegliere noi?<\/span><\/h2>\n<p>Ci concentriamo sulla fornitura stabile e sul supporto tecnico di polveri di materiali funzionali, ponendo l&#8217;accento sulla coerenza dei prodotti e sull&#8217;efficienza di risposta, consentendoci di aiutare i clienti a completare rapidamente la selezione dei materiali e la verifica sperimentale.<\/p>\n","protected":false},"excerpt":{"rendered":"<p>Panoramica della polvere di magnesio e bismuto La polvere di magnesio e bismuto \u00e8 un materiale composto intermetallico formato da magnesio e bismuto, che possiede eccellenti propriet\u00e0 elettriche e termiche. Questo materiale \u00e8 comunemente utilizzato nella ricerca sui materiali funzionali, nei sistemi termoelettrici e nello sviluppo sperimentale di materiali elettronici. Siamo in grado di fornire [&hellip;]<\/p>\n","protected":false},"featured_media":48459,"template":"","meta":{"_acf_changed":false},"product_brand":[132],"product_cat":[1192],"product_tag":[7024],"class_list":{"0":"post-48458","1":"product","2":"type-product","3":"status-publish","4":"has-post-thumbnail","6":"product_brand-ulpmat","7":"product_cat-materiali-fosforici","8":"product_tag-magnesio-bismuto-in-polvere","10":"first","11":"instock","12":"shipping-taxable","13":"product-type-variable"},"acf":[],"_links":{"self":[{"href":"https:\/\/ulpmat.com\/it\/wp-json\/wp\/v2\/product\/48458","targetHints":{"allow":["GET"]}}],"collection":[{"href":"https:\/\/ulpmat.com\/it\/wp-json\/wp\/v2\/product"}],"about":[{"href":"https:\/\/ulpmat.com\/it\/wp-json\/wp\/v2\/types\/product"}],"wp:featuredmedia":[{"embeddable":true,"href":"https:\/\/ulpmat.com\/it\/wp-json\/wp\/v2\/media\/48459"}],"wp:attachment":[{"href":"https:\/\/ulpmat.com\/it\/wp-json\/wp\/v2\/media?parent=48458"}],"wp:term":[{"taxonomy":"product_brand","embeddable":true,"href":"https:\/\/ulpmat.com\/it\/wp-json\/wp\/v2\/product_brand?post=48458"},{"taxonomy":"product_cat","embeddable":true,"href":"https:\/\/ulpmat.com\/it\/wp-json\/wp\/v2\/product_cat?post=48458"},{"taxonomy":"product_tag","embeddable":true,"href":"https:\/\/ulpmat.com\/it\/wp-json\/wp\/v2\/product_tag?post=48458"}],"curies":[{"name":"wp","href":"https:\/\/api.w.org\/{rel}","templated":true}]}}