{"id":48422,"date":"2026-01-15T13:55:06","date_gmt":"2026-01-15T05:55:06","guid":{"rendered":"https:\/\/ulpmat.com\/product\/nitruro-di-magnesio\/"},"modified":"2026-01-15T13:55:06","modified_gmt":"2026-01-15T05:55:06","slug":"nitruro-di-magnesio","status":"publish","type":"product","link":"https:\/\/ulpmat.com\/it\/prodotto\/nitruro-di-magnesio\/","title":{"rendered":"Nitruro di magnesio"},"content":{"rendered":"<h2><span style=\"font-size: 14pt;\">Panoramica sulla polvere di nitruro di magnesio<\/span><\/h2>\n<p>La polvere<br \/>\n<span style=\"color: #0000ff;\"><a style=\"color: #0000ff;\" href=\"https:\/\/ulpmat.com\/it\/ricerca\/?type=name&#038;keyword=Magnesium+nitride\">di nitruro di magnesio<\/a><\/span><br \/>\n\u00e8 un tipico materiale nitruro metallico con elevata reattivit\u00e0 e composizione chimica ben definita. Questo materiale \u00e8 comunemente utilizzato nella sintesi inorganica, nei sistemi di reazione con fonte di azoto e nella ricerca e sviluppo di materiali funzionali correlati.<\/p>\n<p>Offriamo polveri di nitruro di magnesio con diversi livelli di purezza e controllo delle dimensioni delle particelle per soddisfare diverse esigenze sperimentali e di processo. <span style=\"color: #0000ff;\"><a style=\"color: #0000ff;\" href=\"https:\/\/ulpmat.com\/it\/contatto\/\">Contattateci<\/a><\/span><br \/>\ndirettamente per i parametri e i prezzi.<\/p>\n<h2><span style=\"font-size: 14pt;\">Caratteristiche principali del prodotto<\/span><\/h2>\n<p>Composizione ben definita del nitruro metallico<br \/>\nElevata reattivit\u00e0 ed efficiente fonte di azoto<br \/>\nPurezza controllabile e stabilit\u00e0 del lotto<br \/>\nPolvere uniforme per una facile pesatura<br \/>\nAdatto per applicazioni di ricerca e su scala pilota<br \/>\nSpecifiche personalizzate supportate<\/p>\n<h2><span style=\"font-size: 14pt;\">Applicazioni della polvere di nitruro di magnesio<\/span><\/h2>\n<p>Sintesi inorganica e reazioni di nitrificazione: spesso utilizzato come fonte di azoto nella sintesi di composti inorganici, applicabile a vari sistemi di reazione in fase solida o ad alta temperatura.<br \/>\nPrecursori di materiali funzionali: pu\u00f2 essere utilizzato come materiale precursore nella preparazione di nuovi materiali funzionali per regolare la composizione e le propriet\u00e0 del prodotto finale.<br \/>\nModifica dei materiali e ricerca sui compositi: adatto alla ricerca sulla modifica della superficie dei materiali o sui sistemi compositi, aiuta a esplorare i cambiamenti strutturali in diverse condizioni di formulazione.<br \/>\nRicerca scientifica ed esperimenti didattici: ampiamente utilizzato negli esperimenti di chimica dei materiali nelle universit\u00e0 e negli istituti di ricerca, adatto per la verifica di piccoli lotti e multiparametri.<\/p>\n<h2><span style=\"font-size: 14pt; color: #0000ff;\"><a style=\"color: #0000ff;\" href=\"https:\/\/ulpmat.com\/it\/azienda\/domande-frequenti\/\">Domande frequenti<\/a><\/span><\/h2>\n<p>D1: La polvere di nitruro di magnesio reagisce facilmente con l&#8217;aria?<br \/>\nR1: Questo materiale ha una certa reattivit\u00e0; si consiglia di conservarlo e maneggiarlo in condizioni asciutte e sigillate.<\/p>\n<p>D2: \u00c8 possibile regolare la dimensione delle particelle della polvere?<br \/>\nA2: S\u00ec, sono disponibili prodotti con diverse gamme di dimensioni delle particelle per soddisfare requisiti applicativi specifici.<\/p>\n<p>D3: \u00c8 adatto per la conservazione a lungo termine?<br \/>\nA3: Se conservato in condizioni di protezione dall&#8217;umidit\u00e0 e dall&#8217;aria, le propriet\u00e0 del materiale rimangono stabili.<\/p>\n<p>D4: Pu\u00f2 essere utilizzato per test di laboratorio su piccola scala?<br \/>\nA4: \u00c8 disponibile la fornitura di piccoli lotti, adatta per esperimenti preliminari e l&#8217;esplorazione dei processi.<\/p>\n<h2><span style=\"font-size: 14pt;\">Rapporto<\/span><\/h2>\n<p>Ogni lotto viene fornito con:<br \/>\n<span style=\"color: #0000ff;\"><a style=\"color: #0000ff;\" href=\"https:\/\/ulpmat.com\/it\/documenti\/certificato-di-analisi\/\"><u>Certificato di analisi (COA)<\/u><\/a><\/span><\/p>\n<p><span style=\"color: #0000ff;\"><a style=\"color: #0000ff;\" href=\"https:\/\/ulpmat.com\/it\/documenti\/scheda-tecnica\/\"><u>Scheda tecnica (TDS)<\/u><\/a><\/span><\/p>\n<p><span style=\"color: #0000ff;\"><a style=\"color: #0000ff;\" href=\"https:\/\/ulpmat.com\/it\/documenti\/scheda-di-sicurezza\/\"><u>Scheda di sicurezza (MSDS)<\/u><\/a><\/span><br \/>\nRapporti di test di terze parti disponibili su richiesta<\/p>\n<h2><span style=\"font-size: 14pt;\">Perch\u00e9 scegliere noi?<\/span><\/h2>\n<p>Siamo specializzati nella fornitura stabile e nel controllo di qualit\u00e0 di polveri di materiali funzionali inorganici, ponendo l&#8217;accento sulla coerenza dei parametri e sull&#8217;efficienza della comunicazione. Questo aiuta i clienti a completare rapidamente il processo di selezione e a far progredire gli esperimenti.<\/p>\n","protected":false},"excerpt":{"rendered":"<p>Panoramica sulla polvere di nitruro di magnesio La polvere di nitruro di magnesio \u00e8 un tipico materiale nitruro metallico con elevata reattivit\u00e0 e composizione chimica ben definita. Questo materiale \u00e8 comunemente utilizzato nella sintesi inorganica, nei sistemi di reazione con fonte di azoto e nella ricerca e sviluppo di materiali funzionali correlati. Offriamo polveri di [&hellip;]<\/p>\n","protected":false},"featured_media":48423,"template":"","meta":{"_acf_changed":false},"product_brand":[132],"product_cat":[714],"product_tag":[7012],"class_list":{"0":"post-48422","1":"product","2":"type-product","3":"status-publish","4":"has-post-thumbnail","6":"product_brand-ulpmat","7":"product_cat-materiali-refrattari","8":"product_tag-nitruro-di-magnesio-in-polvere","10":"first","11":"instock","12":"shipping-taxable","13":"product-type-variable"},"acf":[],"_links":{"self":[{"href":"https:\/\/ulpmat.com\/it\/wp-json\/wp\/v2\/product\/48422","targetHints":{"allow":["GET"]}}],"collection":[{"href":"https:\/\/ulpmat.com\/it\/wp-json\/wp\/v2\/product"}],"about":[{"href":"https:\/\/ulpmat.com\/it\/wp-json\/wp\/v2\/types\/product"}],"wp:featuredmedia":[{"embeddable":true,"href":"https:\/\/ulpmat.com\/it\/wp-json\/wp\/v2\/media\/48423"}],"wp:attachment":[{"href":"https:\/\/ulpmat.com\/it\/wp-json\/wp\/v2\/media?parent=48422"}],"wp:term":[{"taxonomy":"product_brand","embeddable":true,"href":"https:\/\/ulpmat.com\/it\/wp-json\/wp\/v2\/product_brand?post=48422"},{"taxonomy":"product_cat","embeddable":true,"href":"https:\/\/ulpmat.com\/it\/wp-json\/wp\/v2\/product_cat?post=48422"},{"taxonomy":"product_tag","embeddable":true,"href":"https:\/\/ulpmat.com\/it\/wp-json\/wp\/v2\/product_tag?post=48422"}],"curies":[{"name":"wp","href":"https:\/\/api.w.org\/{rel}","templated":true}]}}