{"id":48380,"date":"2026-01-15T13:55:07","date_gmt":"2026-01-15T05:55:07","guid":{"rendered":"https:\/\/ulpmat.com\/product\/alluminato-di-magnesio\/"},"modified":"2026-01-15T13:55:07","modified_gmt":"2026-01-15T05:55:07","slug":"alluminato-di-magnesio","status":"publish","type":"product","link":"https:\/\/ulpmat.com\/it\/prodotto\/alluminato-di-magnesio\/","title":{"rendered":"Alluminato di magnesio"},"content":{"rendered":"<h2><span style=\"font-size: 14pt;\">Target di sputtering in alluminato di magnesio Panoramica<\/span><\/h2>\n<p>I target di sputtering<br \/>\n<span style=\"color: #0000ff;\"><a style=\"color: #0000ff;\" href=\"https:\/\/ulpmat.com\/it\/ricerca\/?type=name&#038;keyword=Magnesium+Aluminate\">in alluminato di magnesio<\/a><\/span><br \/>\nsono target ceramici ad alta densit\u00e0 basati su una struttura spinello di alluminato di magnesio, adatti per processi di deposizione di film sottili stabili. Questi target sono comunemente utilizzati nella preparazione di film sottili ottici, rivestimenti isolanti e film relativi a materiali elettronici ad alta temperatura.<\/p>\n<p>Offriamo target di sputtering in spinello di magnesio-alluminato in varie dimensioni, spessori e controlli di densit\u00e0 e supportiamo soluzioni di incollaggio del backplane. <span style=\"color: #0000ff;\"><a style=\"color: #0000ff;\" href=\"https:\/\/ulpmat.com\/it\/contatto\/\">Contattateci<\/a><\/span><br \/>\ndirettamente per informazioni tecniche e sui prezzi.<\/p>\n<h2><span style=\"font-size: 14pt;\">Caratteristiche principali del prodotto<\/span><\/h2>\n<p>Struttura spinello stabile, eccellente uniformit\u00e0 di sputtering<br \/>\nElevata densit\u00e0 del target, basso rischio di distacco delle particelle<br \/>\nForte stabilit\u00e0 termica, adatto per sputtering a lungo termine<br \/>\nBuone propriet\u00e0 di isolamento elettrico, strato di film affidabile<br \/>\nSupporta l&#8217;incollaggio del backplane e la lavorazione integrale<br \/>\nCompatibile con vari requisiti delle apparecchiature di sputtering<\/p>\n<h2><span style=\"font-size: 14pt;\">Applicazioni dei target di sputtering in alluminato di magnesio<\/span><\/h2>\n<p>Deposizione di film sottili<br \/>\n<span style=\"color: #0000ff;\"><a style=\"color: #0000ff;\" href=\"https:\/\/ulpmat.com\/it\/applicazione\/materiali-ottici\/\">ottici<\/a><\/span><br \/>\ne funzionali: pu\u00f2 essere utilizzato per preparare film sottili ottici e funzionali uniformi e densi, soddisfacendo applicazioni con elevati requisiti di stabilit\u00e0 del film.<br \/>\nPreparazione di rivestimenti isolanti: adatto per la deposizione di film isolanti in dispositivi elettronici, contribuendo a migliorare la stabilit\u00e0 operativa dei dispositivi.<br \/>\nFilm di materiali elettronici ad alta temperatura: utilizzati in dispositivi elettronici o speciali ad alta temperatura, garantiscono la stabilit\u00e0 strutturale del film in condizioni termiche.<br \/>\nRicerca e convalida dei processi: adatto allo sviluppo di processi di sputtering in laboratorio e su scala pilota, facilita l&#8217;ottimizzazione dei parametri e la valutazione dei materiali.<\/p>\n<h2><span style=\"font-size: 14pt; color: #0000ff;\"><a style=\"color: #0000ff;\" href=\"https:\/\/ulpmat.com\/it\/azienda\/domande-frequenti\/\">Domande frequenti<\/a><\/span><\/h2>\n<p>D1: Il bersaglio di sputtering in spinello di magnesio-alluminio richiede una piastra di supporto?<br \/>\nA1: Per target di medie e grandi dimensioni o operazioni di sputtering a lungo termine, si consiglia generalmente di utilizzare una piastra di supporto in metallo per migliorare la dissipazione del calore e la stabilit\u00e0 operativa.<\/p>\n<p>D2: Quali sono alcuni dei materiali comunemente utilizzati per le piastre di supporto?<br \/>\nA2: \u00c8 possibile selezionare piastre di supporto in rame, alluminio e altri metalli in base alle esigenze dell&#8217;attrezzatura e del processo, ed \u00e8 possibile eseguire un trattamento di incollaggio affidabile.<\/p>\n<p>D3: L&#8217;incollaggio del target influisce sulle prestazioni di sputtering?<br \/>\nA3: Un processo di incollaggio adeguato pu\u00f2 migliorare la stabilit\u00e0 complessiva del bersaglio e non ha effetti negativi sull&#8217;uniformit\u00e0 della polverizzazione.<\/p>\n<p>Q4: Le dimensioni dei bersagli possono essere personalizzate in base alle specifiche delle apparecchiature?<br \/>\nA4: S\u00ec, supportiamo la personalizzazione di bersagli rotondi, quadrati e di altre dimensioni in base ai parametri delle apparecchiature del cliente.<\/p>\n<h2><span style=\"font-size: 14pt;\">Rapporto<\/span><\/h2>\n<p>Ogni lotto viene fornito con:<br \/>\n<span style=\"color: #0000ff;\"><a style=\"color: #0000ff;\" href=\"https:\/\/ulpmat.com\/it\/documenti\/certificato-di-analisi\/\"><u>Certificato di analisi (COA)<\/u><\/a><\/span><\/p>\n<p><span style=\"color: #0000ff;\"><a style=\"color: #0000ff;\" href=\"https:\/\/ulpmat.com\/it\/documenti\/scheda-tecnica\/\"><u>Scheda tecnica (TDS)<\/u><\/a><\/span><\/p>\n<p><span style=\"color: #0000ff;\"><a style=\"color: #0000ff;\" href=\"https:\/\/ulpmat.com\/it\/documenti\/scheda-di-sicurezza\/\"><u>Scheda di sicurezza (MSDS)<\/u><\/a><\/span><br \/>\nRapporto di ispezione delle dimensioni<br \/>\nRapporti di test di terze parti disponibili su richiesta<\/p>\n<h2><span style=\"font-size: 14pt;\">Perch\u00e9 scegliere noi?<\/span><\/h2>\n<p>Da tempo ci concentriamo sulla preparazione e sul controllo del processo di incollaggio dei target di sputtering ceramici, fornendo una qualit\u00e0 del prodotto stabile e affidabile e un supporto tecnico rapido per aiutare i clienti a completare in modo efficiente la preparazione di film sottili e l&#8217;abbinamento delle attrezzature.<\/p>\n","protected":false},"excerpt":{"rendered":"<p>Target di sputtering in alluminato di magnesio Panoramica I target di sputtering in alluminato di magnesio sono target ceramici ad alta densit\u00e0 basati su una struttura spinello di alluminato di magnesio, adatti per processi di deposizione di film sottili stabili. Questi target sono comunemente utilizzati nella preparazione di film sottili ottici, rivestimenti isolanti e film [&hellip;]<\/p>\n","protected":false},"featured_media":48381,"template":"","meta":{"_acf_changed":false},"product_brand":[132],"product_cat":[453],"product_tag":[7000],"class_list":{"0":"post-48380","1":"product","2":"type-product","3":"status-publish","4":"has-post-thumbnail","6":"product_brand-ulpmat","7":"product_cat-target-di-sputtering-in-ceramica","8":"product_tag-target-di-sputtering-in-alluminato-di-magnesio","10":"first","11":"instock","12":"shipping-taxable","13":"product-type-variable"},"acf":[],"_links":{"self":[{"href":"https:\/\/ulpmat.com\/it\/wp-json\/wp\/v2\/product\/48380","targetHints":{"allow":["GET"]}}],"collection":[{"href":"https:\/\/ulpmat.com\/it\/wp-json\/wp\/v2\/product"}],"about":[{"href":"https:\/\/ulpmat.com\/it\/wp-json\/wp\/v2\/types\/product"}],"wp:featuredmedia":[{"embeddable":true,"href":"https:\/\/ulpmat.com\/it\/wp-json\/wp\/v2\/media\/48381"}],"wp:attachment":[{"href":"https:\/\/ulpmat.com\/it\/wp-json\/wp\/v2\/media?parent=48380"}],"wp:term":[{"taxonomy":"product_brand","embeddable":true,"href":"https:\/\/ulpmat.com\/it\/wp-json\/wp\/v2\/product_brand?post=48380"},{"taxonomy":"product_cat","embeddable":true,"href":"https:\/\/ulpmat.com\/it\/wp-json\/wp\/v2\/product_cat?post=48380"},{"taxonomy":"product_tag","embeddable":true,"href":"https:\/\/ulpmat.com\/it\/wp-json\/wp\/v2\/product_tag?post=48380"}],"curies":[{"name":"wp","href":"https:\/\/api.w.org\/{rel}","templated":true}]}}