{"id":48332,"date":"2026-01-15T13:55:08","date_gmt":"2026-01-15T05:55:08","guid":{"rendered":"https:\/\/ulpmat.com\/product\/boruro-di-magnesio\/"},"modified":"2026-01-15T13:55:08","modified_gmt":"2026-01-15T05:55:08","slug":"boruro-di-magnesio","status":"publish","type":"product","link":"https:\/\/ulpmat.com\/it\/prodotto\/boruro-di-magnesio\/","title":{"rendered":"Boruro di magnesio"},"content":{"rendered":"<h2><span style=\"font-size: 14pt;\">Panoramica sui target di sputtering in boruro di magnesio<\/span><\/h2>\n<p>I target di sputtering<br \/>\n<span style=\"color: #0000ff;\"><a style=\"color: #0000ff;\" href=\"https:\/\/ulpmat.com\/it\/ricerca\/?type=name&#038;keyword=Magnesium+Boride\">in boruro di magnesio<\/a><\/span><br \/>\nsono target ceramici funzionali composti principalmente da boruro di magnesio, che presentano un&#8217;eccellente stabilit\u00e0 termica e affidabilit\u00e0 strutturale. Questi target sono adatti per la deposizione di film sottili in campi di ricerca quali film sottili funzionali, rivestimenti ad alta temperatura e materiali correlati.<\/p>\n<p>Offriamo target di sputtering in boruro di magnesio in varie dimensioni, spessori e densit\u00e0 controllate e supportiamo la lavorazione personalizzata e la consulenza tecnica. <span style=\"color: #0000ff;\"><a style=\"color: #0000ff;\" href=\"https:\/\/ulpmat.com\/it\/contatto\/\">Contattateci<\/a><\/span><br \/>\ndirettamente per un preventivo.<\/p>\n<h2><span style=\"font-size: 14pt;\">Caratteristiche principali del prodotto<\/span><\/h2>\n<p>Struttura stabile dei boruri metallici<br \/>\nElevata densit\u00e0 del bersaglio, processo di sputtering regolare<br \/>\nEccellente resistenza alle alte temperature<br \/>\nSuperficie liscia, buona consistenza del film<br \/>\nSupporta lavorazioni personalizzate con specifiche multiple<br \/>\nAdatto alla ricerca e alla produzione di piccoli lotti<\/p>\n<h2><span style=\"font-size: 14pt;\">Applicazioni dei bersagli per sputtering in boruro di magnesio<\/span><\/h2>\n<p>Deposizione di film sottili funzionali: pu\u00f2 essere utilizzato per preparare film sottili funzionali con composizione uniforme, soddisfacendo i requisiti di alta qualit\u00e0 e stabilit\u00e0 del film nelle applicazioni.<br \/>\nPreparazione di rivestimenti ad alta temperatura: utilizzati in rivestimenti ad alta temperatura o protettivi per migliorare la stabilit\u00e0 strutturale del film in condizioni termiche.<br \/>\nRicerca su materiali elettronici e funzionali: adatto alla ricerca su film sottili di materiali elettronici e materiali funzionali correlati, facilitando la regolazione dei parametri di processo e la valutazione delle prestazioni.<br \/>\nRicerca scientifica e convalida dei processi: supporta la convalida dei processi di sputtering in laboratorio e su scala pilota, facilitando la rapida implementazione di nuovi film sottili di materiali.<\/p>\n<h2><span style=\"font-size: 14pt; color: #0000ff;\"><a style=\"color: #0000ff;\" href=\"https:\/\/ulpmat.com\/it\/azienda\/domande-frequenti\/\">Domande frequenti<\/a><\/span><\/h2>\n<p>D1: Quale tipo di apparecchiatura di sputtering \u00e8 adatta per i target di sputtering al boruro di magnesio?<br \/>\nR1: Adatta per lo sputtering RF e le relative apparecchiature di sputtering magnetron, soddisfa le esigenze della ricerca scientifica e delle applicazioni industriali.<\/p>\n<p>D2: La densit\u00e0 del target influisce sulla qualit\u00e0 del film?<br \/>\nA2: L&#8217;alta densit\u00e0 aiuta a ridurre il rischio di distacco delle particelle e migliora l&#8217;uniformit\u00e0 e la stabilit\u00e0 del film.<\/p>\n<p>D3: Le dimensioni dei target possono essere personalizzate in base ai requisiti dell&#8217;apparecchiatura?<br \/>\nA3: S\u00ec, supportiamo la lavorazione personalizzata di specifiche rotonde, quadrate e altre specifiche speciali.<\/p>\n<p>D4: Quali precauzioni devono essere prese durante lo stoccaggio e l&#8217;uso dei target?<br \/>\nA4: Si raccomanda di conservare i target in un ambiente asciutto e pulito in un contenitore sigillato. Mantenere pulita la superficie del bersaglio prima dell&#8217;uso.<\/p>\n<h2><span style=\"font-size: 14pt;\">Rapporto<\/span><\/h2>\n<p>Ogni lotto viene fornito con:<br \/>\n<span style=\"color: #0000ff;\"><a style=\"color: #0000ff;\" href=\"https:\/\/ulpmat.com\/it\/documenti\/certificato-di-analisi\/\"><u>Certificato di analisi (COA)<\/u><\/a><\/span><\/p>\n<p><span style=\"color: #0000ff;\"><a style=\"color: #0000ff;\" href=\"https:\/\/ulpmat.com\/it\/documenti\/scheda-tecnica\/\"><u>Scheda tecnica (TDS)<\/u><\/a><\/span><\/p>\n<p><span style=\"color: #0000ff;\"><a style=\"color: #0000ff;\" href=\"https:\/\/ulpmat.com\/it\/documenti\/scheda-di-sicurezza\/\"><u>Scheda di sicurezza (MSDS)<\/u><\/a><\/span><br \/>\nRapporto di ispezione delle dimensioni<br \/>\nRapporti di test di terze parti disponibili su richiesta<\/p>\n<h2><span style=\"font-size: 14pt;\">Perch\u00e9 scegliere noi?<\/span><\/h2>\n<p>Da tempo ci concentriamo sulla preparazione e sul controllo qualit\u00e0 dei bersagli di sputtering in boruro di metallo, fornendo prodotti stabili e affidabili e un rapido supporto tecnico per aiutare i clienti a completare in modo efficiente la deposizione di film sottili e la verifica dell&#8217;applicazione.<\/p>\n","protected":false},"excerpt":{"rendered":"<p>Panoramica sui target di sputtering in boruro di magnesio I target di sputtering in boruro di magnesio sono target ceramici funzionali composti principalmente da boruro di magnesio, che presentano un&#8217;eccellente stabilit\u00e0 termica e affidabilit\u00e0 strutturale. Questi target sono adatti per la deposizione di film sottili in campi di ricerca quali film sottili funzionali, rivestimenti ad [&hellip;]<\/p>\n","protected":false},"featured_media":48333,"template":"","meta":{"_acf_changed":false},"product_brand":[132],"product_cat":[453],"product_tag":[6988],"class_list":{"0":"post-48332","1":"product","2":"type-product","3":"status-publish","4":"has-post-thumbnail","6":"product_brand-ulpmat","7":"product_cat-target-di-sputtering-in-ceramica","8":"product_tag-target-di-sputtering-al-boruro-di-magnesio","10":"first","11":"instock","12":"shipping-taxable","13":"product-type-variable"},"acf":[],"_links":{"self":[{"href":"https:\/\/ulpmat.com\/it\/wp-json\/wp\/v2\/product\/48332","targetHints":{"allow":["GET"]}}],"collection":[{"href":"https:\/\/ulpmat.com\/it\/wp-json\/wp\/v2\/product"}],"about":[{"href":"https:\/\/ulpmat.com\/it\/wp-json\/wp\/v2\/types\/product"}],"wp:featuredmedia":[{"embeddable":true,"href":"https:\/\/ulpmat.com\/it\/wp-json\/wp\/v2\/media\/48333"}],"wp:attachment":[{"href":"https:\/\/ulpmat.com\/it\/wp-json\/wp\/v2\/media?parent=48332"}],"wp:term":[{"taxonomy":"product_brand","embeddable":true,"href":"https:\/\/ulpmat.com\/it\/wp-json\/wp\/v2\/product_brand?post=48332"},{"taxonomy":"product_cat","embeddable":true,"href":"https:\/\/ulpmat.com\/it\/wp-json\/wp\/v2\/product_cat?post=48332"},{"taxonomy":"product_tag","embeddable":true,"href":"https:\/\/ulpmat.com\/it\/wp-json\/wp\/v2\/product_tag?post=48332"}],"curies":[{"name":"wp","href":"https:\/\/api.w.org\/{rel}","templated":true}]}}