{"id":48282,"date":"2026-01-15T13:55:09","date_gmt":"2026-01-15T05:55:09","guid":{"rendered":"https:\/\/ulpmat.com\/product\/fluoruro-di-magnesio-4\/"},"modified":"2026-01-15T13:55:09","modified_gmt":"2026-01-15T05:55:09","slug":"fluoruro-di-magnesio-4","status":"publish","type":"product","link":"https:\/\/ulpmat.com\/it\/prodotto\/fluoruro-di-magnesio-4\/","title":{"rendered":"Fluoruro di magnesio"},"content":{"rendered":"<h2><span style=\"font-size: 14pt;\">Panoramica dei granuli di fluoruro di magnesio<\/span><\/h2>\n<p>I granuli<br \/>\n<span style=\"color: #0000ff;\"><a style=\"color: #0000ff;\" href=\"https:\/\/ulpmat.com\/it\/ricerca\/?type=name&#038;keyword=Magnesium+Fluoride\">di fluoruro di magnesio<\/a><\/span><br \/>\nsono un materiale fluorurato inorganico altamente stabile con eccellente resistenza al calore e inerzia chimica. Questo prodotto \u00e8 comunemente utilizzato nei rivestimenti per evaporazione, nella preparazione di materiali ottici e nei processi correlati per materiali inorganici ad alta purezza.<\/p>\n<p>Offriamo granuli di fluoruro di magnesio con diverse dimensioni delle particelle e controllo della purezza, adatti ai processi di evaporazione e preparazione dei materiali. <span style=\"color: #0000ff;\"><a style=\"color: #0000ff;\" href=\"https:\/\/ulpmat.com\/it\/contatto\/\">Contattateci<\/a><\/span><br \/>\nper i parametri e i preventivi.<\/p>\n<h2><span style=\"font-size: 14pt;\">Caratteristiche principali del prodotto<\/span><\/h2>\n<p>Fluoruro inorganico, composizione stabile<br \/>\nMorfologia delle particelle, buona scorrevolezza<br \/>\nVolatilit\u00e0 e prestazioni di evaporazione stabili<br \/>\nForte inerzia chimica alle alte temperature<br \/>\nBasso contenuto di impurit\u00e0, uniformit\u00e0 tra i lotti<br \/>\nDimensioni delle particelle e specifiche personalizzabili<\/p>\n<h2><span style=\"font-size: 14pt;\">Applicazioni dei granuli di fluoruro di magnesio<\/span><\/h2>\n<p>Materiali per rivestimenti per evaporazione: comunemente utilizzati nei processi di evaporazione sotto vuoto, consentono velocit\u00e0 di evaporazione stabili e sono adatti alla preparazione di film sottili uniformi. Preparazione di film sottili<br \/>\n<span style=\"color: #0000ff;\"><a style=\"color: #0000ff;\" href=\"https:\/\/ulpmat.com\/it\/applicazione\/materiali-ottici\/\">ottici<\/a><\/span><br \/>\n: utilizzati nel campo dei rivestimenti ottici, soddisfano le applicazioni con elevati requisiti di stabilit\u00e0 e ripetibilit\u00e0 del film.<br \/>\nProcessi con materiali inorganici ad alta temperatura: adatti alla preparazione o alla lavorazione di materiali in condizioni di alta temperatura, mantengono la stabilit\u00e0 strutturale e compositiva.<br \/>\nRicerca e convalida dei processi: adatti all&#8217;uso in laboratorio e su scala pilota, facilitano la regolazione dei parametri di processo e la valutazione delle prestazioni dei materiali.<\/p>\n<h2><span style=\"font-size: 14pt; color: #0000ff;\"><a style=\"color: #0000ff;\" href=\"https:\/\/ulpmat.com\/it\/azienda\/domande-frequenti\/\">Domande frequenti<\/a><\/span><\/h2>\n<p>D1: Quali sono i vantaggi dei granuli di fluoruro di magnesio rispetto alla polvere?<br \/>\nR1: I granuli hanno una migliore scorrevolezza, che li rende pi\u00f9 adatti ai requisiti di alimentazione stabili e controllabili nei processi di evaporazione.<\/p>\n<p>D2: La dimensione delle particelle influisce sull&#8217;efficienza di evaporazione?<br \/>\nR2: La dimensione delle particelle influisce sulla velocit\u00e0 e sulla stabilit\u00e0 di evaporazione; \u00e8 possibile selezionare specifiche appropriate in base alle condizioni delle attrezzature.<\/p>\n<p>D3: Il prodotto \u00e8 adatto per lo stoccaggio a lungo termine?<br \/>\nR3: Se conservato in un ambiente asciutto e sigillato, le propriet\u00e0 dei granuli sono stabili, rendendolo adatto per lo stoccaggio a medio-lungo termine.<\/p>\n<p>D4: \u00c8 possibile fornire piccoli lotti o campioni?<br \/>\nR4: Sono disponibili campioni e piccoli lotti, facilitando i test iniziali e la convalida del processo.<\/p>\n<h2><span style=\"font-size: 14pt;\">Rapporto<\/span><\/h2>\n<p>Ogni lotto viene fornito con:<br \/>\n<span style=\"color: #0000ff;\"><a style=\"color: #0000ff;\" href=\"https:\/\/ulpmat.com\/it\/documenti\/certificato-di-analisi\/\"><u>Certificato di analisi (COA)<\/u><\/a><\/span><\/p>\n<p><span style=\"color: #0000ff;\"><a style=\"color: #0000ff;\" href=\"https:\/\/ulpmat.com\/it\/documenti\/scheda-tecnica\/\"><u>Scheda tecnica (TDS)<\/u><\/a><\/span><\/p>\n<p><span style=\"color: #0000ff;\"><a style=\"color: #0000ff;\" href=\"https:\/\/ulpmat.com\/it\/documenti\/scheda-di-sicurezza\/\"><u>Scheda di sicurezza (MSDS)<\/u><\/a><\/span><br \/>\nRapporto di ispezione delle dimensioni<br \/>\nRapporti di test di terze parti disponibili su richiesta<\/p>\n<h2><span style=\"font-size: 14pt;\">Perch\u00e9 scegliere noi?<\/span><\/h2>\n<p>Siamo specializzati nella fornitura stabile e nel controllo di qualit\u00e0 di particelle di materiali inorganici ad alta purezza, fornendo prodotti costanti e un rapido supporto tecnico per aiutare i clienti a selezionare in modo efficiente i materiali e implementare i processi.<\/p>\n","protected":false},"excerpt":{"rendered":"<p>Panoramica dei granuli di fluoruro di magnesio I granuli di fluoruro di magnesio sono un materiale fluorurato inorganico altamente stabile con eccellente resistenza al calore e inerzia chimica. Questo prodotto \u00e8 comunemente utilizzato nei rivestimenti per evaporazione, nella preparazione di materiali ottici e nei processi correlati per materiali inorganici ad alta purezza. Offriamo granuli di [&hellip;]<\/p>\n","protected":false},"featured_media":48284,"template":"","meta":{"_acf_changed":false},"product_brand":[132],"product_cat":[293],"product_tag":[6976],"class_list":{"0":"post-48282","1":"product","2":"type-product","3":"status-publish","4":"has-post-thumbnail","6":"product_brand-ulpmat","7":"product_cat-materiali-per-levaporazione","8":"product_tag-granuli-di-fluoruro-di-magnesio","10":"first","11":"instock","12":"shipping-taxable","13":"product-type-variable"},"acf":[],"_links":{"self":[{"href":"https:\/\/ulpmat.com\/it\/wp-json\/wp\/v2\/product\/48282","targetHints":{"allow":["GET"]}}],"collection":[{"href":"https:\/\/ulpmat.com\/it\/wp-json\/wp\/v2\/product"}],"about":[{"href":"https:\/\/ulpmat.com\/it\/wp-json\/wp\/v2\/types\/product"}],"wp:featuredmedia":[{"embeddable":true,"href":"https:\/\/ulpmat.com\/it\/wp-json\/wp\/v2\/media\/48284"}],"wp:attachment":[{"href":"https:\/\/ulpmat.com\/it\/wp-json\/wp\/v2\/media?parent=48282"}],"wp:term":[{"taxonomy":"product_brand","embeddable":true,"href":"https:\/\/ulpmat.com\/it\/wp-json\/wp\/v2\/product_brand?post=48282"},{"taxonomy":"product_cat","embeddable":true,"href":"https:\/\/ulpmat.com\/it\/wp-json\/wp\/v2\/product_cat?post=48282"},{"taxonomy":"product_tag","embeddable":true,"href":"https:\/\/ulpmat.com\/it\/wp-json\/wp\/v2\/product_tag?post=48282"}],"curies":[{"name":"wp","href":"https:\/\/api.w.org\/{rel}","templated":true}]}}