{"id":48256,"date":"2026-01-15T13:55:09","date_gmt":"2026-01-15T05:55:09","guid":{"rendered":"https:\/\/ulpmat.com\/product\/fluoruro-di-magnesio-3\/"},"modified":"2026-01-15T13:55:09","modified_gmt":"2026-01-15T05:55:09","slug":"fluoruro-di-magnesio-3","status":"publish","type":"product","link":"https:\/\/ulpmat.com\/it\/prodotto\/fluoruro-di-magnesio-3\/","title":{"rendered":"Fluoruro di magnesio"},"content":{"rendered":"<h2><span style=\"font-size: 14pt;\">Panoramica sui pellet di fluoruro di magnesio<\/span><\/h2>\n<p>I pellet<br \/>\n<span style=\"color: #0000ff;\"><a style=\"color: #0000ff;\" href=\"https:\/\/ulpmat.com\/it\/ricerca\/?type=name&#038;keyword=Magnesium+Fluoride\">di fluoruro di magnesio<\/a><\/span><br \/>\nsono materiali di evaporazione di fluoruro di magnesio modellati con densit\u00e0 eccellente e comportamento di evaporazione stabile. Questo prodotto \u00e8 utilizzato principalmente nel rivestimento per evaporazione sotto vuoto, nella preparazione di film sottili ottici e nei processi correlati per materiali a film sottile ad alta purezza.<\/p>\n<p>Offriamo pellet di fluoruro di magnesio in varie dimensioni, pesi e gradi di purezza, compatibili con una variet\u00e0 di apparecchiature di evaporazione. <span style=\"color: #0000ff;\"><a style=\"color: #0000ff;\" href=\"https:\/\/ulpmat.com\/it\/contatto\/\">Contattateci<\/a><\/span><br \/>\nper i parametri e i preventivi.<\/p>\n<h2><span style=\"font-size: 14pt;\">Caratteristiche principali del prodotto<\/span><\/h2>\n<p>Granuli sagomati, alta densit\u00e0<br \/>\nVelocit\u00e0 di evaporazione stabile, buona controllabilit\u00e0<br \/>\nBasso contenuto di impurit\u00e0, eccellente consistenza del film<br \/>\nMinimo spruzzo, compatibile con le apparecchiature<br \/>\nAdatto per processi di evaporazione continua<br \/>\nDimensioni e pesi personalizzati disponibili<\/p>\n<h2><span style=\"font-size: 14pt;\">Applicazioni dei pellet di fluoruro di magnesio<\/span><\/h2>\n<p>Rivestimento per evaporazione sotto vuoto: i pellet di fluoruro di magnesio vengono riscaldati in modo uniforme durante l&#8217;evaporazione, contribuendo a una velocit\u00e0 di evaporazione stabile, adatta alla preparazione di film sottili ad alta consistenza. Deposizione di film sottili<br \/>\n<span style=\"color: #0000ff;\"><a style=\"color: #0000ff;\" href=\"https:\/\/ulpmat.com\/it\/applicazione\/materiali-ottici\/\">ottici<\/a><\/span><br \/>\n: comunemente utilizzati nel rivestimento di dispositivi ottici, soddisfano applicazioni che richiedono un&#8217;elevata densit\u00e0 e ripetibilit\u00e0 del film.<br \/>\nProcessi con materiali per film sottili ad alta purezza: utilizzati nella preparazione di film sottili ad alta purezza, riducono efficacemente la dispersione delle particelle e le fluttuazioni compositive.<br \/>\nRicerca e convalida del processo su scala industriale: adatti per la convalida del processo di evaporazione in laboratorio e su scala pilota, facilitano il controllo dei parametri di processo.<\/p>\n<h2><a href=\"https:\/\/ulpmat.com\/it\/azienda\/domande-frequenti\/\"><span style=\"font-size: 14pt; color: #0000ff;\">Domande frequenti<\/span><\/a><\/h2>\n<p>D1: Quali sono le differenze tra i pellet di fluoruro di magnesio e i granuli in uso?<br \/>\nA1: I pellet sono solitamente pressati o stampati, il che si traduce in una maggiore densit\u00e0 e un&#8217;evaporazione pi\u00f9 stabile; i granuli sono per lo pi\u00f9 particelle frantumate o setacciate, con una buona scorrevolezza, ma un&#8217;uniformit\u00e0 di evaporazione leggermente inferiore.<\/p>\n<p>D2: Quale forma \u00e8 pi\u00f9 adatta per il rivestimento per evaporazione sotto vuoto?<br \/>\nA2: Per i processi che richiedono un&#8217;elevata stabilit\u00e0 di evaporazione e uniformit\u00e0 del film, si consigliano generalmente i pellet.<\/p>\n<p>D3: In quali situazioni sono pi\u00f9 adatti i granuli?<br \/>\nR3: In scenari che richiedono un&#8217;elevata flessibilit\u00e0 di alimentazione o requisiti di uniformit\u00e0 di evaporazione relativamente bassi, i granuli sono pi\u00f9 facili da usare.<\/p>\n<p>D4: La forma pu\u00f2 essere selezionata o personalizzata in base ai requisiti dell&#8217;attrezzatura?<br \/>\nR4: S\u00ec, possiamo fornire soluzioni personalizzate per pellet o granuli in base al tipo di fonte di evaporazione e alle condizioni di processo.<\/p>\n<h2><span style=\"font-size: 14pt;\">Rapporto<\/span><\/h2>\n<p>Ogni lotto viene fornito con:<br \/>\n<span style=\"color: #0000ff;\"><a style=\"color: #0000ff;\" href=\"https:\/\/ulpmat.com\/it\/documenti\/certificato-di-analisi\/\"><u>Certificato di analisi (COA)<\/u><\/a><\/span><\/p>\n<p><span style=\"color: #0000ff;\"><a style=\"color: #0000ff;\" href=\"https:\/\/ulpmat.com\/it\/documenti\/scheda-tecnica\/\"><u>Scheda tecnica (TDS)<\/u><\/a><\/span><\/p>\n<p><span style=\"color: #0000ff;\"><a style=\"color: #0000ff;\" href=\"https:\/\/ulpmat.com\/it\/documenti\/scheda-di-sicurezza\/\"><u>Scheda di sicurezza (MSDS)<\/u><\/a><\/span><br \/>\nRapporto di controllo delle dimensioni<br \/>\nRapporti di test di terze parti disponibili su richiesta<\/p>\n<h2><span style=\"font-size: 14pt;\">Perch\u00e9 scegliere noi?<\/span><\/h2>\n<p>Siamo specializzati nella preparazione e nel controllo della morfologia dei materiali fluorurati inorganici per rivestimenti evaporativi. Siamo in grado di fornire soluzioni particellari pi\u00f9 adatte in base alle attrezzature e ai requisiti di processo dei clienti, contribuendo a ottenere una deposizione di film sottili stabile e altamente ripetibile.<\/p>\n","protected":false},"excerpt":{"rendered":"<p>Panoramica sui pellet di fluoruro di magnesio I pellet di fluoruro di magnesio sono materiali di evaporazione di fluoruro di magnesio modellati con densit\u00e0 eccellente e comportamento di evaporazione stabile. Questo prodotto \u00e8 utilizzato principalmente nel rivestimento per evaporazione sotto vuoto, nella preparazione di film sottili ottici e nei processi correlati per materiali a film [&hellip;]<\/p>\n","protected":false},"featured_media":48257,"template":"","meta":{"_acf_changed":false},"product_brand":[132],"product_cat":[293],"product_tag":[6970],"class_list":{"0":"post-48256","1":"product","2":"type-product","3":"status-publish","4":"has-post-thumbnail","6":"product_brand-ulpmat","7":"product_cat-materiali-per-levaporazione","8":"product_tag-pellet-di-fluoruro-di-magnesio","10":"first","11":"instock","12":"shipping-taxable","13":"product-type-variable"},"acf":[],"_links":{"self":[{"href":"https:\/\/ulpmat.com\/it\/wp-json\/wp\/v2\/product\/48256","targetHints":{"allow":["GET"]}}],"collection":[{"href":"https:\/\/ulpmat.com\/it\/wp-json\/wp\/v2\/product"}],"about":[{"href":"https:\/\/ulpmat.com\/it\/wp-json\/wp\/v2\/types\/product"}],"wp:featuredmedia":[{"embeddable":true,"href":"https:\/\/ulpmat.com\/it\/wp-json\/wp\/v2\/media\/48257"}],"wp:attachment":[{"href":"https:\/\/ulpmat.com\/it\/wp-json\/wp\/v2\/media?parent=48256"}],"wp:term":[{"taxonomy":"product_brand","embeddable":true,"href":"https:\/\/ulpmat.com\/it\/wp-json\/wp\/v2\/product_brand?post=48256"},{"taxonomy":"product_cat","embeddable":true,"href":"https:\/\/ulpmat.com\/it\/wp-json\/wp\/v2\/product_cat?post=48256"},{"taxonomy":"product_tag","embeddable":true,"href":"https:\/\/ulpmat.com\/it\/wp-json\/wp\/v2\/product_tag?post=48256"}],"curies":[{"name":"wp","href":"https:\/\/api.w.org\/{rel}","templated":true}]}}