{"id":48236,"date":"2026-01-15T13:55:10","date_gmt":"2026-01-15T05:55:10","guid":{"rendered":"https:\/\/ulpmat.com\/product\/fluoruro-di-magnesio-2\/"},"modified":"2026-01-15T13:55:10","modified_gmt":"2026-01-15T05:55:10","slug":"fluoruro-di-magnesio-2","status":"publish","type":"product","link":"https:\/\/ulpmat.com\/it\/prodotto\/fluoruro-di-magnesio-2\/","title":{"rendered":"Fluoruro di magnesio"},"content":{"rendered":"<h2><span style=\"font-size: 14pt;\">Panoramica sulla polvere di fluoruro di magnesio<\/span><\/h2>\n<p>La polvere<br \/>\n<span style=\"color: #0000ff;\"><a style=\"color: #0000ff;\" href=\"https:\/\/ulpmat.com\/it\/ricerca\/?type=name&#038;keyword=Magnesium+Fluoride\">di fluoruro di magnesio<\/a><\/span><br \/>\n\u00e8 un materiale fluorurato inorganico ad alta purezza con eccellente stabilit\u00e0 chimica e termica. Questo materiale \u00e8 comunemente utilizzato nei film sottili ottici, nei rivestimenti per evaporazione e nella preparazione di materiali inorganici ad alta purezza.<\/p>\n<p>Offriamo polveri di fluoruro di magnesio di varie dimensioni delle particelle e livelli di purezza, adatte alla ricerca e ai processi industriali. <span style=\"color: #0000ff;\"><a style=\"color: #0000ff;\" href=\"https:\/\/ulpmat.com\/it\/contatto\/\">Contattateci<\/a><\/span><br \/>\ndirettamente per parametri dettagliati e preventivi.<\/p>\n<h2><span style=\"font-size: 14pt;\">Caratteristiche principali del prodotto<\/span><\/h2>\n<p>Elevata purezza, basso contenuto di impurit\u00e0<br \/>\nPolvere uniforme, buona dispersibilit\u00e0<br \/>\nBuona stabilit\u00e0 termica, forte inerzia chimica<br \/>\nEvaporazione stabile e prestazioni di lavorazione<br \/>\nElevata uniformit\u00e0 dei lotti, qualit\u00e0 affidabile<br \/>\nDimensioni delle particelle e specifiche personalizzabili<\/p>\n<h2><span style=\"font-size: 14pt;\">Applicazioni della polvere di fluoruro di magnesio<\/span><\/h2>\n<p>Materiale per rivestimenti evaporativi: la morfologia della polvere \u00e8 adatta ai processi di evaporazione sotto vuoto, consentendo velocit\u00e0 di evaporazione stabili e strati di film uniformi. Preparazione di film sottili<br \/>\n<span style=\"color: #0000ff;\"><a style=\"color: #0000ff;\" href=\"https:\/\/ulpmat.com\/it\/applicazione\/materiali-ottici\/\">ottici<\/a><\/span><br \/>\n: ampiamente utilizzato nei rivestimenti di dispositivi ottici, soddisfa i requisiti di densit\u00e0 e ripetibilit\u00e0 del film.<br \/>\nPreparazione di materiali inorganici ad alta purezza: pu\u00f2 essere utilizzato come precursore o componente di formulazione per materiali ad alta purezza, garantendo prestazioni stabili del materiale.<br \/>\nRicerca scientifica e convalida dei processi: adatto per l&#8217;uso in laboratorio e su scala pilota, facilita l&#8217;esplorazione dei parametri di processo e delle propriet\u00e0 dei materiali.<\/p>\n<h2><span style=\"font-size: 14pt; color: #0000ff;\"><a style=\"color: #0000ff;\" href=\"https:\/\/ulpmat.com\/it\/azienda\/domande-frequenti\/\">Domande frequenti<\/a><\/span><\/h2>\n<p>D1: Quali sono le differenze di utilizzo tra polvere e pellet\/granuli?<br \/>\nR1: La polvere \u00e8 facile da disperdere in modo uniforme e pu\u00f2 essere utilizzata per esperimenti su piccoli lotti e miscelazione di formulazioni; i pellet hanno un&#8217;alta densit\u00e0 e una buona stabilit\u00e0 di evaporazione; i granuli hanno una buona scorrevolezza, ma una consistenza di evaporazione leggermente inferiore.<\/p>\n<p>D2: Potete fornire polvere in piccoli lotti o in campioni?<br \/>\nA2: Sono disponibili campioni e piccoli lotti per facilitare la ricerca scientifica e la convalida dei processi.<\/p>\n<p>D3: Come deve essere conservata la polvere per mantenerne le prestazioni?<br \/>\nA3: Si consiglia di conservarla in un ambiente asciutto e sigillato per evitare l&#8217;assorbimento di umidit\u00e0 e la contaminazione.<\/p>\n<h2><span style=\"font-size: 14pt;\">Report<\/span><\/h2>\n<p>Ogni lotto viene fornito con:<br \/>\n<span style=\"color: #0000ff;\"><a style=\"color: #0000ff;\" href=\"https:\/\/ulpmat.com\/it\/documenti\/certificato-di-analisi\/\"><u>Certificato di analisi (COA)<\/u><\/a><\/span><\/p>\n<p><span style=\"color: #0000ff;\"><a style=\"color: #0000ff;\" href=\"https:\/\/ulpmat.com\/it\/documenti\/scheda-tecnica\/\"><u>Scheda tecnica (TDS)<\/u><\/a><\/span><\/p>\n<p><span style=\"color: #0000ff;\"><a style=\"color: #0000ff;\" href=\"https:\/\/ulpmat.com\/it\/documenti\/scheda-di-sicurezza\/\"><u>Scheda di sicurezza (MSDS)<\/u><\/a><\/span><br \/>\nRapporto di controllo delle dimensioni<br \/>\nRapporti di test di terze parti disponibili su richiesta<\/p>\n<h2><span style=\"font-size: 14pt;\">Perch\u00e9 scegliere noi?<\/span><\/h2>\n<p>Siamo specializzati nella preparazione e nel controllo qualit\u00e0 di polveri di fluoruro ad alta purezza, fornendo prodotti con dimensioni delle particelle, purezza e uniformit\u00e0 dei lotti controllabili. Offriamo anche assistenza tecnica basata sui requisiti di processo, aiutando i clienti a completare in modo efficiente la deposizione di film sottili e le applicazioni dei materiali.<\/p>\n","protected":false},"excerpt":{"rendered":"<p>Panoramica sulla polvere di fluoruro di magnesio La polvere di fluoruro di magnesio \u00e8 un materiale fluorurato inorganico ad alta purezza con eccellente stabilit\u00e0 chimica e termica. Questo materiale \u00e8 comunemente utilizzato nei film sottili ottici, nei rivestimenti per evaporazione e nella preparazione di materiali inorganici ad alta purezza. Offriamo polveri di fluoruro di magnesio [&hellip;]<\/p>\n","protected":false},"featured_media":48237,"template":"","meta":{"_acf_changed":false},"product_brand":[132],"product_cat":[323],"product_tag":[6964],"class_list":{"0":"post-48236","1":"product","2":"type-product","3":"status-publish","4":"has-post-thumbnail","6":"product_brand-ulpmat","7":"product_cat-materiali-alogenuri","8":"product_tag-fluoruro-di-magnesio-in-polvere","10":"first","11":"instock","12":"featured","13":"shipping-taxable","14":"product-type-variable"},"acf":[],"_links":{"self":[{"href":"https:\/\/ulpmat.com\/it\/wp-json\/wp\/v2\/product\/48236","targetHints":{"allow":["GET"]}}],"collection":[{"href":"https:\/\/ulpmat.com\/it\/wp-json\/wp\/v2\/product"}],"about":[{"href":"https:\/\/ulpmat.com\/it\/wp-json\/wp\/v2\/types\/product"}],"wp:featuredmedia":[{"embeddable":true,"href":"https:\/\/ulpmat.com\/it\/wp-json\/wp\/v2\/media\/48237"}],"wp:attachment":[{"href":"https:\/\/ulpmat.com\/it\/wp-json\/wp\/v2\/media?parent=48236"}],"wp:term":[{"taxonomy":"product_brand","embeddable":true,"href":"https:\/\/ulpmat.com\/it\/wp-json\/wp\/v2\/product_brand?post=48236"},{"taxonomy":"product_cat","embeddable":true,"href":"https:\/\/ulpmat.com\/it\/wp-json\/wp\/v2\/product_cat?post=48236"},{"taxonomy":"product_tag","embeddable":true,"href":"https:\/\/ulpmat.com\/it\/wp-json\/wp\/v2\/product_tag?post=48236"}],"curies":[{"name":"wp","href":"https:\/\/api.w.org\/{rel}","templated":true}]}}