{"id":48008,"date":"2026-01-15T13:55:17","date_gmt":"2026-01-15T05:55:17","guid":{"rendered":"https:\/\/ulpmat.com\/product\/titanato-di-magnesio-ossido-di-magnesio-e-titanio-2\/"},"modified":"2026-01-15T13:55:17","modified_gmt":"2026-01-15T05:55:17","slug":"titanato-di-magnesio-ossido-di-magnesio-e-titanio-2","status":"publish","type":"product","link":"https:\/\/ulpmat.com\/it\/prodotto\/titanato-di-magnesio-ossido-di-magnesio-e-titanio-2\/","title":{"rendered":"Titanato di magnesio (ossido di magnesio e titanio)"},"content":{"rendered":"<h2><span style=\"font-size: 14pt;\">Panoramica sulla polvere di titanato di magnesio<\/span><\/h2>\n<p>La polvere<br \/>\n<span style=\"color: #0000ff;\"><a style=\"color: #0000ff;\" href=\"https:\/\/ulpmat.com\/it\/ricerca\/?type=name&#038;keyword=Magnesium+Titanate\">di titanato di magnesio<\/a><\/span><br \/>\n\u00e8 un materiale ceramico inorganico ad alta purezza con eccellenti propriet\u00e0 dielettriche e stabilit\u00e0 termica. \u00c8 ampiamente utilizzata nella ceramica elettronica, nei rivestimenti <span style=\"color: #0000ff;\"><a style=\"color: #0000ff;\" href=\"https:\/\/ulpmat.com\/it\/applicazione\/materiali-ottici\/\">ottici<\/a><\/span><br \/>\n, nei materiali dielettrici ad alta temperatura e nella ricerca scientifica.<\/p>\n<p>Offriamo polveri di titanato di magnesio di varie dimensioni delle particelle e livelli di purezza per soddisfare le esigenze della ricerca scientifica, delle applicazioni industriali e della preparazione di materiali funzionali. <span style=\"color: #0000ff;\"><a style=\"color: #0000ff;\" href=\"https:\/\/ulpmat.com\/it\/contatto\/\">Contattateci<\/a><\/span><br \/>\nper parametri dettagliati e preventivi.<\/p>\n<h2><span style=\"font-size: 14pt;\">Caratteristiche principali del prodotto<\/span><\/h2>\n<p>Elevata purezza, basso contenuto di impurit\u00e0<br \/>\nPolvere uniforme, facile da disperdere e lavorare<br \/>\nBuona stabilit\u00e0 termica, forte inerzia chimica<br \/>\nEccellenti propriet\u00e0 dielettriche, adatte alla ceramica elettronica<br \/>\nElevata uniformit\u00e0 dei lotti, prestazioni stabili<br \/>\nParticelle di dimensioni e specifiche personalizzabili<\/p>\n<h2><span style=\"font-size: 14pt;\">Applicazioni della polvere di titanato di magnesio<\/span><\/h2>\n<p>Materiali ceramici elettronici: la polvere di titanato di magnesio pu\u00f2 essere utilizzata per preparare componenti ceramici ad alta costante dielettrica, migliorando le prestazioni e la stabilit\u00e0 dei dispositivi. Rivestimenti<br \/>\n<span style=\"color: #0000ff;\"><a style=\"color: #0000ff;\" href=\"https:\/\/ulpmat.com\/it\/applicazione\/materiali-ottici\/\">ottici<\/a><\/span><br \/>\n: adatta per film sottili ottici e rivestimenti ceramici, garantisce l&#8217;uniformit\u00e0 del film e le prestazioni ottiche.<br \/>\nMateriali dielettrici ad alta temperatura: utilizzata nella preparazione di materiali funzionali ad alta temperatura e materiali compositi, garantisce la stabilit\u00e0 della struttura e delle prestazioni dei materiali.<br \/>\nRicerca scientifica e sviluppo di processi: adatta per la ricerca sulle prestazioni dei materiali e la verifica dei processi in laboratorio e su scala pilota, facilita la formulazione e l&#8217;ottimizzazione dei parametri.<\/p>\n<h2><span style=\"font-size: 14pt; color: #0000ff;\"><a style=\"color: #0000ff;\" href=\"https:\/\/ulpmat.com\/it\/azienda\/domande-frequenti\/\">Domande frequenti<\/a><\/span><\/h2>\n<p>D1: La dimensione delle particelle influisce sulle propriet\u00e0 della ceramica?<br \/>\nR1: L&#8217;uniformit\u00e0 della dimensione delle particelle influisce direttamente sul comportamento di sinterizzazione, sulla deposizione di film sottili e sulle propriet\u00e0 dei materiali compositi. \u00c8 possibile selezionare specifiche appropriate in base al processo.<\/p>\n<p>D2: Come deve essere conservata la polvere per mantenerne le propriet\u00e0?<br \/>\nR2: Conservare in un ambiente asciutto e sigillato, evitando umidit\u00e0 o contaminazione, per mantenere la stabilit\u00e0 delle propriet\u00e0 della polvere.<\/p>\n<p>D3: \u00c8 possibile fornire campioni o piccoli lotti di polvere?<br \/>\nR3: Sono disponibili campioni e piccoli lotti per facilitare la verifica della ricerca scientifica o i test di processo.<\/p>\n<p>D4: La polvere pu\u00f2 essere miscelata con altri ossidi metallici?<br \/>\nR4: In condizioni di processo appropriate, pu\u00f2 essere utilizzata in combinazione con vari ossidi metallici per la preparazione di materiali compositi o funzionali.<\/p>\n<h2><span style=\"font-size: 14pt;\">Rapporto<\/span><\/h2>\n<p>Ogni lotto viene fornito con:<br \/>\n<span style=\"color: #0000ff;\"><a style=\"color: #0000ff;\" href=\"https:\/\/ulpmat.com\/it\/documenti\/certificato-di-analisi\/\"><u>Certificato di analisi (COA)<\/u><\/a><\/span><\/p>\n<p><span style=\"color: #0000ff;\"><a style=\"color: #0000ff;\" href=\"https:\/\/ulpmat.com\/it\/documenti\/scheda-tecnica\/\"><u>Scheda tecnica (TDS)<\/u><\/a><\/span><\/p>\n<p><span style=\"color: #0000ff;\"><a style=\"color: #0000ff;\" href=\"https:\/\/ulpmat.com\/it\/documenti\/scheda-di-sicurezza\/\"><u>Scheda di sicurezza (MSDS)<\/u><\/a><\/span><br \/>\nRapporti di test di terze parti disponibili su richiesta<\/p>\n<h2><span style=\"font-size: 14pt;\">Perch\u00e9 scegliere noi?<\/span><\/h2>\n<p>Siamo specializzati nella preparazione e nel controllo qualit\u00e0 della polvere MgTiO\u2083 ad alta purezza, fornendo prodotti con dimensioni delle particelle, purezza e uniformit\u00e0 dei lotti controllabili. Offriamo anche supporto tecnologico per i processi e le applicazioni per aiutare i clienti a completare rapidamente lo sviluppo e l&#8217;applicazione dei materiali.<\/p>\n","protected":false},"excerpt":{"rendered":"<p>Panoramica sulla polvere di titanato di magnesio La polvere di titanato di magnesio \u00e8 un materiale ceramico inorganico ad alta purezza con eccellenti propriet\u00e0 dielettriche e stabilit\u00e0 termica. \u00c8 ampiamente utilizzata nella ceramica elettronica, nei rivestimenti ottici , nei materiali dielettrici ad alta temperatura e nella ricerca scientifica. Offriamo polveri di titanato di magnesio di [&hellip;]<\/p>\n","protected":false},"featured_media":48009,"template":"","meta":{"_acf_changed":false},"product_brand":[132],"product_cat":[1186],"product_tag":[6910],"class_list":{"0":"post-48008","1":"product","2":"type-product","3":"status-publish","4":"has-post-thumbnail","6":"product_brand-ulpmat","7":"product_cat-altri-acidi","8":"product_tag-titanato-di-magnesio-ossido-di-magnesio-e-titanio-in-polvere","10":"first","11":"instock","12":"shipping-taxable","13":"product-type-variable"},"acf":[],"_links":{"self":[{"href":"https:\/\/ulpmat.com\/it\/wp-json\/wp\/v2\/product\/48008","targetHints":{"allow":["GET"]}}],"collection":[{"href":"https:\/\/ulpmat.com\/it\/wp-json\/wp\/v2\/product"}],"about":[{"href":"https:\/\/ulpmat.com\/it\/wp-json\/wp\/v2\/types\/product"}],"wp:featuredmedia":[{"embeddable":true,"href":"https:\/\/ulpmat.com\/it\/wp-json\/wp\/v2\/media\/48009"}],"wp:attachment":[{"href":"https:\/\/ulpmat.com\/it\/wp-json\/wp\/v2\/media?parent=48008"}],"wp:term":[{"taxonomy":"product_brand","embeddable":true,"href":"https:\/\/ulpmat.com\/it\/wp-json\/wp\/v2\/product_brand?post=48008"},{"taxonomy":"product_cat","embeddable":true,"href":"https:\/\/ulpmat.com\/it\/wp-json\/wp\/v2\/product_cat?post=48008"},{"taxonomy":"product_tag","embeddable":true,"href":"https:\/\/ulpmat.com\/it\/wp-json\/wp\/v2\/product_tag?post=48008"}],"curies":[{"name":"wp","href":"https:\/\/api.w.org\/{rel}","templated":true}]}}