{"id":47892,"date":"2026-01-15T15:29:10","date_gmt":"2026-01-15T07:29:10","guid":{"rendered":"https:\/\/ulpmat.com\/product\/solfuro-di-sodio\/"},"modified":"2026-01-15T15:29:10","modified_gmt":"2026-01-15T07:29:10","slug":"solfuro-di-sodio","status":"publish","type":"product","link":"https:\/\/ulpmat.com\/it\/prodotto\/solfuro-di-sodio\/","title":{"rendered":"Solfuro di sodio"},"content":{"rendered":"<h2><span style=\"font-size: 14pt;\">Panoramica sulla polvere di solfuro di sodio<\/span><\/h2>\n<p>La polvere<br \/>\n<span style=\"color: #0000ff;\"><a style=\"color: #0000ff;\" href=\"https:\/\/ulpmat.com\/it\/ricerca\/?type=name&#038;keyword=Sodium+sulfide\">di solfuro di<\/a><\/span><\/p>\n<p><span style=\"color: #0000ff;\"><a style=\"color: #0000ff;\" href=\"https:\/\/ulpmat.com\/it\/ricerca\/?type=name&#038;keyword=Sodium+sulfide\">sodio<\/a><\/span><br \/>\n\u00e8 una sostanza chimica inorganica altamente reattiva e solubile in acqua, ampiamente utilizzata nella sintesi chimica, nella lavorazione della cellulosa e della carta e nel trattamento delle acque. La sua forma in polvere fine garantisce una rapida dissoluzione, una miscelazione uniforme e un dosaggio preciso, adatto sia per applicazioni industriali che di laboratorio.<\/p>\n<p>Forniamo solfuro di sodio in polvere, con purezza e dimensione delle particelle personalizzabili in base alle esigenze del cliente. <span style=\"color: #0000ff;\"><a style=\"color: #0000ff;\" href=\"https:\/\/ulpmat.com\/it\/contatto\/\">Contattateci<\/a><\/span><br \/>\ndirettamente per qualsiasi domanda o richiesta di ordine.<\/p>\n<h2><span style=\"font-size: 14pt;\">Caratteristiche principali del prodotto<\/span><\/h2>\n<p>Polvere fine, dissoluzione rapida<br \/>\nElevata purezza, qualit\u00e0 stabile<br \/>\nDisponibile per uso industriale e di laboratorio<br \/>\nDimensioni delle particelle e confezionamento personalizzabili<br \/>\nIl rigoroso controllo di qualit\u00e0 garantisce l&#8217;affidabilit\u00e0<br \/>\nFacile da maneggiare e conservare<\/p>\n<h2><span style=\"font-size: 14pt;\">Applicazioni della polvere di solfuro di sodio<\/span><\/h2>\n<p>Industria chimica: la polvere di solfuro di sodio \u00e8 una materia prima fondamentale per la produzione di composti contenenti zolfo, coloranti e reagenti.<br \/>\nIndustria della cellulosa e della carta: utilizzata nei processi di produzione della cellulosa solfata per facilitare la spappolatura, lo sbiancamento e il recupero chimico.<br \/>\nTrattamento delle acque: rimuove efficacemente i metalli pesanti e purifica le acque reflue industriali.<br \/>\nIndustria del cuoio: utilizzata come agente depilatorio e materia prima nei processi di concia del cuoio.<\/p>\n<h2><span style=\"font-size: 14pt; color: #0000ff;\"><a style=\"color: #0000ff;\" href=\"https:\/\/ulpmat.com\/it\/azienda\/domande-frequenti\/\">Domande frequenti<\/a><\/span><\/h2>\n<p>D1: Qual \u00e8 la gamma di dimensioni delle particelle della polvere di solfuro di sodio?<br \/>\nA1: La dimensione delle particelle pu\u00f2 solitamente essere personalizzata in base alle esigenze industriali.<\/p>\n<p>D2: Come deve essere conservata la polvere di solfuro di sodio?<br \/>\nR2: Conservare in un luogo fresco, asciutto e ben ventilato, lontano da sostanze acide e ambienti umidi per evitare la decomposizione.<\/p>\n<p>D3: La polvere di solfuro di sodio pu\u00f2 essere sciolta direttamente in acqua?<br \/>\nR3: S\u00ec, la polvere si dissolve rapidamente, rendendola ideale per misurazioni industriali precise.<\/p>\n<p>D4: Quali gradi di purezza sono disponibili?<br \/>\nR4: Il grado di purezza comunemente utilizzato \u00e8 del 99,9%. Produciamo principalmente prodotti di elevata purezza per uso di laboratorio.<\/p>\n<h2><span style=\"font-size: 14pt;\">Rapporti<\/span><\/h2>\n<p>Ogni lotto \u00e8 accompagnato da:<br \/>\n<span style=\"color: #0000ff;\"><a style=\"color: #0000ff;\" href=\"https:\/\/ulpmat.com\/it\/documenti\/certificato-di-analisi\/\"><u>Certificato di analisi (COA)<\/u><\/a><\/span><\/p>\n<p><span style=\"color: #0000ff;\"><a style=\"color: #0000ff;\" href=\"https:\/\/ulpmat.com\/it\/documenti\/scheda-tecnica\/\"><u>Scheda tecnica (TDS)<\/u><\/a><\/span><\/p>\n<p><span style=\"color: #0000ff;\"><a style=\"color: #0000ff;\" href=\"https:\/\/ulpmat.com\/it\/documenti\/scheda-di-sicurezza\/\"><u>Scheda di sicurezza (MSDS)<\/u><\/a><\/span><br \/>\nRapporti di test di terze parti disponibili su richiesta<\/p>\n<h2><span style=\"font-size: 14pt;\">Perch\u00e9 scegliere noi?<\/span><\/h2>\n<p>Forniamo polvere di solfuro di sodio di alta qualit\u00e0 con fornitura affidabile, rigoroso controllo di qualit\u00e0 e soluzioni personalizzate per una variet\u00e0 di applicazioni industriali. I nostri prodotti garantiscono la sicurezza, l&#8217;efficienza e le prestazioni stabili di tutti i vostri processi.<\/p>\n","protected":false},"excerpt":{"rendered":"<p>Panoramica sulla polvere di solfuro di sodio La polvere di solfuro di sodio \u00e8 una sostanza chimica inorganica altamente reattiva e solubile in acqua, ampiamente utilizzata nella sintesi chimica, nella lavorazione della cellulosa e della carta e nel trattamento delle acque. La sua forma in polvere fine garantisce una rapida dissoluzione, una miscelazione uniforme e [&hellip;]<\/p>\n","protected":false},"featured_media":47893,"template":"","meta":{"_acf_changed":false},"product_brand":[132],"product_cat":[672,1093],"product_tag":[6874],"class_list":{"0":"post-47892","1":"product","2":"type-product","3":"status-publish","4":"has-post-thumbnail","6":"product_brand-ulpmat","7":"product_cat-materiali-calcogenidici","8":"product_cat-materiali-calcogenidici-it","9":"product_tag-polvere-di-solfuro-di-sodio","11":"first","12":"instock","13":"shipping-taxable","14":"product-type-variable"},"acf":[],"_links":{"self":[{"href":"https:\/\/ulpmat.com\/it\/wp-json\/wp\/v2\/product\/47892","targetHints":{"allow":["GET"]}}],"collection":[{"href":"https:\/\/ulpmat.com\/it\/wp-json\/wp\/v2\/product"}],"about":[{"href":"https:\/\/ulpmat.com\/it\/wp-json\/wp\/v2\/types\/product"}],"wp:featuredmedia":[{"embeddable":true,"href":"https:\/\/ulpmat.com\/it\/wp-json\/wp\/v2\/media\/47893"}],"wp:attachment":[{"href":"https:\/\/ulpmat.com\/it\/wp-json\/wp\/v2\/media?parent=47892"}],"wp:term":[{"taxonomy":"product_brand","embeddable":true,"href":"https:\/\/ulpmat.com\/it\/wp-json\/wp\/v2\/product_brand?post=47892"},{"taxonomy":"product_cat","embeddable":true,"href":"https:\/\/ulpmat.com\/it\/wp-json\/wp\/v2\/product_cat?post=47892"},{"taxonomy":"product_tag","embeddable":true,"href":"https:\/\/ulpmat.com\/it\/wp-json\/wp\/v2\/product_tag?post=47892"}],"curies":[{"name":"wp","href":"https:\/\/api.w.org\/{rel}","templated":true}]}}