{"id":47856,"date":"2026-01-15T15:29:11","date_gmt":"2026-01-15T07:29:11","guid":{"rendered":"https:\/\/ulpmat.com\/product\/persolfato-di-sodio\/"},"modified":"2026-01-15T15:29:11","modified_gmt":"2026-01-15T07:29:11","slug":"persolfato-di-sodio","status":"publish","type":"product","link":"https:\/\/ulpmat.com\/it\/prodotto\/persolfato-di-sodio\/","title":{"rendered":"Persolfato di sodio"},"content":{"rendered":"<h2><span style=\"font-size: 14pt;\">Panoramica sul persolfato di sodio in polvere<\/span><\/h2>\n<p><span style=\"color: #0000ff;\"><a style=\"color: #0000ff;\" href=\"https:\/\/ulpmat.com\/it\/ricerca\/?type=name&#038;keyword=Sodium+persulfate\">Il persolfato di sodio<\/a><\/span><br \/>\nin polvere \u00e8 un forte agente ossidante ampiamente utilizzato come iniziatore di polimerizzazione, agente di incisione elettronica e agente per il trattamento dell&#8217;acqua. Le sue propriet\u00e0 di polvere fine garantiscono una rapida dissoluzione, velocit\u00e0 di reazione uniformi e dosaggi precisi nelle applicazioni industriali e di laboratorio.<\/p>\n<p>Offriamo persolfato di sodio in polvere con purezza e dimensioni delle particelle personalizzate per soddisfare le esigenze industriali e di ricerca. <span style=\"color: #0000ff;\"><a style=\"color: #0000ff;\" href=\"https:\/\/ulpmat.com\/it\/contatto\/\">Contattateci<\/a><\/span><br \/>\ndirettamente per qualsiasi domanda o per effettuare un ordine.<\/p>\n<h2><span style=\"font-size: 14pt;\">Caratteristiche principali del prodotto<\/span><\/h2>\n<p>Polvere fine, rapida dissoluzione<br \/>\nForte potere ossidante, elevata purezza<br \/>\nDisponibile per uso industriale e di laboratorio<br \/>\nDimensioni delle particelle e confezionamento personalizzabili<br \/>\nRigoroso controllo di qualit\u00e0 e test<br \/>\nFunzionamento sicuro e facile<\/p>\n<h2><span style=\"font-size: 14pt;\">Applicazioni della polvere di persolfato di sodio<\/span><\/h2>\n<p>Industria della polimerizzazione: Utilizzato come iniziatore nella produzione di acido acrilico, stirene e altri polimeri.<br \/>\nElettronica e incisione: utilizzato nei processi di incisione dei circuiti stampati e di trattamento delle superfici.<br \/>\nTrattamento delle acque: utilizzato come forte agente ossidante per la depurazione delle acque reflue e delle acque industriali.<br \/>\nRicerca di laboratorio: adatto per reazioni chimiche che richiedono un&#8217;ossidazione controllata.<\/p>\n<h2><span style=\"font-size: 14pt; color: #0000ff;\"><a style=\"color: #0000ff;\" href=\"https:\/\/ulpmat.com\/it\/azienda\/domande-frequenti\/\">Domande frequenti<\/a><\/span><\/h2>\n<p>D1: Quali sono gli usi del persolfato di sodio nelle reazioni di polimerizzazione?<br \/>\nR1: Agisce come iniziatore di radicali liberi nella produzione di polimeri come il poliacrilammide, garantendo una polimerizzazione efficiente e un elevato controllo del peso molecolare.<\/p>\n<p>D2: Il persolfato di sodio pu\u00f2 essere utilizzato per l&#8217;incisione di PCB?<br \/>\nA2: S\u00ec, grazie alle sue forti propriet\u00e0 ossidanti, \u00e8 ampiamente utilizzato come agente di incisione del rame per i circuiti stampati.<\/p>\n<p>D3: Come deve essere conservato il persolfato di sodio in polvere?<br \/>\nA3: Conservare in un luogo fresco, asciutto e ben ventilato, lontano da materiali infiammabili, agenti riducenti e ambienti umidi.<\/p>\n<p>D4: Quali gradi di purezza del persolfato di sodio sono disponibili?<br \/>\nA4: I gradi di purezza possono essere personalizzati per applicazioni industriali e di laboratorio.<\/p>\n<h2><span style=\"font-size: 14pt;\">Rapporti<\/span><\/h2>\n<p>Ogni lotto viene fornito con:<br \/>\n<span style=\"color: #0000ff;\"><a style=\"color: #0000ff;\" href=\"https:\/\/ulpmat.com\/it\/documenti\/certificato-di-analisi\/\"><u>Certificato di analisi (COA)<\/u><\/a><\/span><\/p>\n<p><span style=\"color: #0000ff;\"><a style=\"color: #0000ff;\" href=\"https:\/\/ulpmat.com\/it\/documenti\/scheda-tecnica\/\"><u>Scheda tecnica (TDS)<\/u><\/a><\/span><\/p>\n<p><span style=\"color: #0000ff;\"><a style=\"color: #0000ff;\" href=\"https:\/\/ulpmat.com\/it\/documenti\/scheda-di-sicurezza\/\"><u>Scheda di sicurezza (MSDS)<\/u><\/a><\/span><br \/>\nRapporti di test di terze parti disponibili su richiesta<\/p>\n<h2><span style=\"font-size: 14pt;\">Perch\u00e9 scegliere noi?<\/span><\/h2>\n<p>Forniamo polvere di persolfato di sodio di alta qualit\u00e0 attraverso una fornitura affidabile, un rigoroso controllo di qualit\u00e0 e soluzioni su misura per applicazioni industriali e di laboratorio. I nostri prodotti garantiscono una manipolazione sicura, prestazioni costanti e una reattivit\u00e0 ottimale.<\/p>\n","protected":false},"excerpt":{"rendered":"<p>Panoramica sul persolfato di sodio in polvere Il persolfato di sodio in polvere \u00e8 un forte agente ossidante ampiamente utilizzato come iniziatore di polimerizzazione, agente di incisione elettronica e agente per il trattamento dell&#8217;acqua. Le sue propriet\u00e0 di polvere fine garantiscono una rapida dissoluzione, velocit\u00e0 di reazione uniformi e dosaggi precisi nelle applicazioni industriali e [&hellip;]<\/p>\n","protected":false},"featured_media":47857,"template":"","meta":{"_acf_changed":false},"product_brand":[132],"product_cat":[672,1093],"product_tag":[6862],"class_list":{"0":"post-47856","1":"product","2":"type-product","3":"status-publish","4":"has-post-thumbnail","6":"product_brand-ulpmat","7":"product_cat-materiali-calcogenidici","8":"product_cat-materiali-calcogenidici-it","9":"product_tag-persolfato-di-sodio-in-polvere","11":"first","12":"instock","13":"shipping-taxable","14":"product-type-variable"},"acf":[],"_links":{"self":[{"href":"https:\/\/ulpmat.com\/it\/wp-json\/wp\/v2\/product\/47856","targetHints":{"allow":["GET"]}}],"collection":[{"href":"https:\/\/ulpmat.com\/it\/wp-json\/wp\/v2\/product"}],"about":[{"href":"https:\/\/ulpmat.com\/it\/wp-json\/wp\/v2\/types\/product"}],"wp:featuredmedia":[{"embeddable":true,"href":"https:\/\/ulpmat.com\/it\/wp-json\/wp\/v2\/media\/47857"}],"wp:attachment":[{"href":"https:\/\/ulpmat.com\/it\/wp-json\/wp\/v2\/media?parent=47856"}],"wp:term":[{"taxonomy":"product_brand","embeddable":true,"href":"https:\/\/ulpmat.com\/it\/wp-json\/wp\/v2\/product_brand?post=47856"},{"taxonomy":"product_cat","embeddable":true,"href":"https:\/\/ulpmat.com\/it\/wp-json\/wp\/v2\/product_cat?post=47856"},{"taxonomy":"product_tag","embeddable":true,"href":"https:\/\/ulpmat.com\/it\/wp-json\/wp\/v2\/product_tag?post=47856"}],"curies":[{"name":"wp","href":"https:\/\/api.w.org\/{rel}","templated":true}]}}