{"id":47796,"date":"2026-01-15T15:29:13","date_gmt":"2026-01-15T07:29:13","guid":{"rendered":"https:\/\/ulpmat.com\/product\/esafluoroalluminato-di-sodio-criolite-3\/"},"modified":"2026-01-15T15:29:13","modified_gmt":"2026-01-15T07:29:13","slug":"esafluoroalluminato-di-sodio-criolite-3","status":"publish","type":"product","link":"https:\/\/ulpmat.com\/it\/prodotto\/esafluoroalluminato-di-sodio-criolite-3\/","title":{"rendered":"Esafluoroalluminato di sodio (criolite)"},"content":{"rendered":"<h2><span style=\"font-size: 14pt;\">Panoramica sulla polvere di esafluoroalluminato di sodio<\/span><\/h2>\n<p>La polvere<br \/>\n<span style=\"color: #0000ff;\"><a style=\"color: #0000ff;\" href=\"https:\/\/ulpmat.com\/it\/ricerca\/?type=name&#038;keyword=Sodium+hexafluoroaluminate+\">di esafluoroalluminato di sodio<\/a><\/span><br \/>\n(Na\u2083AlF\u2086) \u00e8 un importante materiale inorganico, utilizzato principalmente come fondente nella produzione di alluminio e ampiamente impiegato anche nell&#8217;industria ceramica, del vetro e dello smalto. La sua forma in polvere fine garantisce una rapida dispersione, una reazione uniforme e un dosaggio preciso nelle applicazioni industriali e di laboratorio.<\/p>\n<p>Offriamo fluoruro di sodio e alluminio in polvere con purezza, dimensione delle particelle e confezionamento personalizzabili per soddisfare le esigenze industriali e di ricerca. <span style=\"color: #0000ff;\"><a style=\"color: #0000ff;\" href=\"https:\/\/ulpmat.com\/it\/contatto\/\">Contattateci<\/a><\/span><br \/>\ndirettamente per qualsiasi domanda o per effettuare un ordine.<\/p>\n<h2><span style=\"font-size: 14pt;\">Caratteristiche principali del prodotto<\/span><\/h2>\n<p>Polvere fine, dispersione uniforme<br \/>\nElevata purezza, qualit\u00e0 stabile<br \/>\nEccellente stabilit\u00e0 termica e chimica<br \/>\nAdatto per applicazioni industriali e di laboratorio<br \/>\nDimensioni delle particelle e confezionamento personalizzabili<br \/>\nRigoroso controllo di qualit\u00e0 e test<\/p>\n<h2><span style=\"font-size: 14pt;\">Applicazioni della polvere di fluoruro di sodio e alluminio<\/span><\/h2>\n<p>Elettrolisi dell&#8217;alluminio: utilizzato come fondente per abbassare il punto di fusione dell&#8217;allumina e migliorare l&#8217;efficienza dell&#8217;elettrolisi.<br \/>\nCeramica e vetro: utilizzato come additivo per migliorare la resistenza al calore e la finitura superficiale.<br \/>\nSmalto e rivestimenti: migliora la levigatezza e la durata dei rivestimenti smaltati.<br \/>\nLaboratorio e ricerca: adatto per reazioni chimiche che richiedono ioni fluoruro in polvere.<\/p>\n<h2><span style=\"color: #0000ff;\"><a style=\"color: #0000ff;\" href=\"https:\/\/ulpmat.com\/it\/azienda\/domande-frequenti\/\"><span style=\"font-size: 14pt;\">Domande frequenti<\/span><\/a><\/span><\/h2>\n<p>D1: Quali sono gli usi della criolite nella produzione di alluminio?<br \/>\nR1: Viene utilizzata come fondente nell&#8217;elettrolisi dell&#8217;alluminio per abbassare il punto di fusione dell&#8217;allumina e migliorare la conduttivit\u00e0.<\/p>\n<p>D2: Come deve essere conservata la polvere di fluoruro di sodio e alluminio?<br \/>\nR2: Conservare in un luogo asciutto, fresco e ben ventilato, lontano da umidit\u00e0 e acidi forti per evitare la formazione di grumi e il degrado.<\/p>\n<p>D3: La polvere di fluoruro di sodio e alluminio pu\u00f2 essere utilizzata nella ceramica?<br \/>\nR3: S\u00ec, \u00e8 ampiamente utilizzata come additivo per migliorare la stabilit\u00e0 termica e la qualit\u00e0 superficiale dei prodotti ceramici.<\/p>\n<h2><span style=\"font-size: 14pt;\">Rapporti<\/span><\/h2>\n<p>Ogni lotto \u00e8 fornito con:<br \/>\n<span style=\"color: #0000ff;\"><a style=\"color: #0000ff;\" href=\"https:\/\/ulpmat.com\/it\/documenti\/certificato-di-analisi\/\"><u>Certificato di analisi (COA)<\/u><\/a><\/span><\/p>\n<p><span style=\"color: #0000ff;\"><a style=\"color: #0000ff;\" href=\"https:\/\/ulpmat.com\/it\/documenti\/scheda-tecnica\/\"><u>Scheda tecnica (TDS)<\/u><\/a><\/span><\/p>\n<p><a href=\"https:\/\/ulpmat.com\/it\/documenti\/scheda-di-sicurezza\/\"><u><span style=\"color: #0000ff;\">Scheda di sicurezza (MSDS<\/span>)<\/u><\/a><br \/>\nRapporti di test di terze parti disponibili su richiesta<\/p>\n<h2><span style=\"font-size: 14pt;\">Perch\u00e9 scegliere noi?<\/span><\/h2>\n<p>Forniamo polvere di fluoruro di sodio e alluminio di alta qualit\u00e0 con fornitura affidabile, controllo di qualit\u00e0 rigoroso e soluzioni personalizzate per applicazioni industriali e scientifiche. I nostri prodotti garantiscono prestazioni stabili e uniformi e un&#8217;eccellente reattivit\u00e0.<\/p>\n","protected":false},"excerpt":{"rendered":"<p>Panoramica sulla polvere di esafluoroalluminato di sodio La polvere di esafluoroalluminato di sodio (Na\u2083AlF\u2086) \u00e8 un importante materiale inorganico, utilizzato principalmente come fondente nella produzione di alluminio e ampiamente impiegato anche nell&#8217;industria ceramica, del vetro e dello smalto. La sua forma in polvere fine garantisce una rapida dispersione, una reazione uniforme e un dosaggio preciso [&hellip;]<\/p>\n","protected":false},"featured_media":47797,"template":"","meta":{"_acf_changed":false},"product_brand":[132],"product_cat":[323],"product_tag":[6844],"class_list":{"0":"post-47796","1":"product","2":"type-product","3":"status-publish","4":"has-post-thumbnail","6":"product_brand-ulpmat","7":"product_cat-materiali-alogenuri","8":"product_tag-esafluoroalluminato-di-sodio-criolite-in-polvere","10":"first","11":"instock","12":"shipping-taxable","13":"product-type-variable"},"acf":[],"_links":{"self":[{"href":"https:\/\/ulpmat.com\/it\/wp-json\/wp\/v2\/product\/47796","targetHints":{"allow":["GET"]}}],"collection":[{"href":"https:\/\/ulpmat.com\/it\/wp-json\/wp\/v2\/product"}],"about":[{"href":"https:\/\/ulpmat.com\/it\/wp-json\/wp\/v2\/types\/product"}],"wp:featuredmedia":[{"embeddable":true,"href":"https:\/\/ulpmat.com\/it\/wp-json\/wp\/v2\/media\/47797"}],"wp:attachment":[{"href":"https:\/\/ulpmat.com\/it\/wp-json\/wp\/v2\/media?parent=47796"}],"wp:term":[{"taxonomy":"product_brand","embeddable":true,"href":"https:\/\/ulpmat.com\/it\/wp-json\/wp\/v2\/product_brand?post=47796"},{"taxonomy":"product_cat","embeddable":true,"href":"https:\/\/ulpmat.com\/it\/wp-json\/wp\/v2\/product_cat?post=47796"},{"taxonomy":"product_tag","embeddable":true,"href":"https:\/\/ulpmat.com\/it\/wp-json\/wp\/v2\/product_tag?post=47796"}],"curies":[{"name":"wp","href":"https:\/\/api.w.org\/{rel}","templated":true}]}}