{"id":47362,"date":"2026-01-16T16:07:22","date_gmt":"2026-01-16T08:07:22","guid":{"rendered":"https:\/\/ulpmat.com\/product\/titanato-di-litio-ossido-di-litio-e-titanio\/"},"modified":"2026-01-16T16:07:22","modified_gmt":"2026-01-16T08:07:22","slug":"titanato-di-litio-ossido-di-litio-e-titanio","status":"publish","type":"product","link":"https:\/\/ulpmat.com\/it\/prodotto\/titanato-di-litio-ossido-di-litio-e-titanio\/","title":{"rendered":"Titanato di litio (ossido di litio e titanio)"},"content":{"rendered":"<h2><span style=\"font-size: 14pt;\">Target di sputtering al titanato di litio Panoramica<\/span><\/h2>\n<p>I target di sputtering<br \/>\n<span style=\"color: #0000ff;\"><a style=\"color: #0000ff;\" href=\"https:\/\/ulpmat.com\/it\/ricerca\/?type=name&#038;keyword=Lithium+Titanate\">al titanato di litio<\/a><\/span><br \/>\nsono materiali ceramici avanzati, con una struttura monoclina stabile e un&#8217;eccellente resistenza termica e chimica. I target Li2TiO3 forniscono una fonte affidabile di litio e titanio durante i processi di deposizione fisica da vapore (PVD).<\/p>\n<p>I nostri target di sputtering al titanato di litio ad alta purezza sono prodotti utilizzando materie prime di alta qualit\u00e0 e tecniche di sinterizzazione di precisione per garantire alta densit\u00e0, bassa porosit\u00e0 e composizione uniforme. Offriamo <span style=\"color: #0000ff;\"><a style=\"color: #0000ff;\" href=\"https:\/\/ulpmat.com\/it\/servizio\/servizio-post-vendita\/\">un&#8217;assistenza post-vendita<\/a><\/span><br \/>\ncompleta: non esitate a<a href=\"https:\/\/ulpmat.com\/it\/contatto\/\"> contattarci<\/a><br \/>\nper qualsiasi domanda.<\/p>\n<h2><span style=\"font-size: 14pt;\">Caratteristiche principali del prodotto<\/span><\/h2>\n<p>Purezza: \u226599,9%<br \/>\nAlta densit\u00e0<br \/>\nStabilit\u00e0 della fase monoclina<br \/>\nDimensioni personalizzate: disponibili bersagli circolari, rettangolari o a forma di anello<br \/>\nLegami e supporti: piastre di supporto metalliche opzionali e servizio <span style=\"color: #0000ff;\"><a style=\"color: #0000ff;\" href=\"https:\/\/ulpmat.com\/it\/servizio\/legame-con-lobiettivo\/\">di incollaggio<\/a><\/span><br \/>\ndei bersagli<\/p>\n<h2><span style=\"font-size: 14pt;\">Applicazioni dei bersagli di sputtering in titanato di litio<\/span><\/h2>\n<p>Rivestimenti <span style=\"color: #0000ff;\"><a style=\"color: #0000ff;\" href=\"https:\/\/ulpmat.com\/it\/applicazione\/materiali-della-batteria\/\">per batterie<\/a><\/span><br \/>\nagli ioni di litio: per anodi avanzati o interfacce elettrolitiche solide<br \/>\nDispositivi a stato solido: film sottili in conduttori di litio-ione a stato solido<br \/>\nRicerca sull&#8217;energia da fusione: rivestimenti a film sottile per applicazioni di produzione di trizio<br \/>\nStrati di ossido funzionali: deposizione di strati dielettrici o ionici conduttivi<\/p>\n<h2><span style=\"font-size: 14pt; color: #0000ff;\"><a style=\"color: #0000ff;\" href=\"https:\/\/ulpmat.com\/it\/azienda\/domande-frequenti\/\">Domande frequenti<\/a><\/span><\/h2>\n<p><span style=\"color: #000000;\">D1:<\/span><br \/>\nPer<br \/>\n<span style=\"color: #000000;\">quali tipi<\/span><br \/>\ndi film sottili vengono utilizzati principalmente i target di sputtering al titanato di litio?<br \/>\nA1: Questo bersaglio viene utilizzato principalmente per la preparazione di film sottili funzionali di ossido di litio e titanio, comunemente utilizzati nella ricerca relativa ai materiali anodici delle batterie agli ioni di litio, ai film sottili di ossido funzionale e agli elettroliti allo stato solido.<\/p>\n<p>D2: Quali sono le caratteristiche del materiale al titanato di litio nella deposizione di film sottili?<br \/>\nA2: Questo materiale ha una buona stabilit\u00e0 chimica e strutturale, che consente la formazione di film sottili uniformi, densi e stabili durante la polverizzazione.<\/p>\n<p>Q3: Quali processi di deposizione sono adatti per questo bersaglio di sputtering?<br \/>\nA3: I bersagli di sputtering al titanato di litio sono adatti per processi PVD come lo sputtering RF e lo sputtering DC e sono compatibili con apparecchiature sia di laboratorio che su scala pilota.<\/p>\n<p>Q4: Quali precauzioni devono essere prese durante l&#8217;uso e la conservazione dei bersagli di sputtering al titanato di litio?<br \/>\nA4: Si raccomanda di utilizzarli e conservarli in un ambiente asciutto e sigillato, evitando l&#8217;esposizione prolungata all&#8217;aria per garantire la stabilit\u00e0 del bersaglio durante il processo di deposizione e la qualit\u00e0 del film sottile. Rapporti<br \/>\nOgni lotto di Li2TiO3 \u00e8 fornito con un <span style=\"color: #000000;\"><a style=\"color: #000000;\" href=\"https:\/\/ulpmat.com\/it\/documenti\/certificato-di-analisi\/\"><span style=\"color: #0000ff;\">certificato di analisi (COA)<\/span><\/a><\/span><br \/>\ne <span style=\"color: #0000ff;\"><a style=\"color: #0000ff;\" href=\"https:\/\/ulpmat.com\/it\/documenti\/scheda-di-sicurezza\/\">una scheda di sicurezza dei materiali (MSDS).<\/a><\/span><br \/>\nSu richiesta \u00e8 possibile fornire analisi di purezza elementare e composizione di fase effettuate da terzi.<br \/>\nOpzionale: rapporto sulla densit\u00e0, scheda tecnica di incollaggio, conferma XRD della fase.<\/p>\n","protected":false},"excerpt":{"rendered":"<p>Target di sputtering al titanato di litio Panoramica I target di sputtering al titanato di litio sono materiali ceramici avanzati, con una struttura monoclina stabile e un&#8217;eccellente resistenza termica e chimica. I target Li2TiO3 forniscono una fonte affidabile di litio e titanio durante i processi di deposizione fisica da vapore (PVD). I nostri target di [&hellip;]<\/p>\n","protected":false},"featured_media":47363,"template":"","meta":{"_acf_changed":false},"product_brand":[132],"product_cat":[453],"product_tag":[6502],"class_list":{"0":"post-47362","1":"product","2":"type-product","3":"status-publish","4":"has-post-thumbnail","6":"product_brand-ulpmat","7":"product_cat-target-di-sputtering-in-ceramica","8":"product_tag-bersaglio-di-sputtering-in-titanato-di-litio-ossido-di-litio-e-titanio","10":"first","11":"instock","12":"shipping-taxable","13":"product-type-variable"},"acf":[],"_links":{"self":[{"href":"https:\/\/ulpmat.com\/it\/wp-json\/wp\/v2\/product\/47362","targetHints":{"allow":["GET"]}}],"collection":[{"href":"https:\/\/ulpmat.com\/it\/wp-json\/wp\/v2\/product"}],"about":[{"href":"https:\/\/ulpmat.com\/it\/wp-json\/wp\/v2\/types\/product"}],"wp:featuredmedia":[{"embeddable":true,"href":"https:\/\/ulpmat.com\/it\/wp-json\/wp\/v2\/media\/47363"}],"wp:attachment":[{"href":"https:\/\/ulpmat.com\/it\/wp-json\/wp\/v2\/media?parent=47362"}],"wp:term":[{"taxonomy":"product_brand","embeddable":true,"href":"https:\/\/ulpmat.com\/it\/wp-json\/wp\/v2\/product_brand?post=47362"},{"taxonomy":"product_cat","embeddable":true,"href":"https:\/\/ulpmat.com\/it\/wp-json\/wp\/v2\/product_cat?post=47362"},{"taxonomy":"product_tag","embeddable":true,"href":"https:\/\/ulpmat.com\/it\/wp-json\/wp\/v2\/product_tag?post=47362"}],"curies":[{"name":"wp","href":"https:\/\/api.w.org\/{rel}","templated":true}]}}