{"id":46663,"date":"2026-01-16T16:11:17","date_gmt":"2026-01-16T08:11:17","guid":{"rendered":"https:\/\/ulpmat.com\/product\/ossido-di-litio-lantanio-titanio-llto\/"},"modified":"2026-01-16T16:11:17","modified_gmt":"2026-01-16T08:11:17","slug":"ossido-di-litio-lantanio-titanio-llto","status":"publish","type":"product","link":"https:\/\/ulpmat.com\/it\/prodotto\/ossido-di-litio-lantanio-titanio-llto\/","title":{"rendered":"Ossido di litio-lantanio-titanio (LLTO)"},"content":{"rendered":"<h2><span style=\"font-size: 14pt;\">Panoramica sui target di sputtering in ossido di litio, lantanio e titanio<\/span><\/h2>\n<p>I target di sputtering<br \/>\n<span style=\"color: #0000ff;\"><a style=\"color: #0000ff;\" href=\"https:\/\/ulpmat.com\/it\/ricerca\/?type=name&#038;keyword=Lithium+Lanthanum+Titanium+Oxide\">in ossido di litio, lantanio e titanio<\/a><\/span><br \/>\nsono target ceramici progettati per la deposizione di strati sottili di elettrolita solido LLTO. Grazie alla loro elevata conduttivit\u00e0 degli ioni di litio, alla stabilit\u00e0 termica e alla compatibilit\u00e0 con il litio metallico, i target LLTO sono ampiamente utilizzati nella ricerca e nello sviluppo di microbatterie al litio allo stato solido, dispositivi di accumulo di energia a film sottile e materiali elettrochimici avanzati.<\/p>\n<p>I target di sputtering in ossido di litio, lantanio e titanio sono prodotti con stechiometria controllata e struttura ceramica densa per garantire velocit\u00e0 di sputtering costanti, spessore uniforme del film e conducibilit\u00e0 ionica riproducibile nei film sottili depositati. Sono adatti per sistemi di sputtering RF e magnetron.<\/p>\n<h2><span style=\"font-size: 14pt;\">Caratteristiche principali del prodotto<\/span><\/h2>\n<p>Elevata conducibilit\u00e0 degli ioni di litio nei film sottili depositati<br \/>\nStruttura ceramica densa per uno sputtering stabile e uniforme<br \/>\nStechiometria controllata che garantisce una composizione riproducibile del film<br \/>\nCompatibile con i sistemi di sputtering RF e magnetron<br \/>\nAdatto alla ricerca sulle microbatterie e sulle batterie a stato solido a film sottile<br \/>\nBuona adesione e compatibilit\u00e0 con il substrato<\/p>\n<h2><span style=\"font-size: 14pt;\">Applicazioni del bersaglio di sputtering in ossido di litio, lantanio e titanio<\/span><\/h2>\n<p><strong>Elettroliti solidi a film sottile:<\/strong><br \/>\ni bersagli di sputtering<br \/>\n<strong>in ossido di litio, lantanio e titanio<\/strong><br \/>\nsono utilizzati per depositare strati di elettroliti solidi in microbatterie al litio completamente allo stato solido.<br \/>\n<strong>Ricerca sull&#8217;accumulo di energia e <span style=\"color: #0000ff;\"><a style=\"color: #0000ff;\" href=\"https:\/\/ulpmat.com\/it\/applicazione\/materiali-della-batteria\/\">sulle batterie<\/a><\/span>:<\/strong><br \/>\ni film sottili prodotti dai target LLTO vengono applicati negli studi sulla conduttivit\u00e0 ionica, la stabilit\u00e0 elettrochimica e l&#8217;ingegneria delle interfacce.<br \/>\n<strong>Ricerca sui materiali elettrochimici:<\/strong><br \/>\ni target<br \/>\n<strong>di ossido di litio, lantanio e titanio<\/strong><br \/>\nsono adatti alla ricerca avanzata sugli elettroliti allo stato solido, gli elettrodi compositi e i materiali funzionali a film sottile.<br \/>\n<strong>Rivestimenti funzionali per microbatterie:<\/strong><br \/>\nutilizzati nello sviluppo di rivestimenti funzionali a film sottile per applicazioni di accumulo di energia e microelettronica.<\/p>\n<h2><span style=\"color: #0000ff; font-size: 14pt;\"><a style=\"color: #0000ff;\" href=\"https:\/\/ulpmat.com\/it\/azienda\/domande-frequenti\/\">Domande frequenti<\/a><\/span><\/h2>\n<p>D1: Quali metodi di sputtering sono adatti per i target LLTO?<br \/>\nR1: I target LLTO sono comunemente utilizzati nei sistemi di sputtering RF e magnetron grazie alla loro natura ceramica.<\/p>\n<p>D2: I film sottili LLTO possono mantenere il contenuto di litio durante la polverizzazione?<br \/>\nR2: Una corretta progettazione del target e parametri di polverizzazione ottimizzati riducono al minimo la perdita di litio e garantiscono una composizione uniforme del film sottile.<\/p>\n<p>D3: I target LLTO sono compatibili con le piastre di supporto?<br \/>\nR3: S\u00ec, \u00e8 possibile fornire opzioni di incollaggio in base alle dimensioni del target e ai requisiti del sistema di polverizzazione.<\/p>\n<p>Q4: Quali substrati sono compatibili con i film sottili LLTO?<br \/>\nA4: I substrati comuni includono wafer di silicio, vetro, zaffiro e altri substrati utilizzati nella ricerca sulle batterie a stato solido a film sottile.<\/p>\n<h2><span style=\"font-size: 14pt;\">Report<\/span><\/h2>\n<p>Ogni lotto viene fornito con:<br \/>\n<span style=\"color: #0000ff;\"><a style=\"color: #0000ff;\" href=\"https:\/\/ulpmat.com\/it\/documenti\/certificato-di-analisi\/\"><u>Certificato di analisi (COA)<\/u><\/a><\/span><\/p>\n<p><span style=\"color: #0000ff;\"><a style=\"color: #0000ff;\" href=\"https:\/\/ulpmat.com\/it\/documenti\/scheda-tecnica\/\"><u>Scheda tecnica (TDS)<\/u><\/a><\/span><\/p>\n<p><span style=\"color: #0000ff;\"><a style=\"color: #0000ff;\" href=\"https:\/\/ulpmat.com\/it\/documenti\/scheda-di-sicurezza\/\"><u>Scheda di sicurezza (MSDS)<\/u><\/a><\/span><br \/>\nRapporto di ispezione delle dimensioni<br \/>\nRapporti di test di terze parti disponibili su richiesta<\/p>\n<h2><span style=\"font-size: 14pt;\">Vantaggi del materiale<\/span><\/h2>\n<p>I target di sputtering in ossido di litio-lantanio-titanio sono spesso ricercati per elettroliti solidi a film sottile, ricerca sulle microbatterie e applicazioni di batterie allo stato solido. La loro struttura ceramica densa, la stechiometria controllata e la compatibilit\u00e0 con i sistemi di sputtering RF\/magnetron supportano una forte visibilit\u00e0 tecnica e la rilevanza della ricerca su Google.<\/p>\n","protected":false},"excerpt":{"rendered":"<p>Panoramica sui target di sputtering in ossido di litio, lantanio e titanio I target di sputtering in ossido di litio, lantanio e titanio sono target ceramici progettati per la deposizione di strati sottili di elettrolita solido LLTO. Grazie alla loro elevata conduttivit\u00e0 degli ioni di litio, alla stabilit\u00e0 termica e alla compatibilit\u00e0 con il litio [&hellip;]<\/p>\n","protected":false},"featured_media":46664,"template":"","meta":{"_acf_changed":false},"product_brand":[132],"product_cat":[453],"product_tag":[6232],"class_list":{"0":"post-46663","1":"product","2":"type-product","3":"status-publish","4":"has-post-thumbnail","6":"product_brand-ulpmat","7":"product_cat-target-di-sputtering-in-ceramica","8":"product_tag-target-di-sputtering-in-ossido-di-litio-lantanio-titanio-llto","10":"first","11":"instock","12":"shipping-taxable","13":"product-type-variable"},"acf":[],"_links":{"self":[{"href":"https:\/\/ulpmat.com\/it\/wp-json\/wp\/v2\/product\/46663","targetHints":{"allow":["GET"]}}],"collection":[{"href":"https:\/\/ulpmat.com\/it\/wp-json\/wp\/v2\/product"}],"about":[{"href":"https:\/\/ulpmat.com\/it\/wp-json\/wp\/v2\/types\/product"}],"wp:featuredmedia":[{"embeddable":true,"href":"https:\/\/ulpmat.com\/it\/wp-json\/wp\/v2\/media\/46664"}],"wp:attachment":[{"href":"https:\/\/ulpmat.com\/it\/wp-json\/wp\/v2\/media?parent=46663"}],"wp:term":[{"taxonomy":"product_brand","embeddable":true,"href":"https:\/\/ulpmat.com\/it\/wp-json\/wp\/v2\/product_brand?post=46663"},{"taxonomy":"product_cat","embeddable":true,"href":"https:\/\/ulpmat.com\/it\/wp-json\/wp\/v2\/product_cat?post=46663"},{"taxonomy":"product_tag","embeddable":true,"href":"https:\/\/ulpmat.com\/it\/wp-json\/wp\/v2\/product_tag?post=46663"}],"curies":[{"name":"wp","href":"https:\/\/api.w.org\/{rel}","templated":true}]}}