{"id":45843,"date":"2026-01-20T13:46:08","date_gmt":"2026-01-20T05:46:08","guid":{"rendered":"https:\/\/ulpmat.com\/product\/nitruro-di-silicio-3\/"},"modified":"2026-01-20T13:46:08","modified_gmt":"2026-01-20T05:46:08","slug":"nitruro-di-silicio-3","status":"publish","type":"product","link":"https:\/\/ulpmat.com\/it\/prodotto\/nitruro-di-silicio-3\/","title":{"rendered":"Nitruro di silicio"},"content":{"rendered":"<h2><span style=\"font-size: 14pt;\">Panoramica sui granuli di nitruro di silicio<\/span><\/h2>\n<p>I granuli<br \/>\n<span style=\"color: #0000ff;\"><a style=\"color: #0000ff;\" href=\"https:\/\/ulpmat.com\/it\/ricerca\/?type=name&#038;keyword=Silicon+nitride\">di nitruro di silicio<\/a><\/span><br \/>\nsono materiali ceramici inorganici granulari a base di nitruro di silicio, che possiedono sia una buona stabilit\u00e0 termica che resistenza strutturale. Sono comunemente utilizzati nella formatura di prodotti ceramici, nella sintesi di materiali, nell&#8217;evaporazione e nei processi ad alta temperatura.<\/p>\n<p>Siamo in grado di fornire in modo affidabile granuli di nitruro di silicio in varie specifiche, supportando l&#8217;abbinamento delle applicazioni e la comunicazione tecnica. <span style=\"color: #0000ff;\"><a style=\"color: #0000ff;\" href=\"https:\/\/ulpmat.com\/it\/contatto\/\">Contattateci<\/a><\/span><br \/>\ndirettamente per informazioni sui prodotti.<\/p>\n<h2><span style=\"font-size: 14pt;\">Caratteristiche principali del prodotto<\/span><\/h2>\n<p>Forma particellare per una facile alimentazione<br \/>\nBuona stabilit\u00e0 alle alte temperature<br \/>\nForte inerzia chimica<br \/>\nAdatto per ceramiche e processi ad alta temperatura<br \/>\nFacile da maneggiare, bassa produzione di polvere<br \/>\nBuona stabilit\u00e0 dei lotti<\/p>\n<h2><span style=\"font-size: 14pt;\">Applicazioni dei granuli di nitruro di silicio<\/span><\/h2>\n<p><strong>Ceramiche strutturali e tecniche:<\/strong><br \/>\nSpesso utilizzati come materia prima o additivo nei prodotti ceramici per migliorarne le prestazioni alle alte temperature e l&#8217;affidabilit\u00e0 strutturale.<\/p>\n<p><strong>Materiali per alte temperature e componenti resistenti all&#8217;usura:<\/strong><br \/>\nIn ambienti ad alta temperatura o ad alta usura, i granuli di nitruro di silicio sono adatti alla preparazione di materiali correlati, contribuendo a migliorarne la durata.<\/p>\n<p><strong>Sintesi dei materiali e alimentazione dei processi:<\/strong><br \/>\nla forma particellare facilita l&#8217;alimentazione precisa durante la sintesi o le reazioni ad alta temperatura, migliorando la stabilit\u00e0 del processo e la sicurezza operativa.<\/p>\n<p><strong>Ricerca scientifica e applicazioni sperimentali:<\/strong><br \/>\nadatto a laboratori e istituti di ricerca per la ricerca sulle prestazioni dei materiali, l&#8217;ottimizzazione dei processi e lo sviluppo di nuovi materiali ceramici.<\/p>\n<h2><span style=\"font-size: 14pt; color: #0000ff;\"><a style=\"color: #0000ff;\" href=\"https:\/\/ulpmat.com\/it\/azienda\/domande-frequenti\/\">Domande frequenti<\/a><\/span><\/h2>\n<p>D1: In quali scenari di processo vengono tipicamente utilizzati i granuli di nitruro di silicio?<br \/>\nR1: Utilizzati principalmente nella formatura di ceramiche, nella preparazione di materiali ad alta temperatura e nella lavorazione di materiali che richiedono un&#8217;alimentazione granulare.<\/p>\n<p>D2: Qual \u00e8 la differenza tra granuli di nitruro di silicio e polvere di nitruro di silicio?<br \/>\nR2: La forma granulare \u00e8 pi\u00f9 facile da maneggiare e produce meno polvere, rendendola pi\u00f9 adatta a processi ad alta temperatura o scenari di alimentazione industriale.<\/p>\n<p>D3: I granuli di nitruro di silicio sono adatti per ambienti ad alta temperatura?<br \/>\nR3: I materiali in nitruro di silicio hanno una buona resistenza alle alte temperature e sono adatti per l&#8217;uso in processi ad alta temperatura.<\/p>\n<p>D4: Quali precauzioni devono essere prese durante lo stoccaggio dei granuli di nitruro di silicio?<br \/>\nR4: Si raccomanda di conservarli in un ambiente sigillato e asciutto per evitare umidit\u00e0 e danni meccanici.<\/p>\n<h2><span style=\"font-size: 14pt;\">Rapporto<\/span><\/h2>\n<p>Ogni lotto viene fornito con:<br \/>\n<span style=\"color: #0000ff;\"><a style=\"color: #0000ff;\" href=\"https:\/\/ulpmat.com\/it\/documenti\/certificato-di-analisi\/\"><u>Certificato di analisi (COA)<\/u><\/a><\/span><\/p>\n<p><span style=\"color: #0000ff;\"><a style=\"color: #0000ff;\" href=\"https:\/\/ulpmat.com\/it\/documenti\/scheda-tecnica\/\"><u>Scheda tecnica (TDS)<\/u><\/a><\/span><\/p>\n<p><span style=\"color: #0000ff;\"><a style=\"color: #0000ff;\" href=\"https:\/\/ulpmat.com\/it\/documenti\/scheda-di-sicurezza\/\"><u>Scheda di sicurezza (MSDS)<\/u><\/a><\/span><br \/>\nRapporto di controllo delle dimensioni<br \/>\nRapporti di test di terze parti disponibili su richiesta<\/p>\n<h2><span style=\"font-size: 14pt;\">Perch\u00e9 scegliere noi?<\/span><\/h2>\n<p>Siamo specializzati nella fornitura di particelle di materiali ceramici e inorganici orientata all&#8217;applicazione, ponendo l&#8217;accento sulle prestazioni stabili dei materiali nei processi reali e fornendo ai clienti prodotti affidabili e un supporto comunicativo efficiente.<\/p>\n","protected":false},"excerpt":{"rendered":"<p>Panoramica sui granuli di nitruro di silicio I granuli di nitruro di silicio sono materiali ceramici inorganici granulari a base di nitruro di silicio, che possiedono sia una buona stabilit\u00e0 termica che resistenza strutturale. Sono comunemente utilizzati nella formatura di prodotti ceramici, nella sintesi di materiali, nell&#8217;evaporazione e nei processi ad alta temperatura. Siamo in [&hellip;]<\/p>\n","protected":false},"featured_media":45844,"template":"","meta":{"_acf_changed":false},"product_brand":[132],"product_cat":[293],"product_tag":[6040],"class_list":{"0":"post-45843","1":"product","2":"type-product","3":"status-publish","4":"has-post-thumbnail","6":"product_brand-ulpmat","7":"product_cat-materiali-per-levaporazione","8":"product_tag-granuli-di-nitruro-di-silicio","10":"first","11":"instock","12":"shipping-taxable","13":"product-type-variable"},"acf":[],"_links":{"self":[{"href":"https:\/\/ulpmat.com\/it\/wp-json\/wp\/v2\/product\/45843","targetHints":{"allow":["GET"]}}],"collection":[{"href":"https:\/\/ulpmat.com\/it\/wp-json\/wp\/v2\/product"}],"about":[{"href":"https:\/\/ulpmat.com\/it\/wp-json\/wp\/v2\/types\/product"}],"wp:featuredmedia":[{"embeddable":true,"href":"https:\/\/ulpmat.com\/it\/wp-json\/wp\/v2\/media\/45844"}],"wp:attachment":[{"href":"https:\/\/ulpmat.com\/it\/wp-json\/wp\/v2\/media?parent=45843"}],"wp:term":[{"taxonomy":"product_brand","embeddable":true,"href":"https:\/\/ulpmat.com\/it\/wp-json\/wp\/v2\/product_brand?post=45843"},{"taxonomy":"product_cat","embeddable":true,"href":"https:\/\/ulpmat.com\/it\/wp-json\/wp\/v2\/product_cat?post=45843"},{"taxonomy":"product_tag","embeddable":true,"href":"https:\/\/ulpmat.com\/it\/wp-json\/wp\/v2\/product_tag?post=45843"}],"curies":[{"name":"wp","href":"https:\/\/api.w.org\/{rel}","templated":true}]}}