{"id":45558,"date":"2026-01-20T13:46:11","date_gmt":"2026-01-20T05:46:11","guid":{"rendered":"https:\/\/ulpmat.com\/product\/lega-di-alluminio-al-silicio-2\/"},"modified":"2026-01-20T13:46:11","modified_gmt":"2026-01-20T05:46:11","slug":"lega-di-alluminio-al-silicio-2","status":"publish","type":"product","link":"https:\/\/ulpmat.com\/it\/prodotto\/lega-di-alluminio-al-silicio-2\/","title":{"rendered":"Lega di alluminio al silicio"},"content":{"rendered":"<h2><span style=\"font-size: 14pt;\">Target di sputtering in lega di silicio e alluminio Panoramica<\/span><\/h2>\n<p>I target di sputtering in<br \/>\n<span style=\"color: #0000ff;\"><\/span><br \/>\nlega<br \/>\n<span style=\"color: #0000ff;\"><a style=\"color: #0000ff;\" href=\"https:\/\/ulpmat.com\/it\/ricerca\/?type=name&#038;keyword=Silicon+Aluminum\">di silicio e alluminio<\/a><\/span><br \/>\nsono target metallici a base di leghe di silicio e alluminio, comunemente utilizzati per preparare film sottili funzionali con conduttivit\u00e0 e stabilit\u00e0. Sono ampiamente utilizzati negli strati di interconnessione dei semiconduttori, nei pannelli di visualizzazione, nei circuiti a film sottile e nei relativi rivestimenti funzionali.<\/p>\n<p>Offriamo target di sputtering in lega di silicio e alluminio in varie strutture e dimensioni, supportando l&#8217;abbinamento delle apparecchiature e la comunicazione di processo. <span style=\"color: #0000ff;\"><a style=\"color: #0000ff;\" href=\"https:\/\/ulpmat.com\/it\/contatto\/\">Contattateci<\/a><\/span><br \/>\ndirettamente per soluzioni e preventivi.<\/p>\n<h2><span style=\"font-size: 14pt;\">Caratteristiche principali del prodotto<\/span><\/h2>\n<p>Struttura stabile della lega<br \/>\nVelocit\u00e0 di sputtering controllabile<br \/>\nBuona uniformit\u00e0 del film<br \/>\nAdatto per processi di interconnessione metallica<br \/>\nForte compatibilit\u00e0 con le attrezzature<br \/>\nDimensioni e strutture personalizzate supportate<\/p>\n<h2><span style=\"font-size: 14pt;\">Applicazioni dei target di sputtering in lega di silicio-alluminio<\/span><\/h2>\n<p><strong>Interconnessioni <span style=\"color: #0000ff;\"><a style=\"color: #0000ff;\" href=\"https:\/\/ulpmat.com\/it\/applicazione\/materiali-per-semiconduttori\/\">di semiconduttori<\/a><\/span> e film sottili conduttivi:<\/strong><br \/>\ncomunemente utilizzati per il deposito di film sottili conduttivi e di interconnessione, bilanciando la conduttivit\u00e0 e la stabilit\u00e0 del processo nella produzione di dispositivi.<br \/>\n<strong>Display e circuiti a film sottile:<\/strong><br \/>\nadatti per la preparazione di strati metallici funzionali in pannelli di visualizzazione e circuiti a film sottile, soddisfacendo i requisiti di deposizione su grandi aree.<br \/>\n<strong>Imballaggi elettronici e strati funzionali:<\/strong><br \/>\nnegli imballaggi elettronici e negli strati funzionali correlati, i film sottili in lega di silicio-alluminio possono essere utilizzati per migliorare l&#8217;affidabilit\u00e0 strutturale e la coerenza elettrica.<br \/>\n<strong>Ricerca e convalida dei processi:<\/strong><br \/>\nampiamente utilizzati nei sistemi di sputtering da laboratorio e nelle apparecchiature su scala pilota per la ricerca su nuovi film sottili in lega e parametri di processo.<\/p>\n<h2><span style=\"font-size: 14pt; color: #0000ff;\"><a style=\"color: #0000ff;\" href=\"https:\/\/ulpmat.com\/it\/azienda\/domande-frequenti\/\">Domande frequenti<\/a><\/span><\/h2>\n<p>D1: Quali processi di sputtering sono adatti per i target di sputtering in lega di silicio-alluminio?<br \/>\nR1: Possono essere utilizzati nei comuni processi di deposizione fisica da vapore, come lo sputtering DC e lo sputtering RF, a seconda della configurazione dell&#8217;apparecchiatura.<\/p>\n<p>D2: Il film formato su un bersaglio in lega di silicio-alluminio \u00e8 stabile durante la polverizzazione?<br \/>\nR2: In condizioni di potenza e atmosfera adeguate, i bersagli in lega aiutano a ottenere film sottili con composizione e spessore relativamente uniformi.<\/p>\n<p>D3: Ci sono requisiti per il raffreddamento delle apparecchiature quando si utilizzano bersagli in lega di silicio-alluminio?<br \/>\nR3: I bersagli in lega metallica richiedono generalmente buone condizioni di raffreddamento per mantenere la continuit\u00e0 e la stabilit\u00e0 del processo di polverizzazione.<\/p>\n<p>D4: Per quali scenari applicativi sono pi\u00f9 adatti i target in lega di silicio-alluminio?<br \/>\nR4: Adatti per applicazioni elettroniche e relative ai display che richiedono elevata conduttivit\u00e0, uniformit\u00e0 del film e compatibilit\u00e0 di processo.<\/p>\n<h2><span style=\"font-size: 14pt;\">Rapporto<\/span><\/h2>\n<p>Ogni lotto viene fornito con:<br \/>\n<span style=\"color: #0000ff;\"><a style=\"color: #0000ff;\" href=\"https:\/\/ulpmat.com\/it\/documenti\/certificato-di-analisi\/\"><u>Certificato di analisi (COA)<\/u><\/a><\/span><\/p>\n<p><span style=\"color: #0000ff;\"><a style=\"color: #0000ff;\" href=\"https:\/\/ulpmat.com\/it\/documenti\/scheda-tecnica\/\"><u>Scheda tecnica (TDS)<\/u><\/a><\/span><\/p>\n<p><span style=\"color: #0000ff;\"><a style=\"color: #0000ff;\" href=\"https:\/\/ulpmat.com\/it\/documenti\/scheda-di-sicurezza\/\"><u>Scheda di sicurezza (MSDS)<\/u><\/a><\/span><br \/>\nRapporto di ispezione delle dimensioni<br \/>\nRapporti di test di terze parti disponibili su richiesta<\/p>\n<h2><span style=\"font-size: 14pt;\">Perch\u00e9 scegliere noi?<\/span><\/h2>\n<p>Siamo specializzati nella fornitura di target di sputtering in lega orientati all&#8217;applicazione, ponendo l&#8217;accento sulla compatibilit\u00e0 e sulla stabilit\u00e0 di sputtering dei target nelle apparecchiature reali. Siamo in grado di fornire ai clienti prodotti affidabili e un supporto tecnico efficiente.<\/p>\n","protected":false},"excerpt":{"rendered":"<p>Target di sputtering in lega di silicio e alluminio Panoramica I target di sputtering in lega di silicio e alluminio sono target metallici a base di leghe di silicio e alluminio, comunemente utilizzati per preparare film sottili funzionali con conduttivit\u00e0 e stabilit\u00e0. Sono ampiamente utilizzati negli strati di interconnessione dei semiconduttori, nei pannelli di visualizzazione, [&hellip;]<\/p>\n","protected":false},"featured_media":45559,"template":"","meta":{"_acf_changed":false},"product_brand":[132],"product_cat":[564],"product_tag":[6020],"class_list":{"0":"post-45558","1":"product","2":"type-product","3":"status-publish","4":"has-post-thumbnail","6":"product_brand-ulpmat","7":"product_cat-target-di-sputtering-in-lega","8":"product_tag-obiettivo-di-sputtering-in-lega-di-alluminio-e-silicio","10":"first","11":"instock","12":"featured","13":"shipping-taxable","14":"product-type-variable"},"acf":[],"_links":{"self":[{"href":"https:\/\/ulpmat.com\/it\/wp-json\/wp\/v2\/product\/45558","targetHints":{"allow":["GET"]}}],"collection":[{"href":"https:\/\/ulpmat.com\/it\/wp-json\/wp\/v2\/product"}],"about":[{"href":"https:\/\/ulpmat.com\/it\/wp-json\/wp\/v2\/types\/product"}],"wp:featuredmedia":[{"embeddable":true,"href":"https:\/\/ulpmat.com\/it\/wp-json\/wp\/v2\/media\/45559"}],"wp:attachment":[{"href":"https:\/\/ulpmat.com\/it\/wp-json\/wp\/v2\/media?parent=45558"}],"wp:term":[{"taxonomy":"product_brand","embeddable":true,"href":"https:\/\/ulpmat.com\/it\/wp-json\/wp\/v2\/product_brand?post=45558"},{"taxonomy":"product_cat","embeddable":true,"href":"https:\/\/ulpmat.com\/it\/wp-json\/wp\/v2\/product_cat?post=45558"},{"taxonomy":"product_tag","embeddable":true,"href":"https:\/\/ulpmat.com\/it\/wp-json\/wp\/v2\/product_tag?post=45558"}],"curies":[{"name":"wp","href":"https:\/\/api.w.org\/{rel}","templated":true}]}}