{"id":44870,"date":"2026-01-20T13:47:56","date_gmt":"2026-01-20T05:47:56","guid":{"rendered":"https:\/\/ulpmat.com\/product\/biossido-di-silicio-2\/"},"modified":"2026-01-20T13:47:56","modified_gmt":"2026-01-20T05:47:56","slug":"biossido-di-silicio-2","status":"publish","type":"product","link":"https:\/\/ulpmat.com\/it\/prodotto\/biossido-di-silicio-2\/","title":{"rendered":"Biossido di silicio"},"content":{"rendered":"<h2><span style=\"font-size: 14pt;\">Panoramica sul bersaglio ad anello in biossido di silicio<\/span><\/h2>\n<p>Il bersaglio ad anello<br \/>\n<span style=\"color: #0000ff;\"><a style=\"color: #0000ff;\" href=\"https:\/\/ulpmat.com\/it\/ricerca\/?type=name&#038;keyword=Silicon+Dioxide\">in biossido di silicio<\/a><\/span><br \/>\n\u00e8 un bersaglio ceramico ad alta purezza progettato specificamente per i sistemi di sputtering magnetronico a rotazione, che garantisce uniformit\u00e0 e stabilit\u00e0 di processo nella deposizione di film sottili. \u00c8 ampiamente utilizzato nella preparazione di film sottili <span style=\"color: #0000ff;\"><a style=\"color: #0000ff;\" href=\"https:\/\/ulpmat.com\/it\/applicazione\/materiali-ottici\/\">ottici<\/a><\/span><br \/>\n, dispositivi elettronici e rivestimenti protettivi.<\/p>\n<p>Offriamo bersagli ad anello in SiO2 compatibili con vari sistemi di sputtering a rotazione e supportiamo l&#8217;integrazione tecnica per quanto riguarda le dimensioni del bersaglio, la struttura e i parametri di deposizione. <span style=\"color: #0000ff;\"><a style=\"color: #0000ff;\" href=\"https:\/\/ulpmat.com\/it\/contatto\/\">Contattateci<\/a><\/span><br \/>\nsubito!<\/p>\n<h2><span style=\"font-size: 14pt;\">Caratteristiche principali del prodotto<\/span><\/h2>\n<p>Design ad anello, adatto ai sistemi di sputtering a rotazione<br \/>\nElevata stabilit\u00e0 termica<br \/>\nElevata uniformit\u00e0 di deposizione del film sottile<br \/>\nElevata compatibilit\u00e0 di processo<br \/>\nLotti stabili, buona consistenza<\/p>\n<h2><span style=\"font-size: 14pt;\">Applicazioni del bersaglio ad anello in biossido di silicio<\/span><\/h2>\n<p><strong>Deposizione di film sottili <span style=\"color: #0000ff;\"><a style=\"color: #0000ff;\" href=\"https:\/\/ulpmat.com\/it\/applicazione\/materiali-ottici\/\">ottici<\/a><\/span>:<\/strong><br \/>\ni bersagli ad anello in SiO\u2082 possono essere utilizzati per preparare film trasparenti, film antiriflesso e altri film sottili otticamente funzionali.<br \/>\n<strong>Strati funzionali per dispositivi elettronici:<\/strong><br \/>\nadatti per la deposizione di strati funzionali in semiconduttori e dispositivi elettronici, migliorando la consistenza delle prestazioni dei dispositivi.<br \/>\n<strong>Rivestimenti protettivi:<\/strong><br \/>\nutilizzati per preparare film sottili resistenti alla corrosione e protettivi, migliorando le propriet\u00e0 della superficie dei materiali.<br \/>\n<strong>Ricerca e ottimizzazione dei processi:<\/strong><br \/>\nsupporta la ricerca su nuovi processi di film sottili e l&#8217;ottimizzazione e la verifica dei parametri di sputtering a rotazione.<\/p>\n<h2><span style=\"color: #0000ff;\"><a style=\"color: #0000ff;\" href=\"https:\/\/ulpmat.com\/it\/azienda\/domande-frequenti\/\"><span style=\"font-size: 14pt;\">Domande frequenti<\/span><\/a><\/span><\/h2>\n<p>D1: Quali applicazioni di sputtering sono adatte per i target ad anello in SiO\u2082?<br \/>\nA1: Utilizzati principalmente per la deposizione mediante sputtering a rotazione di film sottili ottici, strati funzionali per dispositivi elettronici e rivestimenti protettivi.<\/p>\n<p>D2: Quali sono i vantaggi dei target ad anello rispetto ai target planari?<br \/>\nA2: Il design dei target ad anello \u00e8 adatto ai sistemi di sputtering a rotazione, migliorando l&#8217;uniformit\u00e0 dello spessore del film e l&#8217;utilizzo del materiale.<\/p>\n<p>D3: I target ad anello in SiO\u2082 sono stabili durante la deposizione ad alta temperatura?<br \/>\nA3: Il materiale ceramico ad alta purezza garantisce che il bersaglio mantenga la stabilit\u00e0 strutturale e di deposizione in condizioni di alta temperatura.<\/p>\n<p>Q4: Il design del bersaglio ad anello influisce sulle prestazioni del film?<br \/>\nA4: Una forma ad anello ben progettata contribuisce a una deposizione uniforme, migliorando lo spessore del film e la consistenza della composizione.<\/p>\n<h2><span style=\"font-size: 14pt;\">Rapporti<\/span><\/h2>\n<p>Ogni lotto viene fornito con:<br \/>\n<span style=\"color: #0000ff;\"><a style=\"color: #0000ff;\" href=\"https:\/\/ulpmat.com\/it\/documenti\/certificato-di-analisi\/\"><u>Certificato di analisi (COA)<\/u><\/a><\/span><\/p>\n<p><span style=\"color: #0000ff;\"><a style=\"color: #0000ff;\" href=\"https:\/\/ulpmat.com\/it\/documenti\/scheda-tecnica\/\"><u>Scheda tecnica (TDS)<\/u><\/a><\/span><\/p>\n<p><span style=\"color: #0000ff;\"><a style=\"color: #0000ff;\" href=\"https:\/\/ulpmat.com\/it\/documenti\/scheda-di-sicurezza\/\"><u>Scheda di sicurezza (MSDS)<\/u><\/a><\/span><br \/>\nRapporto di ispezione delle dimensioni<br \/>\nRapporti di test di terze parti disponibili su richiesta<\/p>\n<h2><span style=\"font-size: 14pt;\">Perch\u00e9 scegliere noi?<\/span><\/h2>\n<p>Abbiamo una comprovata esperienza tecnica e di fornitura nel campo dei target rotanti in ceramica e siamo in grado di fornire target ad anello in biossido di silicio stabili e tracciabili per aiutare i clienti a ottenere un&#8217;elevata uniformit\u00e0 e affidabilit\u00e0 nella deposizione di film sottili nei sistemi di sputtering rotanti.<\/p>\n","protected":false},"excerpt":{"rendered":"<p>Panoramica sul bersaglio ad anello in biossido di silicio Il bersaglio ad anello in biossido di silicio \u00e8 un bersaglio ceramico ad alta purezza progettato specificamente per i sistemi di sputtering magnetronico a rotazione, che garantisce uniformit\u00e0 e stabilit\u00e0 di processo nella deposizione di film sottili. \u00c8 ampiamente utilizzato nella preparazione di film sottili ottici [&hellip;]<\/p>\n","protected":false},"featured_media":44871,"template":"","meta":{"_acf_changed":false},"product_brand":[132],"product_cat":[468,453],"product_tag":[5902],"class_list":{"0":"post-44870","1":"product","2":"type-product","3":"status-publish","4":"has-post-thumbnail","6":"product_brand-ulpmat","7":"product_cat-obiettivi-rotanti","8":"product_cat-target-di-sputtering-in-ceramica","9":"product_tag-obiettivo-anulare-in-biossido-di-silicio","11":"first","12":"instock","13":"shipping-taxable","14":"product-type-variable"},"acf":[],"_links":{"self":[{"href":"https:\/\/ulpmat.com\/it\/wp-json\/wp\/v2\/product\/44870","targetHints":{"allow":["GET"]}}],"collection":[{"href":"https:\/\/ulpmat.com\/it\/wp-json\/wp\/v2\/product"}],"about":[{"href":"https:\/\/ulpmat.com\/it\/wp-json\/wp\/v2\/types\/product"}],"wp:featuredmedia":[{"embeddable":true,"href":"https:\/\/ulpmat.com\/it\/wp-json\/wp\/v2\/media\/44871"}],"wp:attachment":[{"href":"https:\/\/ulpmat.com\/it\/wp-json\/wp\/v2\/media?parent=44870"}],"wp:term":[{"taxonomy":"product_brand","embeddable":true,"href":"https:\/\/ulpmat.com\/it\/wp-json\/wp\/v2\/product_brand?post=44870"},{"taxonomy":"product_cat","embeddable":true,"href":"https:\/\/ulpmat.com\/it\/wp-json\/wp\/v2\/product_cat?post=44870"},{"taxonomy":"product_tag","embeddable":true,"href":"https:\/\/ulpmat.com\/it\/wp-json\/wp\/v2\/product_tag?post=44870"}],"curies":[{"name":"wp","href":"https:\/\/api.w.org\/{rel}","templated":true}]}}