{"id":44418,"date":"2026-01-23T11:37:49","date_gmt":"2026-01-23T03:37:49","guid":{"rendered":"https:\/\/ulpmat.com\/product\/carburo-di-titanio-e-stagno\/"},"modified":"2026-01-23T11:37:49","modified_gmt":"2026-01-23T03:37:49","slug":"carburo-di-titanio-e-stagno","status":"publish","type":"product","link":"https:\/\/ulpmat.com\/it\/prodotto\/carburo-di-titanio-e-stagno\/","title":{"rendered":"Carburo di titanio e stagno"},"content":{"rendered":"<h2><span style=\"font-size: 14pt;\">Panoramica sulla polvere di carburo di titanio e stagno<\/span><\/h2>\n<p>La polvere<br \/>\n<span style=\"color: #0000ff;\"><a style=\"color: #0000ff;\" href=\"https:\/\/ulpmat.com\/it\/ricerca\/?type=name&#038;keyword=Titanium+Tin+Carbide\">di carburo di titanio e stagno<\/a><\/span><br \/>\n\u00e8 un tipico materiale <span style=\"color: #0000ff;\"><a style=\"color: #0000ff;\" href=\"https:\/\/ulpmat.com\/it\/product-category\/materiali-di-prima-scelta\/precursori-mxene-materiali-a-fase-max\/\">in fase MAX<\/a><\/span><br \/>\n, che combina le propriet\u00e0 dei metalli e delle ceramiche, mostrando un&#8217;eccellente conduttivit\u00e0 elettrica e stabilit\u00e0 termica. Questo materiale \u00e8 ampiamente utilizzato nella ceramica funzionale, nei materiali compositi e nella ricerca sui materiali avanzati.<\/p>\n<p>Siamo in grado di fornire polvere Ti2SnC compositivamente stabile e strutturalmente controllabile per applicazioni di ricerca e sviluppo di materiali. <span style=\"color: #0000ff;\"><a style=\"color: #0000ff;\" href=\"https:\/\/ulpmat.com\/it\/contatto\/\">Contattateci.<\/a><\/span><\/p>\n<p>Caratteristiche principali del prodotto<\/p>\n<p>Materiale tipico <span style=\"color: #0000ff;\"><a style=\"color: #0000ff;\" href=\"https:\/\/ulpmat.com\/it\/product-category\/materiali-di-prima-scelta\/precursori-mxene-materiali-a-fase-max\/\">in fase MAX<\/a><\/span><br \/>\n(M\u2082AX)<br \/>\nDoppie propriet\u00e0 metalliche e ceramiche<br \/>\nEccellente conduttivit\u00e0 elettrica<br \/>\nEccezionale stabilit\u00e0 termica<br \/>\nStruttura cristallina stratificata<br \/>\nLavorabilit\u00e0 superiore rispetto alle ceramiche tradizionali<br \/>\nConsistenza stabile dei lotti<\/p>\n<h2><span style=\"font-size: 14pt;\">Applicazioni della polvere di carburo di titanio e stagno<\/span><\/h2>\n<p><strong>Ricerca sui materiali stratificati e in fase MAX:<\/strong><br \/>\nampiamente utilizzata nello studio della struttura, delle propriet\u00e0 e dei meccanismi di trasformazione di fase dei materiali in fase MAX, \u00e8 una materia prima importante per l&#8217;esplorazione delle ceramiche stratificate.<\/p>\n<p><strong>Materiali compositi funzionali:<\/strong><br \/>\ncome fase rinforzante o riempitivo funzionale, pu\u00f2 essere utilizzato per preparare sistemi di materiali compositi con conduttivit\u00e0 elettrica o resistenza alle alte temperature.<\/p>\n<p><strong>Ricerca sui materiali strutturali ad alta temperatura:<\/strong><br \/>\nmostra una buona stabilit\u00e0 alle alte temperature, adatta allo studio delle propriet\u00e0 dei materiali e della stabilit\u00e0 strutturale in ambienti ad alta temperatura.<\/p>\n<p><strong>Materiali ceramici conduttivi:<\/strong><br \/>\nla conduttivit\u00e0 metallica della polvere di Ti\u2082SnC lo rende adatto allo sviluppo di ceramiche conduttive e materiali funzionali correlati.<\/p>\n<p><strong>Scienza dei materiali e ricerca di base:<\/strong><br \/>\ncomunemente utilizzato nelle universit\u00e0 e negli istituti di ricerca per la ricerca su nuovi materiali in fase MAX e loro derivati.<\/p>\n<h2><span style=\"color: #0000ff; font-size: 14pt;\"><a style=\"color: #0000ff;\" href=\"https:\/\/ulpmat.com\/it\/azienda\/domande-frequenti\/\">Domande frequenti<\/a><\/span><\/h2>\n<p>D1: A quale categoria di materiali appartiene il carburo di titanio e stagno?<br \/>\nA1: Il Ti\u2082SnC appartiene alla categoria dei materiali in fase MAX (M\u2082AX), possiede sia la lavorabilit\u00e0 dei metalli che la resistenza alle alte temperature della ceramica.<\/p>\n<p>D2: Quali sono i vantaggi della polvere di carburo di titanio e stagno rispetto ai materiali ceramici tradizionali?<br \/>\nA2: Rispetto alla ceramica tradizionale, il Ti\u2082SnC mantiene la stabilit\u00e0 alle alte temperature, mostrando al contempo una migliore conduttivit\u00e0 e resistenza agli shock termici.<\/p>\n<p>D3: La polvere di Ti\u2082SnC viene utilizzata principalmente nella ricerca o nell&#8217;industria?<br \/>\nA3: Attualmente, viene utilizzata principalmente nella ricerca e nello sviluppo di materiali, nonch\u00e9 per esplorarne le potenziali applicazioni industriali nei materiali funzionali e compositi.<\/p>\n<p>D4: La polvere di Ti\u2082SnC \u00e8 adatta ad ambienti ad alta temperatura?<br \/>\nA4: Questo materiale mostra stabilit\u00e0 strutturale in condizioni di alta temperatura, rendendolo adatto alla ricerca sulle propriet\u00e0 dei materiali correlate alle alte temperature.<\/p>\n<h2><span style=\"font-size: 14pt;\">Rapporto<\/span><\/h2>\n<p>Ogni lotto viene fornito con:<br \/>\n<span style=\"color: #0000ff;\"><a style=\"color: #0000ff;\" href=\"https:\/\/ulpmat.com\/it\/documenti\/certificato-di-analisi\/\"><u>Certificato di analisi (COA)<\/u><\/a><\/span><\/p>\n<p><span style=\"color: #0000ff;\"><a style=\"color: #0000ff;\" href=\"https:\/\/ulpmat.com\/it\/documenti\/scheda-tecnica\/\"><u>Scheda tecnica (TDS)<\/u><\/a><\/span><\/p>\n<p><span style=\"color: #0000ff;\"><a style=\"color: #0000ff;\" href=\"https:\/\/ulpmat.com\/it\/documenti\/scheda-di-sicurezza\/\"><u>Scheda di sicurezza (MSDS)<\/u><\/a><\/span><br \/>\nRapporti di test di terze parti disponibili su richiesta<\/p>\n<h2><span style=\"font-size: 14pt;\">Perch\u00e9 scegliere noi?<\/span><\/h2>\n<p>Siamo specializzati nella preparazione stabile e nel controllo di qualit\u00e0 dei materiali in polvere inorganici funzionali e in fase MAX, fornendo un supporto affidabile per la ricerca e lo sviluppo di applicazioni della polvere di Ti\u2082SnC.<\/p>\n","protected":false},"excerpt":{"rendered":"<p>Panoramica sulla polvere di carburo di titanio e stagno La polvere di carburo di titanio e stagno \u00e8 un tipico materiale in fase MAX , che combina le propriet\u00e0 dei metalli e delle ceramiche, mostrando un&#8217;eccellente conduttivit\u00e0 elettrica e stabilit\u00e0 termica. Questo materiale \u00e8 ampiamente utilizzato nella ceramica funzionale, nei materiali compositi e nella ricerca [&hellip;]<\/p>\n","protected":false},"featured_media":44419,"template":"","meta":{"_acf_changed":false},"product_brand":[132],"product_cat":[714,1204],"product_tag":[5842],"class_list":{"0":"post-44418","1":"product","2":"type-product","3":"status-publish","4":"has-post-thumbnail","6":"product_brand-ulpmat","7":"product_cat-materiali-refrattari","8":"product_cat-precursori-mxene-materiali-a-fase-max","9":"product_tag-polvere-di-carburo-di-titanio-e-stagno","11":"first","12":"instock","13":"shipping-taxable","14":"product-type-variable"},"acf":[],"_links":{"self":[{"href":"https:\/\/ulpmat.com\/it\/wp-json\/wp\/v2\/product\/44418","targetHints":{"allow":["GET"]}}],"collection":[{"href":"https:\/\/ulpmat.com\/it\/wp-json\/wp\/v2\/product"}],"about":[{"href":"https:\/\/ulpmat.com\/it\/wp-json\/wp\/v2\/types\/product"}],"wp:featuredmedia":[{"embeddable":true,"href":"https:\/\/ulpmat.com\/it\/wp-json\/wp\/v2\/media\/44419"}],"wp:attachment":[{"href":"https:\/\/ulpmat.com\/it\/wp-json\/wp\/v2\/media?parent=44418"}],"wp:term":[{"taxonomy":"product_brand","embeddable":true,"href":"https:\/\/ulpmat.com\/it\/wp-json\/wp\/v2\/product_brand?post=44418"},{"taxonomy":"product_cat","embeddable":true,"href":"https:\/\/ulpmat.com\/it\/wp-json\/wp\/v2\/product_cat?post=44418"},{"taxonomy":"product_tag","embeddable":true,"href":"https:\/\/ulpmat.com\/it\/wp-json\/wp\/v2\/product_tag?post=44418"}],"curies":[{"name":"wp","href":"https:\/\/api.w.org\/{rel}","templated":true}]}}