{"id":44256,"date":"2026-01-23T11:37:51","date_gmt":"2026-01-23T03:37:51","guid":{"rendered":"https:\/\/ulpmat.com\/product\/carburo-di-titanio-e-silicio\/"},"modified":"2026-01-23T11:37:51","modified_gmt":"2026-01-23T03:37:51","slug":"carburo-di-titanio-e-silicio","status":"publish","type":"product","link":"https:\/\/ulpmat.com\/it\/prodotto\/carburo-di-titanio-e-silicio\/","title":{"rendered":"Carburo di titanio e silicio"},"content":{"rendered":"<h2><span style=\"font-size: 14pt;\">\u00a0Target di sputtering in carburo di titanio e silicio Panoramica<\/span><\/h2>\n<p>I target di sputtering<br \/>\n<span style=\"color: #0000ff;\"><a style=\"color: #0000ff;\" href=\"https:\/\/ulpmat.com\/it\/ricerca\/?type=name&#038;keyword=Titanium+Silicon+Carbide\">in carburo di titanio e silicio<\/a><\/span><br \/>\nsono target ceramici funzionali basati su una struttura in fase MAX, che combinano la conduttivit\u00e0 dei metalli con la resistenza alle alte temperature della ceramica. Questi target vengono utilizzati principalmente per preparare film sottili funzionali che richiedono resistenza alle alte temperature, conduttivit\u00e0 e stabilit\u00e0 strutturale.<\/p>\n<p>Offriamo target per sputtering Ti3SiC2 con composizione uniforme e struttura stabile, adatti per processi di sputtering con magnetron DC o RF. Sono disponibili diverse dimensioni e forme strutturali per soddisfare i requisiti delle apparecchiature. <span style=\"color: #0000ff;\"><a style=\"color: #0000ff;\" href=\"https:\/\/ulpmat.com\/it\/contatto\/\">Contattateci<\/a><\/span><br \/>\nper i parametri tecnici e i suggerimenti di applicazione.<\/p>\n<h2><span style=\"font-size: 14pt;\">Caratteristiche principali del prodotto<\/span><\/h2>\n<p>Struttura cristallina a strati<br \/>\n<span style=\"color: #0000ff;\"><a style=\"color: #0000ff;\" href=\"https:\/\/ulpmat.com\/it\/product-category\/materiali-di-prima-scelta\/precursori-mxene-materiali-a-fase-max\/\">in fase MAX<\/a><\/span><\/p>\n<p>Buona conduttivit\u00e0 elettrica, adatta per lo sputtering con magnetron<br \/>\nEccellente stabilit\u00e0 termica e resistenza agli shock termici<br \/>\nComposizione stabile e buona ripetibilit\u00e0 durante la sputtering<br \/>\nAdatto per ambienti di deposizione ad alta temperatura e sottovuoto<br \/>\nPu\u00f2 essere utilizzato per preparare film sottili funzionali e strutturali<\/p>\n<h2><span style=\"font-size: 14pt;\">Applicazioni dei target di sputtering in carburo di titanio e silicio<\/span><\/h2>\n<p><strong>Deposizione di film sottili funzionali:<\/strong><br \/>\nutilizzati per preparare film sottili funzionali con conduttivit\u00e0 e resistenza alle alte temperature, adatti per applicazioni in dispositivi funzionali di fascia alta.<br \/>\n<strong>Resistenza alle alte temperature e rivestimenti protettivi:<\/strong><br \/>\ni film sottili Ti\u2083SiC\u2082 mostrano una buona stabilit\u00e0 strutturale in condizioni di alta temperatura e possono essere utilizzati per la protezione dalle alte temperature e per rivestimenti strutturali.<br \/>\n<strong>Ricerca <span style=\"color: #0000ff;\"><a style=\"color: #0000ff;\" href=\"https:\/\/ulpmat.com\/it\/applicazione\/materiali-per-semiconduttori\/\">sui semiconduttori<\/a> <\/span>e la microelettronica:<\/strong><br \/>\nadatto per la deposizione di strati funzionali in dispositivi a semiconduttori, MEMS e ricerca sui materiali correlati.<br \/>\n<strong>Ricerca scientifica e sviluppo dei materiali:<\/strong><br \/>\nampiamente utilizzato nella ricerca sui film sottili in fase MAX, sui meccanismi di crescita e sui nuovi materiali stratificati.<\/p>\n<h2><span style=\"color: #0000ff;\"><a style=\"color: #0000ff;\" href=\"https:\/\/ulpmat.com\/it\/azienda\/domande-frequenti\/\"><span style=\"font-size: 14pt;\">Domande frequenti<\/span><\/a><\/span><\/h2>\n<p>D1: A quale metodo di sputtering \u00e8 adatto il target di sputtering Ti3SiC2?<br \/>\nA1: Questo target ha una buona conduttivit\u00e0 e pu\u00f2 essere utilizzato per lo sputtering con magnetron a corrente continua, nonch\u00e9 per i sistemi di sputtering con magnetron a radiofrequenza.<\/p>\n<p>D2: La composizione del target Ti3SiC2 \u00e8 stabile durante lo sputtering?<br \/>\nA2: Con parametri di processo ragionevoli, questo target di sputtering pu\u00f2 mantenere una buona consistenza compositiva, rendendolo adatto alla deposizione di film sottili con elevati requisiti di ripetibilit\u00e0.<\/p>\n<p>D3: Il target di sputtering Ti3SiC2 \u00e8 adatto ai processi di deposizione ad alta temperatura?<br \/>\nA3: S\u00ec, questo materiale target possiede un&#8217;eccellente stabilit\u00e0 termica e resistenza agli shock termici, rendendolo adatto a condizioni di sputtering ad alta temperatura o a lungo termine.<\/p>\n<p>D4: In quali aree di ricerca viene tipicamente utilizzato il film sottile Ti3SiC2?<br \/>\nA4: Utilizzato principalmente nei film sottili MAX Phase, nella ricerca sui materiali biocompatibili, nei rivestimenti resistenti all&#8217;usura e alle alte temperature e nei film sottili ceramici conduttivi.<\/p>\n<h2><span style=\"font-size: 14pt;\">Rapporto<\/span><\/h2>\n<p>Ogni lotto viene fornito con:<br \/>\n<span style=\"color: #0000ff;\"><a style=\"color: #0000ff;\" href=\"https:\/\/ulpmat.com\/it\/documenti\/certificato-di-analisi\/\"><u>Certificato di analisi (COA)<\/u><\/a><\/span><\/p>\n<p><span style=\"color: #0000ff;\"><a style=\"color: #0000ff;\" href=\"https:\/\/ulpmat.com\/it\/documenti\/scheda-tecnica\/\"><u>Scheda tecnica (TDS)<\/u><\/a><\/span><\/p>\n<p><span style=\"color: #0000ff;\"><a style=\"color: #0000ff;\" href=\"https:\/\/ulpmat.com\/it\/documenti\/scheda-di-sicurezza\/\"><u>Scheda di sicurezza (MSDS)<\/u><\/a><\/span><br \/>\nRapporto di ispezione delle dimensioni<br \/>\nRapporti di test di terze parti disponibili su richiesta<\/p>\n<h2><span style=\"font-size: 14pt;\">Perch\u00e9 scegliere noi?<\/span><\/h2>\n<p>Siamo specializzati nella ricerca e nella fornitura di ceramiche funzionali e materiali target avanzati, fornendo soluzioni stabili e affidabili per il controllo della struttura dei materiali, la densificazione dei target e l&#8217;adattamento delle applicazioni, supportando la ricerca e le esigenze di deposizione di film sottili di livello industriale.<\/p>\n","protected":false},"excerpt":{"rendered":"<p>\u00a0Target di sputtering in carburo di titanio e silicio Panoramica I target di sputtering in carburo di titanio e silicio sono target ceramici funzionali basati su una struttura in fase MAX, che combinano la conduttivit\u00e0 dei metalli con la resistenza alle alte temperature della ceramica. Questi target vengono utilizzati principalmente per preparare film sottili funzionali [&hellip;]<\/p>\n","protected":false},"featured_media":44257,"template":"","meta":{"_acf_changed":false},"product_brand":[132],"product_cat":[453],"product_tag":[5818],"class_list":{"0":"post-44256","1":"product","2":"type-product","3":"status-publish","4":"has-post-thumbnail","6":"product_brand-ulpmat","7":"product_cat-target-di-sputtering-in-ceramica","8":"product_tag-target-di-sputtering-in-carburo-di-silicio-e-titanio","10":"first","11":"instock","12":"shipping-taxable","13":"product-type-variable"},"acf":[],"_links":{"self":[{"href":"https:\/\/ulpmat.com\/it\/wp-json\/wp\/v2\/product\/44256","targetHints":{"allow":["GET"]}}],"collection":[{"href":"https:\/\/ulpmat.com\/it\/wp-json\/wp\/v2\/product"}],"about":[{"href":"https:\/\/ulpmat.com\/it\/wp-json\/wp\/v2\/types\/product"}],"wp:featuredmedia":[{"embeddable":true,"href":"https:\/\/ulpmat.com\/it\/wp-json\/wp\/v2\/media\/44257"}],"wp:attachment":[{"href":"https:\/\/ulpmat.com\/it\/wp-json\/wp\/v2\/media?parent=44256"}],"wp:term":[{"taxonomy":"product_brand","embeddable":true,"href":"https:\/\/ulpmat.com\/it\/wp-json\/wp\/v2\/product_brand?post=44256"},{"taxonomy":"product_cat","embeddable":true,"href":"https:\/\/ulpmat.com\/it\/wp-json\/wp\/v2\/product_cat?post=44256"},{"taxonomy":"product_tag","embeddable":true,"href":"https:\/\/ulpmat.com\/it\/wp-json\/wp\/v2\/product_tag?post=44256"}],"curies":[{"name":"wp","href":"https:\/\/api.w.org\/{rel}","templated":true}]}}