{"id":44124,"date":"2026-01-23T11:37:56","date_gmt":"2026-01-23T03:37:56","guid":{"rendered":"https:\/\/ulpmat.com\/product\/lega-di-alluminio-e-titanio-4\/"},"modified":"2026-01-23T11:37:56","modified_gmt":"2026-01-23T03:37:56","slug":"lega-di-alluminio-e-titanio-4","status":"publish","type":"product","link":"https:\/\/ulpmat.com\/it\/prodotto\/lega-di-alluminio-e-titanio-4\/","title":{"rendered":"Lega di alluminio e titanio"},"content":{"rendered":"<h2><span style=\"font-size: 14pt;\">Panoramica sulle barre in lega di titanio-alluminio<\/span><\/h2>\n<p>Le barre in lega<br \/>\n<span style=\"color: #0000ff;\"><a style=\"color: #0000ff;\" href=\"https:\/\/ulpmat.com\/it\/ricerca\/?type=name&#038;keyword=Titanium+Aluminum\">di titanio<\/a><\/span><br \/>\n&#8211;<br \/>\n<span style=\"color: #0000ff;\"><a style=\"color: #0000ff;\" href=\"https:\/\/ulpmat.com\/it\/ricerca\/?type=name&#038;keyword=Titanium+Aluminum\">alluminio<\/a><\/span><br \/>\nsono materiali leggeri e ad alta resistenza, che possiedono eccellenti prestazioni alle alte temperature e resistenza all&#8217;ossidazione. Sono ampiamente utilizzate nell&#8217;industria aerospaziale, nei componenti strutturali ad alta temperatura, nelle parti meccaniche di precisione e nella post-lavorazione dei prodotti di metallurgia delle polveri.<\/p>\n<p>Offriamo barre in lega di titanio e alluminio con composizione uniforme e dimensioni precise, adatte per applicazioni ad alta temperatura nella ricerca e nell&#8217;industria. <span style=\"color: #0000ff;\"><a style=\"color: #0000ff;\" href=\"https:\/\/ulpmat.com\/it\/contatto\/\">Contattateci<\/a><\/span><br \/>\nper specifiche e informazioni tecniche.<\/p>\n<h2><span style=\"font-size: 14pt;\">Caratteristiche principali del prodotto<\/span><\/h2>\n<p>Lega di titanio e alluminio leggera e ad alta resistenza<br \/>\nEccellente resistenza alle alte temperature<br \/>\nBuona resistenza all&#8217;ossidazione<br \/>\nElevata precisione dimensionale e buona lavorabilit\u00e0<br \/>\nAdatta per l&#8217;industria aerospaziale e i macchinari di precisione<br \/>\nAffidabile uniformit\u00e0 dei lotti Lunghezze e diametri<br \/>\n<span style=\"color: #0000ff;\"><a style=\"color: #0000ff;\" href=\"https:\/\/ulpmat.com\/it\/servizio\/personalizzazione\/\">personalizzabili<\/a><\/span><\/p>\n<h2><span style=\"font-size: 14pt;\">Applicazioni delle barre in lega di titanio-alluminio<\/span><\/h2>\n<p><strong>Componenti aerospaziali ad alta temperatura:<\/strong><br \/>\npossono essere lavorate per ottenere componenti strutturali ad alta temperatura per motori aeronautici e pale di turbine, garantendo resistenza e resistenza alle alte temperature.<br \/>\n<strong>Parti meccaniche di precisione:<\/strong><br \/>\nadatte per la lavorazione di parti leggere e ad alta resistenza in macchinari di precisione e attrezzature industriali.<br \/>\n<strong>Post-lavorazione della metallurgia delle polveri:<\/strong><br \/>\npossono essere utilizzati come materiale di pressatura, estrusione o lavorazione per prodotti di metallurgia delle polveri, migliorando le prestazioni dei componenti strutturali.<br \/>\n<strong>Ricerca e sviluppo dei materiali:<\/strong><br \/>\nutilizzati per la ricerca sui sistemi in lega di titanio-alluminio, i test sulle prestazioni dei materiali ad alta temperatura e lo sviluppo dei processi.<\/p>\n<h2><span style=\"color: #0000ff; font-size: 14pt;\"><a style=\"color: #0000ff;\" href=\"https:\/\/ulpmat.com\/it\/azienda\/domande-frequenti\/\">Domande frequenti<\/a><\/span><\/h2>\n<p>D1: Per quali tipi di applicazioni ad alta temperatura sono adatte le barre in lega di titanio-alluminio?<br \/>\nA1: Adatta per ambienti aerospaziali e industriali ad alta temperatura, in grado di resistere alle alte temperature e all&#8217;ossidazione.<\/p>\n<p>D2: La barra TiAl pu\u00f2 essere lavorata con precisione?<br \/>\nA2: S\u00ec, questo materiale ha una buona lavorabilit\u00e0 e pu\u00f2 essere tornito, fresato e rettificato.<\/p>\n<p>D3: La barra TiAl pu\u00f2 essere utilizzata per la lavorazione successiva di prodotti di metallurgia delle polveri?<br \/>\nA3: S\u00ec, pu\u00f2 essere utilizzata per processi di estrusione, stiratura o pressatura per migliorare le prestazioni del prodotto.<\/p>\n<p>Q4: Le barre in TiAl possono essere personalizzate in termini di dimensioni?<br \/>\nA4: S\u00ec, \u00e8 possibile fornire diversi diametri, lunghezze e tolleranze in base alle esigenze del cliente.<\/p>\n<h2><span style=\"font-size: 14pt;\">Rapporto<\/span><\/h2>\n<p>Ogni lotto viene fornito con:<br \/>\n<span style=\"color: #0000ff;\"><a style=\"color: #0000ff;\" href=\"https:\/\/ulpmat.com\/it\/documenti\/certificato-di-analisi\/\"><u>Certificato di analisi (COA)<\/u><\/a><\/span><\/p>\n<p><span style=\"color: #0000ff;\"><a style=\"color: #0000ff;\" href=\"https:\/\/ulpmat.com\/it\/documenti\/scheda-tecnica\/\"><u>Scheda tecnica (TDS)<\/u><\/a><\/span><\/p>\n<p><span style=\"color: #0000ff;\"><a style=\"color: #0000ff;\" href=\"https:\/\/ulpmat.com\/it\/documenti\/scheda-di-sicurezza\/\"><u>Scheda di sicurezza (MSDS)<\/u><\/a><\/span><br \/>\nRapporto di controllo delle dimensioni<br \/>\nRapporti di test di terze parti disponibili su richiesta<\/p>\n<h2><span style=\"font-size: 14pt;\">Perch\u00e9 scegliere noi?<\/span><\/h2>\n<p>Siamo specializzati nella ricerca e nella fornitura di materiali in lega di titanio-alluminio ad alte prestazioni, garantendo l&#8217;affidabilit\u00e0 delle barre TiAl in termini di composizione, dimensioni e propriet\u00e0 meccaniche, fornendo un supporto stabile per la ricerca scientifica, i componenti industriali ad alta temperatura e la lavorazione di precisione.<\/p>\n","protected":false},"excerpt":{"rendered":"<p>Panoramica sulle barre in lega di titanio-alluminio Le barre in lega di titanio &#8211; alluminio sono materiali leggeri e ad alta resistenza, che possiedono eccellenti prestazioni alle alte temperature e resistenza all&#8217;ossidazione. Sono ampiamente utilizzate nell&#8217;industria aerospaziale, nei componenti strutturali ad alta temperatura, nelle parti meccaniche di precisione e nella post-lavorazione dei prodotti di metallurgia [&hellip;]<\/p>\n","protected":false},"featured_media":44125,"template":"","meta":{"_acf_changed":false},"product_brand":[132],"product_cat":[400],"product_tag":[5788],"class_list":{"0":"post-44124","1":"product","2":"type-product","3":"status-publish","4":"has-post-thumbnail","6":"product_brand-ulpmat","7":"product_cat-altri-materiali","8":"product_tag-asta-in-lega-di-alluminio-e-titanio","10":"first","11":"instock","12":"shipping-taxable","13":"product-type-variable"},"acf":[],"_links":{"self":[{"href":"https:\/\/ulpmat.com\/it\/wp-json\/wp\/v2\/product\/44124","targetHints":{"allow":["GET"]}}],"collection":[{"href":"https:\/\/ulpmat.com\/it\/wp-json\/wp\/v2\/product"}],"about":[{"href":"https:\/\/ulpmat.com\/it\/wp-json\/wp\/v2\/types\/product"}],"wp:featuredmedia":[{"embeddable":true,"href":"https:\/\/ulpmat.com\/it\/wp-json\/wp\/v2\/media\/44125"}],"wp:attachment":[{"href":"https:\/\/ulpmat.com\/it\/wp-json\/wp\/v2\/media?parent=44124"}],"wp:term":[{"taxonomy":"product_brand","embeddable":true,"href":"https:\/\/ulpmat.com\/it\/wp-json\/wp\/v2\/product_brand?post=44124"},{"taxonomy":"product_cat","embeddable":true,"href":"https:\/\/ulpmat.com\/it\/wp-json\/wp\/v2\/product_cat?post=44124"},{"taxonomy":"product_tag","embeddable":true,"href":"https:\/\/ulpmat.com\/it\/wp-json\/wp\/v2\/product_tag?post=44124"}],"curies":[{"name":"wp","href":"https:\/\/api.w.org\/{rel}","templated":true}]}}