{"id":43920,"date":"2026-01-23T13:24:21","date_gmt":"2026-01-23T05:24:21","guid":{"rendered":"https:\/\/ulpmat.com\/product\/boruro-di-titanio\/"},"modified":"2026-01-23T13:24:21","modified_gmt":"2026-01-23T05:24:21","slug":"boruro-di-titanio","status":"publish","type":"product","link":"https:\/\/ulpmat.com\/it\/prodotto\/boruro-di-titanio\/","title":{"rendered":"Boruro di titanio"},"content":{"rendered":"<h2><span style=\"font-size: 14pt;\">Target di sputtering in boruro di titanio Panoramica<\/span><\/h2>\n<p>Il target di sputtering<br \/>\n<span style=\"color: #0000ff;\"><a style=\"color: #0000ff;\" href=\"https:\/\/ulpmat.com\/it\/ricerca\/?type=name&#038;keyword=Titanium+boride\">in boruro di titanio<\/a><\/span><br \/>\n\u00e8 un target ceramico ad alta durezza e alto punto di fusione con eccellente conduttivit\u00e0 elettrica e stabilit\u00e0 chimica. \u00c8 ampiamente utilizzato nello sviluppo di rivestimenti ad alta durezza, film ceramici conduttivi, film sottili funzionali e materiali scientifici per film sottili.<\/p>\n<p>Offriamo target di sputtering TiB\u2082 con composizione uniforme e struttura densa, adatti per sistemi di sputtering magnetron DC o RF. <span style=\"color: #0000ff;\"><a style=\"color: #0000ff;\" href=\"https:\/\/ulpmat.com\/it\/contatto\/\">Contattateci<\/a><\/span><br \/>\nper specifiche dettagliate e informazioni tecniche.<\/p>\n<h2><span style=\"font-size: 14pt;\">Caratteristiche principali del prodotto<\/span><\/h2>\n<p>Target ceramico ad alta durezza e alto punto di fusione<br \/>\nBuona conduttivit\u00e0 elettrica, deposizione stabile di film sottili<br \/>\nResistenza alle alte temperature e alla corrosione, forte stabilit\u00e0 termica<br \/>\nAdatto per deposizioni ad alta temperatura, sotto vuoto e in atmosfera inerte<br \/>\nElevata uniformit\u00e0 dei lotti Dimensioni e forme<br \/>\n<span style=\"color: #0000ff;\"><a style=\"color: #0000ff;\" href=\"https:\/\/ulpmat.com\/it\/servizio\/personalizzazione\/\">personalizzabili<\/a><\/span><\/p>\n<p>Adatto alla preparazione di film sottili scientifici e industriali<\/p>\n<h2><span style=\"font-size: 14pt;\">Applicazioni del bersaglio di sputtering in diboruro di titanio<\/span><\/h2>\n<p><strong>Rivestimenti ad alta durezza e resistenti all&#8217;usura:<\/strong><br \/>\npu\u00f2 essere utilizzato per preparare rivestimenti resistenti all&#8217;usura e ad alta durezza, ampiamente utilizzati sulle superfici di utensili da taglio, stampi e attrezzature industriali.<br \/>\n<strong>Pellicole ceramiche conduttive e pellicole composite:<\/strong><br \/>\ngrazie alla sua conduttivit\u00e0 e stabilit\u00e0 chimica, il TiB2 pu\u00f2 essere utilizzato per preparare pellicole composite metallo-ceramiche e pellicole ceramiche conduttive per dispositivi elettronici e materiali funzionali.<br \/>\n<strong>Ricerca e sviluppo di film sottili:<\/strong><br \/>\napplicabile alla ricerca sui film sottili funzionali TiB2, allo sviluppo di nuovi rivestimenti ad alta durezza e ai test sulle prestazioni dei film.<br \/>\n<strong>Rivestimenti resistenti alla corrosione ad alta temperatura:<\/strong><br \/>\ni film TiB2 mostrano stabilit\u00e0 in ambienti ad alta temperatura e corrosivi, rendendoli adatti per rivestimenti protettivi e dispositivi elettronici ad alta temperatura.<\/p>\n<h2><span style=\"color: #0000ff;\"><a style=\"color: #0000ff;\" href=\"https:\/\/ulpmat.com\/it\/azienda\/domande-frequenti\/\"><span style=\"font-size: 14pt;\">Domande frequenti<\/span><\/a><\/span><\/h2>\n<p>D1: Quale metodo di sputtering \u00e8 adatto per i target TiB2?<br \/>\nR1: Adatto per lo sputtering con magnetron DC e lo sputtering con magnetron RF. Ha una buona conduttivit\u00e0 ed \u00e8 adattabile a vari processi PVD.<\/p>\n<p>D2: La composizione dei target TiB2 \u00e8 stabile durante la sputtering?<br \/>\nR2: In condizioni di processo appropriate, il target mantiene una composizione chimica stabile, con conseguente buona ripetibilit\u00e0 e uniformit\u00e0 del film.<\/p>\n<p>D3: I target TiB2 sono adatti alla deposizione ad alta temperatura?<br \/>\nR3: S\u00ec, questo target ha un&#8217;eccellente stabilit\u00e0 termica e resistenza agli shock termici, che lo rendono adatto alla deposizione di film sottili ad alta temperatura.<\/p>\n<p>D4: Quali sono le principali applicazioni dei target di sputtering TiB2?<br \/>\nR4: Utilizzati principalmente nello sviluppo di rivestimenti resistenti all&#8217;usura, film ceramici conduttivi, film funzionali e materiali scientifici per film sottili.<\/p>\n<h2><span style=\"font-size: 14pt;\">Report<\/span><\/h2>\n<p>Ogni lotto viene fornito con:<br \/>\n<span style=\"color: #0000ff;\"><a style=\"color: #0000ff;\" href=\"https:\/\/ulpmat.com\/it\/documenti\/certificato-di-analisi\/\"><u>Certificato di analisi (COA)<\/u><\/a><\/span><\/p>\n<p><span style=\"color: #0000ff;\"><a style=\"color: #0000ff;\" href=\"https:\/\/ulpmat.com\/it\/documenti\/scheda-tecnica\/\"><u>Scheda tecnica (TDS)<\/u><\/a><\/span><\/p>\n<p><span style=\"color: #0000ff;\"><a style=\"color: #0000ff;\" href=\"https:\/\/ulpmat.com\/it\/documenti\/scheda-di-sicurezza\/\"><u>Scheda di sicurezza (MSDS)<\/u><\/a><\/span><br \/>\nReport di controllo delle dimensioni<br \/>\nRapporti di test di terze parti disponibili su richiesta<\/p>\n<h2><span style=\"font-size: 14pt;\">Perch\u00e9 scegliere noi?<\/span><\/h2>\n<p>Ci concentriamo sulla ricerca e la fornitura di target di sputtering ceramici ad alte prestazioni, garantendo che i target di sputtering TiB2 soddisfino gli standard scientifici e industriali in termini di struttura del materiale, densificazione e compatibilit\u00e0 di sputtering, fornendo una garanzia affidabile per la preparazione di film sottili funzionali e rivestimenti ad alta durezza.<\/p>\n","protected":false},"excerpt":{"rendered":"<p>Target di sputtering in boruro di titanio Panoramica Il target di sputtering in boruro di titanio \u00e8 un target ceramico ad alta durezza e alto punto di fusione con eccellente conduttivit\u00e0 elettrica e stabilit\u00e0 chimica. \u00c8 ampiamente utilizzato nello sviluppo di rivestimenti ad alta durezza, film ceramici conduttivi, film sottili funzionali e materiali scientifici per [&hellip;]<\/p>\n","protected":false},"featured_media":43921,"template":"","meta":{"_acf_changed":false},"product_brand":[],"product_cat":[453],"product_tag":[5752],"class_list":{"0":"post-43920","1":"product","2":"type-product","3":"status-publish","4":"has-post-thumbnail","6":"product_cat-target-di-sputtering-in-ceramica","7":"product_tag-target-di-sputtering-al-boruro-di-titanio","9":"first","10":"instock","11":"shipping-taxable","12":"product-type-variable"},"acf":[],"_links":{"self":[{"href":"https:\/\/ulpmat.com\/it\/wp-json\/wp\/v2\/product\/43920","targetHints":{"allow":["GET"]}}],"collection":[{"href":"https:\/\/ulpmat.com\/it\/wp-json\/wp\/v2\/product"}],"about":[{"href":"https:\/\/ulpmat.com\/it\/wp-json\/wp\/v2\/types\/product"}],"wp:featuredmedia":[{"embeddable":true,"href":"https:\/\/ulpmat.com\/it\/wp-json\/wp\/v2\/media\/43921"}],"wp:attachment":[{"href":"https:\/\/ulpmat.com\/it\/wp-json\/wp\/v2\/media?parent=43920"}],"wp:term":[{"taxonomy":"product_brand","embeddable":true,"href":"https:\/\/ulpmat.com\/it\/wp-json\/wp\/v2\/product_brand?post=43920"},{"taxonomy":"product_cat","embeddable":true,"href":"https:\/\/ulpmat.com\/it\/wp-json\/wp\/v2\/product_cat?post=43920"},{"taxonomy":"product_tag","embeddable":true,"href":"https:\/\/ulpmat.com\/it\/wp-json\/wp\/v2\/product_tag?post=43920"}],"curies":[{"name":"wp","href":"https:\/\/api.w.org\/{rel}","templated":true}]}}