{"id":43822,"date":"2026-01-23T13:24:23","date_gmt":"2026-01-23T05:24:23","guid":{"rendered":"https:\/\/ulpmat.com\/product\/carburo-di-titanio\/"},"modified":"2026-01-23T13:24:23","modified_gmt":"2026-01-23T05:24:23","slug":"carburo-di-titanio","status":"publish","type":"product","link":"https:\/\/ulpmat.com\/it\/prodotto\/carburo-di-titanio\/","title":{"rendered":"Carburo di titanio"},"content":{"rendered":"<h2><span style=\"font-size: 14pt;\">Panoramica sui target di sputtering in carburo di titanio<\/span><\/h2>\n<p>I target di sputtering<br \/>\n<span style=\"color: #0000ff;\"><a style=\"color: #0000ff;\" href=\"https:\/\/ulpmat.com\/it\/ricerca\/?type=name&#038;keyword=Titanium+carbide\">in carburo di titanio<\/a><\/span><br \/>\nsono target ceramici avanzati con elevata durezza e alto punto di fusione, che possiedono eccellente resistenza all&#8217;usura, stabilit\u00e0 chimica e conduttivit\u00e0 elettrica, adatti a vari processi di deposizione fisica da vapore (PVD). Questi target sono ampiamente utilizzati nella preparazione di film sottili resistenti all&#8217;usura, rivestimenti funzionali e film sottili stabili alle alte temperature.<\/p>\n<p>Siamo in grado di fornire target di sputtering in carburo di titanio con composizione uniforme e struttura densa, adatti per sistemi di sputtering magnetron DC o RF. Per dimensioni, forme o soluzioni <span style=\"color: #0000ff;\"><a style=\"color: #0000ff;\" href=\"https:\/\/ulpmat.com\/it\/servizio\/legame-con-lobiettivo\/\">di incollaggio<\/a><\/span><br \/>\npersonalizzate, <span style=\"color: #0000ff;\"><a style=\"color: #0000ff;\" href=\"https:\/\/ulpmat.com\/it\/contatto\/\">contattateci<\/a><\/span><br \/>\nper <span style=\"color: #0000ff;\"><a style=\"color: #0000ff;\" href=\"https:\/\/ulpmat.com\/it\/servizio\/assistenza-tecnica\/\">assistenza tecnica<\/a><\/span><br \/>\ne consigli sull&#8217;applicazione.<\/p>\n<h2><span style=\"font-size: 14pt;\">Caratteristiche principali del prodotto<\/span><\/h2>\n<p>Alto punto di fusione, adatto a condizioni di sputtering ad alta potenza e alta temperatura<br \/>\nElevata durezza, che consente di ottenere film sottili con eccellente resistenza all&#8217;usura<br \/>\nBuona stabilit\u00e0 chimica e resistenza alla corrosione<br \/>\nPossiede una certa conduttivit\u00e0 elettrica, adatta a varie modalit\u00e0 di sputtering<br \/>\nComposizione stabile, vantaggiosa per una composizione uniforme del film sottile<\/p>\n<h2><span style=\"font-size: 14pt;\">Applicazioni dei target di sputtering in carburo di titanio<\/span><\/h2>\n<p><strong>Rivestimenti resistenti all&#8217;usura e protettivi:<\/strong><br \/>\ncomunemente utilizzati per preparare rivestimenti protettivi ad alta durezza e bassa usura, adatti per le superfici di utensili da taglio, stampi e parti meccaniche.<br \/>\n<strong>Film sottili funzionali e rivestimenti ingegneristici:<\/strong><br \/>\nNei campi della microelettronica, dei sensori e dei dispositivi funzionali, i film sottili in carburo di titanio forniscono un&#8217;eccellente stabilit\u00e0 strutturale e supporto funzionale.<br \/>\n<strong>Film sottili per alte temperature e ambienti estremi:<\/strong><br \/>\nAdatti alla ricerca e all&#8217;applicazione di materiali a film sottile utilizzati in ambienti ad alta temperatura o corrosivi.<br \/>\n<strong>Ricerca scientifica e sviluppo di materiali:<\/strong><br \/>\nAmpiamente utilizzati nello sviluppo di materiali a film sottile e nell&#8217;ottimizzazione dei processi in universit\u00e0, istituti di ricerca e laboratori.<\/p>\n<h2><span style=\"font-size: 14pt;\"><a href=\"https:\/\/ulpmat.com\/it\/azienda\/domande-frequenti\/\"><span style=\"color: #0000ff;\">Domande frequenti<\/span><\/a><\/span><\/h2>\n<p>D1: Per quali processi di sputtering vengono utilizzati principalmente i target di sputtering in carburo di titanio?<br \/>\nA1: Comunemente utilizzati nei processi di sputtering con magnetron a corrente continua e sputtering con magnetron a radiofrequenza, a seconda della configurazione dell&#8217;apparecchiatura e dei requisiti di processo.<\/p>\n<p>D2: Quali tipi di film sottili possono essere depositati utilizzando target in carburo di titanio?<br \/>\nA2: Utilizzati principalmente per il deposito di film sottili resistenti all&#8217;usura, rivestimenti protettivi e film sottili funzionali con stabilit\u00e0 alle alte temperature.<\/p>\n<p>D3: Quali sono le propriet\u00e0 tipiche dei film sottili in carburo di titanio?<br \/>\nR3: In genere presentano elevata durezza, buona resistenza all&#8217;usura, stabilit\u00e0 chimica e stabilit\u00e0 strutturale in condizioni di alta temperatura.<\/p>\n<p>D4: I target di sputtering in carburo di titanio sono adatti allo sputtering ad alta potenza?<br \/>\nR4: Grazie al loro elevato punto di fusione e alla buona stabilit\u00e0 termica, i target in carburo di titanio sono adatti per applicazioni di sputtering ad alta densit\u00e0 di potenza.<\/p>\n<h2><span style=\"font-size: 14pt;\">Rapporto<\/span><\/h2>\n<p>Ogni lotto viene fornito con:<br \/>\n<span style=\"color: #0000ff;\"><a style=\"color: #0000ff;\" href=\"https:\/\/ulpmat.com\/it\/documenti\/certificato-di-analisi\/\"><u>Certificato di analisi (COA)<\/u><\/a><\/span><\/p>\n<p><span style=\"color: #0000ff;\"><a style=\"color: #0000ff;\" href=\"https:\/\/ulpmat.com\/it\/documenti\/scheda-tecnica\/\"><u>Scheda tecnica (TDS)<\/u><\/a><\/span><\/p>\n<p><span style=\"color: #0000ff;\"><a style=\"color: #0000ff;\" href=\"https:\/\/ulpmat.com\/it\/documenti\/scheda-di-sicurezza\/\"><u>Scheda di sicurezza (MSDS)<\/u><\/a><\/span><br \/>\nRapporto di controllo delle dimensioni<br \/>\nRapporti di test di terze parti disponibili su richiesta<\/p>\n<h2><span style=\"font-size: 14pt;\">Perch\u00e9 scegliere noi?<\/span><\/h2>\n<p>Siamo specializzati in target di sputtering e materiali inorganici avanzati, con particolare attenzione alla densit\u00e0 dei target, all&#8217;uniformit\u00e0 della composizione e alla compatibilit\u00e0 delle applicazioni. Siamo in grado di fornire soluzioni materiali stabili e affidabili per i vostri processi di deposizione di film sottili.<\/p>\n","protected":false},"excerpt":{"rendered":"<p>Panoramica sui target di sputtering in carburo di titanio I target di sputtering in carburo di titanio sono target ceramici avanzati con elevata durezza e alto punto di fusione, che possiedono eccellente resistenza all&#8217;usura, stabilit\u00e0 chimica e conduttivit\u00e0 elettrica, adatti a vari processi di deposizione fisica da vapore (PVD). Questi target sono ampiamente utilizzati nella [&hellip;]<\/p>\n","protected":false},"featured_media":43823,"template":"","meta":{"_acf_changed":false},"product_brand":[],"product_cat":[453],"product_tag":[5734],"class_list":{"0":"post-43822","1":"product","2":"type-product","3":"status-publish","4":"has-post-thumbnail","6":"product_cat-target-di-sputtering-in-ceramica","7":"product_tag-target-di-sputtering-in-carburo-di-titanio","9":"first","10":"instock","11":"shipping-taxable","12":"product-type-variable"},"acf":[],"_links":{"self":[{"href":"https:\/\/ulpmat.com\/it\/wp-json\/wp\/v2\/product\/43822","targetHints":{"allow":["GET"]}}],"collection":[{"href":"https:\/\/ulpmat.com\/it\/wp-json\/wp\/v2\/product"}],"about":[{"href":"https:\/\/ulpmat.com\/it\/wp-json\/wp\/v2\/types\/product"}],"wp:featuredmedia":[{"embeddable":true,"href":"https:\/\/ulpmat.com\/it\/wp-json\/wp\/v2\/media\/43823"}],"wp:attachment":[{"href":"https:\/\/ulpmat.com\/it\/wp-json\/wp\/v2\/media?parent=43822"}],"wp:term":[{"taxonomy":"product_brand","embeddable":true,"href":"https:\/\/ulpmat.com\/it\/wp-json\/wp\/v2\/product_brand?post=43822"},{"taxonomy":"product_cat","embeddable":true,"href":"https:\/\/ulpmat.com\/it\/wp-json\/wp\/v2\/product_cat?post=43822"},{"taxonomy":"product_tag","embeddable":true,"href":"https:\/\/ulpmat.com\/it\/wp-json\/wp\/v2\/product_tag?post=43822"}],"curies":[{"name":"wp","href":"https:\/\/api.w.org\/{rel}","templated":true}]}}