{"id":40386,"date":"2025-12-29T16:47:27","date_gmt":"2025-12-29T08:47:27","guid":{"rendered":"https:\/\/ulpmat.com\/product\/acciaio-sferico-ad-alta-velocita-s590\/"},"modified":"2025-12-29T16:47:27","modified_gmt":"2025-12-29T08:47:27","slug":"acciaio-sferico-ad-alta-velocita-s590","status":"publish","type":"product","link":"https:\/\/ulpmat.com\/it\/prodotto\/acciaio-sferico-ad-alta-velocita-s590\/","title":{"rendered":"Acciaio sferico ad alta velocit\u00e0 S590"},"content":{"rendered":"<h2><span style=\"font-size: 14pt;\">Panoramica sulla polvere sferica in acciaio rapido S590<\/span><\/h2>\n<p><strong><span style=\"color: #0000ff;\"><a style=\"color: #0000ff;\" href=\"https:\/\/ulpmat.com\/it\/applicazione\/stampa-3d\/\">La polvere sferica<\/a><\/span><\/strong><br \/>\nin acciaio rapido<br \/>\n<strong><span style=\"color: #0000ff;\"><a style=\"color: #0000ff;\" href=\"https:\/\/ulpmat.com\/it\/ricerca\/?type=name&#038;keyword=S590\">S590<\/a><\/span><\/strong><br \/>\n\u00e8 un materiale in acciaio rapido altamente legato. Grazie al processo di sferoidizzazione, bilancia elevata durezza, resistenza all&#8217;usura e buona formabilit\u00e0, rendendola adatta alla produzione di componenti ad alte prestazioni.<\/p>\n<p>Offriamo materiali in polvere sferica con diverse gamme di dimensioni delle particelle e opzioni di controllo dei lotti. Supportiamo la comunicazione di progetto e la valutazione dei campioni. <strong><span style=\"color: #0000ff;\"><a style=\"color: #0000ff;\" href=\"https:\/\/ulpmat.com\/it\/contatto\/\">Contattateci<\/a><\/span><\/strong><br \/>\nper informazioni tecniche e suggerimenti applicativi.<\/p>\n<h2><span style=\"font-size: 14pt;\">Caratteristiche principali del prodotto<\/span><\/h2>\n<p>Elevata sfericit\u00e0 e buona scorrevolezza<\/p>\n<p>Eccellente durezza e resistenza all&#8217;usura<\/p>\n<p>Elevata stabilit\u00e0 di formabilit\u00e0<\/p>\n<p>Supporta esigenze personalizzate<\/p>\n<p>Fornitura di piccoli lotti e progetti<\/p>\n<p>Fornitura stabile a lungo termine<\/p>\n<h2><span style=\"font-size: 14pt;\">Applicazioni della polvere sferica di acciaio rapido S590<\/span><\/h2>\n<p><strong>Produzione additiva:<\/strong><br \/>\nquesta polvere sferica \u00e8 adatta ai processi di produzione additiva dei metalli, soddisfacendo le esigenze di produzione di parti strutturali complesse e di formatura ad alta precisione.<\/p>\n<p><strong>Parti di metallurgia delle polveri:<\/strong><br \/>\nnei processi di formatura della metallurgia delle polveri, aiuta a migliorare la densit\u00e0 e l&#8217;uniformit\u00e0 del prodotto finito, rendendolo adatto per parti di utensili ad alte prestazioni.<\/p>\n<p><strong>Materiali per utensili altamente resistenti all&#8217;usura:<\/strong><br \/>\ncomunemente utilizzati nella produzione di utensili e componenti funzionali per condizioni di elevato carico e resistenza all&#8217;usura, soddisfano i requisiti di utilizzo stabile a lungo termine.<\/p>\n<h2><span style=\"font-size: 14pt;\">Domande frequenti<\/span><\/h2>\n<p><strong>D1: Per quale processo di formatura \u00e8 pi\u00f9 adatta la polvere sferica di acciaio rapido sferico S590?<\/strong><br \/>\nR1: Comunemente utilizzata nei processi di produzione additiva e metallurgia delle polveri. La selezione specifica dipende dalle attrezzature e dalle condizioni di processo.<\/p>\n<p><strong>D2: Sono disponibili diverse specifiche di dimensione delle particelle?<\/strong><br \/>\nR2: S\u00ec, sono disponibili diverse gamme di dimensioni delle particelle per soddisfare i requisiti dell&#8217;applicazione.<\/p>\n<p><strong>D3: Quali precauzioni devono essere prese durante lo stoccaggio e il trasporto della polvere?<\/strong><br \/>\nA3: Si consiglia un imballaggio sigillato. Conservare in un ambiente asciutto per evitare umidit\u00e0 e contaminazione.<\/p>\n<p><strong>D4: In che modo la polvere sferica di acciaio rapido sferico S590 migliora le prestazioni dei componenti?<\/strong><br \/>\nA4: Questa polvere sferica aiuta a ottenere una struttura formata uniforme e ad alta densit\u00e0, migliorando cos\u00ec la resistenza all&#8217;usura, la stabilit\u00e0 della resistenza e la durata dei componenti, rendendola adatta per applicazioni con carichi elevati.<\/p>\n<h2><span style=\"font-size: 14pt;\">Rapporti<\/span><\/h2>\n<p>Ogni lotto viene fornito con:<\/p>\n<p>Certificato di analisi (COA)<\/p>\n<p>Scheda tecnica (TDS)<\/p>\n<p>Scheda di sicurezza dei materiali (MSDS)<\/p>\n<p>Rapporti di test di terze parti disponibili su richiesta<\/p>\n<h2><span style=\"font-size: 14pt;\">Perch\u00e9 scegliere noi?<\/span><\/h2>\n<p>Ci concentriamo sulla fornitura stabile e sul supporto tecnico di materiali in polvere metallica ad alte prestazioni. Disponiamo di un sistema di gestione della qualit\u00e0 maturo e di capacit\u00e0 di personalizzazione flessibili, che ci consentono di fornire ai clienti soluzioni in polvere affidabili e tracciabili, adatte sia alla ricerca che all&#8217;industrializzazione, facilitando l&#8217;efficiente avanzamento dei progetti.<\/p>\n","protected":false},"excerpt":{"rendered":"<p>Panoramica sulla polvere sferica in acciaio rapido S590 La polvere sferica in acciaio rapido S590 \u00e8 un materiale in acciaio rapido altamente legato. Grazie al processo di sferoidizzazione, bilancia elevata durezza, resistenza all&#8217;usura e buona formabilit\u00e0, rendendola adatta alla produzione di componenti ad alte prestazioni. Offriamo materiali in polvere sferica con diverse gamme di dimensioni [&hellip;]<\/p>\n","protected":false},"featured_media":40837,"template":"","meta":{"_acf_changed":false},"product_brand":[],"product_cat":[1145],"product_tag":[4934],"class_list":{"0":"post-40386","1":"product","2":"type-product","3":"status-publish","4":"has-post-thumbnail","6":"product_cat-stampa-3d-di-polvere-sferica","7":"product_tag-polvere-sferica-in-acciaio-ad-alta-velocita-s590","9":"first","10":"instock","11":"shipping-taxable","12":"product-type-variable"},"acf":[],"_links":{"self":[{"href":"https:\/\/ulpmat.com\/it\/wp-json\/wp\/v2\/product\/40386","targetHints":{"allow":["GET"]}}],"collection":[{"href":"https:\/\/ulpmat.com\/it\/wp-json\/wp\/v2\/product"}],"about":[{"href":"https:\/\/ulpmat.com\/it\/wp-json\/wp\/v2\/types\/product"}],"wp:featuredmedia":[{"embeddable":true,"href":"https:\/\/ulpmat.com\/it\/wp-json\/wp\/v2\/media\/40837"}],"wp:attachment":[{"href":"https:\/\/ulpmat.com\/it\/wp-json\/wp\/v2\/media?parent=40386"}],"wp:term":[{"taxonomy":"product_brand","embeddable":true,"href":"https:\/\/ulpmat.com\/it\/wp-json\/wp\/v2\/product_brand?post=40386"},{"taxonomy":"product_cat","embeddable":true,"href":"https:\/\/ulpmat.com\/it\/wp-json\/wp\/v2\/product_cat?post=40386"},{"taxonomy":"product_tag","embeddable":true,"href":"https:\/\/ulpmat.com\/it\/wp-json\/wp\/v2\/product_tag?post=40386"}],"curies":[{"name":"wp","href":"https:\/\/api.w.org\/{rel}","templated":true}]}}