{"id":40306,"date":"2025-12-29T16:47:28","date_gmt":"2025-12-29T08:47:28","guid":{"rendered":"https:\/\/ulpmat.com\/product\/s390-acciaio-sferico-ad-alta-velocita\/"},"modified":"2025-12-29T16:47:28","modified_gmt":"2025-12-29T08:47:28","slug":"s390-acciaio-sferico-ad-alta-velocita","status":"publish","type":"product","link":"https:\/\/ulpmat.com\/it\/prodotto\/s390-acciaio-sferico-ad-alta-velocita\/","title":{"rendered":"S390 Acciaio sferico ad alta velocit\u00e0"},"content":{"rendered":"<h2><span style=\"font-size: 14pt;\">Panoramica sulla polvere sferica di acciaio rapido S390<\/span><\/h2>\n<p>La polvere sferica di acciaio rapido<br \/>\n<strong><span style=\"color: #0000ff;\"><a style=\"color: #0000ff;\" href=\"https:\/\/ulpmat.com\/it\/ricerca\/?type=name&#038;keyword=S390\">S390<\/a><\/span><\/strong><br \/>\n\u00e8 un materiale <span style=\"color: #0000ff;\"><strong><a style=\"color: #0000ff;\" href=\"https:\/\/ulpmat.com\/it\/applicazione\/stampa-3d\/\">sferico in polvere<\/a><\/strong><\/span><br \/>\ndi acciaio rapido altamente legato che combina elevata durezza, eccellente resistenza all&#8217;usura e buona formabilit\u00e0, rendendolo adatto alla produzione di componenti ad alte prestazioni.<\/p>\n<p>Offriamo soluzioni in polvere sferica con diverse gamme di dimensioni delle particelle e controllo della consistenza dei lotti. Forniamo assistenza per la comunicazione tecnica e la valutazione dei campioni. <span style=\"color: #0000ff;\"><strong><a style=\"color: #0000ff;\" href=\"https:\/\/ulpmat.com\/it\/contatto\/\">Contattateci<\/a><\/strong><\/span><br \/>\nper informazioni dettagliate.<\/p>\n<h2><span style=\"font-size: 14pt;\">Caratteristiche principali del prodotto<\/span><\/h2>\n<p>Particelle sferiche, buona scorrevolezza<\/p>\n<p>Eccezionale durezza e resistenza all&#8217;usura<\/p>\n<p>Elevata stabilit\u00e0 di formatura<\/p>\n<p>Supporto alla personalizzazione<\/p>\n<p>Ciclo di consegna controllabile<\/p>\n<p>Assistenza post-vendita e supporto tecnico<\/p>\n<p>Fornitura stabile a lungo termine<\/p>\n<h2><span style=\"font-size: 14pt;\">Applicazioni della polvere di acciaio rapido sferico S390<\/span><\/h2>\n<p><strong>Stampa 3D:<\/strong><br \/>\nutilizzata nei processi di produzione additiva dei metalli, contribuisce a ottenere una formatura stabile di parti strutturali complesse e ad alta densit\u00e0.<\/p>\n<p><strong>Parti di metallurgia delle polveri:<\/strong><br \/>\nnei processi di formatura della metallurgia delle polveri, pu\u00f2 migliorare l&#8217;uniformit\u00e0 della pressatura e della sinterizzazione, soddisfacendo i requisiti di parti ad alta resistenza e alta resistenza all&#8217;usura.<\/p>\n<p><strong>Materiale per utensili altamente resistente all&#8217;usura:<\/strong><br \/>\nadatto per la produzione di utensili e parti funzionali in condizioni di carico elevato e usura elevata, prolungando la durata di servizio.<\/p>\n<h2><span style=\"font-size: 14pt;\">Domande frequenti<\/span><\/h2>\n<p><strong>D1: Quali sono i vantaggi della polvere di acciaio rapido sferico S390 rispetto alla normale polvere irregolare?<\/strong><br \/>\nR1: Le particelle sferiche hanno una migliore fluidit\u00e0 e propriet\u00e0 di riempimento, che aiutano a migliorare la stabilit\u00e0 di formatura e la densit\u00e0 finale.<\/p>\n<p><strong>D2: \u00c8 possibile selezionare la gamma di dimensioni delle particelle in base ai requisiti delle attrezzature?<\/strong><br \/>\nR2: S\u00ec, possiamo fornire diverse gamme di dimensioni delle particelle in base ai requisiti specifici del processo e delle attrezzature.<\/p>\n<p><strong>D3: Quali precauzioni devono essere prese durante il trasporto e lo stoccaggio della polvere?<\/strong><br \/>\nR3: Si raccomanda di sigillare l&#8217;imballaggio per evitare umidit\u00e0 e contaminazione e di conservarlo in un ambiente asciutto.<\/p>\n<h2><span style=\"font-size: 14pt;\">Rapporti<\/span><\/h2>\n<p>Ogni lotto \u00e8 fornito con:<\/p>\n<p>Certificato di analisi (COA)<\/p>\n<p>Scheda tecnica (TDS)<\/p>\n<p>Scheda di sicurezza (MSDS)<\/p>\n<p>Rapporti di test di terze parti disponibili su richiesta<\/p>\n<h2><span style=\"font-size: 14pt;\">Perch\u00e9 scegliere noi?<\/span><\/h2>\n<p>Siamo specializzati nella preparazione e nella fornitura stabile di <strong>polvere sferica di acciaio rapido ad alte prestazioni<\/strong><br \/>\n. Disponiamo di un sistema di gestione della qualit\u00e0 completo e di capacit\u00e0 di personalizzazione flessibili, che ci consentono di fornire ai clienti soluzioni materiali affidabili, tracciabili e adeguate per la ricerca scientifica e le applicazioni su larga scala, contribuendo al progresso efficiente dei progetti.<\/p>\n","protected":false},"excerpt":{"rendered":"<p>Panoramica sulla polvere sferica di acciaio rapido S390 La polvere sferica di acciaio rapido S390 \u00e8 un materiale sferico in polvere di acciaio rapido altamente legato che combina elevata durezza, eccellente resistenza all&#8217;usura e buona formabilit\u00e0, rendendolo adatto alla produzione di componenti ad alte prestazioni. Offriamo soluzioni in polvere sferica con diverse gamme di dimensioni [&hellip;]<\/p>\n","protected":false},"featured_media":40307,"template":"","meta":{"_acf_changed":false},"product_brand":[],"product_cat":[1145],"product_tag":[4916],"class_list":{"0":"post-40306","1":"product","2":"type-product","3":"status-publish","4":"has-post-thumbnail","6":"product_cat-stampa-3d-di-polvere-sferica","7":"product_tag-s390-acciaio-sferico-ad-alta-velocita-polvere-sferica","9":"first","10":"instock","11":"shipping-taxable","12":"product-type-variable"},"acf":[],"_links":{"self":[{"href":"https:\/\/ulpmat.com\/it\/wp-json\/wp\/v2\/product\/40306","targetHints":{"allow":["GET"]}}],"collection":[{"href":"https:\/\/ulpmat.com\/it\/wp-json\/wp\/v2\/product"}],"about":[{"href":"https:\/\/ulpmat.com\/it\/wp-json\/wp\/v2\/types\/product"}],"wp:featuredmedia":[{"embeddable":true,"href":"https:\/\/ulpmat.com\/it\/wp-json\/wp\/v2\/media\/40307"}],"wp:attachment":[{"href":"https:\/\/ulpmat.com\/it\/wp-json\/wp\/v2\/media?parent=40306"}],"wp:term":[{"taxonomy":"product_brand","embeddable":true,"href":"https:\/\/ulpmat.com\/it\/wp-json\/wp\/v2\/product_brand?post=40306"},{"taxonomy":"product_cat","embeddable":true,"href":"https:\/\/ulpmat.com\/it\/wp-json\/wp\/v2\/product_cat?post=40306"},{"taxonomy":"product_tag","embeddable":true,"href":"https:\/\/ulpmat.com\/it\/wp-json\/wp\/v2\/product_tag?post=40306"}],"curies":[{"name":"wp","href":"https:\/\/api.w.org\/{rel}","templated":true}]}}