{"id":40282,"date":"2025-12-29T16:47:29","date_gmt":"2025-12-29T08:47:29","guid":{"rendered":"https:\/\/ulpmat.com\/product\/carbonato-di-cobalto\/"},"modified":"2025-12-29T16:47:29","modified_gmt":"2025-12-29T08:47:29","slug":"carbonato-di-cobalto","status":"publish","type":"product","link":"https:\/\/ulpmat.com\/it\/prodotto\/carbonato-di-cobalto\/","title":{"rendered":"Carbonato di cobalto"},"content":{"rendered":"<h2><span style=\"font-size: 14pt;\">Panoramica sulla polvere di carbonato di cobalto<\/span><\/h2>\n<p>La polvere<br \/>\n<strong><span style=\"color: #0000ff;\">di carbonato di cobalto<\/span><\/strong><br \/>\n\u00e8 un importante precursore dei composti di cobalto, ampiamente utilizzato nei materiali per batterie, nei catalizzatori e nella preparazione di ceramiche ad alte prestazioni.<\/p>\n<p>Offriamo polveri di carbonato di cobalto di varie dimensioni delle particelle e gradi di purezza, fornendo assistenza tecnica e test sui campioni. <span style=\"color: #0000ff;\"><strong><a style=\"color: #0000ff;\" href=\"https:\/\/ulpmat.com\/it\/contatto\/\">Contattateci<\/a><\/strong><\/span><br \/>\nper informazioni dettagliate.<\/p>\n<h2><span style=\"font-size: 14pt;\">Caratteristiche principali del prodotto<\/span><\/h2>\n<p>Composizione chimica stabile<\/p>\n<p>Facilmente solubile in acidi<\/p>\n<p>Buone prestazioni di decomposizione termica<\/p>\n<p>Dimensioni delle particelle e purezza personalizzabili<\/p>\n<p>Rigoroso controllo della consistenza dei lotti<\/p>\n<p>Adatto per esperimenti di ricerca e sviluppo<\/p>\n<p>Fornitura stabile a lungo termine<\/p>\n<h2><span style=\"font-size: 14pt;\">Applicazioni della polvere di carbonato di cobalto<\/span><\/h2>\n<p><strong>Preparazione di materiali per batterie:<\/strong><br \/>\ncome precursore per batterie agli ioni di litio e al nichel-metallo idruro, pu\u00f2 essere utilizzato per preparare materiali catodici ad alte prestazioni, migliorando le prestazioni del ciclo della batteria.<\/p>\n<p><strong>Preparazione di catalizzatori:<\/strong><br \/>\npu\u00f2 essere utilizzato per preparare vari precursori di catalizzatori, garantendo una distribuzione uniforme dei componenti attivi e l&#8217;efficienza catalitica.<\/p>\n<p><strong>Materiali ceramici ad alte prestazioni:<\/strong><br \/>\nutilizzato nella sintesi di ceramiche a base di cobalto o ceramiche funzionali, migliorando la durezza, la resistenza all&#8217;usura e la stabilit\u00e0 termica dei materiali.<\/p>\n<h2><span style=\"font-size: 14pt;\">Domande frequenti<\/span><\/h2>\n<p><strong>D1: La polvere di carbonato di cobalto \u00e8 facilmente solubile?<\/strong><br \/>\nR1: S\u00ec, questa polvere \u00e8 facilmente solubile in mezzi acidi, facilitando la preparazione di soluzioni di sali di cobalto o reazioni successive.<\/p>\n<p><strong>D2: La dimensione delle particelle di polvere influir\u00e0 sulle propriet\u00e0 successive del materiale?<\/strong><br \/>\nR2: S\u00ec, l&#8217;uniformit\u00e0 delle dimensioni delle particelle influisce direttamente sulla dispersibilit\u00e0 e sull&#8217;attivit\u00e0 del materiale. Si consiglia di selezionare una dimensione delle particelle appropriata in base al processo.<\/p>\n<p><strong>D3: Potete fornire polveri di diversi gradi di purezza?<\/strong><br \/>\nR3: S\u00ec, possiamo fornire polveri di elevata purezza o di gradi di purezza specifici in base alle esigenze del cliente.<\/p>\n<p><strong>D4: Quali precauzioni devono essere prese durante lo stoccaggio della polvere?<\/strong><br \/>\nR4: Si raccomanda di conservare la polvere in un contenitore sigillato in un ambiente asciutto, evitando l&#8217;umidit\u00e0 e l&#8217;esposizione prolungata all&#8217;aria per mantenere l&#8217;attivit\u00e0 della polvere.<\/p>\n<h2><span style=\"font-size: 14pt;\">Rapporti<\/span><\/h2>\n<p>Ogni lotto \u00e8 fornito con:<\/p>\n<p>Certificato di analisi (COA)<\/p>\n<p>Scheda tecnica (TDS)<\/p>\n<p>Scheda di sicurezza (MSDS)<\/p>\n<p>Rapporti di test di terze parti disponibili su richiesta<\/p>\n<h2><span style=\"font-size: 14pt;\">Perch\u00e9 scegliere noi?<\/span><\/h2>\n<p>Da tempo ci concentriamo sulla ricerca e la fornitura di <strong>polveri di composti di cobalto di alta qualit\u00e0<\/strong><br \/>\n, disponendo di un sistema di gestione della qualit\u00e0 completo e di capacit\u00e0 di personalizzazione flessibili. Siamo in grado di fornire ai clienti soluzioni affidabili e tracciabili, adatte alla ricerca scientifica e alle applicazioni industriali, contribuendo al progresso efficiente dei progetti.<\/p>\n","protected":false},"excerpt":{"rendered":"<p>Panoramica sulla polvere di carbonato di cobalto La polvere di carbonato di cobalto \u00e8 un importante precursore dei composti di cobalto, ampiamente utilizzato nei materiali per batterie, nei catalizzatori e nella preparazione di ceramiche ad alte prestazioni. Offriamo polveri di carbonato di cobalto di varie dimensioni delle particelle e gradi di purezza, fornendo assistenza tecnica [&hellip;]<\/p>\n","protected":false},"featured_media":40283,"template":"","meta":{"_acf_changed":false},"product_brand":[],"product_cat":[1186],"product_tag":[4910],"class_list":{"0":"post-40282","1":"product","2":"type-product","3":"status-publish","4":"has-post-thumbnail","6":"product_cat-altri-acidi","7":"product_tag-carbonato-di-cobalto-in-polvere","9":"first","10":"instock","11":"shipping-taxable","12":"product-type-variable"},"acf":[],"_links":{"self":[{"href":"https:\/\/ulpmat.com\/it\/wp-json\/wp\/v2\/product\/40282","targetHints":{"allow":["GET"]}}],"collection":[{"href":"https:\/\/ulpmat.com\/it\/wp-json\/wp\/v2\/product"}],"about":[{"href":"https:\/\/ulpmat.com\/it\/wp-json\/wp\/v2\/types\/product"}],"wp:featuredmedia":[{"embeddable":true,"href":"https:\/\/ulpmat.com\/it\/wp-json\/wp\/v2\/media\/40283"}],"wp:attachment":[{"href":"https:\/\/ulpmat.com\/it\/wp-json\/wp\/v2\/media?parent=40282"}],"wp:term":[{"taxonomy":"product_brand","embeddable":true,"href":"https:\/\/ulpmat.com\/it\/wp-json\/wp\/v2\/product_brand?post=40282"},{"taxonomy":"product_cat","embeddable":true,"href":"https:\/\/ulpmat.com\/it\/wp-json\/wp\/v2\/product_cat?post=40282"},{"taxonomy":"product_tag","embeddable":true,"href":"https:\/\/ulpmat.com\/it\/wp-json\/wp\/v2\/product_tag?post=40282"}],"curies":[{"name":"wp","href":"https:\/\/api.w.org\/{rel}","templated":true}]}}