{"id":40262,"date":"2025-12-29T16:47:29","date_gmt":"2025-12-29T08:47:29","guid":{"rendered":"https:\/\/ulpmat.com\/product\/lega-di-cobalto-e-ferro-2\/"},"modified":"2025-12-29T16:47:29","modified_gmt":"2025-12-29T08:47:29","slug":"lega-di-cobalto-e-ferro-2","status":"publish","type":"product","link":"https:\/\/ulpmat.com\/it\/prodotto\/lega-di-cobalto-e-ferro-2\/","title":{"rendered":"Lega di cobalto e ferro"},"content":{"rendered":"<h2><span style=\"font-size: 14pt;\">Panoramica sulla polvere di lega di cobalto e ferro<\/span><\/h2>\n<p>La polvere di lega<br \/>\n<strong><span style=\"color: #0000ff;\"><a style=\"color: #0000ff;\" href=\"https:\/\/ulpmat.com\/it\/ricerca\/?type=element&#038;keyword=Co%2CFe\">di cobalto e ferro<\/a><\/span><\/strong><br \/>\n\u00e8 un materiale metallico ad alte prestazioni che possiede eccellenti propriet\u00e0 magnetiche, resistenza all&#8217;usura e stabilit\u00e0 strutturale, adatto per componenti funzionali e ricerca sui materiali avanzati.<\/p>\n<p>Siamo in grado di fornire polveri di lega di cobalto e ferro con diversi rapporti di composizione, dimensioni delle particelle e controllo dei lotti in base alle esigenze dei clienti, oltre a supportare test sui campioni e consulenza tecnica. <strong><span style=\"color: #0000ff;\"><a style=\"color: #0000ff;\" href=\"https:\/\/ulpmat.com\/it\/contatto\/\">Contattateci<\/a><\/span><\/strong><br \/>\nper ulteriori informazioni.<\/p>\n<h2><span style=\"font-size: 14pt;\">Caratteristiche principali del prodotto<\/span><\/h2>\n<p>Struttura uniforme e particelle stabili<\/p>\n<p>Eccellenti propriet\u00e0 magnetiche<\/p>\n<p>Resistenza all&#8217;usura e alla corrosione<\/p>\n<p>Buona stabilit\u00e0 alle alte temperature<\/p>\n<p>Facile da lavorare e modellare<\/p>\n<p>Rapporti di composizione personalizzabili disponibili<\/p>\n<p>Consulenza sull&#8217;applicazione fornita<\/p>\n<p>Garanzia di fornitura stabile a lungo termine<\/p>\n<h2><span style=\"font-size: 14pt;\">Applicazioni della polvere di lega di cobalto e ferro<\/span><\/h2>\n<p><strong>Materiali magnetici:<\/strong><br \/>\nla polvere di lega di cobalto e ferro \u00e8 adatta alla preparazione di componenti magnetici ad alte prestazioni, come magneti permanenti e materiali per nuclei di motori, garantendo stabilit\u00e0 e uniformit\u00e0 delle prestazioni.<\/p>\n<p><strong>Parti strutturali e resistenti all&#8217;usura:<\/strong><br \/>\nla polvere di lega di cobalto-ferro pu\u00f2 essere utilizzata nella formatura metallurgica a polvere di componenti ad alto carico per migliorare la resistenza all&#8217;usura e le propriet\u00e0 meccaniche, prolungandone la durata.<\/p>\n<p><strong>Dispositivi elettronici ed energetici:<\/strong><br \/>\nla polvere di lega di cobalto-ferro pu\u00f2 essere utilizzata come materiale funzionale o additivo in componenti elettronici e dispositivi energetici per migliorare le prestazioni e l&#8217;affidabilit\u00e0 delle apparecchiature.<\/p>\n<h2><span style=\"font-size: 14pt;\">Domande frequenti<\/span><\/h2>\n<p><strong>D1: Quali sono le propriet\u00e0 magnetiche della polvere di lega di cobalto-ferro?<\/strong><br \/>\nR1: Questa polvere ha eccellenti propriet\u00e0 magnetiche, che possono essere regolate in base al rapporto di composizione per soddisfare diversi requisiti di applicazione.<\/p>\n<p><strong>D2: La dimensione delle particelle della polvere influisce sulla densit\u00e0 di formatura?<\/strong><br \/>\nR2: S\u00ec, l&#8217;uniformit\u00e0 della dimensione delle particelle influisce direttamente sulla densit\u00e0 e sulle propriet\u00e0 meccaniche della polvere dopo la pressatura e la sinterizzazione.<\/p>\n<p><strong>D3: La polvere pu\u00f2 essere miscelata con altri metalli o ceramiche?<\/strong><br \/>\nA3: S\u00ec, \u00e8 adatta per essere miscelata con varie polveri metalliche o ceramiche per preparare materiali compositi o rivestimenti funzionali.<\/p>\n<p><strong>D4: Quali precauzioni devono essere prese durante lo stoccaggio della polvere?<\/strong><br \/>\nA4: Si raccomanda di conservarla in un ambiente sigillato, asciutto e ventilato, evitando l&#8217;umidit\u00e0, la contaminazione e l&#8217;esposizione prolungata all&#8217;aria.<\/p>\n<h2><span style=\"font-size: 14pt;\">Rapporti<\/span><\/h2>\n<p>Ogni lotto \u00e8 fornito con:<\/p>\n<p>Certificato di analisi (COA)<\/p>\n<p>Scheda tecnica (TDS)<\/p>\n<p>Scheda di sicurezza (MSDS)<\/p>\n<p>Rapporti di test di terze parti disponibili su richiesta<\/p>\n<h2><span style=\"font-size: 14pt;\">Perch\u00e9 scegliere noi?<\/span><\/h2>\n<p>Ci concentriamo sulla ricerca e sviluppo e sulla fornitura stabile di <strong>polveri di lega di cobalto-ferro ad alte prestazioni<\/strong><br \/>\n. Grazie a un sistema di gestione della qualit\u00e0 maturo e a capacit\u00e0 di personalizzazione flessibili, siamo in grado di fornire ai clienti soluzioni affidabili e tracciabili per materiali in polvere adatti alla ricerca scientifica e alle applicazioni industriali, contribuendo all&#8217;efficiente svolgimento dei progetti.<\/p>\n","protected":false},"excerpt":{"rendered":"<p>Panoramica sulla polvere di lega di cobalto e ferro La polvere di lega di cobalto e ferro \u00e8 un materiale metallico ad alte prestazioni che possiede eccellenti propriet\u00e0 magnetiche, resistenza all&#8217;usura e stabilit\u00e0 strutturale, adatto per componenti funzionali e ricerca sui materiali avanzati. Siamo in grado di fornire polveri di lega di cobalto e ferro [&hellip;]<\/p>\n","protected":false},"featured_media":40263,"template":"","meta":{"_acf_changed":false},"product_brand":[],"product_cat":[272],"product_tag":[4904],"class_list":{"0":"post-40262","1":"product","2":"type-product","3":"status-publish","4":"has-post-thumbnail","6":"product_cat-metalli-puri-e-leghe","7":"product_tag-polvere-di-lega-di-cobalto-e-ferro","9":"first","10":"instock","11":"shipping-taxable","12":"product-type-variable"},"acf":[],"_links":{"self":[{"href":"https:\/\/ulpmat.com\/it\/wp-json\/wp\/v2\/product\/40262","targetHints":{"allow":["GET"]}}],"collection":[{"href":"https:\/\/ulpmat.com\/it\/wp-json\/wp\/v2\/product"}],"about":[{"href":"https:\/\/ulpmat.com\/it\/wp-json\/wp\/v2\/types\/product"}],"wp:featuredmedia":[{"embeddable":true,"href":"https:\/\/ulpmat.com\/it\/wp-json\/wp\/v2\/media\/40263"}],"wp:attachment":[{"href":"https:\/\/ulpmat.com\/it\/wp-json\/wp\/v2\/media?parent=40262"}],"wp:term":[{"taxonomy":"product_brand","embeddable":true,"href":"https:\/\/ulpmat.com\/it\/wp-json\/wp\/v2\/product_brand?post=40262"},{"taxonomy":"product_cat","embeddable":true,"href":"https:\/\/ulpmat.com\/it\/wp-json\/wp\/v2\/product_cat?post=40262"},{"taxonomy":"product_tag","embeddable":true,"href":"https:\/\/ulpmat.com\/it\/wp-json\/wp\/v2\/product_tag?post=40262"}],"curies":[{"name":"wp","href":"https:\/\/api.w.org\/{rel}","templated":true}]}}