{"id":40227,"date":"2025-12-29T16:47:29","date_gmt":"2025-12-29T08:47:29","guid":{"rendered":"https:\/\/ulpmat.com\/product\/lega-di-cobalto-e-ferro\/"},"modified":"2025-12-29T16:47:29","modified_gmt":"2025-12-29T08:47:29","slug":"lega-di-cobalto-e-ferro","status":"publish","type":"product","link":"https:\/\/ulpmat.com\/it\/prodotto\/lega-di-cobalto-e-ferro\/","title":{"rendered":"Lega di cobalto e ferro"},"content":{"rendered":"<h2><span style=\"font-size: 14pt;\">Target di sputtering in lega di cobalto-ferro Panoramica<\/span><\/h2>\n<p>I target di sputtering<br \/>\n<strong><span style=\"color: #0000ff;\"><a style=\"color: #0000ff;\" href=\"https:\/\/ulpmat.com\/it\/ricerca\/?type=element&#038;keyword=Co%2CFe\">in lega di cobalto-ferro<\/a><\/span><\/strong><br \/>\nsono target in lega metallica ad alte prestazioni che combinano eccellenti propriet\u00e0 magnetiche, resistenza all&#8217;usura e stabilit\u00e0 strutturale. Sono ampiamente utilizzati nella deposizione di film sottili e nella produzione di dispositivi elettronici.<\/p>\n<p>Siamo in grado di fornire target di sputtering in lega di cobalto-ferro di diverse dimensioni, rapporti di composizione e gradi di purezza in base alle esigenze dei clienti, oltre a fornire consulenza tecnica e valutazione dei campioni. <strong><span style=\"color: #0000ff;\"><a style=\"color: #0000ff;\" href=\"https:\/\/ulpmat.com\/it\/contatto\/\">Contattateci<\/a><\/span><\/strong><br \/>\nper ulteriori informazioni.<\/p>\n<h2><span style=\"font-size: 14pt;\">Caratteristiche principali del prodotto<\/span><\/h2>\n<p>Eccellenti propriet\u00e0 magnetiche<\/p>\n<p>Elevata resistenza all&#8217;usura e alla corrosione<\/p>\n<p>Buona stabilit\u00e0 termica<\/p>\n<p>Adatti a molteplici processi di sputtering<\/p>\n<p>Dimensioni e composizione personalizzabili<\/p>\n<p>Elevata capacit\u00e0 di fornitura in lotti<\/p>\n<p>Assistenza post-vendita e supporto tecnico<\/p>\n<h2><span style=\"font-size: 14pt;\">Applicazioni dei target per sputtering in lega di cobalto-ferro<\/span><\/h2>\n<p><strong>Preparazione di film sottili magnetici:<\/strong><br \/>\ni target in lega di cobalto-ferro sono adatti alla preparazione di film sottili magnetici ad alte prestazioni, che possono essere applicati a sensori, memorie e dispositivi microelettronici.<\/p>\n<p><strong>Produzione di componenti elettronici:<\/strong><br \/>\nil bersaglio in lega di cobalto-ferro pu\u00f2 essere utilizzato per la deposizione di film sottili metallici in componenti elettronici, garantendo prestazioni stabili e costanti dei dispositivi.<\/p>\n<p><strong>Ricerca e sviluppo di processi:<\/strong><br \/>\nampiamente utilizzato negli istituti di ricerca e nei dipartimenti di ricerca e sviluppo aziendali per la ricerca sulle prestazioni dei materiali magnetici a film sottile e l&#8217;ottimizzazione dei parametri di processo.<\/p>\n<p><strong>Dispositivi energetici e funzionali:<\/strong><br \/>\nadatto alla preparazione di dispositivi energetici e rivestimenti funzionali, migliorando l&#8217;efficienza e la stabilit\u00e0 dei dispositivi.<\/p>\n<h2><span style=\"font-size: 14pt;\">Domande frequenti<\/span><\/h2>\n<p><strong>D1: Per quali tipi di apparecchiature di sputtering \u00e8 adatto il target di sputtering in lega di cobalto-ferro?<\/strong><br \/>\nR1: Pu\u00f2 essere utilizzato in apparecchiature di sputtering comuni come sputtering magnetronico, sputtering DC e sputtering RF. Le specifiche del target vengono selezionate in base alla potenza e alle dimensioni dell&#8217;apparecchiatura.<\/p>\n<p><strong>D2: Le dimensioni del bersaglio in lega di cobalto-ferro possono essere personalizzate?<\/strong><br \/>\nR2: S\u00ec, \u00e8 possibile personalizzare bersagli di diversi diametri, spessori e forme in base ai requisiti dell&#8217;apparecchiatura.<\/p>\n<p><strong>D3: I bersagli di sputtering in lega di cobalto-ferro sono soggetti a crepe o porosit\u00e0?<\/strong><br \/>\nR3: Questo prodotto \u00e8 preparato utilizzando un processo metallurgico denso, che si traduce in un&#8217;alta densit\u00e0 e una struttura uniforme, riducendo efficacemente il rischio di crepe e porosit\u00e0.<\/p>\n<p><strong>Q4: Quali precauzioni devono essere prese durante lo stoccaggio del bersaglio in lega di cobalto-ferro?<\/strong><br \/>\nA4: Si raccomanda di conservarlo in un ambiente asciutto e ben ventilato, evitando umidit\u00e0, contaminazione e ossidazione prolungata per mantenere la stabilit\u00e0 delle prestazioni del bersaglio.<\/p>\n<h2><span style=\"font-size: 14pt;\">Rapporti<\/span><\/h2>\n<p>Ogni lotto viene fornito con:<\/p>\n<p>Certificato di analisi (COA)<\/p>\n<p>Scheda tecnica (TDS)<\/p>\n<p>Scheda di sicurezza dei materiali (MSDS)<\/p>\n<p>Rapporto di ispezione delle dimensioni<\/p>\n<p>Rapporti di test di terze parti disponibili su richiesta<\/p>\n<h2><span style=\"font-size: 14pt;\">Perch\u00e9 scegliere noi?<\/span><\/h2>\n<p>Siamo specializzati nella ricerca e sviluppo e nella fornitura stabile di target di sputtering in lega di cobalto-ferro ad alte prestazioni. Grazie a un sistema di gestione della qualit\u00e0 maturo e a capacit\u00e0 di personalizzazione flessibili, siamo in grado di fornire ai clienti soluzioni affidabili e tracciabili adatte alla ricerca scientifica e alle applicazioni industriali, contribuendo al progresso efficiente dei progetti.<\/p>\n","protected":false},"excerpt":{"rendered":"<p>Target di sputtering in lega di cobalto-ferro Panoramica I target di sputtering in lega di cobalto-ferro sono target in lega metallica ad alte prestazioni che combinano eccellenti propriet\u00e0 magnetiche, resistenza all&#8217;usura e stabilit\u00e0 strutturale. Sono ampiamente utilizzati nella deposizione di film sottili e nella produzione di dispositivi elettronici. Siamo in grado di fornire target di [&hellip;]<\/p>\n","protected":false},"featured_media":40228,"template":"","meta":{"_acf_changed":false},"product_brand":[],"product_cat":[564],"product_tag":[386,4898],"class_list":{"0":"post-40227","1":"product","2":"type-product","3":"status-publish","4":"has-post-thumbnail","6":"product_cat-target-di-sputtering-in-lega","7":"product_tag-bersaglio-di-sputtering","8":"product_tag-bersaglio-di-sputtering-in-lega-di-cobalto-e-ferro","10":"first","11":"instock","12":"shipping-taxable","13":"product-type-variable"},"acf":[],"_links":{"self":[{"href":"https:\/\/ulpmat.com\/it\/wp-json\/wp\/v2\/product\/40227","targetHints":{"allow":["GET"]}}],"collection":[{"href":"https:\/\/ulpmat.com\/it\/wp-json\/wp\/v2\/product"}],"about":[{"href":"https:\/\/ulpmat.com\/it\/wp-json\/wp\/v2\/types\/product"}],"wp:featuredmedia":[{"embeddable":true,"href":"https:\/\/ulpmat.com\/it\/wp-json\/wp\/v2\/media\/40228"}],"wp:attachment":[{"href":"https:\/\/ulpmat.com\/it\/wp-json\/wp\/v2\/media?parent=40227"}],"wp:term":[{"taxonomy":"product_brand","embeddable":true,"href":"https:\/\/ulpmat.com\/it\/wp-json\/wp\/v2\/product_brand?post=40227"},{"taxonomy":"product_cat","embeddable":true,"href":"https:\/\/ulpmat.com\/it\/wp-json\/wp\/v2\/product_cat?post=40227"},{"taxonomy":"product_tag","embeddable":true,"href":"https:\/\/ulpmat.com\/it\/wp-json\/wp\/v2\/product_tag?post=40227"}],"curies":[{"name":"wp","href":"https:\/\/api.w.org\/{rel}","templated":true}]}}