{"id":40201,"date":"2025-12-29T16:47:30","date_gmt":"2025-12-29T08:47:30","guid":{"rendered":"https:\/\/ulpmat.com\/product\/ossido-di-ferro-e-cobalto-2\/"},"modified":"2025-12-29T16:47:30","modified_gmt":"2025-12-29T08:47:30","slug":"ossido-di-ferro-e-cobalto-2","status":"publish","type":"product","link":"https:\/\/ulpmat.com\/it\/prodotto\/ossido-di-ferro-e-cobalto-2\/","title":{"rendered":"Ossido di ferro e cobalto"},"content":{"rendered":"<h2><span style=\"font-size: 14pt;\">Panoramica sulla polvere di ossido di ferro e cobalto<\/span><\/h2>\n<p>La polvere<br \/>\n<span style=\"color: #0000ff;\"><strong><a style=\"color: #0000ff;\" href=\"https:\/\/ulpmat.com\/it\/ricerca\/?type=name&#038;keyword=Cobalt+iron+oxide\">di ossido di ferro e cobalto<\/a><\/strong><\/span><br \/>\n\u00e8 un materiale funzionale a base di ossido metallico con eccellente stabilit\u00e0 magnetica e termica, ampiamente utilizzato nella fabbricazione di materiali magnetici, catalizzatori e dispositivi elettronici.<\/p>\n<p>Offriamo <strong>polveri di ossido di ferro e cobalto<\/strong><br \/>\nin varie dimensioni delle particelle, purezze e forme cristalline. Forniamo assistenza per i test sui campioni e la consulenza sui processi. <span style=\"color: #0000ff;\"><strong><a style=\"color: #0000ff;\" href=\"https:\/\/ulpmat.com\/it\/contatto\/\">Contattateci<\/a><\/strong><\/span><br \/>\nper informazioni tecniche e suggerimenti sulle applicazioni.<\/p>\n<h2><span style=\"font-size: 14pt;\">Caratteristiche principali del prodotto<\/span><\/h2>\n<p>Propriet\u00e0 magnetiche stabili<\/p>\n<p>Eccellente stabilit\u00e0 termica<\/p>\n<p>Elevata resistenza alla corrosione e stabilit\u00e0 chimica<\/p>\n<p>Facile da combinare con altri materiali<\/p>\n<p>Dimensioni delle particelle e forma cristallina personalizzabili<\/p>\n<p>Tempi di consegna flessibili<\/p>\n<p>Adatto per esigenze di ricerca e sviluppo e sperimentazione<\/p>\n<h2><span style=\"font-size: 14pt;\">Applicazioni della polvere di ossido di ferro e cobalto<\/span><\/h2>\n<p><strong>Materiali magnetici:<\/strong><br \/>\nla polvere di ossido di ferro e cobalto pu\u00f2 essere utilizzata per preparare materiali magnetici ad alte prestazioni, come registratori magnetici, magneti permanenti e sensori, migliorando la stabilit\u00e0 delle propriet\u00e0 magnetiche.<\/p>\n<p><strong>Preparazione di catalizzatori:<\/strong><br \/>\ncome catalizzatore o precursore di supporto catalitico, garantisce una distribuzione uniforme dei componenti attivi e migliora l&#8217;efficienza catalitica.<\/p>\n<p><strong>Produzione di componenti elettronici:<\/strong><br \/>\nadatto per dispositivi elettronici e deposizione di film sottili, migliora la stabilit\u00e0 funzionale e l&#8217;affidabilit\u00e0 dei dispositivi.<\/p>\n<p><strong>Ricerca e sviluppo di processi:<\/strong><br \/>\nampiamente utilizzato negli istituti di ricerca e nei dipartimenti di ricerca e sviluppo aziendali per la valutazione delle prestazioni dei materiali magnetici e l&#8217;ottimizzazione dei parametri di processo.<\/p>\n<h2><span style=\"font-size: 14pt;\">Domande frequenti<\/span><\/h2>\n<p><strong>D1: Quali sono le propriet\u00e0 magnetiche della polvere di ossido di ferro e cobalto?<\/strong><br \/>\nR1: Questa polvere ha buone propriet\u00e0 magnetiche, che possono essere regolate in base alla dimensione delle particelle e alla composizione, rendendola adatta a varie applicazioni magnetiche.<\/p>\n<p><strong>D2: La dimensione delle particelle della polvere influisce sull&#8217;attivit\u00e0 del materiale?<\/strong><br \/>\nR2: S\u00ec, l&#8217;uniformit\u00e0 della dimensione delle particelle influisce direttamente sulla dispersibilit\u00e0 del materiale e sulle propriet\u00e0 catalitiche o magnetiche. \u00c8 necessario selezionare una dimensione delle particelle adeguata in base all&#8217;applicazione.<\/p>\n<p><strong>D3: Questa polvere pu\u00f2 essere utilizzata in processi ad alta temperatura?<\/strong><br \/>\nR3: S\u00ec, questa polvere ha un&#8217;eccellente stabilit\u00e0 termica ed \u00e8 adatta per processi di sinterizzazione ad alta temperatura e preparazione di film sottili.<\/p>\n<p><strong>D4: Quali precauzioni devono essere prese durante lo stoccaggio della polvere?<\/strong><br \/>\nR4: Si raccomanda di conservarla in un ambiente sigillato, asciutto e ben ventilato, evitando l&#8217;umidit\u00e0 e la contaminazione per garantire la stabilit\u00e0 delle prestazioni della polvere.<\/p>\n<h2><span style=\"font-size: 14pt;\">Rapporti<\/span><\/h2>\n<p>Ogni lotto viene fornito con:<\/p>\n<p>Certificato di analisi (COA)<\/p>\n<p>Scheda tecnica (TDS)<\/p>\n<p>Scheda di sicurezza (MSDS)<\/p>\n<p>Rapporti di test di terze parti disponibili su richiesta<\/p>\n<h2><span style=\"font-size: 14pt;\">Perch\u00e9 scegliere noi?<\/span><\/h2>\n<p>Siamo specializzati nella ricerca e nella fornitura stabile di polveri di ossido di ferro e cobalto ad alte prestazioni. Grazie a un sistema di gestione della qualit\u00e0 completo e a capacit\u00e0 di personalizzazione flessibili, siamo in grado di fornire ai clienti soluzioni affidabili e tracciabili, adatte alla ricerca scientifica e alle applicazioni industriali, contribuendo al progresso efficiente dei progetti.<\/p>\n","protected":false},"excerpt":{"rendered":"<p>Panoramica sulla polvere di ossido di ferro e cobalto La polvere di ossido di ferro e cobalto \u00e8 un materiale funzionale a base di ossido metallico con eccellente stabilit\u00e0 magnetica e termica, ampiamente utilizzato nella fabbricazione di materiali magnetici, catalizzatori e dispositivi elettronici. Offriamo polveri di ossido di ferro e cobalto in varie dimensioni delle [&hellip;]<\/p>\n","protected":false},"featured_media":40830,"template":"","meta":{"_acf_changed":false},"product_brand":[132],"product_cat":[1186],"product_tag":[4892],"class_list":{"0":"post-40201","1":"product","2":"type-product","3":"status-publish","4":"has-post-thumbnail","6":"product_brand-ulpmat","7":"product_cat-altri-acidi","8":"product_tag-polvere-di-ossido-di-ferro-e-cobalto","10":"first","11":"instock","12":"shipping-taxable","13":"product-type-variable"},"acf":[],"_links":{"self":[{"href":"https:\/\/ulpmat.com\/it\/wp-json\/wp\/v2\/product\/40201","targetHints":{"allow":["GET"]}}],"collection":[{"href":"https:\/\/ulpmat.com\/it\/wp-json\/wp\/v2\/product"}],"about":[{"href":"https:\/\/ulpmat.com\/it\/wp-json\/wp\/v2\/types\/product"}],"wp:featuredmedia":[{"embeddable":true,"href":"https:\/\/ulpmat.com\/it\/wp-json\/wp\/v2\/media\/40830"}],"wp:attachment":[{"href":"https:\/\/ulpmat.com\/it\/wp-json\/wp\/v2\/media?parent=40201"}],"wp:term":[{"taxonomy":"product_brand","embeddable":true,"href":"https:\/\/ulpmat.com\/it\/wp-json\/wp\/v2\/product_brand?post=40201"},{"taxonomy":"product_cat","embeddable":true,"href":"https:\/\/ulpmat.com\/it\/wp-json\/wp\/v2\/product_cat?post=40201"},{"taxonomy":"product_tag","embeddable":true,"href":"https:\/\/ulpmat.com\/it\/wp-json\/wp\/v2\/product_tag?post=40201"}],"curies":[{"name":"wp","href":"https:\/\/api.w.org\/{rel}","templated":true}]}}