{"id":40179,"date":"2025-12-29T16:47:30","date_gmt":"2025-12-29T08:47:30","guid":{"rendered":"https:\/\/ulpmat.com\/product\/ossido-di-ferro-e-cobalto\/"},"modified":"2025-12-29T16:47:30","modified_gmt":"2025-12-29T08:47:30","slug":"ossido-di-ferro-e-cobalto","status":"publish","type":"product","link":"https:\/\/ulpmat.com\/it\/prodotto\/ossido-di-ferro-e-cobalto\/","title":{"rendered":"Ossido di ferro e cobalto"},"content":{"rendered":"<h2><span style=\"font-size: 14pt;\">Target di sputtering in ossido di ferro e cobalto Panoramica<\/span><\/h2>\n<p>I target di sputtering<br \/>\n<strong><span style=\"color: #0000ff;\"><a style=\"color: #0000ff;\" href=\"https:\/\/ulpmat.com\/it\/ricerca\/?type=name&#038;keyword=Cobalt+iron+oxide\">in ossido di ferro e cobalto<\/a><\/span><\/strong><br \/>\nsono target in ossido ad alte prestazioni che combinano magnetismo stabile, resistenza all&#8217;usura e stabilit\u00e0 chimica, rendendoli ampiamente utilizzati nella fabbricazione di film sottili magnetici e dispositivi elettronici.<\/p>\n<p>Offriamo target di sputtering in ossido di ferro e cobalto in varie dimensioni, forme cristalline e gradi di purezza, e forniamo consulenza tecnica e test sui campioni. <span style=\"color: #0000ff;\"><strong><a style=\"color: #0000ff;\" href=\"https:\/\/ulpmat.com\/it\/contatto\/\">Contattateci<\/a><\/strong><\/span><br \/>\nper ulteriori informazioni.<\/p>\n<h2><span style=\"font-size: 14pt;\">Caratteristiche principali del prodotto<\/span><\/h2>\n<p>Eccellenti propriet\u00e0 magnetiche<\/p>\n<p>Resistenza all&#8217;usura e alla corrosione<\/p>\n<p>Buona stabilit\u00e0 termica<\/p>\n<p>Adatto a vari processi di sputtering<\/p>\n<p>Personalizzazione flessibile delle dimensioni e della forma cristallina<\/p>\n<p>Assistenza post-vendita e supporto tecnico<\/p>\n<p>Consulenza nella scelta dei materiali<\/p>\n<h2><span style=\"font-size: 14pt;\">Applicazioni dei target di sputtering in ossido di ferro e cobalto<\/span><\/h2>\n<p><strong>Fabbricazione di film magnetici sottili:<\/strong><br \/>\ni target di sputtering in ossido di ferro e cobalto sono adatti alla fabbricazione di film magnetici sottili ad alte prestazioni per dispositivi di memorizzazione magnetica, sensori e dispositivi microelettronici, garantendo la stabilit\u00e0 delle prestazioni.<\/p>\n<p><strong>Deposizione di dispositivi elettronici:<\/strong><br \/>\npossono essere utilizzati per la deposizione di film sottili in dispositivi elettronici, migliorando la stabilit\u00e0 e l&#8217;affidabilit\u00e0 delle funzionalit\u00e0 dei dispositivi.<\/p>\n<p><strong>Rivestimenti funzionali catalitici:<\/strong><br \/>\nadatti per la preparazione di rivestimenti catalitici funzionali, garantiscono una distribuzione uniforme dei componenti attivi e migliorano l&#8217;efficienza catalitica.<\/p>\n<p><strong>Ricerca e sviluppo di processi:<\/strong><br \/>\nampiamente utilizzati negli istituti di ricerca e nei dipartimenti di ricerca e sviluppo aziendali per i test delle prestazioni e l&#8217;ottimizzazione dei parametri di processo dei materiali magnetici a film sottile.<\/p>\n<h2><span style=\"font-size: 14pt;\">Domande frequenti<\/span><\/h2>\n<p><strong>D1: A quale tipo di apparecchiatura di sputtering \u00e8 adatto il bersaglio di sputtering di ossido di ferro e cobalto?<\/strong><br \/>\nR1: Pu\u00f2 essere utilizzato in apparecchiature di sputtering magnetronico, sputtering RF e sputtering DC. Le specifiche del bersaglio vengono selezionate in base alla potenza e alle dimensioni.<\/p>\n<p><strong>D2: La forma cristallina del bersaglio pu\u00f2 essere personalizzata?<\/strong><br \/>\nR2: S\u00ec, supportiamo la fornitura di diverse forme cristalline dei bersagli in base ai requisiti dell&#8217;applicazione per soddisfare i requisiti di prestazione.<\/p>\n<p><strong>D3: Il target \u00e8 soggetto a crepe o porosit\u00e0?<\/strong><br \/>\nR3: Preparato utilizzando un processo metallurgico ad alta densit\u00e0, la microstruttura uniforme riduce efficacemente il rischio di crepe e porosit\u00e0.<\/p>\n<p><strong>D4: Quali precauzioni devono essere prese durante lo stoccaggio del target?<\/strong><br \/>\nR4: Si consiglia di conservarlo in un ambiente asciutto e ventilato, evitando l&#8217;umidit\u00e0, la contaminazione e l&#8217;esposizione prolungata all&#8217;aria per mantenere la stabilit\u00e0 delle prestazioni.<\/p>\n<h2><span style=\"font-size: 14pt;\">Rapporti<\/span><\/h2>\n<p>Ogni lotto viene fornito con:<\/p>\n<p>Certificato di analisi (COA)<\/p>\n<p>Scheda tecnica (TDS)<\/p>\n<p>Scheda di sicurezza dei materiali (MSDS)<\/p>\n<p>Rapporto di ispezione delle dimensioni<\/p>\n<p>Rapporti di test di terze parti disponibili su richiesta<\/p>\n<h2><span style=\"font-size: 14pt;\">Perch\u00e9 scegliere noi?<\/span><\/h2>\n<p>Siamo specializzati nella ricerca e sviluppo e nella fornitura stabile di <strong>target di sputtering in ossido di ferro e cobalto ad alte prestazioni.<\/strong><br \/>\nGrazie a un sistema di gestione della qualit\u00e0 maturo e a capacit\u00e0 di personalizzazione flessibili, siamo in grado di fornire ai clienti soluzioni affidabili e tracciabili adatte alla ricerca scientifica e alle applicazioni industriali, contribuendo al progresso efficiente dei progetti.<\/p>\n","protected":false},"excerpt":{"rendered":"<p>Target di sputtering in ossido di ferro e cobalto Panoramica I target di sputtering in ossido di ferro e cobalto sono target in ossido ad alte prestazioni che combinano magnetismo stabile, resistenza all&#8217;usura e stabilit\u00e0 chimica, rendendoli ampiamente utilizzati nella fabbricazione di film sottili magnetici e dispositivi elettronici. Offriamo target di sputtering in ossido di [&hellip;]<\/p>\n","protected":false},"featured_media":40180,"template":"","meta":{"_acf_changed":false},"product_brand":[],"product_cat":[453],"product_tag":[4882,4883],"class_list":{"0":"post-40179","1":"product","2":"type-product","3":"status-publish","4":"has-post-thumbnail","6":"product_cat-target-di-sputtering-in-ceramica","7":"product_tag-bersaglio-di-sputtering-allossido-di-ferro-e-cobalto","8":"product_tag-ossido-di-ferro-e-cobalto","10":"first","11":"instock","12":"shipping-taxable","13":"product-type-variable"},"acf":[],"_links":{"self":[{"href":"https:\/\/ulpmat.com\/it\/wp-json\/wp\/v2\/product\/40179","targetHints":{"allow":["GET"]}}],"collection":[{"href":"https:\/\/ulpmat.com\/it\/wp-json\/wp\/v2\/product"}],"about":[{"href":"https:\/\/ulpmat.com\/it\/wp-json\/wp\/v2\/types\/product"}],"wp:featuredmedia":[{"embeddable":true,"href":"https:\/\/ulpmat.com\/it\/wp-json\/wp\/v2\/media\/40180"}],"wp:attachment":[{"href":"https:\/\/ulpmat.com\/it\/wp-json\/wp\/v2\/media?parent=40179"}],"wp:term":[{"taxonomy":"product_brand","embeddable":true,"href":"https:\/\/ulpmat.com\/it\/wp-json\/wp\/v2\/product_brand?post=40179"},{"taxonomy":"product_cat","embeddable":true,"href":"https:\/\/ulpmat.com\/it\/wp-json\/wp\/v2\/product_cat?post=40179"},{"taxonomy":"product_tag","embeddable":true,"href":"https:\/\/ulpmat.com\/it\/wp-json\/wp\/v2\/product_tag?post=40179"}],"curies":[{"name":"wp","href":"https:\/\/api.w.org\/{rel}","templated":true}]}}