{"id":40050,"date":"2025-12-29T16:47:32","date_gmt":"2025-12-29T08:47:32","guid":{"rendered":"https:\/\/ulpmat.com\/product\/solfuro-di-cobalto\/"},"modified":"2025-12-29T16:47:32","modified_gmt":"2025-12-29T08:47:32","slug":"solfuro-di-cobalto","status":"publish","type":"product","link":"https:\/\/ulpmat.com\/it\/prodotto\/solfuro-di-cobalto\/","title":{"rendered":"Solfuro di cobalto"},"content":{"rendered":"<h2><span style=\"font-size: 14pt;\">Panoramica sulla polvere di solfuro di cobalto<\/span><\/h2>\n<p>La polvere<br \/>\n<span style=\"color: #0000ff;\"><strong><a style=\"color: #0000ff;\" href=\"https:\/\/ulpmat.com\/it\/ricerca\/?type=name&#038;keyword=Cobalt+Sulfide\">di solfuro di cobalto<\/a><\/strong><\/span><br \/>\n\u00e8 una polvere di solfuro di cobalto ad alta purezza con eccellente conduttivit\u00e0 e attivit\u00e0 catalitica, ampiamente utilizzata nei materiali per batterie, catalizzatori e dispositivi optoelettronici.<\/p>\n<p>Offriamo polveri di CoS2 in varie dimensioni delle particelle, purezze e specifiche di confezionamento e forniamo assistenza per i test sui campioni e la consulenza tecnica. <span style=\"color: #0000ff;\"><strong><a style=\"color: #0000ff;\" href=\"https:\/\/ulpmat.com\/it\/contatto\/\">Contattateci<\/a><\/strong><\/span><br \/>\nper informazioni dettagliate e soluzioni applicative.<\/p>\n<h2><span style=\"font-size: 14pt;\">Caratteristiche principali del prodotto<\/span><\/h2>\n<p>Elevata purezza<\/p>\n<p>Dimensioni delle particelle uniformi e buona dispersione<\/p>\n<p>Conduttivit\u00e0 stabile<\/p>\n<p>Elevata attivit\u00e0 catalitica<\/p>\n<p>Eccellente stabilit\u00e0 termica<\/p>\n<p>Facile da trasformare in film sottili o compositi<\/p>\n<p>Dimensione delle particelle e purezza personalizzabili<\/p>\n<p>Consulenza sulla scelta dei materiali<\/p>\n<p>Supporto per l&#8217;ottimizzazione dei processi catalitici e delle batterie<\/p>\n<h2><span style=\"font-size: 14pt;\">Applicazioni della polvere di solfuro di cobalto<\/span><\/h2>\n<p><strong>Materiali per batterie:<\/strong><br \/>\nla polvere di solfuro di cobalto pu\u00f2 essere utilizzata come materiale catodico nelle batterie al litio-zolfo e in altri dispositivi di accumulo di energia, migliorando la capacit\u00e0 della batteria e le prestazioni del ciclo.<\/p>\n<p><strong>Preparazione di catalizzatori:<\/strong><br \/>\nadatta alla preparazione di catalizzatori ad alta efficienza o precursori di catalizzatori, migliorando la velocit\u00e0 delle reazioni chimiche e l&#8217;uniformit\u00e0 dei componenti attivi.<\/p>\n<p><strong>Dispositivi optoelettronici:<\/strong><br \/>\npu\u00f2 essere utilizzata per preparare film sottili per dispositivi optoelettronici, migliorando la conduttivit\u00e0 e la stabilit\u00e0 dei dispositivi.<\/p>\n<p><strong>Ricerca e sviluppo di materiali:<\/strong><br \/>\nampiamente utilizzata negli istituti di ricerca e nei dipartimenti di ricerca e sviluppo aziendali per la valutazione delle prestazioni dei materiali e l&#8217;ottimizzazione dei parametri di processo.<\/p>\n<h2><span style=\"font-size: 14pt;\">Domande frequenti<\/span><\/h2>\n<p><strong>D1: Come deve essere conservata la polvere di solfuro di cobalto?<\/strong><br \/>\nR1: Si consiglia di conservarla in un contenitore sigillato in un ambiente asciutto e ben ventilato, evitando l&#8217;umidit\u00e0 e la contaminazione per garantire la stabilit\u00e0 della polvere.<\/p>\n<p><strong>D2: La dimensione delle particelle di polvere influisce sulle prestazioni?<\/strong><br \/>\nR2: S\u00ec, l&#8217;uniformit\u00e0 delle dimensioni delle particelle influisce direttamente sulla dispersibilit\u00e0, la conduttivit\u00e0 e l&#8217;attivit\u00e0 catalitica del materiale. \u00c8 necessario selezionare una dimensione delle particelle adeguata in base al processo.<\/p>\n<p><strong>D3: La polvere di CoS2 \u00e8 adatta per processi ad alta temperatura?<\/strong><br \/>\nR3: S\u00ec, questa polvere ha una buona stabilit\u00e0 termica ed \u00e8 adatta per processi di sinterizzazione ad alta temperatura e di deposizione di film sottili.<\/p>\n<p><strong>D4: Potete fornire polveri di diversi gradi di purezza?<\/strong><br \/>\nR4: S\u00ec, possiamo fornire polveri di elevata purezza o di specificit\u00e0 purezza in base alle esigenze del cliente.<\/p>\n<h2><span style=\"font-size: 14pt;\">Rapporti<\/span><\/h2>\n<p>Ogni lotto \u00e8 fornito con<\/p>\n<p>Certificato di analisi (COA)<\/p>\n<p>Scheda tecnica (TDS)<\/p>\n<p>Scheda di sicurezza (MSDS)<\/p>\n<p>Rapporti di test di terze parti disponibili su richiesta<\/p>\n<h2><span style=\"font-size: 14pt;\">Perch\u00e9 scegliere noi?<\/span><\/h2>\n<p>Siamo specializzati nella ricerca e nella fornitura stabile di <strong>polvere di solfuro di cobalto ad alta purezza<\/strong><br \/>\n. Grazie a un sistema di gestione della qualit\u00e0 completo e a capacit\u00e0 di personalizzazione flessibili, siamo in grado di fornire ai clienti soluzioni affidabili e tracciabili adatte alla ricerca scientifica e alle applicazioni industriali, contribuendo al progresso efficiente dei progetti.<\/p>\n","protected":false},"excerpt":{"rendered":"<p>Panoramica sulla polvere di solfuro di cobalto La polvere di solfuro di cobalto \u00e8 una polvere di solfuro di cobalto ad alta purezza con eccellente conduttivit\u00e0 e attivit\u00e0 catalitica, ampiamente utilizzata nei materiali per batterie, catalizzatori e dispositivi optoelettronici. Offriamo polveri di CoS2 in varie dimensioni delle particelle, purezze e specifiche di confezionamento e forniamo [&hellip;]<\/p>\n","protected":false},"featured_media":40671,"template":"","meta":{"_acf_changed":false},"product_brand":[],"product_cat":[672,1093],"product_tag":[4844],"class_list":{"0":"post-40050","1":"product","2":"type-product","3":"status-publish","4":"has-post-thumbnail","6":"product_cat-materiali-calcogenidici","7":"product_cat-materiali-calcogenidici-it","8":"product_tag-solfuro-di-cobalto-in-polvere","10":"first","11":"instock","12":"shipping-taxable","13":"product-type-variable"},"acf":[],"_links":{"self":[{"href":"https:\/\/ulpmat.com\/it\/wp-json\/wp\/v2\/product\/40050","targetHints":{"allow":["GET"]}}],"collection":[{"href":"https:\/\/ulpmat.com\/it\/wp-json\/wp\/v2\/product"}],"about":[{"href":"https:\/\/ulpmat.com\/it\/wp-json\/wp\/v2\/types\/product"}],"wp:featuredmedia":[{"embeddable":true,"href":"https:\/\/ulpmat.com\/it\/wp-json\/wp\/v2\/media\/40671"}],"wp:attachment":[{"href":"https:\/\/ulpmat.com\/it\/wp-json\/wp\/v2\/media?parent=40050"}],"wp:term":[{"taxonomy":"product_brand","embeddable":true,"href":"https:\/\/ulpmat.com\/it\/wp-json\/wp\/v2\/product_brand?post=40050"},{"taxonomy":"product_cat","embeddable":true,"href":"https:\/\/ulpmat.com\/it\/wp-json\/wp\/v2\/product_cat?post=40050"},{"taxonomy":"product_tag","embeddable":true,"href":"https:\/\/ulpmat.com\/it\/wp-json\/wp\/v2\/product_tag?post=40050"}],"curies":[{"name":"wp","href":"https:\/\/api.w.org\/{rel}","templated":true}]}}