{"id":39189,"date":"2025-11-25T09:44:00","date_gmt":"2025-11-25T01:44:00","guid":{"rendered":"https:\/\/ulpmat.com\/product\/molibdeno-metallico\/"},"modified":"2025-11-25T09:44:00","modified_gmt":"2025-11-25T01:44:00","slug":"molibdeno-metallico","status":"publish","type":"product","link":"https:\/\/ulpmat.com\/it\/prodotto\/molibdeno-metallico\/","title":{"rendered":"Molibdeno metallico"},"content":{"rendered":"<h2><span style=\"font-size: 14pt;\">Panoramica sui bersagli rotanti in metallo molibdeno<\/span><\/h2>\n<p>I bersagli rotanti<br \/>\n<span style=\"color: #0000ff;\"><a style=\"color: #0000ff;\" href=\"https:\/\/ulpmat.com\/it\/ricerca\/?type=name&#038;keyword=Molybdenum+Metal\">in metallo molibdeno<\/a><\/span><br \/>\nsono bersagli metallici ad alta purezza progettati per processi di sputtering magnetronico e evaporazione sotto vuoto. Sono caratterizzati da alta densit\u00e0, buona conduttivit\u00e0 termica ed eccellente resistenza meccanica. Il loro design rotante migliora significativamente l&#8217;uniformit\u00e0 dello sputtering e la durata del bersaglio, rendendoli ideali per la produzione di film sottili elettronici ad alte prestazioni, strati conduttivi e rivestimenti funzionali.<\/p>\n<p>Offriamo una variet\u00e0 di bersagli rotanti in molibdeno di diversi diametri, lunghezze e gradi di purezza, e supportiamo anche servizi di incollaggio del backplane, finitura superficiale e dimensionamento personalizzato. Per campioni, specifiche o preventivi, non esitate<span style=\"color: #0000ff;\"><a style=\"color: #0000ff;\" href=\"https:\/\/ulpmat.com\/it\/contatto\/\"><\/a><\/span><br \/>\na <span style=\"color: #0000ff;\"><a style=\"color: #0000ff;\" href=\"https:\/\/ulpmat.com\/it\/contatto\/\">contattarci.<\/a><\/span><\/p>\n<h2><span style=\"font-size: 14pt;\">Caratteristiche principali del prodotto<\/span><\/h2>\n<p>Materiale in molibdeno ad alta purezza con basso contenuto di impurit\u00e0<br \/>\nDesign rotante per una maggiore durata del bersaglio<br \/>\nEccellente conducibilit\u00e0 termica per una polverizzazione uniforme<br \/>\nForti propriet\u00e0 meccaniche, resistente alle crepe e all&#8217;usura<br \/>\nDimensioni e tipi di backplane personalizzabili<br \/>\nElevata uniformit\u00e0 dei lotti, adatto alla produzione industriale di massa<br \/>\nConsegna rapida e consulenza tecnica disponibili<\/p>\n<h2><span style=\"font-size: 14pt;\">Applicazioni dei bersagli rotanti in metallo molibdeno<\/span><\/h2>\n<p>Utilizzati per la deposizione di film sottili in dispositivi elettronici ad alte prestazioni.<br \/>\nAdatti alla produzione di film conduttivi e funzionali.<br \/>\nProcessi di sputtering industriale per rivestimenti ottici e film riflettenti.<br \/>\nUtilizzati nella ricerca scientifica e in progetti industriali di evaporazione e rivestimento sotto vuoto.<\/p>\n<h2><span style=\"color: #0000ff;\"><a style=\"color: #0000ff;\" href=\"https:\/\/ulpmat.com\/it\/azienda\/domande-frequenti\/\"><span style=\"font-size: 14pt;\">Domande<\/span><\/a><\/span><\/h2>\n<p>frequenti<br \/>\nD1: Quali lavorazioni personalizzate sono disponibili per i bersagli rotanti?<br \/>\nR1: Offriamo la personalizzazione delle dimensioni del bersaglio, l&#8217;incollaggio del backplate, la rettifica e la lucidatura della superficie e la lavorazione a spessori specifici.<\/p>\n<p>D2: Quali sono i requisiti di conservazione dei bersagli?<br \/>\nR2: Devono essere conservati in un ambiente asciutto e ben ventilato, evitando l&#8217;umidit\u00e0 e gli urti meccanici per prevenire l&#8217;ossidazione della superficie.<\/p>\n<p>D3: Quali sono i vantaggi dei bersagli rotanti in molibdeno rispetto ai normali bersagli piatti?<br \/>\nR3: Il design rotante migliora la durata del bersaglio, fornisce prestazioni di sputtering pi\u00f9 uniformi e riduce il rischio di accumulo di punti caldi.<\/p>\n<p>D4: Quale assistenza <span style=\"color: #0000ff;\"><a style=\"color: #0000ff;\" href=\"https:\/\/ulpmat.com\/it\/servizio\/servizio-post-vendita\/\">post-vendita<\/a><\/span><br \/>\no supporto tecnico fornite?<br \/>\nA4: Forniamo consulenza sulla scelta dei target, misurazione delle dimensioni, guida al processo di sputtering, fornitura a lungo termine e servizi di personalizzazione.<\/p>\n<h2><span style=\"font-size: 14pt;\">Report<\/span><\/h2>\n<p>Ogni lotto viene fornito con:<br \/>\n<span style=\"color: #0000ff;\"><a style=\"color: #0000ff;\" href=\"https:\/\/ulpmat.com\/it\/documenti\/certificato-di-analisi\/\">Certificato di analisi (COA)<\/a><\/span><\/p>\n<p><span style=\"color: #0000ff;\"><a style=\"color: #0000ff;\" href=\"https:\/\/ulpmat.com\/it\/documenti\/scheda-tecnica\/\">Scheda tecnica (TDS)<\/a><\/span><\/p>\n<p><span style=\"color: #0000ff;\"><a style=\"color: #0000ff;\" href=\"https:\/\/ulpmat.com\/it\/documenti\/scheda-di-sicurezza\/\">Scheda di sicurezza dei materiali (MSDS)<\/a><\/span><br \/>\nSu richiesta sono disponibili rapporti di test di terze parti.<\/p>\n<h2><span style=\"font-size: 14pt;\">Perch\u00e9 scegliere noi?<\/span><\/h2>\n<p>Possediamo una tecnologia di produzione di target rotanti matura, che garantisce un&#8217;elevata densit\u00e0 dei materiali e una conducibilit\u00e0 termica uniforme.<br \/>\nOffriamo una personalizzazione flessibile per soddisfare le diverse esigenze nella ricerca, nella produzione di piccoli lotti e nella produzione industriale di massa.<br \/>\nOgni lotto di prodotti \u00e8 accompagnato dai dati di test, che garantiscono la tracciabilit\u00e0 della purezza e delle prestazioni.<br \/>\nIl nostro team tecnico professionale fornisce assistenza durante l&#8217;intero processo, compresa la selezione dei materiali, la guida all&#8217;installazione e l&#8217;ottimizzazione dell&#8217;utilizzo.<br \/>\nLa consegna rapida e la capacit\u00e0 di fornitura a lungo termine consentono ai clienti di ottenere maggiore efficienza e sicurezza nella ricerca e sviluppo e nella produzione.<\/p>\n","protected":false},"excerpt":{"rendered":"<p>Panoramica sui bersagli rotanti in metallo molibdeno I bersagli rotanti in metallo molibdeno sono bersagli metallici ad alta purezza progettati per processi di sputtering magnetronico e evaporazione sotto vuoto. Sono caratterizzati da alta densit\u00e0, buona conduttivit\u00e0 termica ed eccellente resistenza meccanica. Il loro design rotante migliora significativamente l&#8217;uniformit\u00e0 dello sputtering e la durata del bersaglio, [&hellip;]<\/p>\n","protected":false},"featured_media":39190,"template":"","meta":{"_acf_changed":false},"product_brand":[132],"product_cat":[468,311],"product_tag":[4654],"class_list":{"0":"post-39189","1":"product","2":"type-product","3":"status-publish","4":"has-post-thumbnail","6":"product_brand-ulpmat","7":"product_cat-obiettivi-rotanti","8":"product_cat-target-di-sputtering-metallico","9":"product_tag-molibdeno-obiettivo-metallico","11":"first","12":"instock","13":"shipping-taxable","14":"product-type-variable"},"acf":[],"_links":{"self":[{"href":"https:\/\/ulpmat.com\/it\/wp-json\/wp\/v2\/product\/39189","targetHints":{"allow":["GET"]}}],"collection":[{"href":"https:\/\/ulpmat.com\/it\/wp-json\/wp\/v2\/product"}],"about":[{"href":"https:\/\/ulpmat.com\/it\/wp-json\/wp\/v2\/types\/product"}],"wp:featuredmedia":[{"embeddable":true,"href":"https:\/\/ulpmat.com\/it\/wp-json\/wp\/v2\/media\/39190"}],"wp:attachment":[{"href":"https:\/\/ulpmat.com\/it\/wp-json\/wp\/v2\/media?parent=39189"}],"wp:term":[{"taxonomy":"product_brand","embeddable":true,"href":"https:\/\/ulpmat.com\/it\/wp-json\/wp\/v2\/product_brand?post=39189"},{"taxonomy":"product_cat","embeddable":true,"href":"https:\/\/ulpmat.com\/it\/wp-json\/wp\/v2\/product_cat?post=39189"},{"taxonomy":"product_tag","embeddable":true,"href":"https:\/\/ulpmat.com\/it\/wp-json\/wp\/v2\/product_tag?post=39189"}],"curies":[{"name":"wp","href":"https:\/\/api.w.org\/{rel}","templated":true}]}}