{"id":39171,"date":"2025-11-25T09:44:00","date_gmt":"2025-11-25T01:44:00","guid":{"rendered":"https:\/\/ulpmat.com\/product\/boruro-di-molibdeno-2\/"},"modified":"2025-11-25T09:44:00","modified_gmt":"2025-11-25T01:44:00","slug":"boruro-di-molibdeno-2","status":"publish","type":"product","link":"https:\/\/ulpmat.com\/it\/prodotto\/boruro-di-molibdeno-2\/","title":{"rendered":"Boruro di molibdeno"},"content":{"rendered":"<h2><span style=\"font-size: 14pt;\">Panoramica sulla polvere di boruro di molibdeno<\/span><\/h2>\n<p>La polvere<br \/>\n<span style=\"color: #0000ff;\"><a style=\"color: #0000ff;\" href=\"https:\/\/ulpmat.com\/it\/ricerca\/?type=name&#038;keyword=Molybdenum+Boride\">di boruro di molibdeno<\/a><\/span><br \/>\n\u00e8 un materiale inorganico speciale che possiede un alto punto di fusione, un&#8217;elevata durezza e un&#8217;eccellente conduttivit\u00e0 elettrica. Grazie alla sua elevata stabilit\u00e0 termica e all&#8217;eccellente resistenza alla corrosione, \u00e8 ampiamente utilizzata nella preparazione di materiali strutturali ad alta temperatura, compositi ceramici, materiali per elettrodi e rivestimenti resistenti all&#8217;usura. Le sue eccellenti propriet\u00e0 termofisiche la rendono preziosa nella produzione avanzata e nell&#8217;ingegneria dei materiali.<\/p>\n<p>Forniamo polveri di Mo2B in diverse gamme di dimensioni delle particelle, gradi di purezza e con metodi di lavorazione speciali. Supportiamo anche servizi di lavorazione approfondita come setacciatura, macinazione a sfere, compounding e trattamento superficiale.<span style=\"color: #0000ff;\"><a style=\"color: #0000ff;\" href=\"https:\/\/ulpmat.com\/it\/contatto\/\"> Contattateci<\/a><\/span><br \/>\n, vi forniremo un supporto professionale personalizzato.<\/p>\n<h2><span style=\"font-size: 14pt;\">Caratteristiche principali del prodotto<\/span><\/h2>\n<p>Eccellente stabilit\u00e0 alle alte temperature<br \/>\nElevata resistenza all&#8217;usura e durezza elevata<br \/>\nEccellente conduttivit\u00e0 elettrica<br \/>\nBasso contenuto di impurit\u00e0<br \/>\nDimensione delle particelle personalizzabile<br \/>\nBuona scorrevolezza della polvere<br \/>\nElevata resistenza alla corrosione<br \/>\nAdatto a vari sistemi di materiali<\/p>\n<h2><span style=\"font-size: 14pt;\">Applicazioni della polvere di boruro di molibdeno<\/span><\/h2>\n<p>Utilizzato come componente di rinforzo nella preparazione di ceramiche e compositi ad alta temperatura.<br \/>\nCome polvere di base per rivestimenti resistenti all&#8217;usura e materiali di rinforzo superficiale.<br \/>\nApplicato alla preparazione di elettrodi elettronici o ceramiche conduttive.<br \/>\nFormulazioni di materiali resistenti alle alte temperature per l&#8217;industria aerospaziale e le apparecchiature ad alta temperatura.<\/p>\n<h2><span style=\"color: #0000ff;\"><a style=\"color: #0000ff;\" href=\"https:\/\/ulpmat.com\/it\/azienda\/domande-frequenti\/\"><span style=\"font-size: 14pt;\">Domande<\/span><\/a><\/span><\/h2>\n<p>frequenti<br \/>\nD1: Quali forme di lavorazione pu\u00f2 subire la polvere di Mo2B?<br \/>\nA1: Offriamo servizi di lavorazione avanzati che includono la lavorazione di polveri ultrafini, la classificazione personalizzata delle dimensioni delle particelle, la macinazione a sfere, il trattamento superficiale e la composizione.<\/p>\n<p>D2: Come deve essere conservata la polvere per garantirne la stabilit\u00e0?<br \/>\nR2: Deve essere conservata in un ambiente asciutto e sigillato, evitando fonti di umidit\u00e0 e ossidazione e prevenendo l&#8217;agglomerazione della polvere o l&#8217;adsorbimento di impurit\u00e0.<\/p>\n<p>D3: Quali sono i principali vantaggi di questo materiale rispetto ad altri boruri?<br \/>\nR3: Il Mo2B presenta una resistenza al calore superiore, una maggiore durezza e un&#8217;eccellente stabilit\u00e0 chimica, con prestazioni migliori in ambienti ad alta temperatura e ad alta abrasione.<\/p>\n<p>D4: Fornite <span style=\"color: #0000ff;\"><a style=\"color: #0000ff;\" href=\"https:\/\/ulpmat.com\/it\/servizio\/assistenza-tecnica\/\">assistenza tecnica<\/a><\/span><br \/>\no servizi correlati?<br \/>\nA4: Forniamo consulenza sulla scelta dei materiali, assistenza tecnica per le applicazioni, servizi di reporting dei dati e possiamo aiutare i clienti a sviluppare formulazioni di polveri personalizzate.<\/p>\n<h2><span style=\"font-size: 14pt;\">Rapporti<\/span><\/h2>\n<p>Ogni lotto viene fornito con:<br \/>\n<span style=\"color: #0000ff;\"><a style=\"color: #0000ff;\" href=\"https:\/\/ulpmat.com\/it\/documenti\/certificato-di-analisi\/\">Certificato di analisi (COA)<\/a><\/span><\/p>\n<p><span style=\"color: #0000ff;\"><a style=\"color: #0000ff;\" href=\"https:\/\/ulpmat.com\/it\/documenti\/scheda-tecnica\/\">Scheda tecnica (TDS)<\/a><\/span><\/p>\n<p><span style=\"color: #0000ff;\"><a style=\"color: #0000ff;\" href=\"https:\/\/ulpmat.com\/it\/documenti\/scheda-di-sicurezza\/\">Scheda di sicurezza (MSDS)<\/a><\/span><br \/>\nSu richiesta sono disponibili rapporti di test effettuati da terzi.<\/p>\n<h2><span style=\"font-size: 14pt;\">Perch\u00e9 scegliere noi?<\/span><\/h2>\n<p>Utilizziamo processi avanzati di preparazione delle polveri per garantire un&#8217;eccellente stabilit\u00e0 del prodotto e una dimensione delle particelle controllabile.<br \/>\nForniamo soluzioni tecniche flessibili e raccomandazioni sui parametri in base alle applicazioni dei clienti per migliorare le prestazioni dei materiali.<br \/>\nOgni lotto di polvere \u00e8 accompagnato da dati completi sui test di qualit\u00e0, che garantiscono una tracciabilit\u00e0 affidabile.<br \/>\nSupportiamo la ricerca su piccoli lotti, la produzione industriale su scala pilota e la fornitura di ordini su larga scala, soddisfacendo esigenze diverse.<br \/>\nCon un rigoroso sistema di gestione della qualit\u00e0 e capacit\u00e0 di risposta rapida, siamo il vostro partner affidabile a lungo termine per i materiali.<\/p>\n","protected":false},"excerpt":{"rendered":"<p>Panoramica sulla polvere di boruro di molibdeno La polvere di boruro di molibdeno \u00e8 un materiale inorganico speciale che possiede un alto punto di fusione, un&#8217;elevata durezza e un&#8217;eccellente conduttivit\u00e0 elettrica. Grazie alla sua elevata stabilit\u00e0 termica e all&#8217;eccellente resistenza alla corrosione, \u00e8 ampiamente utilizzata nella preparazione di materiali strutturali ad alta temperatura, compositi ceramici, [&hellip;]<\/p>\n","protected":false},"featured_media":39172,"template":"","meta":{"_acf_changed":false},"product_brand":[132],"product_cat":[714],"product_tag":[4648],"class_list":{"0":"post-39171","1":"product","2":"type-product","3":"status-publish","4":"has-post-thumbnail","6":"product_brand-ulpmat","7":"product_cat-materiali-refrattari","8":"product_tag-boruro-di-molibdeno","10":"first","11":"instock","12":"shipping-taxable","13":"product-type-variable"},"acf":[],"_links":{"self":[{"href":"https:\/\/ulpmat.com\/it\/wp-json\/wp\/v2\/product\/39171","targetHints":{"allow":["GET"]}}],"collection":[{"href":"https:\/\/ulpmat.com\/it\/wp-json\/wp\/v2\/product"}],"about":[{"href":"https:\/\/ulpmat.com\/it\/wp-json\/wp\/v2\/types\/product"}],"wp:featuredmedia":[{"embeddable":true,"href":"https:\/\/ulpmat.com\/it\/wp-json\/wp\/v2\/media\/39172"}],"wp:attachment":[{"href":"https:\/\/ulpmat.com\/it\/wp-json\/wp\/v2\/media?parent=39171"}],"wp:term":[{"taxonomy":"product_brand","embeddable":true,"href":"https:\/\/ulpmat.com\/it\/wp-json\/wp\/v2\/product_brand?post=39171"},{"taxonomy":"product_cat","embeddable":true,"href":"https:\/\/ulpmat.com\/it\/wp-json\/wp\/v2\/product_cat?post=39171"},{"taxonomy":"product_tag","embeddable":true,"href":"https:\/\/ulpmat.com\/it\/wp-json\/wp\/v2\/product_tag?post=39171"}],"curies":[{"name":"wp","href":"https:\/\/api.w.org\/{rel}","templated":true}]}}