{"id":38203,"date":"2025-11-26T17:01:05","date_gmt":"2025-11-26T09:01:05","guid":{"rendered":"https:\/\/ulpmat.com\/product\/niobio-metallico\/"},"modified":"2025-11-26T17:01:05","modified_gmt":"2025-11-26T09:01:05","slug":"niobio-metallico","status":"publish","type":"product","link":"https:\/\/ulpmat.com\/it\/prodotto\/niobio-metallico\/","title":{"rendered":"Niobio metallico"},"content":{"rendered":"<h2><span style=\"font-size: 14pt;\">Panoramica sui bersagli rotanti in metallo niobio<\/span><\/h2>\n<p><span style=\"font-size: 12pt;\">I bersagli rotanti <span style=\"color: #0000ff;\"><a style=\"color: #0000ff;\" href=\"https:\/\/ulpmat.com\/it\/ricerca\/?type=name&#038;keyword=Niobium+metal\">in metallo niobio<\/a><\/span> sono materiali metallici ad alta purezza e alta densit\u00e0 progettati specificamente per i processi PVD (Physical Vapor Deposition) con bersagli rotanti, che garantiscono una deposizione uniforme del film e un elevato utilizzo del bersaglio. Sono ampiamente utilizzati nella deposizione di film sottili per dispositivi a semiconduttori, rivestimenti ottici, touch screen e componenti elettronici di alta precisione.<\/span><\/p>\n<p>Offriamo varie specifiche di <span style=\"font-size: 12pt;\">bersagli rotanti in metallo niobio<\/span><br \/>\n, caratterizzati da elevata purezza e densit\u00e0 uniforme. Il diametro, lo spessore e la forma del bersaglio possono essere personalizzati per soddisfare le esigenze dei clienti, sia per la ricerca scientifica che per la produzione industriale. Per le specifiche dettagliate degli sputter rotanti in niobio, <span style=\"color: #0000ff;\"><a style=\"color: #0000ff;\" href=\"https:\/\/ulpmat.com\/it\/contatto\/\">contattateci.<\/a><\/span><\/p>\n<h2><span style=\"font-size: 14pt;\">Caratteristiche principali del prodotto<\/span><\/h2>\n<p>Niobio ad alta purezza \u226599,95%<br \/>\nElevata densit\u00e0 e forte resistenza meccanica<br \/>\nElevata conduttivit\u00e0 elettrica e stabilit\u00e0 termica<br \/>\nSuperficie liscia, priva di pori<br \/>\nDimensioni, spessore e forma personalizzabili<br \/>\nMigliore utilizzo del bersaglio e riduzione dei costi di processo<br \/>\nServizi di incollaggio del bersaglio disponibili<br \/>\nAdatto per la ricerca scientifica e le applicazioni industriali<\/p>\n<h2><span style=\"font-size: 14pt;\">Applicazioni del bersaglio rotante in metallo niobio<\/span><\/h2>\n<p>Dispositivi<br \/>\n<span style=\"color: #0000ff;\"><a style=\"color: #0000ff;\" href=\"https:\/\/ulpmat.com\/it\/applicazione\/materiali-per-semiconduttori\/\">a semiconduttori<\/a><\/span><br \/>\n: utilizzato per la deposizione di film sottili semiconduttori ad alte prestazioni, migliorando l&#8217;affidabilit\u00e0 dei dispositivi. Rivestimenti<br \/>\n<span style=\"color: #0000ff;\"><a style=\"color: #0000ff;\" href=\"https:\/\/ulpmat.com\/it\/applicazione\/materiali-ottici\/\">ottici<\/a><\/span><br \/>\n: utilizzato nella preparazione di film sottili per lenti ottiche e display, garantendo un&#8217;adesione uniforme del film.<br \/>\nMateriali per touchscreen: utilizzati per la produzione di film sottili conduttivi per touchscreen, migliorando la velocit\u00e0 di risposta e la sensibilit\u00e0.<br \/>\nComponenti elettronici ad alta precisione: utilizzati per la deposizione di film sottili in dispositivi elettronici, garantendo un&#8217;elevata conduttivit\u00e0 e stabilit\u00e0.<\/p>\n<h2><span style=\"color: #0000ff;\"><a style=\"color: #0000ff;\" href=\"https:\/\/ulpmat.com\/it\/azienda\/domande-frequenti\/\"><span style=\"font-size: 14pt;\">Domande<\/span><\/a><\/span><\/h2>\n<p>frequenti<br \/>\nD1: Quali sono le opzioni di imballaggio per <span style=\"font-size: 12pt;\">il bersaglio rotante in metallo niobio<\/span><br \/>\n?<br \/>\nA1: Offriamo imballaggi sigillati a prova di umidit\u00e0, imballaggi in sacchetti sottovuoto e imballaggi in scatole rigide per garantire che il bersaglio non venga contaminato o ossidato durante il trasporto e lo stoccaggio.<\/p>\n<p>D2: Quali lavorazioni pu\u00f2 subire <span style=\"font-size: 12pt;\">il bersaglio rotante in metallo niobio<\/span><br \/>\n?<br \/>\nA2: Sono possibili il taglio, la foratura, la lucidatura superficiale e la lavorazione meccanica per soddisfare le esigenze dei diversi processi PVD con bersaglio rotante e della ricerca.<\/p>\n<p>Q3: Quali sono i requisiti di stoccaggio per <span style=\"font-size: 12pt;\">il bersaglio rotante in metallo niobio<\/span><br \/>\n?<br \/>\nA3: Conservare in un ambiente asciutto, fresco e ben ventilato, evitando umidit\u00e0, alte temperature o contatto con sostanze chimiche. Per lo stoccaggio a lungo termine, si consiglia l&#8217;uso di gas inerte o imballaggi sigillati.<\/p>\n<p>Q4: Quali sono i vantaggi e la purezza del <span style=\"font-size: 12pt;\">bersaglio rotante in metallo niobio<\/span><br \/>\n?<\/p>\n<p>A4: I nostri bersagli rotanti vantano una purezza fino al 99,95%, una densit\u00e0 uniforme e una forte stabilit\u00e0 termica, migliorando l&#8217;utilizzo del bersaglio e la qualit\u00e0 del film, rendendoli adatti alla ricerca scientifica e alle applicazioni industriali di alta precisione.<\/p>\n<h2><span style=\"font-size: 14pt;\">Rapporti<\/span><\/h2>\n<p>Ogni lotto \u00e8 fornito con:<br \/>\n<span style=\"color: #0000ff;\"><a style=\"color: #0000ff;\" href=\"https:\/\/ulpmat.com\/it\/documenti\/certificato-di-analisi\/\">Certificato di analisi (COA)<\/a><\/span><\/p>\n<p><span style=\"color: #0000ff;\"><a style=\"color: #0000ff;\" href=\"https:\/\/ulpmat.com\/it\/documenti\/scheda-tecnica\/\">Scheda tecnica (TDS)<\/a><\/span><\/p>\n<p><span style=\"color: #0000ff;\"><a style=\"color: #0000ff;\" href=\"https:\/\/ulpmat.com\/it\/documenti\/scheda-di-sicurezza\/\">Scheda di sicurezza dei materiali (MSDS)<\/a><\/span><br \/>\nSu richiesta sono disponibili rapporti di test di terze parti.<\/p>\n<h2><span style=\"font-size: 14pt;\">Perch\u00e9 scegliere noi?<\/span><\/h2>\n<p>Target rotanti in niobio ad alta purezza, prestazioni stabili e affidabili<br \/>\n<span style=\"color: #0000ff;\"><a style=\"color: #0000ff;\" href=\"https:\/\/ulpmat.com\/it\/servizio\/personalizzazione\/\">Personalizzazione<\/a><\/span><br \/>\ndi dimensioni, forma e spessore disponibili<br \/>\nFornitura di rapporti di prova completi e certificati di conformit\u00e0<br \/>\nRisposta rapida alle esigenze dei clienti, supporto per ordini di piccoli e grandi lotti<br \/>\nTeam tecnico professionale che fornisce assistenza per l&#8217;applicazione e il processo PVD<br \/>\nAnni di esperienza nell&#8217;esportazione, trasporto sicuro e affidabile<\/p>\n","protected":false},"excerpt":{"rendered":"<p>Panoramica sui bersagli rotanti in metallo niobio I bersagli rotanti in metallo niobio sono materiali metallici ad alta purezza e alta densit\u00e0 progettati specificamente per i processi PVD (Physical Vapor Deposition) con bersagli rotanti, che garantiscono una deposizione uniforme del film e un elevato utilizzo del bersaglio. Sono ampiamente utilizzati nella deposizione di film sottili [&hellip;]<\/p>\n","protected":false},"featured_media":38204,"template":"","meta":{"_acf_changed":false},"product_brand":[132],"product_cat":[468,311],"product_tag":[4470],"class_list":{"0":"post-38203","1":"product","2":"type-product","3":"status-publish","4":"has-post-thumbnail","6":"product_brand-ulpmat","7":"product_cat-obiettivi-rotanti","8":"product_cat-target-di-sputtering-metallico","9":"product_tag-niobio-metallico-obiettivo-rotante","11":"first","12":"instock","13":"shipping-taxable","14":"product-type-variable"},"acf":[],"_links":{"self":[{"href":"https:\/\/ulpmat.com\/it\/wp-json\/wp\/v2\/product\/38203","targetHints":{"allow":["GET"]}}],"collection":[{"href":"https:\/\/ulpmat.com\/it\/wp-json\/wp\/v2\/product"}],"about":[{"href":"https:\/\/ulpmat.com\/it\/wp-json\/wp\/v2\/types\/product"}],"wp:featuredmedia":[{"embeddable":true,"href":"https:\/\/ulpmat.com\/it\/wp-json\/wp\/v2\/media\/38204"}],"wp:attachment":[{"href":"https:\/\/ulpmat.com\/it\/wp-json\/wp\/v2\/media?parent=38203"}],"wp:term":[{"taxonomy":"product_brand","embeddable":true,"href":"https:\/\/ulpmat.com\/it\/wp-json\/wp\/v2\/product_brand?post=38203"},{"taxonomy":"product_cat","embeddable":true,"href":"https:\/\/ulpmat.com\/it\/wp-json\/wp\/v2\/product_cat?post=38203"},{"taxonomy":"product_tag","embeddable":true,"href":"https:\/\/ulpmat.com\/it\/wp-json\/wp\/v2\/product_tag?post=38203"}],"curies":[{"name":"wp","href":"https:\/\/api.w.org\/{rel}","templated":true}]}}