{"id":38185,"date":"2025-11-26T17:01:05","date_gmt":"2025-11-26T09:01:05","guid":{"rendered":"https:\/\/ulpmat.com\/product\/carburo-di-alluminio-e-niobio\/"},"modified":"2025-11-26T17:01:05","modified_gmt":"2025-11-26T09:01:05","slug":"carburo-di-alluminio-e-niobio","status":"publish","type":"product","link":"https:\/\/ulpmat.com\/it\/prodotto\/carburo-di-alluminio-e-niobio\/","title":{"rendered":"Carburo di alluminio e niobio"},"content":{"rendered":"<h2><span style=\"font-size: 14pt;\">Panoramica sulla polvere di carburo di niobio e alluminio<\/span><\/h2>\n<p>La polvere<br \/>\n<span style=\"color: #0000ff;\"><a style=\"color: #0000ff;\" href=\"https:\/\/ulpmat.com\/it\/ricerca\/?type=name&#038;keyword=Niobium+Aluminum+Carbide\">di carburo di niobio e alluminio<\/a><\/span><br \/>\n\u00e8 un materiale MAX a base di niobio ad alta purezza e a strati che combina la conduttivit\u00e0 elettrica dei metalli con la stabilit\u00e0 alle alte temperature della ceramica, mostrando un&#8217;eccellente resistenza all&#8217;ossidazione e resistenza meccanica. \u00c8 ampiamente utilizzata nei materiali strutturali ad alta temperatura, nei dispositivi elettronici, nei materiali di rivestimento e nell&#8217;accumulo di energia.<\/p>\n<p>Offriamo polvere di Nb2AlC ad alta purezza con particelle di dimensioni uniformi e buona dispersibilit\u00e0. Le specifiche della polvere e l&#8217;imballaggio possono essere personalizzati per soddisfare le esigenze dei clienti. Adatto per la ricerca scientifica e la produzione industriale, non esitate<span style=\"color: #0000ff;\"><a style=\"color: #0000ff;\" href=\"https:\/\/ulpmat.com\/it\/contatto\/\"><\/a><\/span><br \/>\na<span style=\"color: #0000ff;\"><a style=\"color: #0000ff;\" href=\"https:\/\/ulpmat.com\/it\/contatto\/\"> contattarci.<\/a><\/span><\/p>\n<h2><span style=\"font-size: 14pt;\">Caratteristiche principali del prodotto<\/span><\/h2>\n<p>Alta purezza (99,5%)<br \/>\nStruttura a fasi MAX stratificata<br \/>\nBuona conduttivit\u00e0 elettrica e stabilit\u00e0 termica<br \/>\nEccellente resistenza all&#8217;ossidazione<br \/>\nDimensioni delle particelle uniformi e buona dispersibilit\u00e0<br \/>\nSpecifiche di confezionamento e dimensioni delle particelle personalizzabili<br \/>\nAdatto per applicazioni scientifiche e industriali<\/p>\n<h2><span style=\"font-size: 14pt;\">Applicazioni della polvere di carburo di niobio e alluminio<\/span><\/h2>\n<p>Materiali strutturali ad alta temperatura: utilizzati nella produzione di componenti resistenti alle alte temperature per garantire la resistenza meccanica in ambienti ad alta temperatura.<\/p>\n<p>Dispositivi elettronici: utilizzato in componenti conduttivi e sensori per migliorare le prestazioni elettroniche e l&#8217;affidabilit\u00e0.<\/p>\n<p>Materiali di rivestimento: utilizzato per rivestimenti resistenti all&#8217;usura e alla corrosione ad alta temperatura per migliorare la durata dei materiali.<\/p>\n<p>Accumulo di energia: utilizzato nei materiali delle batterie e dei supercondensatori per migliorare la conduttivit\u00e0 e le prestazioni del ciclo.<\/p>\n<h2><span style=\"color: #0000ff;\"><a style=\"color: #0000ff;\" href=\"https:\/\/ulpmat.com\/it\/azienda\/domande-frequenti\/\"><span style=\"font-size: 14pt;\">Domande frequenti<\/span><\/a><\/span><\/h2>\n<p>D1: Quali sono le opzioni di confezionamento per la polvere di Nb2AlC?<\/p>\n<p>A1: Offriamo sacchetti sigillati a prova di umidit\u00e0, sacchetti sottovuoto o imballaggi in fusti, che possono essere personalizzati in base alle esigenze del cliente per garantire la stabilit\u00e0 della polvere durante il trasporto e lo stoccaggio.<\/p>\n<p>D2: Quali metodi di lavorazione pu\u00f2 subire la polvere di Nb2AlC?<\/p>\n<p>A2: Pu\u00f2 essere utilizzata nella metallurgia delle polveri, nella sinterizzazione, nella spruzzatura di rivestimenti e nei processi di preparazione di materiali compositi per soddisfare varie esigenze di ricerca e industriali.<\/p>\n<p>Q3: Quali sono i requisiti di conservazione della polvere di Nb2AlC?<\/p>\n<p>A3: Conservare in un ambiente asciutto, fresco e ben ventilato, evitando l&#8217;umidit\u00e0 e le alte temperature. Per la conservazione a lungo termine, si consiglia di utilizzare imballaggi sigillati e antiossidanti.<\/p>\n<p>Q4: Quali sono la purezza e i vantaggi della polvere di Nb2AlC?<\/p>\n<p>A4: La nostra polvere vanta una purezza fino al 99,5%, una struttura a strati stabile e combina la conduttivit\u00e0 dei metalli con la resistenza alle alte temperature della ceramica, rendendola adatta per applicazioni ad alta temperatura, resistenti all&#8217;usura e materiali energetici.<\/p>\n<h2><span style=\"font-size: 14pt;\">Rapporti<\/span><\/h2>\n<p>Ogni lotto \u00e8 fornito con:<br \/>\n<span style=\"color: #0000ff;\"><a style=\"color: #0000ff;\" href=\"https:\/\/ulpmat.com\/it\/documenti\/certificato-di-analisi\/\">Certificato di analisi (COA)<\/a><\/span><\/p>\n<p><span style=\"color: #0000ff;\"><a style=\"color: #0000ff;\" href=\"https:\/\/ulpmat.com\/it\/documenti\/scheda-tecnica\/\">Scheda tecnica (TDS)<\/a><\/span><\/p>\n<p><span style=\"color: #0000ff;\"><a style=\"color: #0000ff;\" href=\"https:\/\/ulpmat.com\/it\/documenti\/scheda-di-sicurezza\/\">Scheda di sicurezza (MSDS)<\/a><\/span><br \/>\nRapporti di test di terze parti sono disponibili su richiesta.<\/p>\n<h2><span style=\"font-size: 14pt;\">Perch\u00e9 scegliere noi?<\/span><\/h2>\n<p>Polvere Nb\u2082AlC ad alta purezza, prestazioni stabili e affidabili<br \/>\nDimensioni uniformi delle particelle di polvere ed eccellente dispersibilit\u00e0<br \/>\nDimensioni delle particelle e soluzioni di confezionamento personalizzate disponibili<br \/>\nRapporti di prova completi e certificati di conformit\u00e0, che garantiscono la tracciabilit\u00e0<br \/>\nRisposta rapida alle esigenze dei clienti, supporto alla ricerca su piccoli lotti e fornitura industriale su larga scala<br \/>\nIl team tecnico professionale fornisce assistenza per l&#8217;applicazione e il processo<\/p>\n","protected":false},"excerpt":{"rendered":"<p>Panoramica sulla polvere di carburo di niobio e alluminio La polvere di carburo di niobio e alluminio \u00e8 un materiale MAX a base di niobio ad alta purezza e a strati che combina la conduttivit\u00e0 elettrica dei metalli con la stabilit\u00e0 alle alte temperature della ceramica, mostrando un&#8217;eccellente resistenza all&#8217;ossidazione e resistenza meccanica. \u00c8 ampiamente [&hellip;]<\/p>\n","protected":false},"featured_media":38186,"template":"","meta":{"_acf_changed":false},"product_brand":[132],"product_cat":[714,1204],"product_tag":[4464],"class_list":{"0":"post-38185","1":"product","2":"type-product","3":"status-publish","4":"has-post-thumbnail","6":"product_brand-ulpmat","7":"product_cat-materiali-refrattari","8":"product_cat-precursori-mxene-materiali-a-fase-max","9":"product_tag-polvere-di-carburo-di-alluminio-e-niobio","11":"first","12":"instock","13":"shipping-taxable","14":"product-type-variable"},"acf":[],"_links":{"self":[{"href":"https:\/\/ulpmat.com\/it\/wp-json\/wp\/v2\/product\/38185","targetHints":{"allow":["GET"]}}],"collection":[{"href":"https:\/\/ulpmat.com\/it\/wp-json\/wp\/v2\/product"}],"about":[{"href":"https:\/\/ulpmat.com\/it\/wp-json\/wp\/v2\/types\/product"}],"wp:featuredmedia":[{"embeddable":true,"href":"https:\/\/ulpmat.com\/it\/wp-json\/wp\/v2\/media\/38186"}],"wp:attachment":[{"href":"https:\/\/ulpmat.com\/it\/wp-json\/wp\/v2\/media?parent=38185"}],"wp:term":[{"taxonomy":"product_brand","embeddable":true,"href":"https:\/\/ulpmat.com\/it\/wp-json\/wp\/v2\/product_brand?post=38185"},{"taxonomy":"product_cat","embeddable":true,"href":"https:\/\/ulpmat.com\/it\/wp-json\/wp\/v2\/product_cat?post=38185"},{"taxonomy":"product_tag","embeddable":true,"href":"https:\/\/ulpmat.com\/it\/wp-json\/wp\/v2\/product_tag?post=38185"}],"curies":[{"name":"wp","href":"https:\/\/api.w.org\/{rel}","templated":true}]}}