{"id":38107,"date":"2025-11-26T17:01:06","date_gmt":"2025-11-26T09:01:06","guid":{"rendered":"https:\/\/ulpmat.com\/product\/pentossido-di-niobio-3\/"},"modified":"2025-11-26T17:01:06","modified_gmt":"2025-11-26T09:01:06","slug":"pentossido-di-niobio-3","status":"publish","type":"product","link":"https:\/\/ulpmat.com\/it\/prodotto\/pentossido-di-niobio-3\/","title":{"rendered":"Pentossido di niobio"},"content":{"rendered":"<h2><span style=\"font-size: 14pt;\">Panoramica sulla polvere di pentossido di niobio<\/span><\/h2>\n<p>La polvere<br \/>\n<span style=\"color: #0000ff;\"><a style=\"color: #0000ff;\" href=\"https:\/\/ulpmat.com\/it\/ricerca\/?type=name&#038;keyword=Niobium+pentoxide\">di pentossido di niobio<\/a><\/span><br \/>\n\u00e8 una polvere bianca, fine e di elevata purezza, con una forte stabilit\u00e0 chimica e resistenza alle alte temperature, ampiamente utilizzata nella preparazione di materiali elettronici, ottici e ceramici.<\/p>\n<p>Offriamo polvere di Nb\u2082O\u2085 di elevata purezza con particelle di dimensioni uniformi e buona dispersibilit\u00e0. Le specifiche di confezionamento e dimensione delle particelle possono essere personalizzate in base alle esigenze del cliente. Adatto per la ricerca e lo sviluppo e per applicazioni industriali, non esitate a<span style=\"color: #0000ff;\"><a style=\"color: #0000ff;\" href=\"https:\/\/ulpmat.com\/it\/contatto\/\"> contattarci.<\/a><\/span><\/p>\n<h2><span style=\"font-size: 14pt;\">Caratteristiche principali del prodotto<\/span><\/h2>\n<p>Elevata purezza (99,99%)<br \/>\nDimensione delle particelle uniforme e buona dispersibilit\u00e0<br \/>\nEccellente stabilit\u00e0 chimica<br \/>\nElevata resistenza alle alte temperature<br \/>\nFacile da miscelare e lavorare<br \/>\nDimensione delle particelle e confezionamento personalizzabili<br \/>\nAdatto per la ricerca e la produzione industriale<\/p>\n<h2><span style=\"font-size: 14pt;\">Applicazioni della polvere di pentossido di niobio<\/span><\/h2>\n<p>Ceramica elettronica: utilizzata in materiali ceramici elettronici ad alte prestazioni per migliorare le prestazioni elettriche e la stabilit\u00e0 termica.<\/p>\n<p>Produzione di condensatori: come materia prima fondamentale per i condensatori al tantalio e al niobio, garantisce la stabilit\u00e0 e l&#8217;affidabilit\u00e0 dei condensatori. Film sottili<\/p>\n<p><span style=\"color: #0000ff;\"><a style=\"color: #0000ff;\" href=\"https:\/\/ulpmat.com\/it\/applicazione\/materiali-ottici\/\">ottici<\/a><\/span><br \/>\n: utilizzati per rivestimenti a film sottile in componenti ottici per migliorare la trasmissione della luce e l&#8217;uniformit\u00e0 del film.<\/p>\n<p>Materiali catalizzatori: come supporto catalitico o componente attivo per migliorare l&#8217;efficienza delle reazioni chimiche.<\/p>\n<h2><span style=\"color: #0000ff;\"><a style=\"color: #0000ff;\" href=\"https:\/\/ulpmat.com\/it\/azienda\/domande-frequenti\/\"><span style=\"font-size: 14pt;\">Domande frequenti<\/span><\/a><\/span><\/h2>\n<p>D1: Quali sono le opzioni di confezionamento disponibili per la polvere di Nb2O5?<\/p>\n<p>R1: Offriamo sacchetti sigillati a prova di umidit\u00e0, sacchetti sottovuoto e confezioni in fusti. \u00c8 possibile personalizzare il confezionamento in base alle esigenze specifiche del cliente, garantendo la stabilit\u00e0 della polvere durante il trasporto e lo stoccaggio.<\/p>\n<p>D2: A quali metodi di lavorazione pu\u00f2 essere sottoposta la polvere di Nb2O5?<\/p>\n<p>R2: Pu\u00f2 essere utilizzata nella sinterizzazione di ceramiche, nei rivestimenti a film sottile, nella miscelazione di polveri e nella preparazione di catalizzatori.<\/p>\n<p>D3: Quali sono i requisiti di conservazione della polvere di Nb2O5?<\/p>\n<p>R3: Conservare in un ambiente asciutto, fresco e ben ventilato, evitando l&#8217;umidit\u00e0 e le alte temperature. Per la conservazione a lungo termine, si consiglia di utilizzare imballaggi sigillati a prova di umidit\u00e0.<\/p>\n<p>D4: Quali sono la purezza e i vantaggi della polvere di Nb2O5?<\/p>\n<p>A4: La nostra polvere di Nb\u2082O\u2085 vanta una purezza \u226599,9%, con particelle di dimensioni uniformi e una forte stabilit\u00e0 chimica, che la rendono adatta per applicazioni in ceramica ad alte prestazioni, condensatori e materiali ottici.<\/p>\n<h2><span style=\"font-size: 14pt;\">Rapporti<\/span><\/h2>\n<p>Ogni lotto \u00e8 accompagnato da:<br \/>\n<span style=\"color: #0000ff;\"><a style=\"color: #0000ff;\" href=\"https:\/\/ulpmat.com\/it\/documenti\/certificato-di-analisi\/\">Certificato di analisi (COA)<\/a><\/span><\/p>\n<p><span style=\"color: #0000ff;\"><a style=\"color: #0000ff;\" href=\"https:\/\/ulpmat.com\/it\/documenti\/scheda-tecnica\/\">Scheda tecnica (TDS)<\/a><\/span><\/p>\n<p><a href=\"https:\/\/ulpmat.com\/it\/documenti\/scheda-di-sicurezza\/\"><span style=\"color: #0000ff;\">Scheda di sicurezza (MSDS)<\/span><\/a><br \/>\nSu richiesta sono disponibili rapporti di test effettuati da terzi.<\/p>\n<h2><span style=\"font-size: 14pt;\">Perch\u00e9 scegliere noi?<\/span><\/h2>\n<p>Polvere di Nb\u2082O\u2085 ad alta purezza, prestazioni stabili e affidabili<br \/>\nDimensioni delle particelle uniformi, buona dispersibilit\u00e0, facile da lavorare Dimensioni delle particelle, confezionamento e specifiche<br \/>\n<span style=\"color: #0000ff;\"><a style=\"color: #0000ff;\" href=\"https:\/\/ulpmat.com\/it\/servizio\/personalizzazione\/\">personalizzabili<\/a><\/span><\/p>\n<p>Fornisce rapporti di prova completi e certificati di conformit\u00e0<br \/>\nRisposta rapida alle esigenze dei clienti, supporto alla ricerca su piccoli lotti e fornitura industriale su larga scala<br \/>\nIl team <span style=\"color: #0000ff;\"><a style=\"color: #0000ff;\" href=\"https:\/\/ulpmat.com\/it\/servizio\/assistenza-tecnica\/\">tecnico<\/a><\/span><br \/>\nprofessionale fornisce assistenza per l&#8217;applicazione e il processo<\/p>\n","protected":false},"excerpt":{"rendered":"<p>Panoramica sulla polvere di pentossido di niobio La polvere di pentossido di niobio \u00e8 una polvere bianca, fine e di elevata purezza, con una forte stabilit\u00e0 chimica e resistenza alle alte temperature, ampiamente utilizzata nella preparazione di materiali elettronici, ottici e ceramici. Offriamo polvere di Nb\u2082O\u2085 di elevata purezza con particelle di dimensioni uniformi e [&hellip;]<\/p>\n","protected":false},"featured_media":38108,"template":"","meta":{"_acf_changed":false},"product_brand":[132],"product_cat":[436],"product_tag":[4446],"class_list":{"0":"post-38107","1":"product","2":"type-product","3":"status-publish","4":"has-post-thumbnail","6":"product_brand-ulpmat","7":"product_cat-ossidi","8":"product_tag-pentossido-di-niobio-in-polvere","10":"first","11":"instock","12":"shipping-taxable","13":"product-type-variable"},"acf":[],"_links":{"self":[{"href":"https:\/\/ulpmat.com\/it\/wp-json\/wp\/v2\/product\/38107","targetHints":{"allow":["GET"]}}],"collection":[{"href":"https:\/\/ulpmat.com\/it\/wp-json\/wp\/v2\/product"}],"about":[{"href":"https:\/\/ulpmat.com\/it\/wp-json\/wp\/v2\/types\/product"}],"wp:featuredmedia":[{"embeddable":true,"href":"https:\/\/ulpmat.com\/it\/wp-json\/wp\/v2\/media\/38108"}],"wp:attachment":[{"href":"https:\/\/ulpmat.com\/it\/wp-json\/wp\/v2\/media?parent=38107"}],"wp:term":[{"taxonomy":"product_brand","embeddable":true,"href":"https:\/\/ulpmat.com\/it\/wp-json\/wp\/v2\/product_brand?post=38107"},{"taxonomy":"product_cat","embeddable":true,"href":"https:\/\/ulpmat.com\/it\/wp-json\/wp\/v2\/product_cat?post=38107"},{"taxonomy":"product_tag","embeddable":true,"href":"https:\/\/ulpmat.com\/it\/wp-json\/wp\/v2\/product_tag?post=38107"}],"curies":[{"name":"wp","href":"https:\/\/api.w.org\/{rel}","templated":true}]}}