{"id":37867,"date":"2025-11-26T17:01:08","date_gmt":"2025-11-26T09:01:08","guid":{"rendered":"https:\/\/ulpmat.com\/product\/cloruro-di-niobio\/"},"modified":"2025-11-26T17:01:08","modified_gmt":"2025-11-26T09:01:08","slug":"cloruro-di-niobio","status":"publish","type":"product","link":"https:\/\/ulpmat.com\/it\/prodotto\/cloruro-di-niobio\/","title":{"rendered":"Cloruro di niobio"},"content":{"rendered":"<h2><span style=\"font-size: 14pt;\">Panoramica sulla polvere di cloruro di niobio<\/span><\/h2>\n<p>La polvere<br \/>\n<span style=\"color: #0000ff;\"><a style=\"color: #0000ff;\" href=\"https:\/\/ulpmat.com\/it\/ricerca\/?type=name&#038;keyword=Niobium+Chloride\">di cloruro di niobio<\/a><\/span><br \/>\n\u00e8 un alogenuro di niobio con forte reattivit\u00e0 e elevata purezza, comunemente utilizzato come importante catalizzatore, precursore e materiale di sintesi chimica nella preparazione di composti organometallici e materiali inorganici ad alte prestazioni. \u00c8 ampiamente utilizzato come catalizzatore di sintesi chimica, precursore di materiali a film sottile e materia prima chimica organometallica.<\/p>\n<p>Forniamo polvere di NbCl5 in vari gradi di purezza, disponibile in piccole confezioni o in grandi quantit\u00e0. I nostri prodotti sono caratterizzati da particelle fini, basso contenuto di impurit\u00e0 ed elevata reattivit\u00e0, soddisfacendo le esigenze di ricerca, produzione e preparazione di materiali speciali. \u00c8 disponibile un servizio di confezionamento personalizzato; <span style=\"color: #0000ff;\"><a style=\"color: #0000ff;\" href=\"https:\/\/ulpmat.com\/it\/contatto\/\">contattateci<\/a><\/span><br \/>\nper richiedere i nostri servizi personalizzati.<\/p>\n<h2><span style=\"font-size: 14pt;\">Caratteristiche principali del prodotto<\/span><\/h2>\n<p>Polvere di alogenuro di niobio ad alta purezza<br \/>\nElevata reattivit\u00e0<br \/>\nContenuto di impurit\u00e0 rigorosamente controllato<br \/>\nDimensioni delle particelle uniformi per una facile lavorazione<br \/>\nConfezionamento personalizzabile<br \/>\nCapacit\u00e0 di fornitura stabile<br \/>\nDisponibile sia in qualit\u00e0 da ricerca che industriale<\/p>\n<h2><span style=\"font-size: 14pt;\">Applicazioni della polvere di cloruro di niobio<\/span><\/h2>\n<p>Usi come catalizzatore: ampiamente utilizzato come catalizzatore acido di Lewis nelle reazioni organiche e nella sintesi organometallica.<\/p>\n<p>Precursore di film sottili: utilizzato in CVD, ALD e altri processi per preparare materiali a film sottile contenenti Nb.<\/p>\n<p>Preparazione chimica ad alta purezza: funge da importante precursore per composti speciali di niobio.<\/p>\n<p>Esperimenti di ricerca e sviluppo sui materiali: *Utilizzato per la ricerca sperimentale su materiali inorganici e nanomateriali avanzati.<\/p>\n<h2><span style=\"color: #0000ff;\"><a style=\"color: #0000ff;\" href=\"https:\/\/ulpmat.com\/it\/azienda\/domande-frequenti\/\"><span style=\"font-size: 14pt;\">Domande frequenti<\/span><\/a><\/span><\/h2>\n<p>D1: Quale metodo di confezionamento utilizzate per la vostra polvere di NbCl5?<\/p>\n<p>R1: NbCl\u2085 \u00e8 confezionato in un contenitore sottovuoto a prova di umidit\u00e0, ulteriormente protetto da un sacchetto di alluminio e da una scatola rigida per evitare l&#8217;assorbimento di umidit\u00e0 o la decomposizione durante il trasporto.<\/p>\n<p>D2: La polvere di NbCl5 pu\u00f2 essere personalizzata?<\/p>\n<p>R2: S\u00ec, possiamo fornire ricondizionamenti in confezioni piccole, livelli di purezza personalizzati e metodi di sigillatura personalizzati per soddisfare diverse esigenze sperimentali o di produzione.<\/p>\n<p>D3: Come deve essere conservata correttamente la polvere di NbCl5?<\/p>\n<p>R3: Deve essere conservata in un ambiente asciutto, sigillato e protetto dalla luce, lontano dall&#8217;umidit\u00e0 e dall&#8217;aria, idealmente in atmosfera di gas inerte.<\/p>\n<p>D4: La purezza del prodotto influisce in modo significativo sugli esperimenti? A4: S\u00ec, l&#8217;NbCl5 ad alta purezza migliora significativamente la controllabilit\u00e0 delle reazioni sperimentali e la stabilit\u00e0 dei prodotti materiali. Pertanto, una maggiore purezza \u00e8 pi\u00f9 adatta per applicazioni di chimica fine e precursori di film sottili.<\/p>\n<h2><span style=\"font-size: 14pt;\">Rapporti<\/span><\/h2>\n<p>Ogni lotto \u00e8 fornito con:<br \/>\n<span style=\"color: #0000ff;\"><a style=\"color: #0000ff;\" href=\"https:\/\/ulpmat.com\/it\/documenti\/certificato-di-analisi\/\">Certificato di analisi (COA)<\/a><\/span><\/p>\n<p><span style=\"color: #0000ff;\"><a style=\"color: #0000ff;\" href=\"https:\/\/ulpmat.com\/it\/documenti\/scheda-tecnica\/\">Scheda tecnica (TDS)<\/a><\/span><\/p>\n<p><span style=\"color: #0000ff;\"><a style=\"color: #0000ff;\" href=\"https:\/\/ulpmat.com\/it\/documenti\/scheda-di-sicurezza\/\">Scheda di sicurezza (MSDS)<\/a><\/span><br \/>\nSu richiesta sono disponibili rapporti di test di terze parti.<\/p>\n<h2><span style=\"font-size: 14pt;\">Perch\u00e9 scegliere noi?<\/span><\/h2>\n<p>Fornisce una catena di approvvigionamento di materie prime NbCl\u2085 stabile e affidabile<br \/>\nIl team di professionisti garantisce la purezza e la qualit\u00e0 costanti del prodotto<br \/>\nSupporta le esigenze di ricerca, produzione su scala pilota, su scala intermedia e su larga scala<br \/>\nL&#8217;imballaggio a prova di umidit\u00e0 garantisce un trasporto sicuro<br \/>\nFornisce specifiche personalizzate e <span style=\"color: #0000ff;\"><a style=\"color: #0000ff;\" href=\"https:\/\/ulpmat.com\/it\/servizio\/assistenza-tecnica\/\">supporto tecnico<\/a><\/span><br \/>\nAnni di esperienza nell&#8217;esportazione garantiscono una logistica sicura e una risposta rapida<br \/>\nFocus sulla produzione e fornitura di prodotti chimici a base di niobio, pi\u00f9 professionali e stabili<\/p>\n","protected":false},"excerpt":{"rendered":"<p>Panoramica sulla polvere di cloruro di niobio La polvere di cloruro di niobio \u00e8 un alogenuro di niobio con forte reattivit\u00e0 e elevata purezza, comunemente utilizzato come importante catalizzatore, precursore e materiale di sintesi chimica nella preparazione di composti organometallici e materiali inorganici ad alte prestazioni. \u00c8 ampiamente utilizzato come catalizzatore di sintesi chimica, precursore [&hellip;]<\/p>\n","protected":false},"featured_media":37868,"template":"","meta":{"_acf_changed":false},"product_brand":[132],"product_cat":[323],"product_tag":[4392],"class_list":{"0":"post-37867","1":"product","2":"type-product","3":"status-publish","4":"has-post-thumbnail","6":"product_brand-ulpmat","7":"product_cat-materiali-alogenuri","8":"product_tag-cloruro-di-niobio-in-polvere","10":"first","11":"instock","12":"shipping-taxable","13":"product-type-variable"},"acf":[],"_links":{"self":[{"href":"https:\/\/ulpmat.com\/it\/wp-json\/wp\/v2\/product\/37867","targetHints":{"allow":["GET"]}}],"collection":[{"href":"https:\/\/ulpmat.com\/it\/wp-json\/wp\/v2\/product"}],"about":[{"href":"https:\/\/ulpmat.com\/it\/wp-json\/wp\/v2\/types\/product"}],"wp:featuredmedia":[{"embeddable":true,"href":"https:\/\/ulpmat.com\/it\/wp-json\/wp\/v2\/media\/37868"}],"wp:attachment":[{"href":"https:\/\/ulpmat.com\/it\/wp-json\/wp\/v2\/media?parent=37867"}],"wp:term":[{"taxonomy":"product_brand","embeddable":true,"href":"https:\/\/ulpmat.com\/it\/wp-json\/wp\/v2\/product_brand?post=37867"},{"taxonomy":"product_cat","embeddable":true,"href":"https:\/\/ulpmat.com\/it\/wp-json\/wp\/v2\/product_cat?post=37867"},{"taxonomy":"product_tag","embeddable":true,"href":"https:\/\/ulpmat.com\/it\/wp-json\/wp\/v2\/product_tag?post=37867"}],"curies":[{"name":"wp","href":"https:\/\/api.w.org\/{rel}","templated":true}]}}