{"id":37813,"date":"2025-11-26T17:01:09","date_gmt":"2025-11-26T09:01:09","guid":{"rendered":"https:\/\/ulpmat.com\/product\/nitruro-di-niobio-2\/"},"modified":"2025-11-26T17:01:09","modified_gmt":"2025-11-26T09:01:09","slug":"nitruro-di-niobio-2","status":"publish","type":"product","link":"https:\/\/ulpmat.com\/it\/prodotto\/nitruro-di-niobio-2\/","title":{"rendered":"Nitruro di niobio"},"content":{"rendered":"<h2><span style=\"font-size: 14pt;\">Panoramica sulla polvere di nitruro di niobio<\/span><\/h2>\n<p>La polvere<br \/>\n<span style=\"color: #0000ff;\"><a style=\"color: #0000ff;\" href=\"https:\/\/ulpmat.com\/it\/ricerca\/?type=name&#038;keyword=Niobium+nitride\">di nitruro di niobio<\/a><\/span><br \/>\n\u00e8 un materiale ceramico funzionale con elevata durezza, alta conduttivit\u00e0 elettrica ed eccellente resistenza alle alte temperature. \u00c8 ampiamente utilizzata nei rivestimenti, nei film sottili superconduttori e nei materiali strutturali altamente resistenti all&#8217;usura. Viene utilizzata principalmente nella produzione di rivestimenti resistenti all&#8217;usura, materiali superconduttori, dispositivi elettronici e ceramiche ad alte prestazioni.<\/p>\n<p>Forniamo polvere di NbN da micron a submicron con un grado di purezza fino al 99,5%. Sono disponibili distribuzioni granulometriche personalizzate, dimensioni di setacciatura e trattamenti superficiali (come trattamenti di rivestimento e attivazione). Tutte le polveri sono sottoposte a rigorosi controlli di setacciatura e impurit\u00e0 per soddisfare le esigenze della ricerca scientifica e della produzione industriale. <span style=\"color: #0000ff;\"><a style=\"color: #0000ff;\" href=\"https:\/\/ulpmat.com\/it\/contatto\/\">Contattateci<\/a><\/span><br \/>\nper <span style=\"color: #0000ff;\"><a style=\"color: #0000ff;\" href=\"https:\/\/ulpmat.com\/it\/contatto\/\">richiedere<\/a><\/span><br \/>\ncampioni.<\/p>\n<h2><span style=\"font-size: 14pt;\">Caratteristiche principali del prodotto<\/span><\/h2>\n<p>Elevata durezza e resistenza all&#8217;usura<br \/>\nEccellente stabilit\u00e0 termica<br \/>\nBuona conduttivit\u00e0 elettrica<br \/>\nDimensioni delle particelle personalizzabili<br \/>\nElevata purezza e basse impurit\u00e0<br \/>\nTrattamento di attivazione superficiale opzionale<br \/>\nAdatto a vari processi ad alta temperatura<\/p>\n<h2><span style=\"font-size: 14pt;\">Applicazioni della polvere di nitruro di niobio<\/span><\/h2>\n<p>Rivestimenti resistenti all&#8217;usura: utilizzati per la preparazione di rivestimenti altamente resistenti all&#8217;usura per utensili, stampi e parti meccaniche.<\/p>\n<p>Preparazione di materiali superconduttori: utilizzati per la preparazione di film sottili o componenti con superconduttivit\u00e0 a basse temperature.<\/p>\n<p>Applicazioni: Produzione di dispositivi elettronici: utilizzato come materiale conduttivo o barriera nei dispositivi microelettronici.<\/p>\n<p>Additivi ceramici per alte temperature: utilizzato come materiale di rinforzo ceramico per migliorare le propriet\u00e0 termiche e meccaniche.<\/p>\n<h2><span style=\"color: #0000ff;\"><a style=\"color: #0000ff;\" href=\"https:\/\/ulpmat.com\/it\/azienda\/domande-frequenti\/\"><span style=\"font-size: 14pt;\">Domande frequenti<\/span><\/a><\/span><\/h2>\n<p>D1: Come viene confezionata la polvere di NbN?<\/p>\n<p>R1: Utilizziamo sacchetti sigillati sottovuoto per la protezione, oltre a una scatola rigida esterna antiurto per garantire che la polvere non assorba umidit\u00e0 o si ossidi durante il trasporto.<\/p>\n<p>D2: La polvere pu\u00f2 essere lavorata o \u00e8 possibile regolarne la dimensione delle particelle?<\/p>\n<p>R2: S\u00ec, possiamo fornire setacciatura multistadio, controllo della dimensione delle particelle e distribuzione personalizzata della dimensione delle particelle per soddisfare diversi requisiti di processo.<\/p>\n<p>D3: Come deve essere conservata la polvere di NbN?<\/p>\n<p>R3: Si consiglia di conservarla in un contenitore sigillato, evitando ambienti umidi e sbalzi di temperatura drastici per mantenere la stabilit\u00e0 della polvere.<\/p>\n<p>Q4: Quale livello di purezza pu\u00f2 raggiungere la vostra polvere di NbN?<\/p>\n<p>A4: Possiamo fornire una purezza del 99,5% e un rapporto di analisi degli elementi impuri.<\/p>\n<h2><span style=\"font-size: 14pt;\">Rapporti<\/span><\/h2>\n<p>Ogni lotto \u00e8 accompagnato da:<br \/>\n<span style=\"color: #0000ff;\"><a style=\"color: #0000ff;\" href=\"https:\/\/ulpmat.com\/it\/documenti\/certificato-di-analisi\/\">Certificato di analisi (COA)<\/a><\/span><\/p>\n<p><span style=\"color: #0000ff;\"><a style=\"color: #0000ff;\" href=\"https:\/\/ulpmat.com\/it\/documenti\/scheda-tecnica\/\">Scheda tecnica (TDS)<\/a><\/span><\/p>\n<p><span style=\"color: #0000ff;\"><a style=\"color: #0000ff;\" href=\"https:\/\/ulpmat.com\/it\/documenti\/scheda-di-sicurezza\/\">Scheda di sicurezza (MSDS)<\/a><\/span><br \/>\nSu richiesta sono disponibili rapporti di test effettuati da terzi.<\/p>\n<h2><span style=\"font-size: 14pt;\">Perch\u00e9 scegliere noi?<\/span><\/h2>\n<p>Anni di dedizione alla produzione di nitruri di metalli rari<br \/>\nUn sistema completo di controllo delle impurit\u00e0 garantisce una qualit\u00e0 stabile della polvere<br \/>\nSupporto per trattamenti personalizzati di particelle di diverse dimensioni e superfici<br \/>\nVasta esperienza nella consegna rapida e nella spedizione globale<br \/>\nUn team tecnico professionale che fornisce consulenza sui rivestimenti e sull&#8217;applicazione dei materiali<br \/>\nAl servizio sia degli utenti della ricerca che dei clienti industriali su larga scala<br \/>\nFornitura stabile e cooperazione a lungo termine con supporto sui prezzi<\/p>\n","protected":false},"excerpt":{"rendered":"<p>Panoramica sulla polvere di nitruro di niobio La polvere di nitruro di niobio \u00e8 un materiale ceramico funzionale con elevata durezza, alta conduttivit\u00e0 elettrica ed eccellente resistenza alle alte temperature. \u00c8 ampiamente utilizzata nei rivestimenti, nei film sottili superconduttori e nei materiali strutturali altamente resistenti all&#8217;usura. Viene utilizzata principalmente nella produzione di rivestimenti resistenti all&#8217;usura, [&hellip;]<\/p>\n","protected":false},"featured_media":37814,"template":"","meta":{"_acf_changed":false},"product_brand":[132],"product_cat":[714],"product_tag":[4374],"class_list":{"0":"post-37813","1":"product","2":"type-product","3":"status-publish","4":"has-post-thumbnail","6":"product_brand-ulpmat","7":"product_cat-materiali-refrattari","8":"product_tag-nitruro-di-niobio-in-polvere","10":"first","11":"instock","12":"shipping-taxable","13":"product-type-variable"},"acf":[],"_links":{"self":[{"href":"https:\/\/ulpmat.com\/it\/wp-json\/wp\/v2\/product\/37813","targetHints":{"allow":["GET"]}}],"collection":[{"href":"https:\/\/ulpmat.com\/it\/wp-json\/wp\/v2\/product"}],"about":[{"href":"https:\/\/ulpmat.com\/it\/wp-json\/wp\/v2\/types\/product"}],"wp:featuredmedia":[{"embeddable":true,"href":"https:\/\/ulpmat.com\/it\/wp-json\/wp\/v2\/media\/37814"}],"wp:attachment":[{"href":"https:\/\/ulpmat.com\/it\/wp-json\/wp\/v2\/media?parent=37813"}],"wp:term":[{"taxonomy":"product_brand","embeddable":true,"href":"https:\/\/ulpmat.com\/it\/wp-json\/wp\/v2\/product_brand?post=37813"},{"taxonomy":"product_cat","embeddable":true,"href":"https:\/\/ulpmat.com\/it\/wp-json\/wp\/v2\/product_cat?post=37813"},{"taxonomy":"product_tag","embeddable":true,"href":"https:\/\/ulpmat.com\/it\/wp-json\/wp\/v2\/product_tag?post=37813"}],"curies":[{"name":"wp","href":"https:\/\/api.w.org\/{rel}","templated":true}]}}