{"id":37775,"date":"2025-11-26T17:01:09","date_gmt":"2025-11-26T09:01:09","guid":{"rendered":"https:\/\/ulpmat.com\/product\/ossido-di-niobio\/"},"modified":"2025-11-26T17:01:09","modified_gmt":"2025-11-26T09:01:09","slug":"ossido-di-niobio","status":"publish","type":"product","link":"https:\/\/ulpmat.com\/it\/prodotto\/ossido-di-niobio\/","title":{"rendered":"Ossido di niobio"},"content":{"rendered":"<h2><span style=\"font-size: 14pt;\">Panoramica sui target rotanti in ossido di niobio<\/span><\/h2>\n<p>I target rotanti<br \/>\n<span style=\"color: #0000ff;\"><a style=\"color: #0000ff;\" href=\"https:\/\/ulpmat.com\/it\/ricerca\/?type=name&#038;keyword=Niobium+oxide\">in ossido di niobio<\/a><\/span><br \/>\nsono target di sputtering rotanti basati su ceramiche di ossido di niobio. Possiedono un&#8217;elevata stabilit\u00e0, eccellenti propriet\u00e0 ottiche e una stechiometria altamente controllabile, e sono comunemente utilizzati nella deposizione di film sottili trasparenti, film elettricamente funzionali e rivestimenti altamente resistenti alla corrosione. Sono utilizzati principalmente per preparare film conduttivi trasparenti, film di interferenza ottica, strati barriera e film protettivi funzionali.<\/p>\n<p>Siamo in grado di produrre target rotanti in ossido di niobio con diverse formulazioni (NbO, NbO\u2082, Nb\u2082O\u2085, ecc.), supportando la personalizzazione di vari diametri, lunghezze e spessori delle pareti. Questi target presentano un&#8217;elevata uniformit\u00e0, un&#8217;alta densit\u00e0 e un&#8217;eccellente resistenza meccanica. I target possono essere abbinati a backplane ad alta conduttivit\u00e0 termica e utilizzano processi di saldatura per diffusione o saldatura sotto vuoto spinto, rendendoli adatti a sistemi di sputtering rotante di media e lunga durata. <span style=\"color: #0000ff;\"><a style=\"color: #0000ff;\" href=\"https:\/\/ulpmat.com\/it\/contatto\/\">Contattateci<\/a><\/span><br \/>\nper le formulazioni chimiche dei target rotanti NbOx.<\/p>\n<h2><span style=\"font-size: 14pt;\">Caratteristiche principali del prodotto<\/span><\/h2>\n<p>Stechiometria stabile dell&#8217;ossido<br \/>\nElevata densit\u00e0 ed eccellente resistenza meccanica<br \/>\nCompatibile con le principali apparecchiature di sputtering a magnetrone rotante<br \/>\nSupporta la personalizzazione di pi\u00f9 fasi NbOx<br \/>\nLunga durata e prestazioni di incisione uniformi<br \/>\nElevata resistenza del backplate ed eccellente dissipazione del calore<br \/>\nServizio di incollaggio dei target<br \/>\nBasso rapporto di particelle, adatto per film sottili con requisiti elevati<\/p>\n<h2><span style=\"font-size: 14pt;\">Applicazioni del target rotante in ossido di niobio<\/span><\/h2>\n<p>Film sottili ottici trasparenti: utilizzati per preparare strati di interferenza ottica stabili e ad alto indice di rifrazione.<br \/>\nPellicole barriera per dispositivi elettronici: utilizzate come materiali anti-diffusione o di modulazione elettrica nelle strutture dei componenti.<br \/>\nRivestimenti decorativi e protettivi: utilizzati per formare pellicole resistenti all&#8217;usura, alla corrosione e altamente adesive. Pellicole sottili per l&#8217;industria<br \/>\n<span style=\"color: #0000ff;\"><a style=\"color: #0000ff;\" href=\"https:\/\/ulpmat.com\/it\/applicazione\/solare-fotovoltaico\/\">solare<\/a><\/span><br \/>\ne fotovoltaica: utilizzate per la modulazione ottica, le pellicole filtranti o la fabbricazione di strutture a strati funzionali.<\/p>\n<h2><span style=\"color: #0000ff;\"><a style=\"color: #0000ff;\" href=\"https:\/\/ulpmat.com\/it\/azienda\/domande-frequenti\/\"><span style=\"font-size: 14pt;\">Domande frequenti<\/span><\/a><\/span><\/h2>\n<p>D1: Qual \u00e8 il metodo di imballaggio tipicamente utilizzato per i target tubolari NbOx?<br \/>\nA1: Ogni bersaglio tubolare \u00e8 confezionato in un imballaggio multistrato antiurto, sigillato in un sacchetto pulito e inserito in una scatola rinforzata dedicata per garantire che la struttura non si deformi e la superficie non venga contaminata durante il trasporto.<\/p>\n<p>D2: Quali tecnologie di lavorazione sono disponibili per i bersagli rotanti in ossido di niobio?<br \/>\nA2: Offriamo rettifica di precisione, lavorazione delle estremit\u00e0, saldatura della piastra posteriore, lucidatura superficiale e processi di sinterizzazione personalizzati per target in diversi stati di ossidazione.<\/p>\n<p>D3: Come devono essere conservati correttamente i target?<br \/>\nA3: Si consiglia di conservarli in un ambiente asciutto, a temperatura ambiente, lontano dalla luce e dall&#8217;umidit\u00e0, per mantenere uno stato di ossidazione stabile e la pulizia della superficie.<\/p>\n<p>Q4: Quale livello di purezza possono raggiungere i bersagli NbOx?<br \/>\nA4: Siamo in grado di fornire materie prime di ossido di niobio con una purezza \u2265 99,9% e, su richiesta, possiamo fornire rapporti di controllo stechiometrico per diverse proporzioni di NbO, NbO\u2082 e Nb\u2082O\u2085.<\/p>\n<h2><span style=\"font-size: 14pt;\">Rapporti<\/span><\/h2>\n<p>Ogni lotto \u00e8 accompagnato da:<br \/>\n<span style=\"color: #0000ff;\"><a style=\"color: #0000ff;\" href=\"https:\/\/ulpmat.com\/it\/documenti\/certificato-di-analisi\/\">Certificato di analisi (COA)<\/a><\/span><\/p>\n<p><span style=\"color: #0000ff;\"><a style=\"color: #0000ff;\" href=\"https:\/\/ulpmat.com\/it\/documenti\/scheda-tecnica\/\">Scheda tecnica (TDS)<\/a><\/span><\/p>\n<p><span style=\"color: #0000ff;\"><a style=\"color: #0000ff;\" href=\"https:\/\/ulpmat.com\/it\/documenti\/scheda-di-sicurezza\/\">Scheda di sicurezza (MSDS)<\/a><\/span><br \/>\nSu richiesta sono disponibili rapporti di test effettuati da terzi.<\/p>\n<h2><span style=\"font-size: 14pt;\">Perch\u00e9 scegliere noi?<\/span><\/h2>\n<p>Specializzati in target di sputtering e target tubolari in ossido di metallo refrattario<br \/>\nSupportiamo un servizio completo, dalla ricerca e sviluppo alla produzione di massa<br \/>\nFormulazioni controllabili e strutture stabili, adatte alla preparazione di film sottili ad alta consistenza<br \/>\nPersonalizzazione flessibile disponibile per varie dimensioni, fasi e strutture di backplane<br \/>\nUna serie completa di apparecchiature di collaudo garantisce una qualit\u00e0 dei target trasparente e tracciabile<br \/>\nVasta esperienza nella spedizione a livello globale, con imballaggi sicuri e affidabili<br \/>\nIl team tecnico professionale fornisce consulenza sui parametri di sputtering e guida alla selezione dei materiali<\/p>\n","protected":false},"excerpt":{"rendered":"<p>Panoramica sui target rotanti in ossido di niobio I target rotanti in ossido di niobio sono target di sputtering rotanti basati su ceramiche di ossido di niobio. Possiedono un&#8217;elevata stabilit\u00e0, eccellenti propriet\u00e0 ottiche e una stechiometria altamente controllabile, e sono comunemente utilizzati nella deposizione di film sottili trasparenti, film elettricamente funzionali e rivestimenti altamente resistenti [&hellip;]<\/p>\n","protected":false},"featured_media":37776,"template":"","meta":{"_acf_changed":false},"product_brand":[132],"product_cat":[468,453],"product_tag":[4362],"class_list":{"0":"post-37775","1":"product","2":"type-product","3":"status-publish","4":"has-post-thumbnail","6":"product_brand-ulpmat","7":"product_cat-obiettivi-rotanti","8":"product_cat-target-di-sputtering-in-ceramica","9":"product_tag-obiettivo-rotante-allossido-di-niobio","11":"first","12":"instock","13":"shipping-taxable","14":"product-type-variable"},"acf":[],"_links":{"self":[{"href":"https:\/\/ulpmat.com\/it\/wp-json\/wp\/v2\/product\/37775","targetHints":{"allow":["GET"]}}],"collection":[{"href":"https:\/\/ulpmat.com\/it\/wp-json\/wp\/v2\/product"}],"about":[{"href":"https:\/\/ulpmat.com\/it\/wp-json\/wp\/v2\/types\/product"}],"wp:featuredmedia":[{"embeddable":true,"href":"https:\/\/ulpmat.com\/it\/wp-json\/wp\/v2\/media\/37776"}],"wp:attachment":[{"href":"https:\/\/ulpmat.com\/it\/wp-json\/wp\/v2\/media?parent=37775"}],"wp:term":[{"taxonomy":"product_brand","embeddable":true,"href":"https:\/\/ulpmat.com\/it\/wp-json\/wp\/v2\/product_brand?post=37775"},{"taxonomy":"product_cat","embeddable":true,"href":"https:\/\/ulpmat.com\/it\/wp-json\/wp\/v2\/product_cat?post=37775"},{"taxonomy":"product_tag","embeddable":true,"href":"https:\/\/ulpmat.com\/it\/wp-json\/wp\/v2\/product_tag?post=37775"}],"curies":[{"name":"wp","href":"https:\/\/api.w.org\/{rel}","templated":true}]}}