{"id":37515,"date":"2025-11-28T15:05:19","date_gmt":"2025-11-28T07:05:19","guid":{"rendered":"https:\/\/ulpmat.com\/product\/zirconio-metallico-5\/"},"modified":"2025-11-28T15:05:19","modified_gmt":"2025-11-28T07:05:19","slug":"zirconio-metallico-5","status":"publish","type":"product","link":"https:\/\/ulpmat.com\/it\/prodotto\/zirconio-metallico-5\/","title":{"rendered":"Zirconio metallico"},"content":{"rendered":"<h2><span style=\"font-size: 14pt;\">Panoramica sui pellet di zirconio metallico<\/span><\/h2>\n<p>I pellet<br \/>\n<span style=\"color: #0000ff;\"><a style=\"color: #0000ff;\" href=\"https:\/\/ulpmat.com\/it\/ricerca\/?type=name&#038;keyword=Zirconium+metal\">di zirconio metallico<\/a><\/span><br \/>\nsono materiali metallici ad alta purezza progettati specificamente per materiali ad alte prestazioni e processi di deposizione di film sottili. Con una purezza fino al 99,95%, una dimensione delle particelle uniforme e un&#8217;eccellente densit\u00e0 e stabilit\u00e0, garantiscono prestazioni affidabili in vari processi con un contenuto di impurit\u00e0 estremamente basso.<\/p>\n<p>Offriamo pellet di zirconio in varie dimensioni e granulometrie e possiamo personalizzarli per soddisfare le esigenze specifiche dei clienti. Forniamo anche <span style=\"color: #0000ff;\"><a style=\"color: #0000ff;\" href=\"https:\/\/ulpmat.com\/it\/servizio\/assistenza-tecnica\/\">un supporto tecnico<\/a><\/span><br \/>\ncompleto e <span style=\"color: #0000ff;\"><a style=\"color: #0000ff;\" href=\"https:\/\/ulpmat.com\/it\/servizio\/servizio-post-vendita\/\">un servizio post-vendita<\/a><\/span><br \/>\n. Non esitate a<span style=\"color: #0000ff;\"><a style=\"color: #0000ff;\" href=\"https:\/\/ulpmat.com\/it\/contatto\/\"> contattarci<\/a><\/span><br \/>\nin qualsiasi momento per qualsiasi domanda sull&#8217;uso o sul processo.<\/p>\n<h2><span style=\"font-size: 14pt;\">Caratteristiche principali del prodotto<\/span><\/h2>\n<p>Elevata purezza<br \/>\nParticelle ad alta densit\u00e0, prestazioni stabili<br \/>\nDimensioni delle particelle e specifiche di confezionamento personalizzabili<br \/>\nAdatto per metallurgia, elettronica, prodotti chimici e deposizione di film sottili<\/p>\n<h2><span style=\"font-size: 14pt;\">Applicazioni dei pellet di zirconio metallico<\/span><\/h2>\n<p>Metallurgia: per la produzione di leghe ad alte prestazioni e materiali resistenti alla corrosione<br \/>\nElettronica e semiconduttori: per materiali per elettrodi e deposizione funzionale di film sottili<br \/>\nChimica: come catalizzatore o materia prima per reazioni chimiche<br \/>\n<span style=\"color: #0000ff;\"><a style=\"color: #0000ff;\" href=\"https:\/\/ulpmat.com\/it\/applicazione\/materiali-ottici\/\">Ottica<\/a><\/span><br \/>\ne rivestimenti: per rivestimenti ad alta riflettivit\u00e0 e pellicole protettive<\/p>\n<h2><span style=\"color: #0000ff;\"><a style=\"color: #0000ff;\" href=\"https:\/\/ulpmat.com\/it\/azienda\/domande-frequenti\/\"><span style=\"font-size: 14pt;\">Domande frequenti<\/span><\/a><\/span><\/h2>\n<p>D1: Quali sono le opzioni di confezionamento per i pellet di zirconio?<br \/>\nR1: Offriamo bottiglie di plastica, sacchetti sottovuoto o confezioni sottovuoto e possiamo personalizzare in base alle esigenze del cliente.<\/p>\n<p>D2: I pellet possono essere lavorati ad alte temperature?<br \/>\nR2: S\u00ec, i granuli di zirconio hanno un&#8217;eccellente resistenza alle alte temperature e possono essere utilizzati per leghe ad alta temperatura e deposizione di film sottili.<\/p>\n<p>D3: Come devono essere conservati i pellet di zirconio?<br \/>\nR3: Conservare in un ambiente asciutto, ventilato e con bassa umidit\u00e0, evitando il contatto diretto con acidi o ossidanti.<\/p>\n<p>Q4: La dimensione delle particelle \u00e8 personalizzabile?<br \/>\nA4: S\u00ec, supportiamo varie specifiche di dimensione delle particelle, da decine di micrometri a centinaia di micrometri, tutte personalizzabili.<\/p>\n<h2>Rapporti<\/h2>\n<p>Ogni lotto viene fornito con:<br \/>\n<span style=\"color: #0000ff;\"><a style=\"color: #0000ff;\" href=\"https:\/\/ulpmat.com\/it\/documenti\/certificato-di-analisi\/\">Certificato di analisi (COA)<\/a><\/span><\/p>\n<p><span style=\"color: #0000ff;\"><a style=\"color: #0000ff;\" href=\"https:\/\/ulpmat.com\/it\/documenti\/scheda-tecnica\/\">Scheda tecnica (TDS)<\/a><\/span><\/p>\n<p><span style=\"color: #0000ff;\"><a style=\"color: #0000ff;\" href=\"https:\/\/ulpmat.com\/it\/documenti\/scheda-di-sicurezza\/\">Scheda di sicurezza (MSDS)<\/a><\/span><br \/>\nSu richiesta sono disponibili rapporti di test di terze parti.<\/p>\n<h2><span style=\"font-size: 14pt;\">Perch\u00e9 scegliere noi?<\/span><\/h2>\n<p>Elevata purezza garantita: il rigoroso controllo del contenuto di impurit\u00e0 assicura prestazioni stabili del materiale.<br \/>\nPersonalizzazione completa: la dimensione delle particelle, l&#8217;imballaggio e le specifiche possono essere personalizzati in modo flessibile in base alle esigenze del cliente.<br \/>\nAssistenza tecnica professionale: forniamo consulenza sulla scelta dei materiali, guida all&#8217;applicazione e assistenza post-vendita.<br \/>\nGaranzia di qualit\u00e0 affidabile: ogni lotto di prodotti \u00e8 accompagnato da un COA e da una MSDS, a supporto dei test di terze parti.<br \/>\nConsegna rapida: la catena di fornitura stabile e la gestione flessibile dell&#8217;inventario garantiscono spedizioni puntuali.<\/p>\n","protected":false},"excerpt":{"rendered":"<p>Panoramica sui pellet di zirconio metallico I pellet di zirconio metallico sono materiali metallici ad alta purezza progettati specificamente per materiali ad alte prestazioni e processi di deposizione di film sottili. Con una purezza fino al 99,95%, una dimensione delle particelle uniforme e un&#8217;eccellente densit\u00e0 e stabilit\u00e0, garantiscono prestazioni affidabili in vari processi con un [&hellip;]<\/p>\n","protected":false},"featured_media":37516,"template":"","meta":{"_acf_changed":false},"product_brand":[132],"product_cat":[293],"product_tag":[4296],"class_list":{"0":"post-37515","1":"product","2":"type-product","3":"status-publish","4":"has-post-thumbnail","6":"product_brand-ulpmat","7":"product_cat-materiali-per-levaporazione","8":"product_tag-pellet-di-zirconio-metallico","10":"first","11":"instock","12":"shipping-taxable","13":"product-type-variable"},"acf":[],"_links":{"self":[{"href":"https:\/\/ulpmat.com\/it\/wp-json\/wp\/v2\/product\/37515","targetHints":{"allow":["GET"]}}],"collection":[{"href":"https:\/\/ulpmat.com\/it\/wp-json\/wp\/v2\/product"}],"about":[{"href":"https:\/\/ulpmat.com\/it\/wp-json\/wp\/v2\/types\/product"}],"wp:featuredmedia":[{"embeddable":true,"href":"https:\/\/ulpmat.com\/it\/wp-json\/wp\/v2\/media\/37516"}],"wp:attachment":[{"href":"https:\/\/ulpmat.com\/it\/wp-json\/wp\/v2\/media?parent=37515"}],"wp:term":[{"taxonomy":"product_brand","embeddable":true,"href":"https:\/\/ulpmat.com\/it\/wp-json\/wp\/v2\/product_brand?post=37515"},{"taxonomy":"product_cat","embeddable":true,"href":"https:\/\/ulpmat.com\/it\/wp-json\/wp\/v2\/product_cat?post=37515"},{"taxonomy":"product_tag","embeddable":true,"href":"https:\/\/ulpmat.com\/it\/wp-json\/wp\/v2\/product_tag?post=37515"}],"curies":[{"name":"wp","href":"https:\/\/api.w.org\/{rel}","templated":true}]}}