{"id":37321,"date":"2025-11-28T15:05:22","date_gmt":"2025-11-28T07:05:22","guid":{"rendered":"https:\/\/ulpmat.com\/product\/lega-di-alluminio-e-zirconio\/"},"modified":"2025-11-28T15:05:22","modified_gmt":"2025-11-28T07:05:22","slug":"lega-di-alluminio-e-zirconio","status":"publish","type":"product","link":"https:\/\/ulpmat.com\/it\/prodotto\/lega-di-alluminio-e-zirconio\/","title":{"rendered":"Lega di alluminio e zirconio"},"content":{"rendered":"<h2><span style=\"font-size: 14pt;\">Panoramica sui bersagli rotanti in lega di zirconio e alluminio<\/span><\/h2>\n<p>I bersagli rotanti in lega<br \/>\n<span style=\"color: #0000ff;\"><a style=\"color: #0000ff;\" href=\"https:\/\/ulpmat.com\/it\/ricerca\/?type=name&#038;keyword=Zirconium+aluminum\">di zirconio e alluminio<\/a><\/span><br \/>\nsono progettati per sistemi di sputtering avanzati che richiedono deposizione uniforme, elevate velocit\u00e0 di deposizione ed eccellente adesione del film. Grazie alla composizione stabile della lega e alla microstruttura fine, i bersagli rotanti in lega di zirconio e alluminio offrono prestazioni costanti in ambienti di rivestimento di grandi superfici e produzione ad alto volume.<\/p>\n<p>I nostri bersagli rotanti in lega di zirconio e alluminio sono prodotti utilizzando processi di fusione di materie prime ad alta purezza, pressatura isostatica a caldo (HIP) o metallurgia delle polveri, garantendo un basso contenuto di ossigeno, una struttura densa e una lunga durata. Offriamo dimensioni, rapporti di lega e metodi <span style=\"color: #0000ff;\"><a style=\"color: #0000ff;\" href=\"https:\/\/ulpmat.com\/it\/servizio\/legame-con-lobiettivo\/\">di incollaggio<\/a><\/span><br \/>\npersonalizzati per supportare varie piattaforme di apparecchiature PVD.<\/p>\n<h2><span style=\"font-size: 14pt;\">Caratteristiche principali del prodotto<\/span><\/h2>\n<p>Dimensioni e rapporti personalizzabili<br \/>\nProdotto di alta qualit\u00e0 ad alta densit\u00e0 e bassa porosit\u00e0<br \/>\nEccellente resistenza alle crepe<br \/>\nMetodi di incollaggio e materiali di supporto personalizzabili<br \/>\nAssistenza tecnica avanzata<\/p>\n<h2><span style=\"font-size: 14pt;\">Applicazioni dei bersagli rotanti in lega di zirconio e alluminio<\/span><\/h2>\n<p>Rivestimenti<br \/>\n<span style=\"color: #0000ff;\"><a style=\"color: #0000ff;\" href=\"https:\/\/ulpmat.com\/it\/applicazione\/materiali-ottici\/\">ottici<\/a><\/span><br \/>\n: adatti per rivestimenti duri, strati riflettenti e strutture ottiche resistenti alla corrosione. Film sottili<br \/>\n<span style=\"color: #0000ff;\"><a style=\"color: #0000ff;\" href=\"https:\/\/ulpmat.com\/it\/applicazione\/materiali-per-semiconduttori\/\">per semiconduttori<\/a><\/span><br \/>\n: utilizzati per strati dielettrici, strati barriera e film compositi funzionali.<br \/>\nIndustria dei display e dell&#8217;energia <span style=\"color: #0000ff;\"><a style=\"color: #0000ff;\" href=\"https:\/\/ulpmat.com\/it\/applicazione\/solare-fotovoltaico\/\">solare<\/a><\/span><br \/>\n: adatti per rivestimenti uniformi su grandi superfici su vetro, substrati flessibili e dispositivi fotovoltaici.<br \/>\nRivestimenti protettivi e funzionali: film ad alta durezza e resistenti all&#8217;ossidazione per utensili, componenti e ingegneria delle superfici.<\/p>\n<h2><span style=\"color: #0000ff;\"><a style=\"color: #0000ff;\" href=\"https:\/\/ulpmat.com\/it\/azienda\/domande-frequenti\/\"><span style=\"font-size: 14pt;\">Domande frequenti<\/span><\/a><\/span><\/h2>\n<p>D1: Quali tubi di supporto sono disponibili?<br \/>\nR1: Sono disponibili tubi di supporto in acciaio inossidabile, lega di titanio e lega. Offriamo anche servizi di incollaggio altamente affidabili per supportare la polverizzazione ad alta potenza.<\/p>\n<p>D2: Il bersaglio rotante ZrAl supporta il rivestimento di grandi superfici?<br \/>\nR2: S\u00ec, il nostro design del bersaglio rotante garantisce un&#8217;eccellente uniformit\u00e0 del film nel vetro architettonico, nei pannelli di visualizzazione e nelle applicazioni fotovoltaiche.<\/p>\n<p>D3: Quali sono le condizioni di conservazione consigliate?<br \/>\nR3: Conservare nella confezione originale in un ambiente asciutto e ben ventilato. Evitare l&#8217;umidit\u00e0 e il contatto con gas corrosivi.<\/p>\n<p>D4: Posso specificare il rapporto o la densit\u00e0 della lega?<br \/>\nR4: S\u00ec, possiamo fornire composizioni di leghe, densit\u00e0 e propriet\u00e0 meccaniche completamente personalizzate in base ai requisiti dell&#8217;applicazione.<\/p>\n<h2><span style=\"font-size: 14pt;\">Rapporti<\/span><\/h2>\n<p>Ogni lotto viene fornito con:<br \/>\n<span style=\"color: #0000ff;\"><a style=\"color: #0000ff;\" href=\"https:\/\/ulpmat.com\/it\/documenti\/certificato-di-analisi\/\">Certificato di analisi (COA)<\/a><\/span><\/p>\n<p><span style=\"color: #0000ff;\"><a style=\"color: #0000ff;\" href=\"https:\/\/ulpmat.com\/it\/documenti\/scheda-tecnica\/\">Scheda tecnica (TDS)<\/a><\/span><\/p>\n<p><span style=\"color: #0000ff;\"><a style=\"color: #0000ff;\" href=\"https:\/\/ulpmat.com\/it\/documenti\/scheda-di-sicurezza\/\">Scheda di sicurezza dei materiali (MSDS)<\/a><\/span><br \/>\nSu richiesta sono disponibili rapporti di test di terze parti.<\/p>\n<h2><span style=\"font-size: 14pt;\">Perch\u00e9 scegliere il nostro bersaglio rotante ZrAl?<\/span><\/h2>\n<p>Controllo preciso della lega: la composizione stabile garantisce prestazioni di sputtering prevedibili.<br \/>\nProcessi di produzione avanzati: la pressatura isostatica a caldo (HIP) e i processi di metallurgia delle polveri consentono di ottenere un&#8217;alta densit\u00e0 e tassi di difetti estremamente bassi.<br \/>\nPersonalizzazione ingegneristica: i tubi di supporto, i design dell&#8217;interfaccia e i rapporti di lega possono essere personalizzati.<br \/>\nSistema di qualit\u00e0 affidabile: ogni bersaglio \u00e8 accompagnato da un certificato di analisi (COA), un rapporto sulla densit\u00e0, un&#8217;analisi della microstruttura e un rapporto sul contenuto di impurit\u00e0.<br \/>\nAssistenza professionale: forniamo consulenza per l&#8217;ottimizzazione dei processi e indicazioni sulle prestazioni dei film sottili.<br \/>\nFornitura globale stabile: la consegna rapida e le capacit\u00e0 di produzione flessibili soddisfano le esigenze della prototipazione e della produzione di massa.<\/p>\n","protected":false},"excerpt":{"rendered":"<p>Panoramica sui bersagli rotanti in lega di zirconio e alluminio I bersagli rotanti in lega di zirconio e alluminio sono progettati per sistemi di sputtering avanzati che richiedono deposizione uniforme, elevate velocit\u00e0 di deposizione ed eccellente adesione del film. Grazie alla composizione stabile della lega e alla microstruttura fine, i bersagli rotanti in lega di [&hellip;]<\/p>\n","protected":false},"featured_media":37322,"template":"","meta":{"_acf_changed":false},"product_brand":[132],"product_cat":[468,564],"product_tag":[4260],"class_list":{"0":"post-37321","1":"product","2":"type-product","3":"status-publish","4":"has-post-thumbnail","6":"product_brand-ulpmat","7":"product_cat-obiettivi-rotanti","8":"product_cat-target-di-sputtering-in-lega","9":"product_tag-obiettivo-rotante-in-lega-di-alluminio-e-zirconio","11":"first","12":"instock","13":"shipping-taxable","14":"product-type-variable"},"acf":[],"_links":{"self":[{"href":"https:\/\/ulpmat.com\/it\/wp-json\/wp\/v2\/product\/37321","targetHints":{"allow":["GET"]}}],"collection":[{"href":"https:\/\/ulpmat.com\/it\/wp-json\/wp\/v2\/product"}],"about":[{"href":"https:\/\/ulpmat.com\/it\/wp-json\/wp\/v2\/types\/product"}],"wp:featuredmedia":[{"embeddable":true,"href":"https:\/\/ulpmat.com\/it\/wp-json\/wp\/v2\/media\/37322"}],"wp:attachment":[{"href":"https:\/\/ulpmat.com\/it\/wp-json\/wp\/v2\/media?parent=37321"}],"wp:term":[{"taxonomy":"product_brand","embeddable":true,"href":"https:\/\/ulpmat.com\/it\/wp-json\/wp\/v2\/product_brand?post=37321"},{"taxonomy":"product_cat","embeddable":true,"href":"https:\/\/ulpmat.com\/it\/wp-json\/wp\/v2\/product_cat?post=37321"},{"taxonomy":"product_tag","embeddable":true,"href":"https:\/\/ulpmat.com\/it\/wp-json\/wp\/v2\/product_tag?post=37321"}],"curies":[{"name":"wp","href":"https:\/\/api.w.org\/{rel}","templated":true}]}}