{"id":37271,"date":"2025-11-28T15:05:23","date_gmt":"2025-11-28T07:05:23","guid":{"rendered":"https:\/\/ulpmat.com\/product\/boruro-di-zirconio\/"},"modified":"2025-11-28T15:05:23","modified_gmt":"2025-11-28T07:05:23","slug":"boruro-di-zirconio","status":"publish","type":"product","link":"https:\/\/ulpmat.com\/it\/prodotto\/boruro-di-zirconio\/","title":{"rendered":"Boruro di zirconio"},"content":{"rendered":"<h2><span style=\"font-size: 14pt;\">Panoramica sui target di sputtering in boruro di zirconio<\/span><\/h2>\n<p>I target di sputtering<br \/>\n<span style=\"color: #0000ff;\"><a style=\"color: #0000ff;\" href=\"https:\/\/ulpmat.com\/it\/ricerca\/?type=name&#038;keyword=Zirconium+boride\">in boruro di zirconio<\/a><\/span><br \/>\nsono materiali ceramici ingegnerizzati progettati per la deposizione di film sottili ad alte prestazioni in ambienti difficili. I target ZrB\u2082 offrono elevata purezza, eccellente conduttivit\u00e0 elettrica e stabilit\u00e0 termica superiore, consentendo la preparazione di rivestimenti densi, uniformi e ad alta durezza in un&#8217;ampia gamma di applicazioni.<\/p>\n<p>I nostri target di sputtering ZrB2 sono prodotti utilizzando processi avanzati di pressatura a caldo o incollaggio SPS, che garantiscono un&#8217;eccellente resistenza meccanica, bassa porosit\u00e0 e prestazioni di deposizione affidabili. Offriamo una variet\u00e0 di forme personalizzate, tra cui tipi planari, rotanti, incollati e con piastra di supporto, per soddisfare le esigenze dei sistemi di rivestimento su scala industriale e di ricerca e sviluppo.<\/p>\n<h2><span style=\"font-size: 14pt;\">Caratteristiche principali del prodotto<\/span><\/h2>\n<p>Elevata purezza<br \/>\nBassa porosit\u00e0 ed elevata densit\u00e0<br \/>\nElevata stabilit\u00e0 termica e chimica<br \/>\nAdatto per sputtering ad alta potenza e condizioni di preparazione di film estremamente sottili<br \/>\nEccellente conduttivit\u00e0 elettrica<br \/>\nDimensioni completamente personalizzabili<br \/>\nStruttura e metodi di incollaggio personalizzabili<\/p>\n<h2><span style=\"font-size: 14pt;\">Applicazioni dei target di sputtering ZrB\u2082<\/span><\/h2>\n<p>Rivestimenti protettivi duri: utilizzati in utensili da taglio, componenti resistenti all&#8217;usura e parti aerospaziali.<br \/>\nFilm ceramici funzionali: adatti per strati ceramici resistenti alle alte temperature, alla corrosione e conduttivi.<br \/>\nMicroelettronica e sensori: per caratteristiche ceramiche ad alta conduttivit\u00e0 e strati barriera. Film<br \/>\n<span style=\"color: #0000ff;\"><a style=\"color: #0000ff;\" href=\"https:\/\/ulpmat.com\/it\/applicazione\/materiali-ottici\/\">ottici<\/a><\/span><br \/>\nsottili: consentono rivestimenti durevoli e altamente stabili per sistemi ottici a infrarossi e ad alta energia.<\/p>\n<h2><span style=\"color: #0000ff;\"><a style=\"color: #0000ff;\" href=\"https:\/\/ulpmat.com\/it\/azienda\/domande-frequenti\/\"><span style=\"font-size: 14pt;\">Domande frequenti<\/span><\/a><\/span><\/h2>\n<p>D1: Quali forme e dimensioni di target di sputtering ZrB2 offrite?<br \/>\nR1: Offriamo dischi planari, piastre piatte, target a gradini e target a tubo rotante, che possono essere incollati a piastre di supporto in rame o alluminio.<\/p>\n<p>D2: I target ZrB2 sono adatti per la sputtering ad alta potenza?<br \/>\nR2: S\u00ec. La loro elevata conducibilit\u00e0 termica e l&#8217;eccellente resistenza ceramica consentono un funzionamento stabile ad alta potenza di sputtering.<\/p>\n<p>D3: Come devono essere conservati i target di sputtering ZrB2?<br \/>\nR3: Conservare in un ambiente asciutto e sigillato. Evitare l&#8217;umidit\u00e0 e le variazioni di temperatura per prevenire l&#8217;ossidazione superficiale.<\/p>\n<p>D4: \u00c8 possibile personalizzare la purezza o la densit\u00e0?<br \/>\nA4: S\u00ec, possiamo fornire gradi di purezza regolabili, ottimizzazione della densit\u00e0 e processi di sinterizzazione personalizzati in base ai requisiti prestazionali.<\/p>\n<h2><span style=\"font-size: 14pt;\">Rapporti<\/span><\/h2>\n<p>Ogni lotto viene fornito con:<br \/>\n<span style=\"color: #0000ff;\"><a style=\"color: #0000ff;\" href=\"https:\/\/ulpmat.com\/it\/documenti\/certificato-di-analisi\/\">Certificato di analisi (COA)<\/a><\/span><\/p>\n<p><span style=\"color: #0000ff;\"><a style=\"color: #0000ff;\" href=\"https:\/\/ulpmat.com\/it\/documenti\/scheda-tecnica\/\">Scheda tecnica (TDS)<\/a><\/span><\/p>\n<p><span style=\"color: #0000ff;\"><a style=\"color: #0000ff;\" href=\"https:\/\/ulpmat.com\/it\/documenti\/scheda-di-sicurezza\/\">Scheda di sicurezza (MSDS)<\/a><\/span><br \/>\nSu richiesta sono disponibili rapporti di test effettuati da terzi.<\/p>\n<h2><span style=\"font-size: 14pt;\">Perch\u00e9 scegliere i nostri target di sputtering in ZrB2?<\/span><\/h2>\n<p>Qualit\u00e0 stabile del film: la bassa formazione di particelle e la struttura ad alta densit\u00e0 del target garantiscono una deposizione uniforme.<br \/>\nProduzione personalizzata: \u00e8 disponibile una produzione personalizzata per adattarsi a diverse attrezzature di rivestimento e scenari di applicazione.<br \/>\nSupporto tecnico: assistenza con i parametri di sputtering, i metodi di incollaggio e l&#8217;ottimizzazione del rivestimento.<br \/>\nRigoroso controllo di qualit\u00e0: ogni target viene sottoposto a test di purezza, densit\u00e0, uniformit\u00e0 e microstruttura.<br \/>\nFornitura affidabile e consegna rapida: una catena di fornitura dei materiali stabile e capacit\u00e0 di produzione efficienti.<\/p>\n","protected":false},"excerpt":{"rendered":"<p>Panoramica sui target di sputtering in boruro di zirconio I target di sputtering in boruro di zirconio sono materiali ceramici ingegnerizzati progettati per la deposizione di film sottili ad alte prestazioni in ambienti difficili. I target ZrB\u2082 offrono elevata purezza, eccellente conduttivit\u00e0 elettrica e stabilit\u00e0 termica superiore, consentendo la preparazione di rivestimenti densi, uniformi e [&hellip;]<\/p>\n","protected":false},"featured_media":37272,"template":"","meta":{"_acf_changed":false},"product_brand":[132],"product_cat":[453],"product_tag":[4248],"class_list":{"0":"post-37271","1":"product","2":"type-product","3":"status-publish","4":"has-post-thumbnail","6":"product_brand-ulpmat","7":"product_cat-target-di-sputtering-in-ceramica","8":"product_tag-target-di-sputtering-al-boruro-di-zirconio","10":"first","11":"instock","12":"shipping-taxable","13":"product-type-variable"},"acf":[],"_links":{"self":[{"href":"https:\/\/ulpmat.com\/it\/wp-json\/wp\/v2\/product\/37271","targetHints":{"allow":["GET"]}}],"collection":[{"href":"https:\/\/ulpmat.com\/it\/wp-json\/wp\/v2\/product"}],"about":[{"href":"https:\/\/ulpmat.com\/it\/wp-json\/wp\/v2\/types\/product"}],"wp:featuredmedia":[{"embeddable":true,"href":"https:\/\/ulpmat.com\/it\/wp-json\/wp\/v2\/media\/37272"}],"wp:attachment":[{"href":"https:\/\/ulpmat.com\/it\/wp-json\/wp\/v2\/media?parent=37271"}],"wp:term":[{"taxonomy":"product_brand","embeddable":true,"href":"https:\/\/ulpmat.com\/it\/wp-json\/wp\/v2\/product_brand?post=37271"},{"taxonomy":"product_cat","embeddable":true,"href":"https:\/\/ulpmat.com\/it\/wp-json\/wp\/v2\/product_cat?post=37271"},{"taxonomy":"product_tag","embeddable":true,"href":"https:\/\/ulpmat.com\/it\/wp-json\/wp\/v2\/product_tag?post=37271"}],"curies":[{"name":"wp","href":"https:\/\/api.w.org\/{rel}","templated":true}]}}